{"id":135639,"date":"2024-02-13T13:21:05","date_gmt":"2024-02-13T11:21:05","guid":{"rendered":"https:\/\/metaltale.com\/produktas\/metallist-laua-jalg-uris-75x72-cm-must\/"},"modified":"2026-02-02T19:33:25","modified_gmt":"2026-02-02T17:33:25","slug":"metallist-laua-jalg-uris-75x72-cm-must","status":"publish","type":"product","link":"https:\/\/metaltale.com\/et\/toode\/metallist-laua-jalg-uris-75x72-cm-must\/","title":{"rendered":"Metallist laua jalg URIS 75&#215;72 cm, must"},"content":{"rendered":"<div class=\"prod_data\">\n<p><strong>Mudel<\/strong> ZA. N05. NDS<br \/>\n<strong>Materjal<\/strong> teras<br \/>\n<strong>Materjali paksus (cm<\/strong> ) PROFIIL 2 x 8<br \/>\n<strong>\u00dcldine k\u00f5rgus (cm)<\/strong> 72<br \/>\n<strong>\u00dcldine laius (cm)<\/strong> 75<br \/>\nPaigalduskruvid Ei<br \/>\n<strong>V\u00e4rv<\/strong> Must<br \/>\nKogus komplekti kohta 1 tk.<\/p>\n<p>&#8211; Terasest lauajalg &#8211; kindel alus lauaplaadile<br \/>\n&#8211; kaks v\u00e4rvivalikut v\u00f5imaldavad luua laua, mis sobib teie sisekujundusega.<br \/>\n&#8211; must pulberv\u00e4rvitud metallist jalg, mis on v\u00e4ga vastupidav kriimustustele<br \/>\n&#8211; V\u00e4rvitu lakiga immutatud terasvariant, mida iseloomustavad n\u00e4htavad kriimustused ja muud vananemise tagaj\u00e4rjed.<br \/>\n&#8211; toodete v\u00e4rvus v\u00f5ib erineda galeriis olevatest piltidest, mis on tingitud individuaalsetest monitoriseadetest ja materjalide iseloomust &#8211; teras on toormaterjal, mille v\u00e4rvus, toon ja tekstuur v\u00f5ivad n\u00e4idiste v\u00f5i partiide l\u00f5ikes erineda.<br \/>\n&#8211; pakutavad kruvid on m\u00f5eldud t\u00f6\u00f6pindade jaoks, mille paksus on 37 mm v\u00f5i rohkem.<\/p>\n<hr>\n<p>URIS terasjalg koos puidust lauaplaadiga loob ajatu kontorilaua, konverentsiruumi laua, k\u00f6\u00f6gi- v\u00f5i s\u00f6\u00f6gilaua. Lihtne ja kerge, kuid samas stabiilne ja vastupidav URIS-jalg peab vastu isegi raskele tammepuust t\u00f6\u00f6tasapinnale. Jalg sobib ideaalselt mitte ainult avarate loftide interj\u00f6\u00f6ridesse, vaid ka v\u00e4iksemate korterite k\u00f6\u00f6gi sissep\u00e4\u00e4sudesse, t\u00e4nu sellele, et see v\u00f5tab laua peal ruumi. Sobib ideaalselt modernse disaini loomiseks koos t\u00f6\u00f6stuslike aktsentidega. Isetehtud m\u00f6\u00f6blit\u00fckk lisab igale paigutusele glamuuri ning lisav\u00e4\u00e4rtuseks on valik t\u00f6\u00f6stuslikust terasest v\u00f5i retro-mustast. Metallist jala kaitstud pind tagab kriimustuskindluse. Kavandatav jalamuster ei r\u00f5huta paigutust, vaid ainult r\u00f5hutab sisekujunduse iseloomu.<\/p>\n<\/div>\n","protected":false},"excerpt":{"rendered":"<p>Mudel ZA. N05. NDS Materjal teras Materjali paksus (cm ) PROFIIL 2 x 8 \u00dcldine k\u00f5rgus (cm) 72 \u00dcldine laius<\/p>\n","protected":false},"featured_media":119876,"comment_status":"open","ping_status":"closed","template":"","meta":{"_acf_changed":false,"pmpro_default_level":""},"product_brand":[],"product_cat":[23915],"product_tag":[],"class_list":{"0":"post-135639","1":"product","2":"type-product","3":"status-publish","4":"has-post-thumbnail","6":"product_cat-stalo-kojos-et","7":"pmpro-has-access","9":"first","10":"instock","11":"shipping-taxable","12":"purchasable","13":"product-type-simple"},"acf":[],"yoast_head":"<!-- This site is optimized with the Yoast SEO plugin v24.9 - https:\/\/yoast.com\/wordpress\/plugins\/seo\/ -->\n<title>Metallist laua jalg URIS 75x72 cm, must - MetalTale.com<\/title>\n<meta name=\"robots\" content=\"index, follow, max-snippet:-1, max-image-preview:large, max-video-preview:-1\" \/>\n<link rel=\"canonical\" href=\"https:\/\/metaltale.com\/et\/toode\/metallist-laua-jalg-uris-75x72-cm-must\/\" \/>\n<meta property=\"og:locale\" content=\"et_EE\" \/>\n<meta property=\"og:type\" content=\"article\" \/>\n<meta property=\"og:title\" content=\"Metallist laua jalg URIS 75x72 cm, must - MetalTale.com\" \/>\n<meta property=\"og:description\" content=\"Mudel ZA. N05. NDS Materjal teras Materjali paksus (cm ) PROFIIL 2 x 8 \u00dcldine k\u00f5rgus (cm) 72 \u00dcldine laius\" \/>\n<meta property=\"og:url\" content=\"https:\/\/metaltale.com\/et\/toode\/metallist-laua-jalg-uris-75x72-cm-must\/\" \/>\n<meta property=\"og:site_name\" content=\"MetalTale.com\" \/>\n<meta property=\"article:modified_time\" content=\"2026-02-02T17:33:25+00:00\" \/>\n<meta name=\"twitter:card\" content=\"summary_large_image\" \/>\n<meta name=\"twitter:label1\" content=\"Est. reading time\" \/>\n\t<meta name=\"twitter:data1\" content=\"1 minut\" \/>\n<script type=\"application\/ld+json\" class=\"yoast-schema-graph\">{\"@context\":\"https:\/\/schema.org\",\"@graph\":[{\"@type\":\"WebPage\",\"@id\":\"https:\/\/metaltale.com\/et\/toode\/metallist-laua-jalg-uris-75x72-cm-must\/\",\"url\":\"https:\/\/metaltale.com\/et\/toode\/metallist-laua-jalg-uris-75x72-cm-must\/\",\"name\":\"Metallist laua jalg URIS 75x72 cm, must - MetalTale.com\",\"isPartOf\":{\"@id\":\"https:\/\/metaltale.com\/et\/#website\"},\"primaryImageOfPage\":{\"@id\":\"https:\/\/metaltale.com\/et\/toode\/metallist-laua-jalg-uris-75x72-cm-must\/#primaryimage\"},\"image\":{\"@id\":\"https:\/\/metaltale.com\/et\/toode\/metallist-laua-jalg-uris-75x72-cm-must\/#primaryimage\"},\"thumbnailUrl\":\"https:\/\/metaltale.com\/wp-content\/uploads\/2024\/01\/metalines-stalo-kojos-7.jpg\",\"datePublished\":\"2024-02-13T11:21:05+00:00\",\"dateModified\":\"2026-02-02T17:33:25+00:00\",\"breadcrumb\":{\"@id\":\"https:\/\/metaltale.com\/et\/toode\/metallist-laua-jalg-uris-75x72-cm-must\/#breadcrumb\"},\"inLanguage\":\"et\",\"potentialAction\":[{\"@type\":\"ReadAction\",\"target\":[\"https:\/\/metaltale.com\/et\/toode\/metallist-laua-jalg-uris-75x72-cm-must\/\"]}]},{\"@type\":\"ImageObject\",\"inLanguage\":\"et\",\"@id\":\"https:\/\/metaltale.com\/et\/toode\/metallist-laua-jalg-uris-75x72-cm-must\/#primaryimage\",\"url\":\"https:\/\/metaltale.com\/wp-content\/uploads\/2024\/01\/metalines-stalo-kojos-7.jpg\",\"contentUrl\":\"https:\/\/metaltale.com\/wp-content\/uploads\/2024\/01\/metalines-stalo-kojos-7.jpg\",\"width\":800,\"height\":800},{\"@type\":\"BreadcrumbList\",\"@id\":\"https:\/\/metaltale.com\/et\/toode\/metallist-laua-jalg-uris-75x72-cm-must\/#breadcrumb\",\"itemListElement\":[{\"@type\":\"ListItem\",\"position\":1,\"name\":\"Home\",\"item\":\"https:\/\/metaltale.com\/et\/kodu\/\"},{\"@type\":\"ListItem\",\"position\":2,\"name\":\"Kauplus\",\"item\":\"https:\/\/metaltale.com\/et\/shop\/\"},{\"@type\":\"ListItem\",\"position\":3,\"name\":\"Metallist laua jalg URIS 75&#215;72 cm, must\"}]},{\"@type\":\"WebSite\",\"@id\":\"https:\/\/metaltale.com\/et\/#website\",\"url\":\"https:\/\/metaltale.com\/et\/\",\"name\":\"Metaltale.com\",\"description\":\"\",\"potentialAction\":[{\"@type\":\"SearchAction\",\"target\":{\"@type\":\"EntryPoint\",\"urlTemplate\":\"https:\/\/metaltale.com\/et\/?s={search_term_string}\"},\"query-input\":{\"@type\":\"PropertyValueSpecification\",\"valueRequired\":true,\"valueName\":\"search_term_string\"}}],\"inLanguage\":\"et\"}]}<\/script>\n<!-- \/ Yoast SEO plugin. -->","yoast_head_json":{"title":"Metallist laua jalg URIS 75x72 cm, must - MetalTale.com","robots":{"index":"index","follow":"follow","max-snippet":"max-snippet:-1","max-image-preview":"max-image-preview:large","max-video-preview":"max-video-preview:-1"},"canonical":"https:\/\/metaltale.com\/et\/toode\/metallist-laua-jalg-uris-75x72-cm-must\/","og_locale":"et_EE","og_type":"article","og_title":"Metallist laua jalg URIS 75x72 cm, must - MetalTale.com","og_description":"Mudel ZA. N05. NDS Materjal teras Materjali paksus (cm ) PROFIIL 2 x 8 \u00dcldine k\u00f5rgus (cm) 72 \u00dcldine laius","og_url":"https:\/\/metaltale.com\/et\/toode\/metallist-laua-jalg-uris-75x72-cm-must\/","og_site_name":"MetalTale.com","article_modified_time":"2026-02-02T17:33:25+00:00","twitter_card":"summary_large_image","twitter_misc":{"Est. reading time":"1 minut"},"schema":{"@context":"https:\/\/schema.org","@graph":[{"@type":"WebPage","@id":"https:\/\/metaltale.com\/et\/toode\/metallist-laua-jalg-uris-75x72-cm-must\/","url":"https:\/\/metaltale.com\/et\/toode\/metallist-laua-jalg-uris-75x72-cm-must\/","name":"Metallist laua jalg URIS 75x72 cm, must - MetalTale.com","isPartOf":{"@id":"https:\/\/metaltale.com\/et\/#website"},"primaryImageOfPage":{"@id":"https:\/\/metaltale.com\/et\/toode\/metallist-laua-jalg-uris-75x72-cm-must\/#primaryimage"},"image":{"@id":"https:\/\/metaltale.com\/et\/toode\/metallist-laua-jalg-uris-75x72-cm-must\/#primaryimage"},"thumbnailUrl":"https:\/\/metaltale.com\/wp-content\/uploads\/2024\/01\/metalines-stalo-kojos-7.jpg","datePublished":"2024-02-13T11:21:05+00:00","dateModified":"2026-02-02T17:33:25+00:00","breadcrumb":{"@id":"https:\/\/metaltale.com\/et\/toode\/metallist-laua-jalg-uris-75x72-cm-must\/#breadcrumb"},"inLanguage":"et","potentialAction":[{"@type":"ReadAction","target":["https:\/\/metaltale.com\/et\/toode\/metallist-laua-jalg-uris-75x72-cm-must\/"]}]},{"@type":"ImageObject","inLanguage":"et","@id":"https:\/\/metaltale.com\/et\/toode\/metallist-laua-jalg-uris-75x72-cm-must\/#primaryimage","url":"https:\/\/metaltale.com\/wp-content\/uploads\/2024\/01\/metalines-stalo-kojos-7.jpg","contentUrl":"https:\/\/metaltale.com\/wp-content\/uploads\/2024\/01\/metalines-stalo-kojos-7.jpg","width":800,"height":800},{"@type":"BreadcrumbList","@id":"https:\/\/metaltale.com\/et\/toode\/metallist-laua-jalg-uris-75x72-cm-must\/#breadcrumb","itemListElement":[{"@type":"ListItem","position":1,"name":"Home","item":"https:\/\/metaltale.com\/et\/kodu\/"},{"@type":"ListItem","position":2,"name":"Kauplus","item":"https:\/\/metaltale.com\/et\/shop\/"},{"@type":"ListItem","position":3,"name":"Metallist laua jalg URIS 75&#215;72 cm, must"}]},{"@type":"WebSite","@id":"https:\/\/metaltale.com\/et\/#website","url":"https:\/\/metaltale.com\/et\/","name":"Metaltale.com","description":"","potentialAction":[{"@type":"SearchAction","target":{"@type":"EntryPoint","urlTemplate":"https:\/\/metaltale.com\/et\/?s={search_term_string}"},"query-input":{"@type":"PropertyValueSpecification","valueRequired":true,"valueName":"search_term_string"}}],"inLanguage":"et"}]}},"_links":{"self":[{"href":"https:\/\/metaltale.com\/et\/wp-json\/wp\/v2\/product\/135639","targetHints":{"allow":["GET"]}}],"collection":[{"href":"https:\/\/metaltale.com\/et\/wp-json\/wp\/v2\/product"}],"about":[{"href":"https:\/\/metaltale.com\/et\/wp-json\/wp\/v2\/types\/product"}],"replies":[{"embeddable":true,"href":"https:\/\/metaltale.com\/et\/wp-json\/wp\/v2\/comments?post=135639"}],"version-history":[{"count":0,"href":"https:\/\/metaltale.com\/et\/wp-json\/wp\/v2\/product\/135639\/revisions"}],"wp:featuredmedia":[{"embeddable":true,"href":"https:\/\/metaltale.com\/et\/wp-json\/wp\/v2\/media\/119876"}],"wp:attachment":[{"href":"https:\/\/metaltale.com\/et\/wp-json\/wp\/v2\/media?parent=135639"}],"wp:term":[{"taxonomy":"product_brand","embeddable":true,"href":"https:\/\/metaltale.com\/et\/wp-json\/wp\/v2\/product_brand?post=135639"},{"taxonomy":"product_cat","embeddable":true,"href":"https:\/\/metaltale.com\/et\/wp-json\/wp\/v2\/product_cat?post=135639"},{"taxonomy":"product_tag","embeddable":true,"href":"https:\/\/metaltale.com\/et\/wp-json\/wp\/v2\/product_tag?post=135639"}],"curies":[{"name":"wp","href":"https:\/\/api.w.org\/{rel}","templated":true}]}}