{"id":135612,"date":"2024-02-13T15:17:05","date_gmt":"2024-02-13T13:17:05","guid":{"rendered":"https:\/\/metaltale.com\/produktas\/metallist-lauajalg-typu-h-basic-82x71cm-must\/"},"modified":"2024-11-14T16:59:12","modified_gmt":"2024-11-14T14:59:12","slug":"metallist-lauajalg-typu-h-basic-82x71cm-must","status":"publish","type":"product","link":"https:\/\/metaltale.com\/et\/toode\/metallist-lauajalg-typu-h-basic-82x71cm-must\/","title":{"rendered":"Metallist lauajalg TYPU H BASIC 82x71cm, must"},"content":{"rendered":"<div class=\"prod_data\">\n<p><strong>Mudel<\/strong> RR.TH. PRGR<br \/>\n<strong>Materjal<\/strong> teras<br \/>\n<strong>Paksus (cm<\/strong> ) 8&#215;4<br \/>\n\u00dcldine k\u00f5rgus (cm) 71<br \/>\n<strong>\u00dcldine laius (cm)<\/strong> 82<br \/>\n<strong>Aluse m\u00f5\u00f5tmed (cm<\/strong> ) 15.2&#215;12<br \/>\nPaigalduskruvid Ei<br \/>\nV\u00e4rv Must<br \/>\n<strong>Viimistlus<\/strong> pulberv\u00e4rvitud<\/p>\n<p>Metallist lauajalg on kindel alus lauaplaadile<\/p>\n<p>Pulbriga kaetud must metallist jalg, mis on k\u00f5rge kriimustuskindlusega<\/p>\n<p>H-kujulised jalad n\u00e4evad v\u00e4lja kerged ja kaasaegsed<\/p>\n<p>Toodete v\u00e4rvus v\u00f5ib erineda galeriis n\u00e4idatud v\u00e4rvusest, mis v\u00f5ib olla tingitud individuaalsetest monitoriseadetest ja materjali iseloomust.<\/p>\n<hr>\n<p>Kui otsite metallist jalgu, mis aitavad teil luua loft-aktsentidega moodsa stiiliga laua, siis on siin n\u00e4idatud m\u00f6\u00f6blijalad ideaalne valik. H-t\u00fc\u00fcpi metalljalad sobivad ideaalselt suurte laudade, t\u00f6\u00f6laudade v\u00f5i massiivsete lauaplaatide jaoks. H-jalgadel p\u00f5hinev laud v\u00f5imaldab teil istuda laua taga t\u00e4iesti mugavalt. K\u00f5rgeima kvaliteediga tooraine kasutamine tagab meie tugevuse ja usaldusv\u00e4\u00e4rsuse. Kaasaegne jalg laua taga on kindlasti esimene viiul sisekujunduses. Pulbriga kaetud must on elegantne ja \u0161ikk versioon, mis sobib ideaalselt retro- ja t\u00f6\u00f6stuskliimasse.<\/p>\n<p>* Pakkumine kehtib ainult terasjalale ja ei sisalda t\u00f6\u00f6pinda.<\/p>\n<\/div>\n","protected":false},"excerpt":{"rendered":"<p>Mudel RR.TH. PRGR Materjal teras Paksus (cm ) 8&#215;4 \u00dcldine k\u00f5rgus (cm) 71 \u00dcldine laius (cm) 82 Aluse m\u00f5\u00f5tmed (cm<\/p>\n","protected":false},"featured_media":117777,"comment_status":"open","ping_status":"closed","template":"","meta":{"_acf_changed":false,"pmpro_default_level":""},"product_brand":[],"product_cat":[24137,23915],"product_tag":[],"class_list":{"0":"post-135612","1":"product","2":"type-product","3":"status-publish","4":"has-post-thumbnail","6":"product_cat-moobli-jalad","7":"product_cat-stalo-kojos-et","8":"pmpro-has-access","10":"first","11":"instock","12":"shipping-taxable","13":"purchasable","14":"product-type-simple"},"acf":[],"yoast_head":"<!-- This site is optimized with the Yoast SEO plugin v24.9 - https:\/\/yoast.com\/wordpress\/plugins\/seo\/ -->\n<title>Metallist lauajalg TYPU H BASIC 82x71cm, must - MetalTale.com<\/title>\n<meta name=\"robots\" content=\"index, follow, max-snippet:-1, max-image-preview:large, max-video-preview:-1\" \/>\n<link rel=\"canonical\" href=\"https:\/\/metaltale.com\/et\/toode\/metallist-lauajalg-typu-h-basic-82x71cm-must\/\" \/>\n<meta property=\"og:locale\" content=\"et_EE\" \/>\n<meta property=\"og:type\" content=\"article\" \/>\n<meta property=\"og:title\" content=\"Metallist lauajalg TYPU H BASIC 82x71cm, must - MetalTale.com\" \/>\n<meta property=\"og:description\" content=\"Mudel RR.TH. PRGR Materjal teras Paksus (cm ) 8&#215;4 \u00dcldine k\u00f5rgus (cm) 71 \u00dcldine laius (cm) 82 Aluse m\u00f5\u00f5tmed (cm\" \/>\n<meta property=\"og:url\" content=\"https:\/\/metaltale.com\/et\/toode\/metallist-lauajalg-typu-h-basic-82x71cm-must\/\" \/>\n<meta property=\"og:site_name\" content=\"MetalTale.com\" \/>\n<meta property=\"article:modified_time\" content=\"2024-11-14T14:59:12+00:00\" \/>\n<meta property=\"og:image\" content=\"https:\/\/metaltale.com\/wp-content\/uploads\/2023\/12\/BASIC-H-tipo-metalinx117s-stalo-kojos.jpg\" \/>\n\t<meta property=\"og:image:width\" content=\"800\" \/>\n\t<meta property=\"og:image:height\" content=\"800\" \/>\n\t<meta property=\"og:image:type\" content=\"image\/jpeg\" \/>\n<meta name=\"twitter:card\" content=\"summary_large_image\" \/>\n<meta name=\"twitter:label1\" content=\"Est. reading time\" \/>\n\t<meta name=\"twitter:data1\" content=\"1 minut\" \/>\n<script type=\"application\/ld+json\" class=\"yoast-schema-graph\">{\"@context\":\"https:\/\/schema.org\",\"@graph\":[{\"@type\":\"WebPage\",\"@id\":\"https:\/\/metaltale.com\/et\/toode\/metallist-lauajalg-typu-h-basic-82x71cm-must\/\",\"url\":\"https:\/\/metaltale.com\/et\/toode\/metallist-lauajalg-typu-h-basic-82x71cm-must\/\",\"name\":\"Metallist lauajalg TYPU H BASIC 82x71cm, must - MetalTale.com\",\"isPartOf\":{\"@id\":\"https:\/\/metaltale.com\/et\/#website\"},\"primaryImageOfPage\":{\"@id\":\"https:\/\/metaltale.com\/et\/toode\/metallist-lauajalg-typu-h-basic-82x71cm-must\/#primaryimage\"},\"image\":{\"@id\":\"https:\/\/metaltale.com\/et\/toode\/metallist-lauajalg-typu-h-basic-82x71cm-must\/#primaryimage\"},\"thumbnailUrl\":\"https:\/\/metaltale.com\/wp-content\/uploads\/2023\/12\/BASIC-H-tipo-metalinx117s-stalo-kojos.jpg\",\"datePublished\":\"2024-02-13T13:17:05+00:00\",\"dateModified\":\"2024-11-14T14:59:12+00:00\",\"breadcrumb\":{\"@id\":\"https:\/\/metaltale.com\/et\/toode\/metallist-lauajalg-typu-h-basic-82x71cm-must\/#breadcrumb\"},\"inLanguage\":\"et\",\"potentialAction\":[{\"@type\":\"ReadAction\",\"target\":[\"https:\/\/metaltale.com\/et\/toode\/metallist-lauajalg-typu-h-basic-82x71cm-must\/\"]}]},{\"@type\":\"ImageObject\",\"inLanguage\":\"et\",\"@id\":\"https:\/\/metaltale.com\/et\/toode\/metallist-lauajalg-typu-h-basic-82x71cm-must\/#primaryimage\",\"url\":\"https:\/\/metaltale.com\/wp-content\/uploads\/2023\/12\/BASIC-H-tipo-metalinx117s-stalo-kojos.jpg\",\"contentUrl\":\"https:\/\/metaltale.com\/wp-content\/uploads\/2023\/12\/BASIC-H-tipo-metalinx117s-stalo-kojos.jpg\",\"width\":800,\"height\":800,\"caption\":\"Metallist laua jalad\"},{\"@type\":\"BreadcrumbList\",\"@id\":\"https:\/\/metaltale.com\/et\/toode\/metallist-lauajalg-typu-h-basic-82x71cm-must\/#breadcrumb\",\"itemListElement\":[{\"@type\":\"ListItem\",\"position\":1,\"name\":\"Home\",\"item\":\"https:\/\/metaltale.com\/et\/kodu\/\"},{\"@type\":\"ListItem\",\"position\":2,\"name\":\"Kauplus\",\"item\":\"https:\/\/metaltale.com\/et\/shop\/\"},{\"@type\":\"ListItem\",\"position\":3,\"name\":\"Metallist lauajalg TYPU H BASIC 82x71cm, must\"}]},{\"@type\":\"WebSite\",\"@id\":\"https:\/\/metaltale.com\/et\/#website\",\"url\":\"https:\/\/metaltale.com\/et\/\",\"name\":\"Metaltale.com\",\"description\":\"\",\"potentialAction\":[{\"@type\":\"SearchAction\",\"target\":{\"@type\":\"EntryPoint\",\"urlTemplate\":\"https:\/\/metaltale.com\/et\/?s={search_term_string}\"},\"query-input\":{\"@type\":\"PropertyValueSpecification\",\"valueRequired\":true,\"valueName\":\"search_term_string\"}}],\"inLanguage\":\"et\"}]}<\/script>\n<!-- \/ Yoast SEO plugin. -->","yoast_head_json":{"title":"Metallist lauajalg TYPU H BASIC 82x71cm, must - MetalTale.com","robots":{"index":"index","follow":"follow","max-snippet":"max-snippet:-1","max-image-preview":"max-image-preview:large","max-video-preview":"max-video-preview:-1"},"canonical":"https:\/\/metaltale.com\/et\/toode\/metallist-lauajalg-typu-h-basic-82x71cm-must\/","og_locale":"et_EE","og_type":"article","og_title":"Metallist lauajalg TYPU H BASIC 82x71cm, must - MetalTale.com","og_description":"Mudel RR.TH. PRGR Materjal teras Paksus (cm ) 8&#215;4 \u00dcldine k\u00f5rgus (cm) 71 \u00dcldine laius (cm) 82 Aluse m\u00f5\u00f5tmed (cm","og_url":"https:\/\/metaltale.com\/et\/toode\/metallist-lauajalg-typu-h-basic-82x71cm-must\/","og_site_name":"MetalTale.com","article_modified_time":"2024-11-14T14:59:12+00:00","og_image":[{"width":800,"height":800,"url":"https:\/\/metaltale.com\/wp-content\/uploads\/2023\/12\/BASIC-H-tipo-metalinx117s-stalo-kojos.jpg","type":"image\/jpeg"}],"twitter_card":"summary_large_image","twitter_misc":{"Est. reading time":"1 minut"},"schema":{"@context":"https:\/\/schema.org","@graph":[{"@type":"WebPage","@id":"https:\/\/metaltale.com\/et\/toode\/metallist-lauajalg-typu-h-basic-82x71cm-must\/","url":"https:\/\/metaltale.com\/et\/toode\/metallist-lauajalg-typu-h-basic-82x71cm-must\/","name":"Metallist lauajalg TYPU H BASIC 82x71cm, must - MetalTale.com","isPartOf":{"@id":"https:\/\/metaltale.com\/et\/#website"},"primaryImageOfPage":{"@id":"https:\/\/metaltale.com\/et\/toode\/metallist-lauajalg-typu-h-basic-82x71cm-must\/#primaryimage"},"image":{"@id":"https:\/\/metaltale.com\/et\/toode\/metallist-lauajalg-typu-h-basic-82x71cm-must\/#primaryimage"},"thumbnailUrl":"https:\/\/metaltale.com\/wp-content\/uploads\/2023\/12\/BASIC-H-tipo-metalinx117s-stalo-kojos.jpg","datePublished":"2024-02-13T13:17:05+00:00","dateModified":"2024-11-14T14:59:12+00:00","breadcrumb":{"@id":"https:\/\/metaltale.com\/et\/toode\/metallist-lauajalg-typu-h-basic-82x71cm-must\/#breadcrumb"},"inLanguage":"et","potentialAction":[{"@type":"ReadAction","target":["https:\/\/metaltale.com\/et\/toode\/metallist-lauajalg-typu-h-basic-82x71cm-must\/"]}]},{"@type":"ImageObject","inLanguage":"et","@id":"https:\/\/metaltale.com\/et\/toode\/metallist-lauajalg-typu-h-basic-82x71cm-must\/#primaryimage","url":"https:\/\/metaltale.com\/wp-content\/uploads\/2023\/12\/BASIC-H-tipo-metalinx117s-stalo-kojos.jpg","contentUrl":"https:\/\/metaltale.com\/wp-content\/uploads\/2023\/12\/BASIC-H-tipo-metalinx117s-stalo-kojos.jpg","width":800,"height":800,"caption":"Metallist laua jalad"},{"@type":"BreadcrumbList","@id":"https:\/\/metaltale.com\/et\/toode\/metallist-lauajalg-typu-h-basic-82x71cm-must\/#breadcrumb","itemListElement":[{"@type":"ListItem","position":1,"name":"Home","item":"https:\/\/metaltale.com\/et\/kodu\/"},{"@type":"ListItem","position":2,"name":"Kauplus","item":"https:\/\/metaltale.com\/et\/shop\/"},{"@type":"ListItem","position":3,"name":"Metallist lauajalg TYPU H BASIC 82x71cm, must"}]},{"@type":"WebSite","@id":"https:\/\/metaltale.com\/et\/#website","url":"https:\/\/metaltale.com\/et\/","name":"Metaltale.com","description":"","potentialAction":[{"@type":"SearchAction","target":{"@type":"EntryPoint","urlTemplate":"https:\/\/metaltale.com\/et\/?s={search_term_string}"},"query-input":{"@type":"PropertyValueSpecification","valueRequired":true,"valueName":"search_term_string"}}],"inLanguage":"et"}]}},"_links":{"self":[{"href":"https:\/\/metaltale.com\/et\/wp-json\/wp\/v2\/product\/135612","targetHints":{"allow":["GET"]}}],"collection":[{"href":"https:\/\/metaltale.com\/et\/wp-json\/wp\/v2\/product"}],"about":[{"href":"https:\/\/metaltale.com\/et\/wp-json\/wp\/v2\/types\/product"}],"replies":[{"embeddable":true,"href":"https:\/\/metaltale.com\/et\/wp-json\/wp\/v2\/comments?post=135612"}],"version-history":[{"count":0,"href":"https:\/\/metaltale.com\/et\/wp-json\/wp\/v2\/product\/135612\/revisions"}],"wp:featuredmedia":[{"embeddable":true,"href":"https:\/\/metaltale.com\/et\/wp-json\/wp\/v2\/media\/117777"}],"wp:attachment":[{"href":"https:\/\/metaltale.com\/et\/wp-json\/wp\/v2\/media?parent=135612"}],"wp:term":[{"taxonomy":"product_brand","embeddable":true,"href":"https:\/\/metaltale.com\/et\/wp-json\/wp\/v2\/product_brand?post=135612"},{"taxonomy":"product_cat","embeddable":true,"href":"https:\/\/metaltale.com\/et\/wp-json\/wp\/v2\/product_cat?post=135612"},{"taxonomy":"product_tag","embeddable":true,"href":"https:\/\/metaltale.com\/et\/wp-json\/wp\/v2\/product_tag?post=135612"}],"curies":[{"name":"wp","href":"https:\/\/api.w.org\/{rel}","templated":true}]}}