{"id":135601,"date":"2024-02-13T13:21:46","date_gmt":"2024-02-13T11:21:46","guid":{"rendered":"https:\/\/metaltale.com\/produktas\/metallist-lauajalg-trapez-must\/"},"modified":"2024-02-13T13:21:46","modified_gmt":"2024-02-13T11:21:46","slug":"metallist-lauajalg-trapez-must","status":"publish","type":"product","link":"https:\/\/metaltale.com\/et\/toode\/metallist-lauajalg-trapez-must\/","title":{"rendered":"Metallist lauajalg TRAPEZ, must"},"content":{"rendered":"<div class=\"prod_data\">\n<p><strong>Mudel<\/strong> ZA. STR. NDS<br \/>\n<strong>Materjal<\/strong> teras<br \/>\n<strong>Materjali paksus (cm<\/strong> ) PROFIIL 2 x 8<br \/>\n\u00dcldine k\u00f5rgus (cm) 71<br \/>\n<strong>\u00dcldine laius (cm)<\/strong> 80<br \/>\n<strong>Kaal (kg)<\/strong> 8<br \/>\nPaigalduskruvid Ei<br \/>\n<strong>V\u00e4rv<\/strong> Must<br \/>\nKogus komplekti kohta 1 tk.<br \/>\n<strong>LISAINFO<\/strong> Kinnitusosa laius 60 cm<\/p>\n<p>&#8211; Terasest lauajalg &#8211; kindel alus lauaplaadile<br \/>\n&#8211; must pulberv\u00e4rvitud metallist jalg, mis on v\u00e4ga vastupidav kriimustustele<br \/>\n&#8211; toodete v\u00e4rvus v\u00f5ib erineda galeriis olevatest piltidest, mis on tingitud individuaalsetest monitoriseadetest ja materjalide iseloomust &#8211; teras on toormaterjal, mille v\u00e4rvus, toon ja tekstuur v\u00f5ivad n\u00e4idiste v\u00f5i partiide l\u00f5ikes erineda.<br \/>\n&#8211; pakutavad kruvid on m\u00f5eldud t\u00f6\u00f6pindade jaoks, mille paksus on 37 mm v\u00f5i rohkem.<br \/>\n&#8211; vaata meie t\u00e4ielikku kinnituskruvide valikut<\/p>\n<hr>\n<p>TRAPEZi metallist m\u00f6\u00f6blijalg annab igale lauale tugeva ja turvalise aluse. See sobib ideaalselt moodsate disainilahenduste loomiseks koos loft-aktsentidega. Sellel on lihtne disain, mis r\u00f5hutab vaikselt kogu pingi iseloomu. TRAPEZi jalad muudavad iga avara elutoa v\u00f5i minimalistliku k\u00fclalistetoa. Toode on saadaval kahes v\u00e4rvitoonis, nii et saate valida rahumeelse ja elegantse musta jala v\u00f5i heleda naelaga terasest jala vahel. TRAPEZi alusele ehitatud laud v\u00f5imaldab teil istuda lauaplaadil t\u00e4iesti mugavalt. See on m\u00f5eldud neile, kes otsivad praktilisi lahendusi, millega saab h\u00f5lpsasti muuta korrastatud interj\u00f6\u00f6ri.<\/p>\n<\/div>\n","protected":false},"excerpt":{"rendered":"<p>Mudel ZA. STR. NDS Materjal teras Materjali paksus (cm ) PROFIIL 2 x 8 \u00dcldine k\u00f5rgus (cm) 71 \u00dcldine laius<\/p>\n","protected":false},"featured_media":76728,"comment_status":"open","ping_status":"closed","template":"","meta":{"_acf_changed":false,"pmpro_default_level":""},"product_brand":[],"product_cat":[24137,23915],"product_tag":[],"class_list":{"0":"post-135601","1":"product","2":"type-product","3":"status-publish","4":"has-post-thumbnail","6":"product_cat-moobli-jalad","7":"product_cat-stalo-kojos-et","8":"pmpro-has-access","10":"first","11":"instock","12":"shipping-taxable","13":"purchasable","14":"product-type-simple"},"acf":[],"yoast_head":"<!-- This site is optimized with the Yoast SEO plugin v24.9 - https:\/\/yoast.com\/wordpress\/plugins\/seo\/ -->\n<title>Metallist lauajalg TRAPEZ, must - MetalTale.com<\/title>\n<meta name=\"robots\" content=\"index, follow, max-snippet:-1, max-image-preview:large, max-video-preview:-1\" \/>\n<link rel=\"canonical\" href=\"https:\/\/metaltale.com\/et\/toode\/metallist-lauajalg-trapez-must\/\" \/>\n<meta property=\"og:locale\" content=\"et_EE\" \/>\n<meta property=\"og:type\" content=\"article\" \/>\n<meta property=\"og:title\" content=\"Metallist lauajalg TRAPEZ, must - MetalTale.com\" \/>\n<meta property=\"og:description\" content=\"Mudel ZA. STR. NDS Materjal teras Materjali paksus (cm ) PROFIIL 2 x 8 \u00dcldine k\u00f5rgus (cm) 71 \u00dcldine laius\" \/>\n<meta property=\"og:url\" content=\"https:\/\/metaltale.com\/et\/toode\/metallist-lauajalg-trapez-must\/\" \/>\n<meta property=\"og:site_name\" content=\"MetalTale.com\" \/>\n<meta property=\"og:image\" content=\"http:\/\/metaltale.com\/wp-content\/uploads\/2023\/10\/Kojos-PLIENINx116-TRAPECIJA.jpg\" \/>\n\t<meta property=\"og:image:width\" content=\"800\" \/>\n\t<meta property=\"og:image:height\" content=\"800\" \/>\n\t<meta property=\"og:image:type\" content=\"image\/jpeg\" \/>\n<meta name=\"twitter:card\" content=\"summary_large_image\" \/>\n<meta name=\"twitter:label1\" content=\"Est. reading time\" \/>\n\t<meta name=\"twitter:data1\" content=\"1 minut\" \/>\n<script type=\"application\/ld+json\" class=\"yoast-schema-graph\">{\"@context\":\"https:\/\/schema.org\",\"@graph\":[{\"@type\":\"WebPage\",\"@id\":\"https:\/\/metaltale.com\/et\/toode\/metallist-lauajalg-trapez-must\/\",\"url\":\"https:\/\/metaltale.com\/et\/toode\/metallist-lauajalg-trapez-must\/\",\"name\":\"Metallist lauajalg TRAPEZ, must - MetalTale.com\",\"isPartOf\":{\"@id\":\"https:\/\/metaltale.com\/et\/#website\"},\"primaryImageOfPage\":{\"@id\":\"https:\/\/metaltale.com\/et\/toode\/metallist-lauajalg-trapez-must\/#primaryimage\"},\"image\":{\"@id\":\"https:\/\/metaltale.com\/et\/toode\/metallist-lauajalg-trapez-must\/#primaryimage\"},\"thumbnailUrl\":\"https:\/\/metaltale.com\/wp-content\/uploads\/2023\/10\/Kojos-PLIENINx116-TRAPECIJA.jpg\",\"datePublished\":\"2024-02-13T11:21:46+00:00\",\"breadcrumb\":{\"@id\":\"https:\/\/metaltale.com\/et\/toode\/metallist-lauajalg-trapez-must\/#breadcrumb\"},\"inLanguage\":\"et\",\"potentialAction\":[{\"@type\":\"ReadAction\",\"target\":[\"https:\/\/metaltale.com\/et\/toode\/metallist-lauajalg-trapez-must\/\"]}]},{\"@type\":\"ImageObject\",\"inLanguage\":\"et\",\"@id\":\"https:\/\/metaltale.com\/et\/toode\/metallist-lauajalg-trapez-must\/#primaryimage\",\"url\":\"https:\/\/metaltale.com\/wp-content\/uploads\/2023\/10\/Kojos-PLIENINx116-TRAPECIJA.jpg\",\"contentUrl\":\"https:\/\/metaltale.com\/wp-content\/uploads\/2023\/10\/Kojos-PLIENINx116-TRAPECIJA.jpg\",\"width\":800,\"height\":800,\"caption\":\"Metallist laua jalad\"},{\"@type\":\"BreadcrumbList\",\"@id\":\"https:\/\/metaltale.com\/et\/toode\/metallist-lauajalg-trapez-must\/#breadcrumb\",\"itemListElement\":[{\"@type\":\"ListItem\",\"position\":1,\"name\":\"Home\",\"item\":\"https:\/\/metaltale.com\/et\/kodu\/\"},{\"@type\":\"ListItem\",\"position\":2,\"name\":\"Kauplus\",\"item\":\"https:\/\/metaltale.com\/et\/shop\/\"},{\"@type\":\"ListItem\",\"position\":3,\"name\":\"Metallist lauajalg TRAPEZ, must\"}]},{\"@type\":\"WebSite\",\"@id\":\"https:\/\/metaltale.com\/et\/#website\",\"url\":\"https:\/\/metaltale.com\/et\/\",\"name\":\"Metaltale.com\",\"description\":\"\",\"potentialAction\":[{\"@type\":\"SearchAction\",\"target\":{\"@type\":\"EntryPoint\",\"urlTemplate\":\"https:\/\/metaltale.com\/et\/?s={search_term_string}\"},\"query-input\":{\"@type\":\"PropertyValueSpecification\",\"valueRequired\":true,\"valueName\":\"search_term_string\"}}],\"inLanguage\":\"et\"}]}<\/script>\n<!-- \/ Yoast SEO plugin. -->","yoast_head_json":{"title":"Metallist lauajalg TRAPEZ, must - MetalTale.com","robots":{"index":"index","follow":"follow","max-snippet":"max-snippet:-1","max-image-preview":"max-image-preview:large","max-video-preview":"max-video-preview:-1"},"canonical":"https:\/\/metaltale.com\/et\/toode\/metallist-lauajalg-trapez-must\/","og_locale":"et_EE","og_type":"article","og_title":"Metallist lauajalg TRAPEZ, must - MetalTale.com","og_description":"Mudel ZA. STR. NDS Materjal teras Materjali paksus (cm ) PROFIIL 2 x 8 \u00dcldine k\u00f5rgus (cm) 71 \u00dcldine laius","og_url":"https:\/\/metaltale.com\/et\/toode\/metallist-lauajalg-trapez-must\/","og_site_name":"MetalTale.com","og_image":[{"width":800,"height":800,"url":"http:\/\/metaltale.com\/wp-content\/uploads\/2023\/10\/Kojos-PLIENINx116-TRAPECIJA.jpg","type":"image\/jpeg"}],"twitter_card":"summary_large_image","twitter_misc":{"Est. reading time":"1 minut"},"schema":{"@context":"https:\/\/schema.org","@graph":[{"@type":"WebPage","@id":"https:\/\/metaltale.com\/et\/toode\/metallist-lauajalg-trapez-must\/","url":"https:\/\/metaltale.com\/et\/toode\/metallist-lauajalg-trapez-must\/","name":"Metallist lauajalg TRAPEZ, must - MetalTale.com","isPartOf":{"@id":"https:\/\/metaltale.com\/et\/#website"},"primaryImageOfPage":{"@id":"https:\/\/metaltale.com\/et\/toode\/metallist-lauajalg-trapez-must\/#primaryimage"},"image":{"@id":"https:\/\/metaltale.com\/et\/toode\/metallist-lauajalg-trapez-must\/#primaryimage"},"thumbnailUrl":"https:\/\/metaltale.com\/wp-content\/uploads\/2023\/10\/Kojos-PLIENINx116-TRAPECIJA.jpg","datePublished":"2024-02-13T11:21:46+00:00","breadcrumb":{"@id":"https:\/\/metaltale.com\/et\/toode\/metallist-lauajalg-trapez-must\/#breadcrumb"},"inLanguage":"et","potentialAction":[{"@type":"ReadAction","target":["https:\/\/metaltale.com\/et\/toode\/metallist-lauajalg-trapez-must\/"]}]},{"@type":"ImageObject","inLanguage":"et","@id":"https:\/\/metaltale.com\/et\/toode\/metallist-lauajalg-trapez-must\/#primaryimage","url":"https:\/\/metaltale.com\/wp-content\/uploads\/2023\/10\/Kojos-PLIENINx116-TRAPECIJA.jpg","contentUrl":"https:\/\/metaltale.com\/wp-content\/uploads\/2023\/10\/Kojos-PLIENINx116-TRAPECIJA.jpg","width":800,"height":800,"caption":"Metallist laua jalad"},{"@type":"BreadcrumbList","@id":"https:\/\/metaltale.com\/et\/toode\/metallist-lauajalg-trapez-must\/#breadcrumb","itemListElement":[{"@type":"ListItem","position":1,"name":"Home","item":"https:\/\/metaltale.com\/et\/kodu\/"},{"@type":"ListItem","position":2,"name":"Kauplus","item":"https:\/\/metaltale.com\/et\/shop\/"},{"@type":"ListItem","position":3,"name":"Metallist lauajalg TRAPEZ, must"}]},{"@type":"WebSite","@id":"https:\/\/metaltale.com\/et\/#website","url":"https:\/\/metaltale.com\/et\/","name":"Metaltale.com","description":"","potentialAction":[{"@type":"SearchAction","target":{"@type":"EntryPoint","urlTemplate":"https:\/\/metaltale.com\/et\/?s={search_term_string}"},"query-input":{"@type":"PropertyValueSpecification","valueRequired":true,"valueName":"search_term_string"}}],"inLanguage":"et"}]}},"_links":{"self":[{"href":"https:\/\/metaltale.com\/et\/wp-json\/wp\/v2\/product\/135601","targetHints":{"allow":["GET"]}}],"collection":[{"href":"https:\/\/metaltale.com\/et\/wp-json\/wp\/v2\/product"}],"about":[{"href":"https:\/\/metaltale.com\/et\/wp-json\/wp\/v2\/types\/product"}],"replies":[{"embeddable":true,"href":"https:\/\/metaltale.com\/et\/wp-json\/wp\/v2\/comments?post=135601"}],"version-history":[{"count":0,"href":"https:\/\/metaltale.com\/et\/wp-json\/wp\/v2\/product\/135601\/revisions"}],"wp:featuredmedia":[{"embeddable":true,"href":"https:\/\/metaltale.com\/et\/wp-json\/wp\/v2\/media\/76728"}],"wp:attachment":[{"href":"https:\/\/metaltale.com\/et\/wp-json\/wp\/v2\/media?parent=135601"}],"wp:term":[{"taxonomy":"product_brand","embeddable":true,"href":"https:\/\/metaltale.com\/et\/wp-json\/wp\/v2\/product_brand?post=135601"},{"taxonomy":"product_cat","embeddable":true,"href":"https:\/\/metaltale.com\/et\/wp-json\/wp\/v2\/product_cat?post=135601"},{"taxonomy":"product_tag","embeddable":true,"href":"https:\/\/metaltale.com\/et\/wp-json\/wp\/v2\/product_tag?post=135601"}],"curies":[{"name":"wp","href":"https:\/\/api.w.org\/{rel}","templated":true}]}}