{"id":135586,"date":"2024-02-13T13:21:46","date_gmt":"2024-02-13T11:21:46","guid":{"rendered":"https:\/\/metaltale.com\/produktas\/metallist-laua-jalg-slim-40-cm-must\/"},"modified":"2024-02-13T13:21:46","modified_gmt":"2024-02-13T11:21:46","slug":"metallist-laua-jalg-slim-40-cm-must","status":"publish","type":"product","link":"https:\/\/metaltale.com\/et\/toode\/metallist-laua-jalg-slim-40-cm-must\/","title":{"rendered":"Metallist laua jalg SLIM 40 cm, must"},"content":{"rendered":"<div class=\"prod_data\">\n<p><strong>Mudel<\/strong> RR. SLIM. NDSKA<br \/>\n<strong>Materjal<\/strong> teras<br \/>\n<strong>\u00dcldine k\u00f5rgus (cm)<\/strong> 40<br \/>\n\u00dcldine laius (cm) 15<br \/>\nPaigalduskruvid Ei<br \/>\n<strong>V\u00e4rv<\/strong> Must<br \/>\nKogus komplekti kohta 1 tk.<\/p>\n<p>&#8211; kahev\u00e4rviline terasest kohvilaua jalg<br \/>\n&#8211; iseloomulik laseriga l\u00f5igatud kolmnurkne muster on originaalne kaunistus.<br \/>\n&#8211; must pulberv\u00e4rvitud jalg, mis on v\u00e4ga vastupidav kriimustustele<br \/>\n&#8211; toodete v\u00e4rvus v\u00f5ib erineda galeriis olevatest piltidest, mis v\u00f5ib tuleneda individuaalsetest monitoriseadetest v\u00f5i materjalide iseloomust &#8211; teras on tooraine, mille v\u00e4rvus, toon ja tekstuur v\u00f5ivad n\u00e4idiste v\u00f5i partiide l\u00f5ikes erineda.<\/p>\n<hr>\n<p>Kaasaegne tehnoloogia ja ajatu kvaliteet on SLANi metallist lauajalgade tunnusjooned. \u00dclikerge disain leiab h\u00f5lpsasti koha nii moodsates, loft- kui ka retro-tubades. Peenike ja tagasihoidlik kuju ei v\u00e4lista v\u00f5imalust kasutada jalga massiivpuidust lauaplaadi toena. Stabiilne terasjalg on saadaval kahes v\u00e4rvitoonis, m\u00f5lemad on lakitud, et kaitsta pinda igap\u00e4evaste kahjustuste eest. Must pulberv\u00e4rvitud jalg on klassikaline lahendus, mis r\u00f5hutab suurep\u00e4raselt vintage- ja modernseid stiile. Kui otsite t\u00f6\u00f6stuslike interj\u00f6\u00f6ride jaoks iseloomulikku alust, vastab terasversioon nendele n\u00f5uetele. Lauajalgade t\u00f6\u00f6stuslikust iseloomust annavad tunnistust vananemise, kulumise ja keevitamise j\u00e4ljed.<\/p>\n<\/div>\n","protected":false},"excerpt":{"rendered":"<p>Mudel RR. SLIM. NDSKA Materjal teras \u00dcldine k\u00f5rgus (cm) 40 \u00dcldine laius (cm) 15 Paigalduskruvid Ei V\u00e4rv Must Kogus komplekti<\/p>\n","protected":false},"featured_media":76785,"comment_status":"open","ping_status":"closed","template":"","meta":{"_acf_changed":false,"pmpro_default_level":""},"product_brand":[],"product_cat":[24171],"product_tag":[],"class_list":{"0":"post-135586","1":"product","2":"type-product","3":"status-publish","4":"has-post-thumbnail","6":"product_cat-kohvilaua-jalad","7":"pmpro-has-access","9":"first","10":"instock","11":"shipping-taxable","12":"purchasable","13":"product-type-simple"},"acf":[],"yoast_head":"<!-- This site is optimized with the Yoast SEO plugin v24.9 - https:\/\/yoast.com\/wordpress\/plugins\/seo\/ -->\n<title>Metallist laua jalg SLIM 40 cm, must - MetalTale.com<\/title>\n<meta name=\"robots\" content=\"index, follow, max-snippet:-1, max-image-preview:large, max-video-preview:-1\" \/>\n<link rel=\"canonical\" href=\"https:\/\/metaltale.com\/et\/toode\/metallist-laua-jalg-slim-40-cm-must\/\" \/>\n<meta property=\"og:locale\" content=\"et_EE\" \/>\n<meta property=\"og:type\" content=\"article\" \/>\n<meta property=\"og:title\" content=\"Metallist laua jalg SLIM 40 cm, must - MetalTale.com\" \/>\n<meta property=\"og:description\" content=\"Mudel RR. SLIM. NDSKA Materjal teras \u00dcldine k\u00f5rgus (cm) 40 \u00dcldine laius (cm) 15 Paigalduskruvid Ei V\u00e4rv Must Kogus komplekti\" \/>\n<meta property=\"og:url\" content=\"https:\/\/metaltale.com\/et\/toode\/metallist-laua-jalg-slim-40-cm-must\/\" \/>\n<meta property=\"og:site_name\" content=\"MetalTale.com\" \/>\n<meta name=\"twitter:card\" content=\"summary_large_image\" \/>\n<meta name=\"twitter:label1\" content=\"Est. reading time\" \/>\n\t<meta name=\"twitter:data1\" content=\"1 minut\" \/>\n<script type=\"application\/ld+json\" class=\"yoast-schema-graph\">{\"@context\":\"https:\/\/schema.org\",\"@graph\":[{\"@type\":\"WebPage\",\"@id\":\"https:\/\/metaltale.com\/et\/toode\/metallist-laua-jalg-slim-40-cm-must\/\",\"url\":\"https:\/\/metaltale.com\/et\/toode\/metallist-laua-jalg-slim-40-cm-must\/\",\"name\":\"Metallist laua jalg SLIM 40 cm, must - MetalTale.com\",\"isPartOf\":{\"@id\":\"https:\/\/metaltale.com\/et\/#website\"},\"primaryImageOfPage\":{\"@id\":\"https:\/\/metaltale.com\/et\/toode\/metallist-laua-jalg-slim-40-cm-must\/#primaryimage\"},\"image\":{\"@id\":\"https:\/\/metaltale.com\/et\/toode\/metallist-laua-jalg-slim-40-cm-must\/#primaryimage\"},\"thumbnailUrl\":\"https:\/\/metaltale.com\/wp-content\/uploads\/2023\/10\/Koja-SLIM-40-JUODA.jpg\",\"datePublished\":\"2024-02-13T11:21:46+00:00\",\"breadcrumb\":{\"@id\":\"https:\/\/metaltale.com\/et\/toode\/metallist-laua-jalg-slim-40-cm-must\/#breadcrumb\"},\"inLanguage\":\"et\",\"potentialAction\":[{\"@type\":\"ReadAction\",\"target\":[\"https:\/\/metaltale.com\/et\/toode\/metallist-laua-jalg-slim-40-cm-must\/\"]}]},{\"@type\":\"ImageObject\",\"inLanguage\":\"et\",\"@id\":\"https:\/\/metaltale.com\/et\/toode\/metallist-laua-jalg-slim-40-cm-must\/#primaryimage\",\"url\":\"https:\/\/metaltale.com\/wp-content\/uploads\/2023\/10\/Koja-SLIM-40-JUODA.jpg\",\"contentUrl\":\"https:\/\/metaltale.com\/wp-content\/uploads\/2023\/10\/Koja-SLIM-40-JUODA.jpg\",\"width\":800,\"height\":800},{\"@type\":\"BreadcrumbList\",\"@id\":\"https:\/\/metaltale.com\/et\/toode\/metallist-laua-jalg-slim-40-cm-must\/#breadcrumb\",\"itemListElement\":[{\"@type\":\"ListItem\",\"position\":1,\"name\":\"Home\",\"item\":\"https:\/\/metaltale.com\/et\/kodu\/\"},{\"@type\":\"ListItem\",\"position\":2,\"name\":\"Kauplus\",\"item\":\"https:\/\/metaltale.com\/et\/shop\/\"},{\"@type\":\"ListItem\",\"position\":3,\"name\":\"Metallist laua jalg SLIM 40 cm, must\"}]},{\"@type\":\"WebSite\",\"@id\":\"https:\/\/metaltale.com\/et\/#website\",\"url\":\"https:\/\/metaltale.com\/et\/\",\"name\":\"Metaltale.com\",\"description\":\"\",\"potentialAction\":[{\"@type\":\"SearchAction\",\"target\":{\"@type\":\"EntryPoint\",\"urlTemplate\":\"https:\/\/metaltale.com\/et\/?s={search_term_string}\"},\"query-input\":{\"@type\":\"PropertyValueSpecification\",\"valueRequired\":true,\"valueName\":\"search_term_string\"}}],\"inLanguage\":\"et\"}]}<\/script>\n<!-- \/ Yoast SEO plugin. -->","yoast_head_json":{"title":"Metallist laua jalg SLIM 40 cm, must - MetalTale.com","robots":{"index":"index","follow":"follow","max-snippet":"max-snippet:-1","max-image-preview":"max-image-preview:large","max-video-preview":"max-video-preview:-1"},"canonical":"https:\/\/metaltale.com\/et\/toode\/metallist-laua-jalg-slim-40-cm-must\/","og_locale":"et_EE","og_type":"article","og_title":"Metallist laua jalg SLIM 40 cm, must - MetalTale.com","og_description":"Mudel RR. SLIM. NDSKA Materjal teras \u00dcldine k\u00f5rgus (cm) 40 \u00dcldine laius (cm) 15 Paigalduskruvid Ei V\u00e4rv Must Kogus komplekti","og_url":"https:\/\/metaltale.com\/et\/toode\/metallist-laua-jalg-slim-40-cm-must\/","og_site_name":"MetalTale.com","twitter_card":"summary_large_image","twitter_misc":{"Est. reading time":"1 minut"},"schema":{"@context":"https:\/\/schema.org","@graph":[{"@type":"WebPage","@id":"https:\/\/metaltale.com\/et\/toode\/metallist-laua-jalg-slim-40-cm-must\/","url":"https:\/\/metaltale.com\/et\/toode\/metallist-laua-jalg-slim-40-cm-must\/","name":"Metallist laua jalg SLIM 40 cm, must - MetalTale.com","isPartOf":{"@id":"https:\/\/metaltale.com\/et\/#website"},"primaryImageOfPage":{"@id":"https:\/\/metaltale.com\/et\/toode\/metallist-laua-jalg-slim-40-cm-must\/#primaryimage"},"image":{"@id":"https:\/\/metaltale.com\/et\/toode\/metallist-laua-jalg-slim-40-cm-must\/#primaryimage"},"thumbnailUrl":"https:\/\/metaltale.com\/wp-content\/uploads\/2023\/10\/Koja-SLIM-40-JUODA.jpg","datePublished":"2024-02-13T11:21:46+00:00","breadcrumb":{"@id":"https:\/\/metaltale.com\/et\/toode\/metallist-laua-jalg-slim-40-cm-must\/#breadcrumb"},"inLanguage":"et","potentialAction":[{"@type":"ReadAction","target":["https:\/\/metaltale.com\/et\/toode\/metallist-laua-jalg-slim-40-cm-must\/"]}]},{"@type":"ImageObject","inLanguage":"et","@id":"https:\/\/metaltale.com\/et\/toode\/metallist-laua-jalg-slim-40-cm-must\/#primaryimage","url":"https:\/\/metaltale.com\/wp-content\/uploads\/2023\/10\/Koja-SLIM-40-JUODA.jpg","contentUrl":"https:\/\/metaltale.com\/wp-content\/uploads\/2023\/10\/Koja-SLIM-40-JUODA.jpg","width":800,"height":800},{"@type":"BreadcrumbList","@id":"https:\/\/metaltale.com\/et\/toode\/metallist-laua-jalg-slim-40-cm-must\/#breadcrumb","itemListElement":[{"@type":"ListItem","position":1,"name":"Home","item":"https:\/\/metaltale.com\/et\/kodu\/"},{"@type":"ListItem","position":2,"name":"Kauplus","item":"https:\/\/metaltale.com\/et\/shop\/"},{"@type":"ListItem","position":3,"name":"Metallist laua jalg SLIM 40 cm, must"}]},{"@type":"WebSite","@id":"https:\/\/metaltale.com\/et\/#website","url":"https:\/\/metaltale.com\/et\/","name":"Metaltale.com","description":"","potentialAction":[{"@type":"SearchAction","target":{"@type":"EntryPoint","urlTemplate":"https:\/\/metaltale.com\/et\/?s={search_term_string}"},"query-input":{"@type":"PropertyValueSpecification","valueRequired":true,"valueName":"search_term_string"}}],"inLanguage":"et"}]}},"_links":{"self":[{"href":"https:\/\/metaltale.com\/et\/wp-json\/wp\/v2\/product\/135586","targetHints":{"allow":["GET"]}}],"collection":[{"href":"https:\/\/metaltale.com\/et\/wp-json\/wp\/v2\/product"}],"about":[{"href":"https:\/\/metaltale.com\/et\/wp-json\/wp\/v2\/types\/product"}],"replies":[{"embeddable":true,"href":"https:\/\/metaltale.com\/et\/wp-json\/wp\/v2\/comments?post=135586"}],"version-history":[{"count":0,"href":"https:\/\/metaltale.com\/et\/wp-json\/wp\/v2\/product\/135586\/revisions"}],"wp:featuredmedia":[{"embeddable":true,"href":"https:\/\/metaltale.com\/et\/wp-json\/wp\/v2\/media\/76785"}],"wp:attachment":[{"href":"https:\/\/metaltale.com\/et\/wp-json\/wp\/v2\/media?parent=135586"}],"wp:term":[{"taxonomy":"product_brand","embeddable":true,"href":"https:\/\/metaltale.com\/et\/wp-json\/wp\/v2\/product_brand?post=135586"},{"taxonomy":"product_cat","embeddable":true,"href":"https:\/\/metaltale.com\/et\/wp-json\/wp\/v2\/product_cat?post=135586"},{"taxonomy":"product_tag","embeddable":true,"href":"https:\/\/metaltale.com\/et\/wp-json\/wp\/v2\/product_tag?post=135586"}],"curies":[{"name":"wp","href":"https:\/\/api.w.org\/{rel}","templated":true}]}}