{"id":135581,"date":"2024-02-13T15:03:04","date_gmt":"2024-02-13T13:03:04","guid":{"rendered":"https:\/\/metaltale.com\/produktas\/metallist-lauajalg-spider-must\/"},"modified":"2024-09-25T12:32:04","modified_gmt":"2024-09-25T10:32:04","slug":"metallist-lauajalg-spider-must","status":"publish","type":"product","link":"https:\/\/metaltale.com\/et\/toode\/metallist-lauajalg-spider-must\/","title":{"rendered":"Metallist lauajalg SPIDER, must"},"content":{"rendered":"<div class=\"prod_data\">\n<p><strong>Mudel<\/strong> ZA. N06. W-CZ-86<br \/>\n<strong>Materjal<\/strong> teras<br \/>\n<strong>Materjali paksus (cm<\/strong> ) 2X6 PROFIILI<br \/>\n\u00dcldine k\u00f5rgus (cm) 71<br \/>\n\u00dcldine laius (cm) 120<br \/>\n<strong>S\u00fcgavus (cm)<\/strong> 86<br \/>\nPaigalduskruvid Ei<br \/>\nV\u00e4rv Must<br \/>\n<strong>Viimistlus<\/strong> pulberv\u00e4rvitud<\/p>\n<p>&#8211; Laua alus, mis on valmistatud tippkvaliteediga terasest, tagab lauaplaadile stabiilse toe.<br \/>\n&#8211; must pulberv\u00e4rvitud jalg pakub suurt kriimustuskindlust<br \/>\n&#8211; raam koosneb kolmest osast, mille k\u00fclge kinnitatakse kruvid jala kiireks kokkupanekuks<br \/>\n&#8211; uuenduslik elementide kombinatsioon lauap\u00f5hjal teeb sellest intrigeeriva toote.<br \/>\n&#8211; countertop paigaldus v\u00f5imaldab nelja kinnitusplaati<\/p>\n<hr>\n<p>Turul on saadaval suur valik laudu ja kirjutuslaudu, kuid \u00fckski toode ei t\u00e4ida teie unistusi nii palju kui ise projekteeritud ja k\u00e4sitsi kokkupandud m\u00f6\u00f6bel. Originaalne terasest jalg SPIDER on intrigeeriv ettepanek avarate s\u00f6\u00f6gitubade jaoks, mis koos puidust lauaplaadiga loob ainulaadse laua. Laua aluse iseloomulikud, ristuvad elemendid loovad stabiilse struktuuri, mis toetab isegi k\u00f5ige massiivsemat lauaplaati. Kaasaegne jalg laua taga on kindlasti esimene viiul sisekujunduses. Pulbriga kaetud must on elegantne ja \u0161ikk versioon, mis sobib ideaalselt retro- ja kaasaegsesse kliimasse.<\/p>\n<hr>\n<p>* Pakkumine kehtib ainult terasjalale ja ei sisalda t\u00f6\u00f6pinda.<\/p>\n<\/div>\n","protected":false},"excerpt":{"rendered":"<p>Mudel ZA. N06. W-CZ-86 Materjal teras Materjali paksus (cm ) 2X6 PROFIILI \u00dcldine k\u00f5rgus (cm) 71 \u00dcldine laius (cm) 120<\/p>\n","protected":false},"featured_media":119179,"comment_status":"open","ping_status":"closed","template":"","meta":{"_acf_changed":false,"pmpro_default_level":""},"product_brand":[],"product_cat":[23915,23905],"product_tag":[],"class_list":{"0":"post-135581","1":"product","2":"type-product","3":"status-publish","4":"has-post-thumbnail","6":"product_cat-stalo-kojos-et","7":"product_cat-stalo-remas-et","8":"pmpro-has-access","10":"first","11":"instock","12":"shipping-taxable","13":"purchasable","14":"product-type-simple"},"acf":[],"yoast_head":"<!-- This site is optimized with the Yoast SEO plugin v24.9 - https:\/\/yoast.com\/wordpress\/plugins\/seo\/ -->\n<title>Metallist lauajalg SPIDER, must - MetalTale.com<\/title>\n<meta name=\"robots\" content=\"index, follow, max-snippet:-1, max-image-preview:large, max-video-preview:-1\" \/>\n<link rel=\"canonical\" href=\"https:\/\/metaltale.com\/et\/toode\/metallist-lauajalg-spider-must\/\" \/>\n<meta property=\"og:locale\" content=\"et_EE\" \/>\n<meta property=\"og:type\" content=\"article\" \/>\n<meta property=\"og:title\" content=\"Metallist lauajalg SPIDER, must - MetalTale.com\" \/>\n<meta property=\"og:description\" content=\"Mudel ZA. N06. W-CZ-86 Materjal teras Materjali paksus (cm ) 2X6 PROFIILI \u00dcldine k\u00f5rgus (cm) 71 \u00dcldine laius (cm) 120\" \/>\n<meta property=\"og:url\" content=\"https:\/\/metaltale.com\/et\/toode\/metallist-lauajalg-spider-must\/\" \/>\n<meta property=\"og:site_name\" content=\"MetalTale.com\" \/>\n<meta property=\"article:modified_time\" content=\"2024-09-25T10:32:04+00:00\" \/>\n<meta property=\"og:image\" content=\"https:\/\/metaltale.com\/wp-content\/uploads\/2023\/12\/stalo-remas.jpg\" \/>\n\t<meta property=\"og:image:width\" content=\"800\" \/>\n\t<meta property=\"og:image:height\" content=\"800\" \/>\n\t<meta property=\"og:image:type\" content=\"image\/jpeg\" \/>\n<meta name=\"twitter:card\" content=\"summary_large_image\" \/>\n<meta name=\"twitter:label1\" content=\"Est. reading time\" \/>\n\t<meta name=\"twitter:data1\" content=\"1 minut\" \/>\n<script type=\"application\/ld+json\" class=\"yoast-schema-graph\">{\"@context\":\"https:\/\/schema.org\",\"@graph\":[{\"@type\":\"WebPage\",\"@id\":\"https:\/\/metaltale.com\/et\/toode\/metallist-lauajalg-spider-must\/\",\"url\":\"https:\/\/metaltale.com\/et\/toode\/metallist-lauajalg-spider-must\/\",\"name\":\"Metallist lauajalg SPIDER, must - MetalTale.com\",\"isPartOf\":{\"@id\":\"https:\/\/metaltale.com\/et\/#website\"},\"primaryImageOfPage\":{\"@id\":\"https:\/\/metaltale.com\/et\/toode\/metallist-lauajalg-spider-must\/#primaryimage\"},\"image\":{\"@id\":\"https:\/\/metaltale.com\/et\/toode\/metallist-lauajalg-spider-must\/#primaryimage\"},\"thumbnailUrl\":\"https:\/\/metaltale.com\/wp-content\/uploads\/2023\/12\/stalo-remas.jpg\",\"datePublished\":\"2024-02-13T13:03:04+00:00\",\"dateModified\":\"2024-09-25T10:32:04+00:00\",\"breadcrumb\":{\"@id\":\"https:\/\/metaltale.com\/et\/toode\/metallist-lauajalg-spider-must\/#breadcrumb\"},\"inLanguage\":\"et\",\"potentialAction\":[{\"@type\":\"ReadAction\",\"target\":[\"https:\/\/metaltale.com\/et\/toode\/metallist-lauajalg-spider-must\/\"]}]},{\"@type\":\"ImageObject\",\"inLanguage\":\"et\",\"@id\":\"https:\/\/metaltale.com\/et\/toode\/metallist-lauajalg-spider-must\/#primaryimage\",\"url\":\"https:\/\/metaltale.com\/wp-content\/uploads\/2023\/12\/stalo-remas.jpg\",\"contentUrl\":\"https:\/\/metaltale.com\/wp-content\/uploads\/2023\/12\/stalo-remas.jpg\",\"width\":800,\"height\":800,\"caption\":\"lauaraam\"},{\"@type\":\"BreadcrumbList\",\"@id\":\"https:\/\/metaltale.com\/et\/toode\/metallist-lauajalg-spider-must\/#breadcrumb\",\"itemListElement\":[{\"@type\":\"ListItem\",\"position\":1,\"name\":\"Home\",\"item\":\"https:\/\/metaltale.com\/et\/kodu\/\"},{\"@type\":\"ListItem\",\"position\":2,\"name\":\"Kauplus\",\"item\":\"https:\/\/metaltale.com\/et\/shop\/\"},{\"@type\":\"ListItem\",\"position\":3,\"name\":\"Metallist lauajalg SPIDER, must\"}]},{\"@type\":\"WebSite\",\"@id\":\"https:\/\/metaltale.com\/et\/#website\",\"url\":\"https:\/\/metaltale.com\/et\/\",\"name\":\"Metaltale.com\",\"description\":\"\",\"potentialAction\":[{\"@type\":\"SearchAction\",\"target\":{\"@type\":\"EntryPoint\",\"urlTemplate\":\"https:\/\/metaltale.com\/et\/?s={search_term_string}\"},\"query-input\":{\"@type\":\"PropertyValueSpecification\",\"valueRequired\":true,\"valueName\":\"search_term_string\"}}],\"inLanguage\":\"et\"}]}<\/script>\n<!-- \/ Yoast SEO plugin. -->","yoast_head_json":{"title":"Metallist lauajalg SPIDER, must - MetalTale.com","robots":{"index":"index","follow":"follow","max-snippet":"max-snippet:-1","max-image-preview":"max-image-preview:large","max-video-preview":"max-video-preview:-1"},"canonical":"https:\/\/metaltale.com\/et\/toode\/metallist-lauajalg-spider-must\/","og_locale":"et_EE","og_type":"article","og_title":"Metallist lauajalg SPIDER, must - MetalTale.com","og_description":"Mudel ZA. N06. W-CZ-86 Materjal teras Materjali paksus (cm ) 2X6 PROFIILI \u00dcldine k\u00f5rgus (cm) 71 \u00dcldine laius (cm) 120","og_url":"https:\/\/metaltale.com\/et\/toode\/metallist-lauajalg-spider-must\/","og_site_name":"MetalTale.com","article_modified_time":"2024-09-25T10:32:04+00:00","og_image":[{"width":800,"height":800,"url":"https:\/\/metaltale.com\/wp-content\/uploads\/2023\/12\/stalo-remas.jpg","type":"image\/jpeg"}],"twitter_card":"summary_large_image","twitter_misc":{"Est. reading time":"1 minut"},"schema":{"@context":"https:\/\/schema.org","@graph":[{"@type":"WebPage","@id":"https:\/\/metaltale.com\/et\/toode\/metallist-lauajalg-spider-must\/","url":"https:\/\/metaltale.com\/et\/toode\/metallist-lauajalg-spider-must\/","name":"Metallist lauajalg SPIDER, must - MetalTale.com","isPartOf":{"@id":"https:\/\/metaltale.com\/et\/#website"},"primaryImageOfPage":{"@id":"https:\/\/metaltale.com\/et\/toode\/metallist-lauajalg-spider-must\/#primaryimage"},"image":{"@id":"https:\/\/metaltale.com\/et\/toode\/metallist-lauajalg-spider-must\/#primaryimage"},"thumbnailUrl":"https:\/\/metaltale.com\/wp-content\/uploads\/2023\/12\/stalo-remas.jpg","datePublished":"2024-02-13T13:03:04+00:00","dateModified":"2024-09-25T10:32:04+00:00","breadcrumb":{"@id":"https:\/\/metaltale.com\/et\/toode\/metallist-lauajalg-spider-must\/#breadcrumb"},"inLanguage":"et","potentialAction":[{"@type":"ReadAction","target":["https:\/\/metaltale.com\/et\/toode\/metallist-lauajalg-spider-must\/"]}]},{"@type":"ImageObject","inLanguage":"et","@id":"https:\/\/metaltale.com\/et\/toode\/metallist-lauajalg-spider-must\/#primaryimage","url":"https:\/\/metaltale.com\/wp-content\/uploads\/2023\/12\/stalo-remas.jpg","contentUrl":"https:\/\/metaltale.com\/wp-content\/uploads\/2023\/12\/stalo-remas.jpg","width":800,"height":800,"caption":"lauaraam"},{"@type":"BreadcrumbList","@id":"https:\/\/metaltale.com\/et\/toode\/metallist-lauajalg-spider-must\/#breadcrumb","itemListElement":[{"@type":"ListItem","position":1,"name":"Home","item":"https:\/\/metaltale.com\/et\/kodu\/"},{"@type":"ListItem","position":2,"name":"Kauplus","item":"https:\/\/metaltale.com\/et\/shop\/"},{"@type":"ListItem","position":3,"name":"Metallist lauajalg SPIDER, must"}]},{"@type":"WebSite","@id":"https:\/\/metaltale.com\/et\/#website","url":"https:\/\/metaltale.com\/et\/","name":"Metaltale.com","description":"","potentialAction":[{"@type":"SearchAction","target":{"@type":"EntryPoint","urlTemplate":"https:\/\/metaltale.com\/et\/?s={search_term_string}"},"query-input":{"@type":"PropertyValueSpecification","valueRequired":true,"valueName":"search_term_string"}}],"inLanguage":"et"}]}},"_links":{"self":[{"href":"https:\/\/metaltale.com\/et\/wp-json\/wp\/v2\/product\/135581","targetHints":{"allow":["GET"]}}],"collection":[{"href":"https:\/\/metaltale.com\/et\/wp-json\/wp\/v2\/product"}],"about":[{"href":"https:\/\/metaltale.com\/et\/wp-json\/wp\/v2\/types\/product"}],"replies":[{"embeddable":true,"href":"https:\/\/metaltale.com\/et\/wp-json\/wp\/v2\/comments?post=135581"}],"version-history":[{"count":0,"href":"https:\/\/metaltale.com\/et\/wp-json\/wp\/v2\/product\/135581\/revisions"}],"wp:featuredmedia":[{"embeddable":true,"href":"https:\/\/metaltale.com\/et\/wp-json\/wp\/v2\/media\/119179"}],"wp:attachment":[{"href":"https:\/\/metaltale.com\/et\/wp-json\/wp\/v2\/media?parent=135581"}],"wp:term":[{"taxonomy":"product_brand","embeddable":true,"href":"https:\/\/metaltale.com\/et\/wp-json\/wp\/v2\/product_brand?post=135581"},{"taxonomy":"product_cat","embeddable":true,"href":"https:\/\/metaltale.com\/et\/wp-json\/wp\/v2\/product_cat?post=135581"},{"taxonomy":"product_tag","embeddable":true,"href":"https:\/\/metaltale.com\/et\/wp-json\/wp\/v2\/product_tag?post=135581"}],"curies":[{"name":"wp","href":"https:\/\/api.w.org\/{rel}","templated":true}]}}