{"id":135566,"date":"2024-02-13T13:21:05","date_gmt":"2024-02-13T11:21:05","guid":{"rendered":"https:\/\/metaltale.com\/produktas\/metallist-laua-jalg-retro-51-cm-lakitud-teras\/"},"modified":"2024-02-13T13:21:05","modified_gmt":"2024-02-13T11:21:05","slug":"metallist-laua-jalg-retro-51-cm-lakitud-teras","status":"publish","type":"product","link":"https:\/\/metaltale.com\/et\/toode\/metallist-laua-jalg-retro-51-cm-lakitud-teras\/","title":{"rendered":"Metallist laua jalg RETRO 51 cm, lakitud teras"},"content":{"rendered":"<div class=\"prod_data\">\n<p><strong>Mudel<\/strong> ZA.030.NDSKA<br \/>\n<strong>Materjal<\/strong> teras<br \/>\n<strong>\u00dcldine k\u00f5rgus (cm)<\/strong> 51<br \/>\nPaigalduskruvid Ei<br \/>\n<strong>V\u00e4rv<\/strong> teras<br \/>\nKogus komplekti kohta 1 tk.<\/p>\n<p>&#8211; kahev\u00e4rviline terasest kohvilaua jalg<br \/>\n&#8211; m\u00f6\u00f6bli \u00fche jala eelis on see, et saate valida, kuhu see t\u00f6\u00f6pinna k\u00fclge kinnitatakse.<br \/>\n&#8211; v\u00e4rvivaba lakiga immutatud terasversioon, mis allub tahtlikule h\u00f5\u00f5rdumisele ja muudele vananemisprotseduuridele.<br \/>\n&#8211; toodete v\u00e4rvus v\u00f5ib erineda galeriis olevatest piltidest, mis on tingitud individuaalsetest monitoriseadetest ja materjalide iseloomust &#8211; teras on toormaterjal, mille v\u00e4rvus, toon ja tekstuur v\u00f5ivad n\u00e4idiste v\u00f5i partiide l\u00f5ikes erineda.<br \/>\n&#8211; pakutavad kruvid on m\u00f5eldud t\u00f6\u00f6pindade jaoks, mille paksus on 37 mm v\u00f5i rohkem.<\/p>\n<hr>\n<p>\u00dcksiku terasjalga klassikaline, kooniline kuju sobib peaaegu igasse interj\u00f6\u00f6ri stiili. Terasest versiooni, mis sobib ideaalselt t\u00f6\u00f6stuslikesse ruumidesse, iseloomustavad tugev lihvimine ja n\u00e4htavad keevis\u00f5mblused. M\u00f5nusam lahendus on must pulberv\u00e4rvitud lauajalg. Tugev alus koos lauaplaadiga v\u00f5imaldab teil luua unen\u00e4olise ja ainulaadse laua, mis m\u00e4ngib igas elutoas, teleritoas ja k\u00fclalistetoas esimest viiulit. See mudel on saadaval ka laua- ja kirjutuslauale sobiva k\u00f5rgusega.<\/p>\n<div id=\"s3gt_translate_tooltip_mini\" class=\"s3gt_translate_tooltip_mini_box\" style=\"background: initial !important; border: initial !important; border-radius: initial !important; border-spacing: initial !important; border-collapse: initial !important; direction: ltr !important; flex-direction: initial !important; font-weight: initial !important; height: initial !important; letter-spacing: initial !important; min-width: initial !important; max-width: initial !important; min-height: initial !important; max-height: initial !important; margin: auto !important; outline: initial !important; padding: initial !important; position: absolute; table-layout: initial !important; text-align: initial !important; text-shadow: initial !important; width: initial !important; word-break: initial !important; word-spacing: initial !important; overflow-wrap: initial !important; box-sizing: initial !important; display: initial !important; color: inherit !important; font-size: 13px !important; font-family: X-LocaleSpecific, sans-serif, Tahoma, Helvetica !important; line-height: 13px !important; vertical-align: top !important; white-space: inherit !important; left: 675px; top: 72px; opacity: 0.6;\">\n<div id=\"s3gt_translate_tooltip_mini_copy\" class=\"s3gt_translate_tooltip_mini\" title=\"Teksti kopeerimine l\u00f5ikelauale\"><\/div>\n<\/div>\n<\/div>\n","protected":false},"excerpt":{"rendered":"<p>Mudel ZA.030.NDSKA Materjal teras \u00dcldine k\u00f5rgus (cm) 51 Paigalduskruvid Ei V\u00e4rv teras Kogus komplekti kohta 1 tk. &#8211; kahev\u00e4rviline terasest<\/p>\n","protected":false},"featured_media":76431,"comment_status":"open","ping_status":"closed","template":"","meta":{"_acf_changed":false,"pmpro_default_level":""},"product_brand":[],"product_cat":[24171,24137],"product_tag":[],"class_list":{"0":"post-135566","1":"product","2":"type-product","3":"status-publish","4":"has-post-thumbnail","6":"product_cat-kohvilaua-jalad","7":"product_cat-moobli-jalad","8":"pmpro-has-access","10":"first","11":"instock","12":"shipping-taxable","13":"purchasable","14":"product-type-simple"},"acf":[],"yoast_head":"<!-- This site is optimized with the Yoast SEO plugin v24.9 - https:\/\/yoast.com\/wordpress\/plugins\/seo\/ -->\n<title>Metallist laua jalg RETRO 51 cm, lakitud teras - MetalTale.com<\/title>\n<meta name=\"robots\" content=\"index, follow, max-snippet:-1, max-image-preview:large, max-video-preview:-1\" \/>\n<link rel=\"canonical\" href=\"https:\/\/metaltale.com\/et\/toode\/metallist-laua-jalg-retro-51-cm-lakitud-teras\/\" \/>\n<meta property=\"og:locale\" content=\"et_EE\" \/>\n<meta property=\"og:type\" content=\"article\" \/>\n<meta property=\"og:title\" content=\"Metallist laua jalg RETRO 51 cm, lakitud teras - MetalTale.com\" \/>\n<meta property=\"og:description\" content=\"Mudel ZA.030.NDSKA Materjal teras \u00dcldine k\u00f5rgus (cm) 51 Paigalduskruvid Ei V\u00e4rv teras Kogus komplekti kohta 1 tk. &#8211; kahev\u00e4rviline terasest\" \/>\n<meta property=\"og:url\" content=\"https:\/\/metaltale.com\/et\/toode\/metallist-laua-jalg-retro-51-cm-lakitud-teras\/\" \/>\n<meta property=\"og:site_name\" content=\"MetalTale.com\" \/>\n<meta name=\"twitter:card\" content=\"summary_large_image\" \/>\n<meta name=\"twitter:label1\" content=\"Est. reading time\" \/>\n\t<meta name=\"twitter:data1\" content=\"1 minut\" \/>\n<script type=\"application\/ld+json\" class=\"yoast-schema-graph\">{\"@context\":\"https:\/\/schema.org\",\"@graph\":[{\"@type\":\"WebPage\",\"@id\":\"https:\/\/metaltale.com\/et\/toode\/metallist-laua-jalg-retro-51-cm-lakitud-teras\/\",\"url\":\"https:\/\/metaltale.com\/et\/toode\/metallist-laua-jalg-retro-51-cm-lakitud-teras\/\",\"name\":\"Metallist laua jalg RETRO 51 cm, lakitud teras - MetalTale.com\",\"isPartOf\":{\"@id\":\"https:\/\/metaltale.com\/et\/#website\"},\"primaryImageOfPage\":{\"@id\":\"https:\/\/metaltale.com\/et\/toode\/metallist-laua-jalg-retro-51-cm-lakitud-teras\/#primaryimage\"},\"image\":{\"@id\":\"https:\/\/metaltale.com\/et\/toode\/metallist-laua-jalg-retro-51-cm-lakitud-teras\/#primaryimage\"},\"thumbnailUrl\":\"https:\/\/metaltale.com\/wp-content\/uploads\/2023\/10\/Koja-RETRO-51-PLIENAS.jpg\",\"datePublished\":\"2024-02-13T11:21:05+00:00\",\"breadcrumb\":{\"@id\":\"https:\/\/metaltale.com\/et\/toode\/metallist-laua-jalg-retro-51-cm-lakitud-teras\/#breadcrumb\"},\"inLanguage\":\"et\",\"potentialAction\":[{\"@type\":\"ReadAction\",\"target\":[\"https:\/\/metaltale.com\/et\/toode\/metallist-laua-jalg-retro-51-cm-lakitud-teras\/\"]}]},{\"@type\":\"ImageObject\",\"inLanguage\":\"et\",\"@id\":\"https:\/\/metaltale.com\/et\/toode\/metallist-laua-jalg-retro-51-cm-lakitud-teras\/#primaryimage\",\"url\":\"https:\/\/metaltale.com\/wp-content\/uploads\/2023\/10\/Koja-RETRO-51-PLIENAS.jpg\",\"contentUrl\":\"https:\/\/metaltale.com\/wp-content\/uploads\/2023\/10\/Koja-RETRO-51-PLIENAS.jpg\",\"width\":800,\"height\":800},{\"@type\":\"BreadcrumbList\",\"@id\":\"https:\/\/metaltale.com\/et\/toode\/metallist-laua-jalg-retro-51-cm-lakitud-teras\/#breadcrumb\",\"itemListElement\":[{\"@type\":\"ListItem\",\"position\":1,\"name\":\"Home\",\"item\":\"https:\/\/metaltale.com\/et\/kodu\/\"},{\"@type\":\"ListItem\",\"position\":2,\"name\":\"Kauplus\",\"item\":\"https:\/\/metaltale.com\/et\/shop\/\"},{\"@type\":\"ListItem\",\"position\":3,\"name\":\"Metallist laua jalg RETRO 51 cm, lakitud teras\"}]},{\"@type\":\"WebSite\",\"@id\":\"https:\/\/metaltale.com\/et\/#website\",\"url\":\"https:\/\/metaltale.com\/et\/\",\"name\":\"Metaltale.com\",\"description\":\"\",\"potentialAction\":[{\"@type\":\"SearchAction\",\"target\":{\"@type\":\"EntryPoint\",\"urlTemplate\":\"https:\/\/metaltale.com\/et\/?s={search_term_string}\"},\"query-input\":{\"@type\":\"PropertyValueSpecification\",\"valueRequired\":true,\"valueName\":\"search_term_string\"}}],\"inLanguage\":\"et\"}]}<\/script>\n<!-- \/ Yoast SEO plugin. -->","yoast_head_json":{"title":"Metallist laua jalg RETRO 51 cm, lakitud teras - MetalTale.com","robots":{"index":"index","follow":"follow","max-snippet":"max-snippet:-1","max-image-preview":"max-image-preview:large","max-video-preview":"max-video-preview:-1"},"canonical":"https:\/\/metaltale.com\/et\/toode\/metallist-laua-jalg-retro-51-cm-lakitud-teras\/","og_locale":"et_EE","og_type":"article","og_title":"Metallist laua jalg RETRO 51 cm, lakitud teras - MetalTale.com","og_description":"Mudel ZA.030.NDSKA Materjal teras \u00dcldine k\u00f5rgus (cm) 51 Paigalduskruvid Ei V\u00e4rv teras Kogus komplekti kohta 1 tk. &#8211; kahev\u00e4rviline terasest","og_url":"https:\/\/metaltale.com\/et\/toode\/metallist-laua-jalg-retro-51-cm-lakitud-teras\/","og_site_name":"MetalTale.com","twitter_card":"summary_large_image","twitter_misc":{"Est. reading time":"1 minut"},"schema":{"@context":"https:\/\/schema.org","@graph":[{"@type":"WebPage","@id":"https:\/\/metaltale.com\/et\/toode\/metallist-laua-jalg-retro-51-cm-lakitud-teras\/","url":"https:\/\/metaltale.com\/et\/toode\/metallist-laua-jalg-retro-51-cm-lakitud-teras\/","name":"Metallist laua jalg RETRO 51 cm, lakitud teras - MetalTale.com","isPartOf":{"@id":"https:\/\/metaltale.com\/et\/#website"},"primaryImageOfPage":{"@id":"https:\/\/metaltale.com\/et\/toode\/metallist-laua-jalg-retro-51-cm-lakitud-teras\/#primaryimage"},"image":{"@id":"https:\/\/metaltale.com\/et\/toode\/metallist-laua-jalg-retro-51-cm-lakitud-teras\/#primaryimage"},"thumbnailUrl":"https:\/\/metaltale.com\/wp-content\/uploads\/2023\/10\/Koja-RETRO-51-PLIENAS.jpg","datePublished":"2024-02-13T11:21:05+00:00","breadcrumb":{"@id":"https:\/\/metaltale.com\/et\/toode\/metallist-laua-jalg-retro-51-cm-lakitud-teras\/#breadcrumb"},"inLanguage":"et","potentialAction":[{"@type":"ReadAction","target":["https:\/\/metaltale.com\/et\/toode\/metallist-laua-jalg-retro-51-cm-lakitud-teras\/"]}]},{"@type":"ImageObject","inLanguage":"et","@id":"https:\/\/metaltale.com\/et\/toode\/metallist-laua-jalg-retro-51-cm-lakitud-teras\/#primaryimage","url":"https:\/\/metaltale.com\/wp-content\/uploads\/2023\/10\/Koja-RETRO-51-PLIENAS.jpg","contentUrl":"https:\/\/metaltale.com\/wp-content\/uploads\/2023\/10\/Koja-RETRO-51-PLIENAS.jpg","width":800,"height":800},{"@type":"BreadcrumbList","@id":"https:\/\/metaltale.com\/et\/toode\/metallist-laua-jalg-retro-51-cm-lakitud-teras\/#breadcrumb","itemListElement":[{"@type":"ListItem","position":1,"name":"Home","item":"https:\/\/metaltale.com\/et\/kodu\/"},{"@type":"ListItem","position":2,"name":"Kauplus","item":"https:\/\/metaltale.com\/et\/shop\/"},{"@type":"ListItem","position":3,"name":"Metallist laua jalg RETRO 51 cm, lakitud teras"}]},{"@type":"WebSite","@id":"https:\/\/metaltale.com\/et\/#website","url":"https:\/\/metaltale.com\/et\/","name":"Metaltale.com","description":"","potentialAction":[{"@type":"SearchAction","target":{"@type":"EntryPoint","urlTemplate":"https:\/\/metaltale.com\/et\/?s={search_term_string}"},"query-input":{"@type":"PropertyValueSpecification","valueRequired":true,"valueName":"search_term_string"}}],"inLanguage":"et"}]}},"_links":{"self":[{"href":"https:\/\/metaltale.com\/et\/wp-json\/wp\/v2\/product\/135566","targetHints":{"allow":["GET"]}}],"collection":[{"href":"https:\/\/metaltale.com\/et\/wp-json\/wp\/v2\/product"}],"about":[{"href":"https:\/\/metaltale.com\/et\/wp-json\/wp\/v2\/types\/product"}],"replies":[{"embeddable":true,"href":"https:\/\/metaltale.com\/et\/wp-json\/wp\/v2\/comments?post=135566"}],"version-history":[{"count":0,"href":"https:\/\/metaltale.com\/et\/wp-json\/wp\/v2\/product\/135566\/revisions"}],"wp:featuredmedia":[{"embeddable":true,"href":"https:\/\/metaltale.com\/et\/wp-json\/wp\/v2\/media\/76431"}],"wp:attachment":[{"href":"https:\/\/metaltale.com\/et\/wp-json\/wp\/v2\/media?parent=135566"}],"wp:term":[{"taxonomy":"product_brand","embeddable":true,"href":"https:\/\/metaltale.com\/et\/wp-json\/wp\/v2\/product_brand?post=135566"},{"taxonomy":"product_cat","embeddable":true,"href":"https:\/\/metaltale.com\/et\/wp-json\/wp\/v2\/product_cat?post=135566"},{"taxonomy":"product_tag","embeddable":true,"href":"https:\/\/metaltale.com\/et\/wp-json\/wp\/v2\/product_tag?post=135566"}],"curies":[{"name":"wp","href":"https:\/\/api.w.org\/{rel}","templated":true}]}}