{"id":135527,"date":"2024-02-13T13:23:41","date_gmt":"2024-02-13T11:23:41","guid":{"rendered":"https:\/\/metaltale.com\/produktas\/metallist-laua-jalg-kwadro-loft-80x71-cm-must\/"},"modified":"2024-02-13T13:23:41","modified_gmt":"2024-02-13T11:23:41","slug":"metallist-laua-jalg-kwadro-loft-80x71-cm-must","status":"publish","type":"product","link":"https:\/\/metaltale.com\/et\/toode\/metallist-laua-jalg-kwadro-loft-80x71-cm-must\/","title":{"rendered":"Metallist laua jalg KWADRO LOFT 80&#215;71 cm, must"},"content":{"rendered":"<div class=\"prod_data\">\n<p><strong>Mudel<\/strong> ZA. SKW. NDS<br \/>\n<strong>Materjal<\/strong> teras<br \/>\n<strong>Materjali paksus (cm<\/strong> ) PROFIIL 2 x 8<br \/>\n\u00dcldine k\u00f5rgus (cm) 71<br \/>\n<strong>\u00dcldine laius (cm)<\/strong> 80<br \/>\nPaigalduskruvid Ei<br \/>\n<strong>V\u00e4rv<\/strong> Must<br \/>\nKogus komplekti kohta 1 tk.<\/p>\n<p>&#8211; Terasest lauajalg &#8211; kindel alus lauaplaadile<br \/>\n&#8211; kaks v\u00e4rvivalikut v\u00f5imaldavad luua laua, mis sobib teie sisekujundusega.<br \/>\n&#8211; must pulberv\u00e4rvitud metallist jalg, mis on v\u00e4ga vastupidav kriimustustele<br \/>\n&#8211; toodete v\u00e4rvus v\u00f5ib erineda galeriis olevatest piltidest, mis on tingitud individuaalsetest monitoriseadetest ja materjalide iseloomust &#8211; teras on toormaterjal, mille v\u00e4rvus, toon ja tekstuur v\u00f5ivad n\u00e4idiste v\u00f5i partiide l\u00f5ikes erineda.<br \/>\n&#8211; pakutavad kruvid on m\u00f5eldud t\u00f6\u00f6pindade jaoks, mille paksus on 37 mm v\u00f5i rohkem.<\/p>\n<hr>\n<p>KWADRO LOFT m\u00f6\u00f6bli metalljalg on igale lauale tugev ja turvaline alus, mis sobib ideaalselt modernse disaini loomiseks koos <span class=\"hiddenSpellError\">t\u00f6\u00f6stuslike<\/span> aktsentidega. Sellel on lihtne disain, mis r\u00f5hutab rahulikult kogu laua iseloomu. KWADRO LOFT jalad muudavad iga avara elutoa v\u00f5i minimalistliku k\u00fclalistetoa. Toode on saadaval kahes v\u00e4rvitoonis, nii et saate valida rahumeelse ja elegantse musta jala v\u00f5i heleda naelaga terasest jala vahel. Laud on ehitatud KWADRO LOFT alusele, mis v\u00f5imaldab teil istuda laua peal t\u00e4iesti mugavalt. See on pakkumine neile, kes otsivad praktilisi lahendusi, millega saab h\u00f5lpsasti muuta sisekujundust. Terasjalg v\u00f5ib veidi erineda galeriis olevatest fotodest, kuid see s\u00e4ilitab oma algse iseloomu (keevis\u00f5mblused ja kriimustused on n\u00e4htavad).<\/p>\n<\/div>\n","protected":false},"excerpt":{"rendered":"<p>Mudel ZA. SKW. NDS Materjal teras Materjali paksus (cm ) PROFIIL 2 x 8 \u00dcldine k\u00f5rgus (cm) 71 \u00dcldine laius<\/p>\n","protected":false},"featured_media":119882,"comment_status":"open","ping_status":"closed","template":"","meta":{"_acf_changed":false,"pmpro_default_level":""},"product_brand":[],"product_cat":[24137,23915],"product_tag":[],"class_list":{"0":"post-135527","1":"product","2":"type-product","3":"status-publish","4":"has-post-thumbnail","6":"product_cat-moobli-jalad","7":"product_cat-stalo-kojos-et","8":"pmpro-has-access","10":"first","11":"instock","12":"shipping-taxable","13":"purchasable","14":"product-type-simple"},"acf":[],"yoast_head":"<!-- This site is optimized with the Yoast SEO plugin v24.9 - https:\/\/yoast.com\/wordpress\/plugins\/seo\/ -->\n<title>Metallist laua jalg KWADRO LOFT 80x71 cm, must - MetalTale.com<\/title>\n<meta name=\"robots\" content=\"index, follow, max-snippet:-1, max-image-preview:large, max-video-preview:-1\" \/>\n<link rel=\"canonical\" href=\"https:\/\/metaltale.com\/et\/toode\/metallist-laua-jalg-kwadro-loft-80x71-cm-must\/\" \/>\n<meta property=\"og:locale\" content=\"et_EE\" \/>\n<meta property=\"og:type\" content=\"article\" \/>\n<meta property=\"og:title\" content=\"Metallist laua jalg KWADRO LOFT 80x71 cm, must - MetalTale.com\" \/>\n<meta property=\"og:description\" content=\"Mudel ZA. SKW. NDS Materjal teras Materjali paksus (cm ) PROFIIL 2 x 8 \u00dcldine k\u00f5rgus (cm) 71 \u00dcldine laius\" \/>\n<meta property=\"og:url\" content=\"https:\/\/metaltale.com\/et\/toode\/metallist-laua-jalg-kwadro-loft-80x71-cm-must\/\" \/>\n<meta property=\"og:site_name\" content=\"MetalTale.com\" \/>\n<meta property=\"og:image\" content=\"http:\/\/metaltale.com\/wp-content\/uploads\/2024\/01\/metalines-stalo-kojos-1.jpg\" \/>\n\t<meta property=\"og:image:width\" content=\"1170\" \/>\n\t<meta property=\"og:image:height\" content=\"1170\" \/>\n\t<meta property=\"og:image:type\" content=\"image\/jpeg\" \/>\n<meta name=\"twitter:card\" content=\"summary_large_image\" \/>\n<meta name=\"twitter:label1\" content=\"Est. reading time\" \/>\n\t<meta name=\"twitter:data1\" content=\"1 minut\" \/>\n<script type=\"application\/ld+json\" class=\"yoast-schema-graph\">{\"@context\":\"https:\/\/schema.org\",\"@graph\":[{\"@type\":\"WebPage\",\"@id\":\"https:\/\/metaltale.com\/et\/toode\/metallist-laua-jalg-kwadro-loft-80x71-cm-must\/\",\"url\":\"https:\/\/metaltale.com\/et\/toode\/metallist-laua-jalg-kwadro-loft-80x71-cm-must\/\",\"name\":\"Metallist laua jalg KWADRO LOFT 80x71 cm, must - MetalTale.com\",\"isPartOf\":{\"@id\":\"https:\/\/metaltale.com\/et\/#website\"},\"primaryImageOfPage\":{\"@id\":\"https:\/\/metaltale.com\/et\/toode\/metallist-laua-jalg-kwadro-loft-80x71-cm-must\/#primaryimage\"},\"image\":{\"@id\":\"https:\/\/metaltale.com\/et\/toode\/metallist-laua-jalg-kwadro-loft-80x71-cm-must\/#primaryimage\"},\"thumbnailUrl\":\"https:\/\/metaltale.com\/wp-content\/uploads\/2024\/01\/metalines-stalo-kojos-1.jpg\",\"datePublished\":\"2024-02-13T11:23:41+00:00\",\"breadcrumb\":{\"@id\":\"https:\/\/metaltale.com\/et\/toode\/metallist-laua-jalg-kwadro-loft-80x71-cm-must\/#breadcrumb\"},\"inLanguage\":\"et\",\"potentialAction\":[{\"@type\":\"ReadAction\",\"target\":[\"https:\/\/metaltale.com\/et\/toode\/metallist-laua-jalg-kwadro-loft-80x71-cm-must\/\"]}]},{\"@type\":\"ImageObject\",\"inLanguage\":\"et\",\"@id\":\"https:\/\/metaltale.com\/et\/toode\/metallist-laua-jalg-kwadro-loft-80x71-cm-must\/#primaryimage\",\"url\":\"https:\/\/metaltale.com\/wp-content\/uploads\/2024\/01\/metalines-stalo-kojos-1.jpg\",\"contentUrl\":\"https:\/\/metaltale.com\/wp-content\/uploads\/2024\/01\/metalines-stalo-kojos-1.jpg\",\"width\":1170,\"height\":1170,\"caption\":\"metallist laua jalad\"},{\"@type\":\"BreadcrumbList\",\"@id\":\"https:\/\/metaltale.com\/et\/toode\/metallist-laua-jalg-kwadro-loft-80x71-cm-must\/#breadcrumb\",\"itemListElement\":[{\"@type\":\"ListItem\",\"position\":1,\"name\":\"Home\",\"item\":\"https:\/\/metaltale.com\/et\/kodu\/\"},{\"@type\":\"ListItem\",\"position\":2,\"name\":\"Kauplus\",\"item\":\"https:\/\/metaltale.com\/et\/shop\/\"},{\"@type\":\"ListItem\",\"position\":3,\"name\":\"Metallist laua jalg KWADRO LOFT 80&#215;71 cm, must\"}]},{\"@type\":\"WebSite\",\"@id\":\"https:\/\/metaltale.com\/et\/#website\",\"url\":\"https:\/\/metaltale.com\/et\/\",\"name\":\"Metaltale.com\",\"description\":\"\",\"potentialAction\":[{\"@type\":\"SearchAction\",\"target\":{\"@type\":\"EntryPoint\",\"urlTemplate\":\"https:\/\/metaltale.com\/et\/?s={search_term_string}\"},\"query-input\":{\"@type\":\"PropertyValueSpecification\",\"valueRequired\":true,\"valueName\":\"search_term_string\"}}],\"inLanguage\":\"et\"}]}<\/script>\n<!-- \/ Yoast SEO plugin. -->","yoast_head_json":{"title":"Metallist laua jalg KWADRO LOFT 80x71 cm, must - MetalTale.com","robots":{"index":"index","follow":"follow","max-snippet":"max-snippet:-1","max-image-preview":"max-image-preview:large","max-video-preview":"max-video-preview:-1"},"canonical":"https:\/\/metaltale.com\/et\/toode\/metallist-laua-jalg-kwadro-loft-80x71-cm-must\/","og_locale":"et_EE","og_type":"article","og_title":"Metallist laua jalg KWADRO LOFT 80x71 cm, must - MetalTale.com","og_description":"Mudel ZA. SKW. NDS Materjal teras Materjali paksus (cm ) PROFIIL 2 x 8 \u00dcldine k\u00f5rgus (cm) 71 \u00dcldine laius","og_url":"https:\/\/metaltale.com\/et\/toode\/metallist-laua-jalg-kwadro-loft-80x71-cm-must\/","og_site_name":"MetalTale.com","og_image":[{"width":1170,"height":1170,"url":"http:\/\/metaltale.com\/wp-content\/uploads\/2024\/01\/metalines-stalo-kojos-1.jpg","type":"image\/jpeg"}],"twitter_card":"summary_large_image","twitter_misc":{"Est. reading time":"1 minut"},"schema":{"@context":"https:\/\/schema.org","@graph":[{"@type":"WebPage","@id":"https:\/\/metaltale.com\/et\/toode\/metallist-laua-jalg-kwadro-loft-80x71-cm-must\/","url":"https:\/\/metaltale.com\/et\/toode\/metallist-laua-jalg-kwadro-loft-80x71-cm-must\/","name":"Metallist laua jalg KWADRO LOFT 80x71 cm, must - MetalTale.com","isPartOf":{"@id":"https:\/\/metaltale.com\/et\/#website"},"primaryImageOfPage":{"@id":"https:\/\/metaltale.com\/et\/toode\/metallist-laua-jalg-kwadro-loft-80x71-cm-must\/#primaryimage"},"image":{"@id":"https:\/\/metaltale.com\/et\/toode\/metallist-laua-jalg-kwadro-loft-80x71-cm-must\/#primaryimage"},"thumbnailUrl":"https:\/\/metaltale.com\/wp-content\/uploads\/2024\/01\/metalines-stalo-kojos-1.jpg","datePublished":"2024-02-13T11:23:41+00:00","breadcrumb":{"@id":"https:\/\/metaltale.com\/et\/toode\/metallist-laua-jalg-kwadro-loft-80x71-cm-must\/#breadcrumb"},"inLanguage":"et","potentialAction":[{"@type":"ReadAction","target":["https:\/\/metaltale.com\/et\/toode\/metallist-laua-jalg-kwadro-loft-80x71-cm-must\/"]}]},{"@type":"ImageObject","inLanguage":"et","@id":"https:\/\/metaltale.com\/et\/toode\/metallist-laua-jalg-kwadro-loft-80x71-cm-must\/#primaryimage","url":"https:\/\/metaltale.com\/wp-content\/uploads\/2024\/01\/metalines-stalo-kojos-1.jpg","contentUrl":"https:\/\/metaltale.com\/wp-content\/uploads\/2024\/01\/metalines-stalo-kojos-1.jpg","width":1170,"height":1170,"caption":"metallist laua jalad"},{"@type":"BreadcrumbList","@id":"https:\/\/metaltale.com\/et\/toode\/metallist-laua-jalg-kwadro-loft-80x71-cm-must\/#breadcrumb","itemListElement":[{"@type":"ListItem","position":1,"name":"Home","item":"https:\/\/metaltale.com\/et\/kodu\/"},{"@type":"ListItem","position":2,"name":"Kauplus","item":"https:\/\/metaltale.com\/et\/shop\/"},{"@type":"ListItem","position":3,"name":"Metallist laua jalg KWADRO LOFT 80&#215;71 cm, must"}]},{"@type":"WebSite","@id":"https:\/\/metaltale.com\/et\/#website","url":"https:\/\/metaltale.com\/et\/","name":"Metaltale.com","description":"","potentialAction":[{"@type":"SearchAction","target":{"@type":"EntryPoint","urlTemplate":"https:\/\/metaltale.com\/et\/?s={search_term_string}"},"query-input":{"@type":"PropertyValueSpecification","valueRequired":true,"valueName":"search_term_string"}}],"inLanguage":"et"}]}},"_links":{"self":[{"href":"https:\/\/metaltale.com\/et\/wp-json\/wp\/v2\/product\/135527","targetHints":{"allow":["GET"]}}],"collection":[{"href":"https:\/\/metaltale.com\/et\/wp-json\/wp\/v2\/product"}],"about":[{"href":"https:\/\/metaltale.com\/et\/wp-json\/wp\/v2\/types\/product"}],"replies":[{"embeddable":true,"href":"https:\/\/metaltale.com\/et\/wp-json\/wp\/v2\/comments?post=135527"}],"version-history":[{"count":0,"href":"https:\/\/metaltale.com\/et\/wp-json\/wp\/v2\/product\/135527\/revisions"}],"wp:featuredmedia":[{"embeddable":true,"href":"https:\/\/metaltale.com\/et\/wp-json\/wp\/v2\/media\/119882"}],"wp:attachment":[{"href":"https:\/\/metaltale.com\/et\/wp-json\/wp\/v2\/media?parent=135527"}],"wp:term":[{"taxonomy":"product_brand","embeddable":true,"href":"https:\/\/metaltale.com\/et\/wp-json\/wp\/v2\/product_brand?post=135527"},{"taxonomy":"product_cat","embeddable":true,"href":"https:\/\/metaltale.com\/et\/wp-json\/wp\/v2\/product_cat?post=135527"},{"taxonomy":"product_tag","embeddable":true,"href":"https:\/\/metaltale.com\/et\/wp-json\/wp\/v2\/product_tag?post=135527"}],"curies":[{"name":"wp","href":"https:\/\/api.w.org\/{rel}","templated":true}]}}