{"id":135483,"date":"2024-02-13T13:39:42","date_gmt":"2024-02-13T11:39:42","guid":{"rendered":"https:\/\/metaltale.com\/produktas\/kasitsi-pudelite-avaja-austin\/"},"modified":"2024-02-13T13:39:42","modified_gmt":"2024-02-13T11:39:42","slug":"kasitsi-pudelite-avaja-austin","status":"publish","type":"product","link":"https:\/\/metaltale.com\/et\/toode\/kasitsi-pudelite-avaja-austin\/","title":{"rendered":"K\u00e4sitsi pudelite avaja AUSTIN"},"content":{"rendered":"<div class=\"prod_data\"><strong>Mudel<\/strong> AF.794.839.00  <br \/><strong>EAN.<\/strong>  5905369923425  <br \/><strong>Materjal<\/strong> Ketus  <br \/>\u00dcldine k\u00f5rgus (cm) 14 <br \/>\u00dcldine laius (cm) 4 <br \/><strong>V\u00e4rv<\/strong> Must  <\/p>\n<p>Ebatavaline Austini avamine.<\/p>\n<p>Pudelite avaja ei ole kuiv igas majapidamises, baaris v\u00f5i restoranis.  <\/p>\n<p>Seep\u00e4rast tasub panustada t\u00f5estatud kvaliteedile ja ainulaadsele disainile.<\/p>\n<\/div>\n","protected":false},"excerpt":{"rendered":"<p>Mudel AF.794.839.00 EAN. 5905369923425 Materjal Ketus \u00dcldine k\u00f5rgus (cm) 14 \u00dcldine laius (cm) 4 V\u00e4rv Must Ebatavaline Austini avamine. Pudelite<\/p>\n","protected":false},"featured_media":67536,"comment_status":"open","ping_status":"closed","template":"","meta":{"_acf_changed":false,"pmpro_default_level":""},"product_brand":[],"product_cat":[24150],"product_tag":[],"class_list":{"0":"post-135483","1":"product","2":"type-product","3":"status-publish","4":"has-post-thumbnail","6":"product_cat-koogi-kaunistused","7":"pmpro-has-access","9":"first","10":"instock","11":"shipping-taxable","12":"purchasable","13":"product-type-simple"},"acf":[],"yoast_head":"<!-- This site is optimized with the Yoast SEO plugin v24.9 - https:\/\/yoast.com\/wordpress\/plugins\/seo\/ -->\n<title>K\u00e4sitsi pudelite avaja AUSTIN - MetalTale.com<\/title>\n<meta name=\"robots\" content=\"index, follow, max-snippet:-1, max-image-preview:large, max-video-preview:-1\" \/>\n<link rel=\"canonical\" href=\"https:\/\/metaltale.com\/et\/toode\/kasitsi-pudelite-avaja-austin\/\" \/>\n<meta property=\"og:locale\" content=\"et_EE\" \/>\n<meta property=\"og:type\" content=\"article\" \/>\n<meta property=\"og:title\" content=\"K\u00e4sitsi pudelite avaja AUSTIN - MetalTale.com\" \/>\n<meta property=\"og:description\" content=\"Mudel AF.794.839.00 EAN. 5905369923425 Materjal Ketus \u00dcldine k\u00f5rgus (cm) 14 \u00dcldine laius (cm) 4 V\u00e4rv Must Ebatavaline Austini avamine. Pudelite\" \/>\n<meta property=\"og:url\" content=\"https:\/\/metaltale.com\/et\/toode\/kasitsi-pudelite-avaja-austin\/\" \/>\n<meta property=\"og:site_name\" content=\"MetalTale.com\" \/>\n<meta name=\"twitter:card\" content=\"summary_large_image\" \/>\n<script type=\"application\/ld+json\" class=\"yoast-schema-graph\">{\"@context\":\"https:\/\/schema.org\",\"@graph\":[{\"@type\":\"WebPage\",\"@id\":\"https:\/\/metaltale.com\/et\/toode\/kasitsi-pudelite-avaja-austin\/\",\"url\":\"https:\/\/metaltale.com\/et\/toode\/kasitsi-pudelite-avaja-austin\/\",\"name\":\"K\u00e4sitsi pudelite avaja AUSTIN - MetalTale.com\",\"isPartOf\":{\"@id\":\"https:\/\/metaltale.com\/et\/#website\"},\"primaryImageOfPage\":{\"@id\":\"https:\/\/metaltale.com\/et\/toode\/kasitsi-pudelite-avaja-austin\/#primaryimage\"},\"image\":{\"@id\":\"https:\/\/metaltale.com\/et\/toode\/kasitsi-pudelite-avaja-austin\/#primaryimage\"},\"thumbnailUrl\":\"https:\/\/metaltale.com\/wp-content\/uploads\/2023\/09\/Otwieracz-rx119czny-AUSTIN.jpg\",\"datePublished\":\"2024-02-13T11:39:42+00:00\",\"breadcrumb\":{\"@id\":\"https:\/\/metaltale.com\/et\/toode\/kasitsi-pudelite-avaja-austin\/#breadcrumb\"},\"inLanguage\":\"et\",\"potentialAction\":[{\"@type\":\"ReadAction\",\"target\":[\"https:\/\/metaltale.com\/et\/toode\/kasitsi-pudelite-avaja-austin\/\"]}]},{\"@type\":\"ImageObject\",\"inLanguage\":\"et\",\"@id\":\"https:\/\/metaltale.com\/et\/toode\/kasitsi-pudelite-avaja-austin\/#primaryimage\",\"url\":\"https:\/\/metaltale.com\/wp-content\/uploads\/2023\/09\/Otwieracz-rx119czny-AUSTIN.jpg\",\"contentUrl\":\"https:\/\/metaltale.com\/wp-content\/uploads\/2023\/09\/Otwieracz-rx119czny-AUSTIN.jpg\",\"width\":800,\"height\":800},{\"@type\":\"BreadcrumbList\",\"@id\":\"https:\/\/metaltale.com\/et\/toode\/kasitsi-pudelite-avaja-austin\/#breadcrumb\",\"itemListElement\":[{\"@type\":\"ListItem\",\"position\":1,\"name\":\"Home\",\"item\":\"https:\/\/metaltale.com\/et\/kodu\/\"},{\"@type\":\"ListItem\",\"position\":2,\"name\":\"Kauplus\",\"item\":\"https:\/\/metaltale.com\/et\/shop\/\"},{\"@type\":\"ListItem\",\"position\":3,\"name\":\"K\u00e4sitsi pudelite avaja AUSTIN\"}]},{\"@type\":\"WebSite\",\"@id\":\"https:\/\/metaltale.com\/et\/#website\",\"url\":\"https:\/\/metaltale.com\/et\/\",\"name\":\"Metaltale.com\",\"description\":\"\",\"potentialAction\":[{\"@type\":\"SearchAction\",\"target\":{\"@type\":\"EntryPoint\",\"urlTemplate\":\"https:\/\/metaltale.com\/et\/?s={search_term_string}\"},\"query-input\":{\"@type\":\"PropertyValueSpecification\",\"valueRequired\":true,\"valueName\":\"search_term_string\"}}],\"inLanguage\":\"et\"}]}<\/script>\n<!-- \/ Yoast SEO plugin. -->","yoast_head_json":{"title":"K\u00e4sitsi pudelite avaja AUSTIN - MetalTale.com","robots":{"index":"index","follow":"follow","max-snippet":"max-snippet:-1","max-image-preview":"max-image-preview:large","max-video-preview":"max-video-preview:-1"},"canonical":"https:\/\/metaltale.com\/et\/toode\/kasitsi-pudelite-avaja-austin\/","og_locale":"et_EE","og_type":"article","og_title":"K\u00e4sitsi pudelite avaja AUSTIN - MetalTale.com","og_description":"Mudel AF.794.839.00 EAN. 5905369923425 Materjal Ketus \u00dcldine k\u00f5rgus (cm) 14 \u00dcldine laius (cm) 4 V\u00e4rv Must Ebatavaline Austini avamine. Pudelite","og_url":"https:\/\/metaltale.com\/et\/toode\/kasitsi-pudelite-avaja-austin\/","og_site_name":"MetalTale.com","twitter_card":"summary_large_image","schema":{"@context":"https:\/\/schema.org","@graph":[{"@type":"WebPage","@id":"https:\/\/metaltale.com\/et\/toode\/kasitsi-pudelite-avaja-austin\/","url":"https:\/\/metaltale.com\/et\/toode\/kasitsi-pudelite-avaja-austin\/","name":"K\u00e4sitsi pudelite avaja AUSTIN - MetalTale.com","isPartOf":{"@id":"https:\/\/metaltale.com\/et\/#website"},"primaryImageOfPage":{"@id":"https:\/\/metaltale.com\/et\/toode\/kasitsi-pudelite-avaja-austin\/#primaryimage"},"image":{"@id":"https:\/\/metaltale.com\/et\/toode\/kasitsi-pudelite-avaja-austin\/#primaryimage"},"thumbnailUrl":"https:\/\/metaltale.com\/wp-content\/uploads\/2023\/09\/Otwieracz-rx119czny-AUSTIN.jpg","datePublished":"2024-02-13T11:39:42+00:00","breadcrumb":{"@id":"https:\/\/metaltale.com\/et\/toode\/kasitsi-pudelite-avaja-austin\/#breadcrumb"},"inLanguage":"et","potentialAction":[{"@type":"ReadAction","target":["https:\/\/metaltale.com\/et\/toode\/kasitsi-pudelite-avaja-austin\/"]}]},{"@type":"ImageObject","inLanguage":"et","@id":"https:\/\/metaltale.com\/et\/toode\/kasitsi-pudelite-avaja-austin\/#primaryimage","url":"https:\/\/metaltale.com\/wp-content\/uploads\/2023\/09\/Otwieracz-rx119czny-AUSTIN.jpg","contentUrl":"https:\/\/metaltale.com\/wp-content\/uploads\/2023\/09\/Otwieracz-rx119czny-AUSTIN.jpg","width":800,"height":800},{"@type":"BreadcrumbList","@id":"https:\/\/metaltale.com\/et\/toode\/kasitsi-pudelite-avaja-austin\/#breadcrumb","itemListElement":[{"@type":"ListItem","position":1,"name":"Home","item":"https:\/\/metaltale.com\/et\/kodu\/"},{"@type":"ListItem","position":2,"name":"Kauplus","item":"https:\/\/metaltale.com\/et\/shop\/"},{"@type":"ListItem","position":3,"name":"K\u00e4sitsi pudelite avaja AUSTIN"}]},{"@type":"WebSite","@id":"https:\/\/metaltale.com\/et\/#website","url":"https:\/\/metaltale.com\/et\/","name":"Metaltale.com","description":"","potentialAction":[{"@type":"SearchAction","target":{"@type":"EntryPoint","urlTemplate":"https:\/\/metaltale.com\/et\/?s={search_term_string}"},"query-input":{"@type":"PropertyValueSpecification","valueRequired":true,"valueName":"search_term_string"}}],"inLanguage":"et"}]}},"_links":{"self":[{"href":"https:\/\/metaltale.com\/et\/wp-json\/wp\/v2\/product\/135483","targetHints":{"allow":["GET"]}}],"collection":[{"href":"https:\/\/metaltale.com\/et\/wp-json\/wp\/v2\/product"}],"about":[{"href":"https:\/\/metaltale.com\/et\/wp-json\/wp\/v2\/types\/product"}],"replies":[{"embeddable":true,"href":"https:\/\/metaltale.com\/et\/wp-json\/wp\/v2\/comments?post=135483"}],"version-history":[{"count":0,"href":"https:\/\/metaltale.com\/et\/wp-json\/wp\/v2\/product\/135483\/revisions"}],"wp:featuredmedia":[{"embeddable":true,"href":"https:\/\/metaltale.com\/et\/wp-json\/wp\/v2\/media\/67536"}],"wp:attachment":[{"href":"https:\/\/metaltale.com\/et\/wp-json\/wp\/v2\/media?parent=135483"}],"wp:term":[{"taxonomy":"product_brand","embeddable":true,"href":"https:\/\/metaltale.com\/et\/wp-json\/wp\/v2\/product_brand?post=135483"},{"taxonomy":"product_cat","embeddable":true,"href":"https:\/\/metaltale.com\/et\/wp-json\/wp\/v2\/product_cat?post=135483"},{"taxonomy":"product_tag","embeddable":true,"href":"https:\/\/metaltale.com\/et\/wp-json\/wp\/v2\/product_tag?post=135483"}],"curies":[{"name":"wp","href":"https:\/\/api.w.org\/{rel}","templated":true}]}}