{"id":135478,"date":"2024-02-13T15:05:05","date_gmt":"2024-02-13T13:05:05","guid":{"rendered":"https:\/\/metaltale.com\/produktas\/votmekate-rustic-ilma-lukuta\/"},"modified":"2024-02-13T15:05:05","modified_gmt":"2024-02-13T13:05:05","slug":"votmekate-rustic-ilma-lukuta","status":"publish","type":"product","link":"https:\/\/metaltale.com\/et\/toode\/votmekate-rustic-ilma-lukuta\/","title":{"rendered":"V\u00f5tmekate RUSTIC ilma lukuta"},"content":{"rendered":"<div class=\"prod_data\">\n<p><strong>Mudel<\/strong> MD.128.95.PRGR<br \/>\n<strong>Materjal<\/strong> teras<br \/>\n<strong>\u00dcldine k\u00f5rgus (cm)<\/strong> 3<br \/>\n<strong>\u00dcldine laius (cm)<\/strong> 9,5<br \/>\n<strong>Koguprojektsioon (cm)<\/strong> 0,1<br \/>\n<strong>Aukude vahe (cm)<\/strong> 7,6\/2<br \/>\nPaigalduskruvid Ei<br \/>\n<strong>V\u00e4rv<\/strong> Antiik kuld<\/p>\n<p>Toode on valmistatud k\u00f5rgeima kvaliteediga terasest, mis t\u00e4hendab, et see teenib meid pikka aega.<\/p>\n<p>M\u00e4rgid on valmistatud antiikkullast, mis annab sellele elegantsi ja iseloomu.<\/p>\n<p>Tootel on augud, mis h\u00f5lbustavad kokkupanekut<\/p>\n<hr>\n<p>Rustika m\u00f6\u00f6bli tarvikud on suurep\u00e4rane v\u00f5imalus anda meie m\u00f6\u00f6blile retroh\u00f5nguline iseloom, s\u00e4ilitades samas toote funktsionaalsed omadused. Tasub meeles pidada, et pealtn\u00e4ha v\u00e4ikesed ja t\u00e4htsusetud elemendid m\u00f5jutavad sisustuse l\u00f5pptulemust v\u00e4ga suurel m\u00e4\u00e4ral.<\/p>\n<p>Siin n\u00e4idatud Rustic m\u00e4rk n\u00e4eb t\u00e4nu sirgetele joontele ja peentele dekoratiivsetele aktsentidele kerge ja elegantne v\u00e4lja. Valmistatud antiikkullast, mis lisab sellele maal\u00e4hedast iseloomu. Aukude abil on v\u00f5imalik toode kiiresti kokku panna. \u00dcldine t\u00f6\u00f6tlus muudab toote ideaalseks retro- v\u00f5i rustikaalsesse kliimasse.<\/p>\n<\/div>\n","protected":false},"excerpt":{"rendered":"<p>Mudel MD.128.95.PRGR Materjal teras \u00dcldine k\u00f5rgus (cm) 3 \u00dcldine laius (cm) 9,5 Koguprojektsioon (cm) 0,1 Aukude vahe (cm) 7,6\/2 Paigalduskruvid<\/p>\n","protected":false},"featured_media":131150,"comment_status":"open","ping_status":"closed","template":"","meta":{"_acf_changed":false,"pmpro_default_level":""},"product_brand":[],"product_cat":[24177,23836],"product_tag":[],"class_list":{"0":"post-135478","1":"product","2":"type-product","3":"status-publish","4":"has-post-thumbnail","6":"product_cat-keycaps-et","7":"product_cat-moobli-tarvikud","8":"pmpro-has-access","10":"first","11":"instock","12":"shipping-taxable","13":"purchasable","14":"product-type-simple"},"acf":[],"yoast_head":"<!-- This site is optimized with the Yoast SEO plugin v24.9 - https:\/\/yoast.com\/wordpress\/plugins\/seo\/ -->\n<title>V\u00f5tmekate RUSTIC ilma lukuta - MetalTale.com<\/title>\n<meta name=\"robots\" content=\"index, follow, max-snippet:-1, max-image-preview:large, max-video-preview:-1\" \/>\n<link rel=\"canonical\" href=\"https:\/\/metaltale.com\/et\/toode\/votmekate-rustic-ilma-lukuta\/\" \/>\n<meta property=\"og:locale\" content=\"et_EE\" \/>\n<meta property=\"og:type\" content=\"article\" \/>\n<meta property=\"og:title\" content=\"V\u00f5tmekate RUSTIC ilma lukuta - MetalTale.com\" \/>\n<meta property=\"og:description\" content=\"Mudel MD.128.95.PRGR Materjal teras \u00dcldine k\u00f5rgus (cm) 3 \u00dcldine laius (cm) 9,5 Koguprojektsioon (cm) 0,1 Aukude vahe (cm) 7,6\/2 Paigalduskruvid\" \/>\n<meta property=\"og:url\" content=\"https:\/\/metaltale.com\/et\/toode\/votmekate-rustic-ilma-lukuta\/\" \/>\n<meta property=\"og:site_name\" content=\"MetalTale.com\" \/>\n<meta property=\"og:image\" content=\"https:\/\/metaltale.com\/wp-content\/uploads\/2024\/02\/Raktu-dangtelis-RUSTIC-be-uzrakto.jpg\" \/>\n\t<meta property=\"og:image:width\" content=\"800\" \/>\n\t<meta property=\"og:image:height\" content=\"800\" \/>\n\t<meta property=\"og:image:type\" content=\"image\/jpeg\" \/>\n<meta name=\"twitter:card\" content=\"summary_large_image\" \/>\n<meta name=\"twitter:label1\" content=\"Est. reading time\" \/>\n\t<meta name=\"twitter:data1\" content=\"1 minut\" \/>\n<script type=\"application\/ld+json\" class=\"yoast-schema-graph\">{\"@context\":\"https:\/\/schema.org\",\"@graph\":[{\"@type\":\"WebPage\",\"@id\":\"https:\/\/metaltale.com\/et\/toode\/votmekate-rustic-ilma-lukuta\/\",\"url\":\"https:\/\/metaltale.com\/et\/toode\/votmekate-rustic-ilma-lukuta\/\",\"name\":\"V\u00f5tmekate RUSTIC ilma lukuta - MetalTale.com\",\"isPartOf\":{\"@id\":\"https:\/\/metaltale.com\/et\/#website\"},\"primaryImageOfPage\":{\"@id\":\"https:\/\/metaltale.com\/et\/toode\/votmekate-rustic-ilma-lukuta\/#primaryimage\"},\"image\":{\"@id\":\"https:\/\/metaltale.com\/et\/toode\/votmekate-rustic-ilma-lukuta\/#primaryimage\"},\"thumbnailUrl\":\"https:\/\/metaltale.com\/wp-content\/uploads\/2024\/02\/Raktu-dangtelis-RUSTIC-be-uzrakto.jpg\",\"datePublished\":\"2024-02-13T13:05:05+00:00\",\"breadcrumb\":{\"@id\":\"https:\/\/metaltale.com\/et\/toode\/votmekate-rustic-ilma-lukuta\/#breadcrumb\"},\"inLanguage\":\"et\",\"potentialAction\":[{\"@type\":\"ReadAction\",\"target\":[\"https:\/\/metaltale.com\/et\/toode\/votmekate-rustic-ilma-lukuta\/\"]}]},{\"@type\":\"ImageObject\",\"inLanguage\":\"et\",\"@id\":\"https:\/\/metaltale.com\/et\/toode\/votmekate-rustic-ilma-lukuta\/#primaryimage\",\"url\":\"https:\/\/metaltale.com\/wp-content\/uploads\/2024\/02\/Raktu-dangtelis-RUSTIC-be-uzrakto.jpg\",\"contentUrl\":\"https:\/\/metaltale.com\/wp-content\/uploads\/2024\/02\/Raktu-dangtelis-RUSTIC-be-uzrakto.jpg\",\"width\":800,\"height\":800,\"caption\":\"V\u00f5tmekate RUSTIC ilma lukuta\"},{\"@type\":\"BreadcrumbList\",\"@id\":\"https:\/\/metaltale.com\/et\/toode\/votmekate-rustic-ilma-lukuta\/#breadcrumb\",\"itemListElement\":[{\"@type\":\"ListItem\",\"position\":1,\"name\":\"Home\",\"item\":\"https:\/\/metaltale.com\/et\/kodu\/\"},{\"@type\":\"ListItem\",\"position\":2,\"name\":\"Kauplus\",\"item\":\"https:\/\/metaltale.com\/et\/shop\/\"},{\"@type\":\"ListItem\",\"position\":3,\"name\":\"V\u00f5tmekate RUSTIC ilma lukuta\"}]},{\"@type\":\"WebSite\",\"@id\":\"https:\/\/metaltale.com\/et\/#website\",\"url\":\"https:\/\/metaltale.com\/et\/\",\"name\":\"Metaltale.com\",\"description\":\"\",\"potentialAction\":[{\"@type\":\"SearchAction\",\"target\":{\"@type\":\"EntryPoint\",\"urlTemplate\":\"https:\/\/metaltale.com\/et\/?s={search_term_string}\"},\"query-input\":{\"@type\":\"PropertyValueSpecification\",\"valueRequired\":true,\"valueName\":\"search_term_string\"}}],\"inLanguage\":\"et\"}]}<\/script>\n<!-- \/ Yoast SEO plugin. -->","yoast_head_json":{"title":"V\u00f5tmekate RUSTIC ilma lukuta - MetalTale.com","robots":{"index":"index","follow":"follow","max-snippet":"max-snippet:-1","max-image-preview":"max-image-preview:large","max-video-preview":"max-video-preview:-1"},"canonical":"https:\/\/metaltale.com\/et\/toode\/votmekate-rustic-ilma-lukuta\/","og_locale":"et_EE","og_type":"article","og_title":"V\u00f5tmekate RUSTIC ilma lukuta - MetalTale.com","og_description":"Mudel MD.128.95.PRGR Materjal teras \u00dcldine k\u00f5rgus (cm) 3 \u00dcldine laius (cm) 9,5 Koguprojektsioon (cm) 0,1 Aukude vahe (cm) 7,6\/2 Paigalduskruvid","og_url":"https:\/\/metaltale.com\/et\/toode\/votmekate-rustic-ilma-lukuta\/","og_site_name":"MetalTale.com","og_image":[{"width":800,"height":800,"url":"https:\/\/metaltale.com\/wp-content\/uploads\/2024\/02\/Raktu-dangtelis-RUSTIC-be-uzrakto.jpg","type":"image\/jpeg"}],"twitter_card":"summary_large_image","twitter_misc":{"Est. reading time":"1 minut"},"schema":{"@context":"https:\/\/schema.org","@graph":[{"@type":"WebPage","@id":"https:\/\/metaltale.com\/et\/toode\/votmekate-rustic-ilma-lukuta\/","url":"https:\/\/metaltale.com\/et\/toode\/votmekate-rustic-ilma-lukuta\/","name":"V\u00f5tmekate RUSTIC ilma lukuta - MetalTale.com","isPartOf":{"@id":"https:\/\/metaltale.com\/et\/#website"},"primaryImageOfPage":{"@id":"https:\/\/metaltale.com\/et\/toode\/votmekate-rustic-ilma-lukuta\/#primaryimage"},"image":{"@id":"https:\/\/metaltale.com\/et\/toode\/votmekate-rustic-ilma-lukuta\/#primaryimage"},"thumbnailUrl":"https:\/\/metaltale.com\/wp-content\/uploads\/2024\/02\/Raktu-dangtelis-RUSTIC-be-uzrakto.jpg","datePublished":"2024-02-13T13:05:05+00:00","breadcrumb":{"@id":"https:\/\/metaltale.com\/et\/toode\/votmekate-rustic-ilma-lukuta\/#breadcrumb"},"inLanguage":"et","potentialAction":[{"@type":"ReadAction","target":["https:\/\/metaltale.com\/et\/toode\/votmekate-rustic-ilma-lukuta\/"]}]},{"@type":"ImageObject","inLanguage":"et","@id":"https:\/\/metaltale.com\/et\/toode\/votmekate-rustic-ilma-lukuta\/#primaryimage","url":"https:\/\/metaltale.com\/wp-content\/uploads\/2024\/02\/Raktu-dangtelis-RUSTIC-be-uzrakto.jpg","contentUrl":"https:\/\/metaltale.com\/wp-content\/uploads\/2024\/02\/Raktu-dangtelis-RUSTIC-be-uzrakto.jpg","width":800,"height":800,"caption":"V\u00f5tmekate RUSTIC ilma lukuta"},{"@type":"BreadcrumbList","@id":"https:\/\/metaltale.com\/et\/toode\/votmekate-rustic-ilma-lukuta\/#breadcrumb","itemListElement":[{"@type":"ListItem","position":1,"name":"Home","item":"https:\/\/metaltale.com\/et\/kodu\/"},{"@type":"ListItem","position":2,"name":"Kauplus","item":"https:\/\/metaltale.com\/et\/shop\/"},{"@type":"ListItem","position":3,"name":"V\u00f5tmekate RUSTIC ilma lukuta"}]},{"@type":"WebSite","@id":"https:\/\/metaltale.com\/et\/#website","url":"https:\/\/metaltale.com\/et\/","name":"Metaltale.com","description":"","potentialAction":[{"@type":"SearchAction","target":{"@type":"EntryPoint","urlTemplate":"https:\/\/metaltale.com\/et\/?s={search_term_string}"},"query-input":{"@type":"PropertyValueSpecification","valueRequired":true,"valueName":"search_term_string"}}],"inLanguage":"et"}]}},"_links":{"self":[{"href":"https:\/\/metaltale.com\/et\/wp-json\/wp\/v2\/product\/135478","targetHints":{"allow":["GET"]}}],"collection":[{"href":"https:\/\/metaltale.com\/et\/wp-json\/wp\/v2\/product"}],"about":[{"href":"https:\/\/metaltale.com\/et\/wp-json\/wp\/v2\/types\/product"}],"replies":[{"embeddable":true,"href":"https:\/\/metaltale.com\/et\/wp-json\/wp\/v2\/comments?post=135478"}],"version-history":[{"count":0,"href":"https:\/\/metaltale.com\/et\/wp-json\/wp\/v2\/product\/135478\/revisions"}],"wp:featuredmedia":[{"embeddable":true,"href":"https:\/\/metaltale.com\/et\/wp-json\/wp\/v2\/media\/131150"}],"wp:attachment":[{"href":"https:\/\/metaltale.com\/et\/wp-json\/wp\/v2\/media?parent=135478"}],"wp:term":[{"taxonomy":"product_brand","embeddable":true,"href":"https:\/\/metaltale.com\/et\/wp-json\/wp\/v2\/product_brand?post=135478"},{"taxonomy":"product_cat","embeddable":true,"href":"https:\/\/metaltale.com\/et\/wp-json\/wp\/v2\/product_cat?post=135478"},{"taxonomy":"product_tag","embeddable":true,"href":"https:\/\/metaltale.com\/et\/wp-json\/wp\/v2\/product_tag?post=135478"}],"curies":[{"name":"wp","href":"https:\/\/api.w.org\/{rel}","templated":true}]}}