{"id":135475,"date":"2024-01-12T21:10:24","date_gmt":"2024-01-12T19:10:24","guid":{"rendered":"https:\/\/metaltale.com\/produktas\/senas-aplinkkelis-slaid\/"},"modified":"2024-01-12T21:10:24","modified_gmt":"2024-01-12T19:10:24","slug":"senas-aplinkkelis-slaid","status":"publish","type":"product","link":"https:\/\/metaltale.com\/et\/toode\/senas-aplinkkelis-slaid\/","title":{"rendered":"SENAS APLINKKELIS slaid"},"content":{"rendered":"<div class=\"prod_data\"><strong>SAVE-mudel<\/strong>. A072. B  <br \/><strong>Materjal<\/strong> teras  <br \/><strong> [cm]Kogupikkus<\/strong> 200 <strong> <\/strong> <br \/><strong>Paigalduskruvid<\/strong> Jah  <br \/>Seinale <strong>paigaldamine<\/strong>  <br \/><strong>V\u00e4rv<\/strong> Must  <br \/>MATYTI <strong>juhend<\/strong>  <br \/><strong>Paigaldusjuhised<\/strong> Lae alla  <\/p>\n<p><strong>Komplekti kuuluvad:<\/strong><\/p>\n<p>metallist juhik<span>200 cm (2 x100 cm)<\/span><\/p>\n<p>dekoratiivsed laagrirullid (4 tk)<\/p>\n<p>tihendid (5 tk)<\/p>\n<p>Horisontaalsed ja vertikaalsed peatused (4 \u00fchikut)<\/p>\n<p>P\u00f5randajuhik (2 tk)<\/p>\n<p>Kinnituskomplekt: kruvid, poldid ja seibid<\/p>\n<\/p>\n<p><strong>Toote omadused:<\/strong><\/p>\n<p>Pakkumine sisaldab l\u00fckanduksed, seinakinnitus<\/p>\n<p>See mudel on ette n\u00e4htud kuni 100 kg kaaluvatele puidust l\u00fckandustele, mille maksimaalne laius on 95 cm ukselehe kohta.<\/p>\n<p>Rull-laager kergeks ja vaikseks s\u00f5iduks<\/p>\n<p>Sisaldab alumist ketti, p\u00f5randale paigaldatud katet koos l\u00f5ikuriga v\u00f5i ilma selleta.<\/p>\n<p>Viis kinnituspunkti tagavad s\u00fcsteemi stabiilsuse, turvalisuse ja vastupidavuse.<\/p>\n<p>Sisaldab kruvisid paigaldamiseks nii puitkonstruktsioonidele kui ka m\u00fc\u00fcritud seintele.<\/p>\n<p>S\u00fcsteemi paigaldamine on v\u00e4ga lihtne ja intuitiivne.<\/p>\n<p>P\u00f5hjalik tarnekontroll ja k\u00f5rgeima kvaliteediga pakend tagavad rahulolu.<\/p>\n<hr>\n<p>Liuguste s\u00fcsteem on suurep\u00e4rane alternatiiv traditsioonilistele ustele, mis v\u00f5imaldab s\u00e4ilitada ruumi ja harmooniat sisustatud interj\u00f6\u00f6ris. Sobib ideaalselt tumedate v\u00e4rvidega interj\u00f6\u00f6ridesse. See lisab sisekujundusele elegantsi ja v\u00e4ljendusrikkaid elemente, andes t\u00e4ieliku k\u00fc\u00fcni. K\u00f5rgeim t\u00f6\u00f6kvaliteet ja parima kvaliteediga toodete kasutamine tagavad toote stabiilsuse ja vastupidavuse. Pulbriga kaetud teras tagab t\u00e4iendava kriimustuskindluse. L\u00fckanduksed on t\u00e4iuslik kombinatsioon praktilisest lahendusest ja silmatorkavast disainist.<\/p>\n<\/div>\n","protected":false},"excerpt":{"rendered":"<p>SAVE-mudel. A072. B Materjal teras [cm]Kogupikkus 200 Paigalduskruvid Jah Seinale paigaldamine V\u00e4rv Must MATYTI juhend Paigaldusjuhised Lae alla Komplekti kuuluvad:<\/p>\n","protected":false},"featured_media":74856,"comment_status":"open","ping_status":"closed","template":"","meta":{"_acf_changed":false,"pmpro_default_level":""},"product_brand":[],"product_cat":[24140,24170],"product_tag":[],"class_list":{"0":"post-135475","1":"product","2":"type-product","3":"status-publish","4":"has-post-thumbnail","6":"product_cat-liuguksesusteemid","7":"product_cat-lukanduste-juhikud","8":"pmpro-has-access","10":"first","11":"instock","12":"shipping-taxable","13":"purchasable","14":"product-type-simple"},"acf":[],"yoast_head":"<!-- This site is optimized with the Yoast SEO plugin v24.9 - https:\/\/yoast.com\/wordpress\/plugins\/seo\/ -->\n<title>SENAS APLINKKELIS slaid - MetalTale.com<\/title>\n<meta name=\"robots\" content=\"index, follow, max-snippet:-1, max-image-preview:large, max-video-preview:-1\" \/>\n<link rel=\"canonical\" href=\"https:\/\/metaltale.com\/et\/toode\/senas-aplinkkelis-slaid\/\" \/>\n<meta property=\"og:locale\" content=\"et_EE\" \/>\n<meta property=\"og:type\" content=\"article\" \/>\n<meta property=\"og:title\" content=\"SENAS APLINKKELIS slaid - MetalTale.com\" \/>\n<meta property=\"og:description\" content=\"SAVE-mudel. A072. B Materjal teras [cm]Kogupikkus 200 Paigalduskruvid Jah Seinale paigaldamine V\u00e4rv Must MATYTI juhend Paigaldusjuhised Lae alla Komplekti kuuluvad:\" \/>\n<meta property=\"og:url\" content=\"https:\/\/metaltale.com\/et\/toode\/senas-aplinkkelis-slaid\/\" \/>\n<meta property=\"og:site_name\" content=\"MetalTale.com\" \/>\n<meta property=\"og:image\" content=\"http:\/\/metaltale.com\/wp-content\/uploads\/2023\/09\/Prowadnica-SENAS-APLINKKELIS.jpg\" \/>\n\t<meta property=\"og:image:width\" content=\"800\" \/>\n\t<meta property=\"og:image:height\" content=\"800\" \/>\n\t<meta property=\"og:image:type\" content=\"image\/jpeg\" \/>\n<meta name=\"twitter:card\" content=\"summary_large_image\" \/>\n<meta name=\"twitter:label1\" content=\"Est. reading time\" \/>\n\t<meta name=\"twitter:data1\" content=\"1 minut\" \/>\n<script type=\"application\/ld+json\" class=\"yoast-schema-graph\">{\"@context\":\"https:\/\/schema.org\",\"@graph\":[{\"@type\":\"WebPage\",\"@id\":\"https:\/\/metaltale.com\/et\/toode\/senas-aplinkkelis-slaid\/\",\"url\":\"https:\/\/metaltale.com\/et\/toode\/senas-aplinkkelis-slaid\/\",\"name\":\"SENAS APLINKKELIS slaid - MetalTale.com\",\"isPartOf\":{\"@id\":\"https:\/\/metaltale.com\/et\/#website\"},\"primaryImageOfPage\":{\"@id\":\"https:\/\/metaltale.com\/et\/toode\/senas-aplinkkelis-slaid\/#primaryimage\"},\"image\":{\"@id\":\"https:\/\/metaltale.com\/et\/toode\/senas-aplinkkelis-slaid\/#primaryimage\"},\"thumbnailUrl\":\"https:\/\/metaltale.com\/wp-content\/uploads\/2023\/09\/Prowadnica-SENAS-APLINKKELIS.jpg\",\"datePublished\":\"2024-01-12T19:10:24+00:00\",\"breadcrumb\":{\"@id\":\"https:\/\/metaltale.com\/et\/toode\/senas-aplinkkelis-slaid\/#breadcrumb\"},\"inLanguage\":\"et\",\"potentialAction\":[{\"@type\":\"ReadAction\",\"target\":[\"https:\/\/metaltale.com\/et\/toode\/senas-aplinkkelis-slaid\/\"]}]},{\"@type\":\"ImageObject\",\"inLanguage\":\"et\",\"@id\":\"https:\/\/metaltale.com\/et\/toode\/senas-aplinkkelis-slaid\/#primaryimage\",\"url\":\"https:\/\/metaltale.com\/wp-content\/uploads\/2023\/09\/Prowadnica-SENAS-APLINKKELIS.jpg\",\"contentUrl\":\"https:\/\/metaltale.com\/wp-content\/uploads\/2023\/09\/Prowadnica-SENAS-APLINKKELIS.jpg\",\"width\":800,\"height\":800,\"caption\":\"Stumdom\u0173 dur\u0173 sistema dviguboms durims OLD BYPASS\"},{\"@type\":\"BreadcrumbList\",\"@id\":\"https:\/\/metaltale.com\/et\/toode\/senas-aplinkkelis-slaid\/#breadcrumb\",\"itemListElement\":[{\"@type\":\"ListItem\",\"position\":1,\"name\":\"Home\",\"item\":\"https:\/\/metaltale.com\/et\/kodu\/\"},{\"@type\":\"ListItem\",\"position\":2,\"name\":\"Kauplus\",\"item\":\"https:\/\/metaltale.com\/et\/shop\/\"},{\"@type\":\"ListItem\",\"position\":3,\"name\":\"SENAS APLINKKELIS slaid\"}]},{\"@type\":\"WebSite\",\"@id\":\"https:\/\/metaltale.com\/et\/#website\",\"url\":\"https:\/\/metaltale.com\/et\/\",\"name\":\"Metaltale.com\",\"description\":\"\",\"potentialAction\":[{\"@type\":\"SearchAction\",\"target\":{\"@type\":\"EntryPoint\",\"urlTemplate\":\"https:\/\/metaltale.com\/et\/?s={search_term_string}\"},\"query-input\":{\"@type\":\"PropertyValueSpecification\",\"valueRequired\":true,\"valueName\":\"search_term_string\"}}],\"inLanguage\":\"et\"}]}<\/script>\n<!-- \/ Yoast SEO plugin. -->","yoast_head_json":{"title":"SENAS APLINKKELIS slaid - MetalTale.com","robots":{"index":"index","follow":"follow","max-snippet":"max-snippet:-1","max-image-preview":"max-image-preview:large","max-video-preview":"max-video-preview:-1"},"canonical":"https:\/\/metaltale.com\/et\/toode\/senas-aplinkkelis-slaid\/","og_locale":"et_EE","og_type":"article","og_title":"SENAS APLINKKELIS slaid - MetalTale.com","og_description":"SAVE-mudel. A072. B Materjal teras [cm]Kogupikkus 200 Paigalduskruvid Jah Seinale paigaldamine V\u00e4rv Must MATYTI juhend Paigaldusjuhised Lae alla Komplekti kuuluvad:","og_url":"https:\/\/metaltale.com\/et\/toode\/senas-aplinkkelis-slaid\/","og_site_name":"MetalTale.com","og_image":[{"width":800,"height":800,"url":"http:\/\/metaltale.com\/wp-content\/uploads\/2023\/09\/Prowadnica-SENAS-APLINKKELIS.jpg","type":"image\/jpeg"}],"twitter_card":"summary_large_image","twitter_misc":{"Est. reading time":"1 minut"},"schema":{"@context":"https:\/\/schema.org","@graph":[{"@type":"WebPage","@id":"https:\/\/metaltale.com\/et\/toode\/senas-aplinkkelis-slaid\/","url":"https:\/\/metaltale.com\/et\/toode\/senas-aplinkkelis-slaid\/","name":"SENAS APLINKKELIS slaid - MetalTale.com","isPartOf":{"@id":"https:\/\/metaltale.com\/et\/#website"},"primaryImageOfPage":{"@id":"https:\/\/metaltale.com\/et\/toode\/senas-aplinkkelis-slaid\/#primaryimage"},"image":{"@id":"https:\/\/metaltale.com\/et\/toode\/senas-aplinkkelis-slaid\/#primaryimage"},"thumbnailUrl":"https:\/\/metaltale.com\/wp-content\/uploads\/2023\/09\/Prowadnica-SENAS-APLINKKELIS.jpg","datePublished":"2024-01-12T19:10:24+00:00","breadcrumb":{"@id":"https:\/\/metaltale.com\/et\/toode\/senas-aplinkkelis-slaid\/#breadcrumb"},"inLanguage":"et","potentialAction":[{"@type":"ReadAction","target":["https:\/\/metaltale.com\/et\/toode\/senas-aplinkkelis-slaid\/"]}]},{"@type":"ImageObject","inLanguage":"et","@id":"https:\/\/metaltale.com\/et\/toode\/senas-aplinkkelis-slaid\/#primaryimage","url":"https:\/\/metaltale.com\/wp-content\/uploads\/2023\/09\/Prowadnica-SENAS-APLINKKELIS.jpg","contentUrl":"https:\/\/metaltale.com\/wp-content\/uploads\/2023\/09\/Prowadnica-SENAS-APLINKKELIS.jpg","width":800,"height":800,"caption":"Stumdom\u0173 dur\u0173 sistema dviguboms durims OLD BYPASS"},{"@type":"BreadcrumbList","@id":"https:\/\/metaltale.com\/et\/toode\/senas-aplinkkelis-slaid\/#breadcrumb","itemListElement":[{"@type":"ListItem","position":1,"name":"Home","item":"https:\/\/metaltale.com\/et\/kodu\/"},{"@type":"ListItem","position":2,"name":"Kauplus","item":"https:\/\/metaltale.com\/et\/shop\/"},{"@type":"ListItem","position":3,"name":"SENAS APLINKKELIS slaid"}]},{"@type":"WebSite","@id":"https:\/\/metaltale.com\/et\/#website","url":"https:\/\/metaltale.com\/et\/","name":"Metaltale.com","description":"","potentialAction":[{"@type":"SearchAction","target":{"@type":"EntryPoint","urlTemplate":"https:\/\/metaltale.com\/et\/?s={search_term_string}"},"query-input":{"@type":"PropertyValueSpecification","valueRequired":true,"valueName":"search_term_string"}}],"inLanguage":"et"}]}},"_links":{"self":[{"href":"https:\/\/metaltale.com\/et\/wp-json\/wp\/v2\/product\/135475","targetHints":{"allow":["GET"]}}],"collection":[{"href":"https:\/\/metaltale.com\/et\/wp-json\/wp\/v2\/product"}],"about":[{"href":"https:\/\/metaltale.com\/et\/wp-json\/wp\/v2\/types\/product"}],"replies":[{"embeddable":true,"href":"https:\/\/metaltale.com\/et\/wp-json\/wp\/v2\/comments?post=135475"}],"version-history":[{"count":0,"href":"https:\/\/metaltale.com\/et\/wp-json\/wp\/v2\/product\/135475\/revisions"}],"wp:featuredmedia":[{"embeddable":true,"href":"https:\/\/metaltale.com\/et\/wp-json\/wp\/v2\/media\/74856"}],"wp:attachment":[{"href":"https:\/\/metaltale.com\/et\/wp-json\/wp\/v2\/media?parent=135475"}],"wp:term":[{"taxonomy":"product_brand","embeddable":true,"href":"https:\/\/metaltale.com\/et\/wp-json\/wp\/v2\/product_brand?post=135475"},{"taxonomy":"product_cat","embeddable":true,"href":"https:\/\/metaltale.com\/et\/wp-json\/wp\/v2\/product_cat?post=135475"},{"taxonomy":"product_tag","embeddable":true,"href":"https:\/\/metaltale.com\/et\/wp-json\/wp\/v2\/product_tag?post=135475"}],"curies":[{"name":"wp","href":"https:\/\/api.w.org\/{rel}","templated":true}]}}