{"id":135435,"date":"2024-02-13T13:23:04","date_gmt":"2024-02-13T11:23:04","guid":{"rendered":"https:\/\/metaltale.com\/produktas\/metallist-laua-jalg-hairpin-double-flat-bar-40-cm-varvitud-teras\/"},"modified":"2024-02-13T13:23:04","modified_gmt":"2024-02-13T11:23:04","slug":"metallist-laua-jalg-hairpin-double-flat-bar-40-cm-varvitud-teras","status":"publish","type":"product","link":"https:\/\/metaltale.com\/et\/toode\/metallist-laua-jalg-hairpin-double-flat-bar-40-cm-varvitud-teras\/","title":{"rendered":"Metallist laua jalg HAIRPIN DOUBLE FLAT BAR 40 cm, v\u00e4rvitud teras"},"content":{"rendered":"<div class=\"prod_data\">\n<p><strong>Mudel<\/strong> ZA.P2.NDSKA<br \/>\n<strong>Materjal<\/strong> teras<br \/>\n<strong>\u00dcldine k\u00f5rgus (cm)<\/strong> 40<br \/>\n<strong>Lamedate ribade m\u00f5\u00f5tmed (cm)<\/strong> 0,4 x 2<br \/>\nPaigalduskruvid Ei<br \/>\n<strong>V\u00e4rv<\/strong> teras<br \/>\nKogus komplekti kohta 1 tk.<\/p>\n<p>&#8211; kahev\u00e4rviline terasest kohvilaua jalg<br \/>\n&#8211; m\u00f6\u00f6bli \u00fche jala eelis on see, et saate valida, kuhu see t\u00f6\u00f6pinna k\u00fclge kinnitatakse.<br \/>\n&#8211; terasversioon on immutatud v\u00e4rvitu lakiga ja seda on teadlikult t\u00f6\u00f6deldud kulumise ja muu vananemisega.<br \/>\n&#8211; toodete v\u00e4rvus v\u00f5ib erineda galeriis olevatest piltidest, mis on tingitud individuaalsetest monitoriseadetest ja materjalide iseloomust &#8211; teras on toormaterjal, mille v\u00e4rvus, toon ja tekstuur v\u00f5ivad n\u00e4idiste v\u00f5i partiide l\u00f5ikes erineda.<br \/>\n&#8211; pakutavad kruvid on m\u00f5eldud t\u00f6\u00f6pindade jaoks, mille paksus on 37 mm v\u00f5i rohkem.<\/p>\n<hr>\n<p>Kohvilaud on telerite, k\u00fclalistetubade ja elutubade lahutamatu osa. Maitsekalt valitud kohvilaud v\u00f5ib r\u00f5hutada v\u00f5i lisada interj\u00f6\u00f6rile huvitavat iseloomu.<br \/>\nHairpin jalal on lihtne disain, mis sobib ideaalselt igat t\u00fc\u00fcpi t\u00f6\u00f6tasapinnaga, olgu see siis plaadist v\u00f5i naturaalsest puidust. See n\u00e4eb eriti hea v\u00e4lja \u00fcmmarguse laua alusena. Metallist Hairpin-jalad lisavad <span class=\"hiddenSpellError\">loft-tunnet<\/span> igale interj\u00f6\u00f6rile ja on ideaalne valik k\u00f5igile puidu ja terase kombineerimise armastajatele. Hairpin jalad oma originaalse disainiga muudavad ruumika elutoa v\u00f5i tagasihoidliku k\u00fclalistetoa. Mudel on saadaval mitmes v\u00e4rvitoonis, nii et saate valida oma interj\u00f6\u00f6rile sobiva.<\/p>\n<\/div>\n","protected":false},"excerpt":{"rendered":"<p>Mudel ZA.P2.NDSKA Materjal teras \u00dcldine k\u00f5rgus (cm) 40 Lamedate ribade m\u00f5\u00f5tmed (cm) 0,4 x 2 Paigalduskruvid Ei V\u00e4rv teras Kogus<\/p>\n","protected":false},"featured_media":119240,"comment_status":"open","ping_status":"closed","template":"","meta":{"_acf_changed":false,"pmpro_default_level":""},"product_brand":[],"product_cat":[24171,24137],"product_tag":[],"class_list":{"0":"post-135435","1":"product","2":"type-product","3":"status-publish","4":"has-post-thumbnail","6":"product_cat-kohvilaua-jalad","7":"product_cat-moobli-jalad","8":"pmpro-has-access","10":"first","11":"instock","12":"shipping-taxable","13":"purchasable","14":"product-type-simple"},"acf":[],"yoast_head":"<!-- This site is optimized with the Yoast SEO plugin v24.9 - https:\/\/yoast.com\/wordpress\/plugins\/seo\/ -->\n<title>Metallist laua jalg HAIRPIN DOUBLE FLAT BAR 40 cm, v\u00e4rvitud teras - MetalTale.com<\/title>\n<meta name=\"robots\" content=\"index, follow, max-snippet:-1, max-image-preview:large, max-video-preview:-1\" \/>\n<link rel=\"canonical\" href=\"https:\/\/metaltale.com\/et\/toode\/metallist-laua-jalg-hairpin-double-flat-bar-40-cm-varvitud-teras\/\" \/>\n<meta property=\"og:locale\" content=\"et_EE\" \/>\n<meta property=\"og:type\" content=\"article\" \/>\n<meta property=\"og:title\" content=\"Metallist laua jalg HAIRPIN DOUBLE FLAT BAR 40 cm, v\u00e4rvitud teras - MetalTale.com\" \/>\n<meta property=\"og:description\" content=\"Mudel ZA.P2.NDSKA Materjal teras \u00dcldine k\u00f5rgus (cm) 40 Lamedate ribade m\u00f5\u00f5tmed (cm) 0,4 x 2 Paigalduskruvid Ei V\u00e4rv teras Kogus\" \/>\n<meta property=\"og:url\" content=\"https:\/\/metaltale.com\/et\/toode\/metallist-laua-jalg-hairpin-double-flat-bar-40-cm-varvitud-teras\/\" \/>\n<meta property=\"og:site_name\" content=\"MetalTale.com\" \/>\n<meta name=\"twitter:card\" content=\"summary_large_image\" \/>\n<meta name=\"twitter:label1\" content=\"Est. reading time\" \/>\n\t<meta name=\"twitter:data1\" content=\"1 minut\" \/>\n<script type=\"application\/ld+json\" class=\"yoast-schema-graph\">{\"@context\":\"https:\/\/schema.org\",\"@graph\":[{\"@type\":\"WebPage\",\"@id\":\"https:\/\/metaltale.com\/et\/toode\/metallist-laua-jalg-hairpin-double-flat-bar-40-cm-varvitud-teras\/\",\"url\":\"https:\/\/metaltale.com\/et\/toode\/metallist-laua-jalg-hairpin-double-flat-bar-40-cm-varvitud-teras\/\",\"name\":\"Metallist laua jalg HAIRPIN DOUBLE FLAT BAR 40 cm, v\u00e4rvitud teras - MetalTale.com\",\"isPartOf\":{\"@id\":\"https:\/\/metaltale.com\/et\/#website\"},\"primaryImageOfPage\":{\"@id\":\"https:\/\/metaltale.com\/et\/toode\/metallist-laua-jalg-hairpin-double-flat-bar-40-cm-varvitud-teras\/#primaryimage\"},\"image\":{\"@id\":\"https:\/\/metaltale.com\/et\/toode\/metallist-laua-jalg-hairpin-double-flat-bar-40-cm-varvitud-teras\/#primaryimage\"},\"thumbnailUrl\":\"https:\/\/metaltale.com\/wp-content\/uploads\/2023\/12\/kavos-staliuko-metalines-kojos-2-scaled.jpg\",\"datePublished\":\"2024-02-13T11:23:04+00:00\",\"breadcrumb\":{\"@id\":\"https:\/\/metaltale.com\/et\/toode\/metallist-laua-jalg-hairpin-double-flat-bar-40-cm-varvitud-teras\/#breadcrumb\"},\"inLanguage\":\"et\",\"potentialAction\":[{\"@type\":\"ReadAction\",\"target\":[\"https:\/\/metaltale.com\/et\/toode\/metallist-laua-jalg-hairpin-double-flat-bar-40-cm-varvitud-teras\/\"]}]},{\"@type\":\"ImageObject\",\"inLanguage\":\"et\",\"@id\":\"https:\/\/metaltale.com\/et\/toode\/metallist-laua-jalg-hairpin-double-flat-bar-40-cm-varvitud-teras\/#primaryimage\",\"url\":\"https:\/\/metaltale.com\/wp-content\/uploads\/2023\/12\/kavos-staliuko-metalines-kojos-2-scaled.jpg\",\"contentUrl\":\"https:\/\/metaltale.com\/wp-content\/uploads\/2023\/12\/kavos-staliuko-metalines-kojos-2-scaled.jpg\",\"width\":2560,\"height\":2560,\"caption\":\"metallist laua jalad\"},{\"@type\":\"BreadcrumbList\",\"@id\":\"https:\/\/metaltale.com\/et\/toode\/metallist-laua-jalg-hairpin-double-flat-bar-40-cm-varvitud-teras\/#breadcrumb\",\"itemListElement\":[{\"@type\":\"ListItem\",\"position\":1,\"name\":\"Home\",\"item\":\"https:\/\/metaltale.com\/et\/kodu\/\"},{\"@type\":\"ListItem\",\"position\":2,\"name\":\"Kauplus\",\"item\":\"https:\/\/metaltale.com\/et\/shop\/\"},{\"@type\":\"ListItem\",\"position\":3,\"name\":\"Metallist laua jalg HAIRPIN DOUBLE FLAT BAR 40 cm, v\u00e4rvitud teras\"}]},{\"@type\":\"WebSite\",\"@id\":\"https:\/\/metaltale.com\/et\/#website\",\"url\":\"https:\/\/metaltale.com\/et\/\",\"name\":\"Metaltale.com\",\"description\":\"\",\"potentialAction\":[{\"@type\":\"SearchAction\",\"target\":{\"@type\":\"EntryPoint\",\"urlTemplate\":\"https:\/\/metaltale.com\/et\/?s={search_term_string}\"},\"query-input\":{\"@type\":\"PropertyValueSpecification\",\"valueRequired\":true,\"valueName\":\"search_term_string\"}}],\"inLanguage\":\"et\"}]}<\/script>\n<!-- \/ Yoast SEO plugin. -->","yoast_head_json":{"title":"Metallist laua jalg HAIRPIN DOUBLE FLAT BAR 40 cm, v\u00e4rvitud teras - MetalTale.com","robots":{"index":"index","follow":"follow","max-snippet":"max-snippet:-1","max-image-preview":"max-image-preview:large","max-video-preview":"max-video-preview:-1"},"canonical":"https:\/\/metaltale.com\/et\/toode\/metallist-laua-jalg-hairpin-double-flat-bar-40-cm-varvitud-teras\/","og_locale":"et_EE","og_type":"article","og_title":"Metallist laua jalg HAIRPIN DOUBLE FLAT BAR 40 cm, v\u00e4rvitud teras - MetalTale.com","og_description":"Mudel ZA.P2.NDSKA Materjal teras \u00dcldine k\u00f5rgus (cm) 40 Lamedate ribade m\u00f5\u00f5tmed (cm) 0,4 x 2 Paigalduskruvid Ei V\u00e4rv teras Kogus","og_url":"https:\/\/metaltale.com\/et\/toode\/metallist-laua-jalg-hairpin-double-flat-bar-40-cm-varvitud-teras\/","og_site_name":"MetalTale.com","twitter_card":"summary_large_image","twitter_misc":{"Est. reading time":"1 minut"},"schema":{"@context":"https:\/\/schema.org","@graph":[{"@type":"WebPage","@id":"https:\/\/metaltale.com\/et\/toode\/metallist-laua-jalg-hairpin-double-flat-bar-40-cm-varvitud-teras\/","url":"https:\/\/metaltale.com\/et\/toode\/metallist-laua-jalg-hairpin-double-flat-bar-40-cm-varvitud-teras\/","name":"Metallist laua jalg HAIRPIN DOUBLE FLAT BAR 40 cm, v\u00e4rvitud teras - MetalTale.com","isPartOf":{"@id":"https:\/\/metaltale.com\/et\/#website"},"primaryImageOfPage":{"@id":"https:\/\/metaltale.com\/et\/toode\/metallist-laua-jalg-hairpin-double-flat-bar-40-cm-varvitud-teras\/#primaryimage"},"image":{"@id":"https:\/\/metaltale.com\/et\/toode\/metallist-laua-jalg-hairpin-double-flat-bar-40-cm-varvitud-teras\/#primaryimage"},"thumbnailUrl":"https:\/\/metaltale.com\/wp-content\/uploads\/2023\/12\/kavos-staliuko-metalines-kojos-2-scaled.jpg","datePublished":"2024-02-13T11:23:04+00:00","breadcrumb":{"@id":"https:\/\/metaltale.com\/et\/toode\/metallist-laua-jalg-hairpin-double-flat-bar-40-cm-varvitud-teras\/#breadcrumb"},"inLanguage":"et","potentialAction":[{"@type":"ReadAction","target":["https:\/\/metaltale.com\/et\/toode\/metallist-laua-jalg-hairpin-double-flat-bar-40-cm-varvitud-teras\/"]}]},{"@type":"ImageObject","inLanguage":"et","@id":"https:\/\/metaltale.com\/et\/toode\/metallist-laua-jalg-hairpin-double-flat-bar-40-cm-varvitud-teras\/#primaryimage","url":"https:\/\/metaltale.com\/wp-content\/uploads\/2023\/12\/kavos-staliuko-metalines-kojos-2-scaled.jpg","contentUrl":"https:\/\/metaltale.com\/wp-content\/uploads\/2023\/12\/kavos-staliuko-metalines-kojos-2-scaled.jpg","width":2560,"height":2560,"caption":"metallist laua jalad"},{"@type":"BreadcrumbList","@id":"https:\/\/metaltale.com\/et\/toode\/metallist-laua-jalg-hairpin-double-flat-bar-40-cm-varvitud-teras\/#breadcrumb","itemListElement":[{"@type":"ListItem","position":1,"name":"Home","item":"https:\/\/metaltale.com\/et\/kodu\/"},{"@type":"ListItem","position":2,"name":"Kauplus","item":"https:\/\/metaltale.com\/et\/shop\/"},{"@type":"ListItem","position":3,"name":"Metallist laua jalg HAIRPIN DOUBLE FLAT BAR 40 cm, v\u00e4rvitud teras"}]},{"@type":"WebSite","@id":"https:\/\/metaltale.com\/et\/#website","url":"https:\/\/metaltale.com\/et\/","name":"Metaltale.com","description":"","potentialAction":[{"@type":"SearchAction","target":{"@type":"EntryPoint","urlTemplate":"https:\/\/metaltale.com\/et\/?s={search_term_string}"},"query-input":{"@type":"PropertyValueSpecification","valueRequired":true,"valueName":"search_term_string"}}],"inLanguage":"et"}]}},"_links":{"self":[{"href":"https:\/\/metaltale.com\/et\/wp-json\/wp\/v2\/product\/135435","targetHints":{"allow":["GET"]}}],"collection":[{"href":"https:\/\/metaltale.com\/et\/wp-json\/wp\/v2\/product"}],"about":[{"href":"https:\/\/metaltale.com\/et\/wp-json\/wp\/v2\/types\/product"}],"replies":[{"embeddable":true,"href":"https:\/\/metaltale.com\/et\/wp-json\/wp\/v2\/comments?post=135435"}],"version-history":[{"count":0,"href":"https:\/\/metaltale.com\/et\/wp-json\/wp\/v2\/product\/135435\/revisions"}],"wp:featuredmedia":[{"embeddable":true,"href":"https:\/\/metaltale.com\/et\/wp-json\/wp\/v2\/media\/119240"}],"wp:attachment":[{"href":"https:\/\/metaltale.com\/et\/wp-json\/wp\/v2\/media?parent=135435"}],"wp:term":[{"taxonomy":"product_brand","embeddable":true,"href":"https:\/\/metaltale.com\/et\/wp-json\/wp\/v2\/product_brand?post=135435"},{"taxonomy":"product_cat","embeddable":true,"href":"https:\/\/metaltale.com\/et\/wp-json\/wp\/v2\/product_cat?post=135435"},{"taxonomy":"product_tag","embeddable":true,"href":"https:\/\/metaltale.com\/et\/wp-json\/wp\/v2\/product_tag?post=135435"}],"curies":[{"name":"wp","href":"https:\/\/api.w.org\/{rel}","templated":true}]}}