{"id":135403,"date":"2024-02-13T15:01:57","date_gmt":"2024-02-13T13:01:57","guid":{"rendered":"https:\/\/metaltale.com\/produktas\/metallist-lauajalg-angle-71cm-must\/"},"modified":"2024-02-13T15:01:57","modified_gmt":"2024-02-13T13:01:57","slug":"metallist-lauajalg-angle-71cm-must","status":"publish","type":"product","link":"https:\/\/metaltale.com\/et\/toode\/metallist-lauajalg-angle-71cm-must\/","title":{"rendered":"Metallist lauajalg ANGLE 71cm, must"},"content":{"rendered":"<div class=\"prod_data\">\n<p><strong>Mudel<\/strong> ZA. N09. W<br \/>\n<strong>Materjal<\/strong> teras<br \/>\n<strong>Materjali paksus (cm<\/strong> ) KORTER 7x7x0,7<br \/>\n<strong>\u00dcldine k\u00f5rgus (cm)<\/strong> 75<br \/>\n<strong>\u00dcldine laius (cm)<\/strong> 20<br \/>\n<strong>V\u00e4rv<\/strong> Must<br \/>\nKogus komplekti kohta 1 tk.<\/p>\n<p>&#8211; Kvaliteetsest terasest valmistatud lauajalg tagab lauaplaadile stabiilse toe.<br \/>\n&#8211; jala \u00fcldk\u00f5rgus 75 cm, kinnitusaluse k\u00f5rgus 71 cm<br \/>\n&#8211; must pulberv\u00e4rvitud jalg, mis on v\u00e4ga vastupidav kriimustustele<br \/>\n&#8211; lihtne, kuid intrigeeriv \u00fche jalaga disain sobib populaarsete sisustustrendidega<\/p>\n<hr>\n<p>\u00dcks jalg on valmistatud nurgelisest puidust &#8211; lihtsuse ja t\u00f6\u00f6stusliku klassika kvintessents. Metallist ANGLE lauajalg pakub midagi enamat &#8211; originaalset iseloomu, tagasihoidlikku disaini ja ajatut v\u00f5lu. M\u00f6\u00f6bli terasjalg annab kandilisele v\u00f5i ristk\u00fclikukujulisele lauale stabiilse toe, ilma et see m\u00f5jutaks lauaplaadi suurust. 4 cm vahe jala \u00e4\u00e4rmise k\u00f5rguse ja kinnitusaluse vahel j\u00e4tab piisavalt ruumi puidust, betoonist v\u00f5i kivist t\u00f6\u00f6tasapinna jaoks. Kavandatava mudeli tugevus seisneb selle lihtsuses, mis teeb ANGLE-st selge n\u00e4ite tehase stiilis. Originaalsed ja ebatavalised metallist laudade jalad on leidnud tee koju, luues paradiisi originaalse ja k\u00e4sitsi valmistatud m\u00f6\u00f6bli austajatele.<\/p>\n<hr>\n<p>*Materjalide v\u00e4rvus v\u00f5ib erineda galeriis olevatest piltidest, mis v\u00f5ib tuleneda individuaalsetest monitoriseadetest ja materjalide iseloomust &#8211; teras on toormaterjal, mille v\u00e4rvus, toon ja tekstuur v\u00f5ivad erineda eksemplariti v\u00f5i partiiti. Pakkumine kehtib ainult metalljalale ja ei sisalda t\u00f6\u00f6pinda.<\/p>\n<\/div>\n","protected":false},"excerpt":{"rendered":"<p>Mudel ZA. N09. W Materjal teras Materjali paksus (cm ) KORTER 7x7x0,7 \u00dcldine k\u00f5rgus (cm) 75 \u00dcldine laius (cm) 20<\/p>\n","protected":false},"featured_media":105930,"comment_status":"open","ping_status":"closed","template":"","meta":{"_acf_changed":false,"pmpro_default_level":""},"product_brand":[],"product_cat":[24137,23915],"product_tag":[],"class_list":{"0":"post-135403","1":"product","2":"type-product","3":"status-publish","4":"has-post-thumbnail","6":"product_cat-moobli-jalad","7":"product_cat-stalo-kojos-et","8":"pmpro-has-access","10":"first","11":"instock","12":"shipping-taxable","13":"purchasable","14":"product-type-simple"},"acf":[],"yoast_head":"<!-- This site is optimized with the Yoast SEO plugin v24.9 - https:\/\/yoast.com\/wordpress\/plugins\/seo\/ -->\n<title>Metallist lauajalg ANGLE 71cm, must - MetalTale.com<\/title>\n<meta name=\"robots\" content=\"index, follow, max-snippet:-1, max-image-preview:large, max-video-preview:-1\" \/>\n<link rel=\"canonical\" href=\"https:\/\/metaltale.com\/et\/toode\/metallist-lauajalg-angle-71cm-must\/\" \/>\n<meta property=\"og:locale\" content=\"et_EE\" \/>\n<meta property=\"og:type\" content=\"article\" \/>\n<meta property=\"og:title\" content=\"Metallist lauajalg ANGLE 71cm, must - MetalTale.com\" \/>\n<meta property=\"og:description\" content=\"Mudel ZA. N09. W Materjal teras Materjali paksus (cm ) KORTER 7x7x0,7 \u00dcldine k\u00f5rgus (cm) 75 \u00dcldine laius (cm) 20\" \/>\n<meta property=\"og:url\" content=\"https:\/\/metaltale.com\/et\/toode\/metallist-lauajalg-angle-71cm-must\/\" \/>\n<meta property=\"og:site_name\" content=\"MetalTale.com\" \/>\n<meta name=\"twitter:card\" content=\"summary_large_image\" \/>\n<meta name=\"twitter:label1\" content=\"Est. reading time\" \/>\n\t<meta name=\"twitter:data1\" content=\"1 minut\" \/>\n<script type=\"application\/ld+json\" class=\"yoast-schema-graph\">{\"@context\":\"https:\/\/schema.org\",\"@graph\":[{\"@type\":\"WebPage\",\"@id\":\"https:\/\/metaltale.com\/et\/toode\/metallist-lauajalg-angle-71cm-must\/\",\"url\":\"https:\/\/metaltale.com\/et\/toode\/metallist-lauajalg-angle-71cm-must\/\",\"name\":\"Metallist lauajalg ANGLE 71cm, must - MetalTale.com\",\"isPartOf\":{\"@id\":\"https:\/\/metaltale.com\/et\/#website\"},\"primaryImageOfPage\":{\"@id\":\"https:\/\/metaltale.com\/et\/toode\/metallist-lauajalg-angle-71cm-must\/#primaryimage\"},\"image\":{\"@id\":\"https:\/\/metaltale.com\/et\/toode\/metallist-lauajalg-angle-71cm-must\/#primaryimage\"},\"thumbnailUrl\":\"https:\/\/metaltale.com\/wp-content\/uploads\/2023\/11\/Kojos-kampas-71cm-JUODA.jpg\",\"datePublished\":\"2024-02-13T13:01:57+00:00\",\"breadcrumb\":{\"@id\":\"https:\/\/metaltale.com\/et\/toode\/metallist-lauajalg-angle-71cm-must\/#breadcrumb\"},\"inLanguage\":\"et\",\"potentialAction\":[{\"@type\":\"ReadAction\",\"target\":[\"https:\/\/metaltale.com\/et\/toode\/metallist-lauajalg-angle-71cm-must\/\"]}]},{\"@type\":\"ImageObject\",\"inLanguage\":\"et\",\"@id\":\"https:\/\/metaltale.com\/et\/toode\/metallist-lauajalg-angle-71cm-must\/#primaryimage\",\"url\":\"https:\/\/metaltale.com\/wp-content\/uploads\/2023\/11\/Kojos-kampas-71cm-JUODA.jpg\",\"contentUrl\":\"https:\/\/metaltale.com\/wp-content\/uploads\/2023\/11\/Kojos-kampas-71cm-JUODA.jpg\",\"width\":800,\"height\":800,\"caption\":\"Metallist laua jalad\"},{\"@type\":\"BreadcrumbList\",\"@id\":\"https:\/\/metaltale.com\/et\/toode\/metallist-lauajalg-angle-71cm-must\/#breadcrumb\",\"itemListElement\":[{\"@type\":\"ListItem\",\"position\":1,\"name\":\"Home\",\"item\":\"https:\/\/metaltale.com\/et\/kodu\/\"},{\"@type\":\"ListItem\",\"position\":2,\"name\":\"Kauplus\",\"item\":\"https:\/\/metaltale.com\/et\/shop\/\"},{\"@type\":\"ListItem\",\"position\":3,\"name\":\"Metallist lauajalg ANGLE 71cm, must\"}]},{\"@type\":\"WebSite\",\"@id\":\"https:\/\/metaltale.com\/et\/#website\",\"url\":\"https:\/\/metaltale.com\/et\/\",\"name\":\"Metaltale.com\",\"description\":\"\",\"potentialAction\":[{\"@type\":\"SearchAction\",\"target\":{\"@type\":\"EntryPoint\",\"urlTemplate\":\"https:\/\/metaltale.com\/et\/?s={search_term_string}\"},\"query-input\":{\"@type\":\"PropertyValueSpecification\",\"valueRequired\":true,\"valueName\":\"search_term_string\"}}],\"inLanguage\":\"et\"}]}<\/script>\n<!-- \/ Yoast SEO plugin. -->","yoast_head_json":{"title":"Metallist lauajalg ANGLE 71cm, must - MetalTale.com","robots":{"index":"index","follow":"follow","max-snippet":"max-snippet:-1","max-image-preview":"max-image-preview:large","max-video-preview":"max-video-preview:-1"},"canonical":"https:\/\/metaltale.com\/et\/toode\/metallist-lauajalg-angle-71cm-must\/","og_locale":"et_EE","og_type":"article","og_title":"Metallist lauajalg ANGLE 71cm, must - MetalTale.com","og_description":"Mudel ZA. N09. W Materjal teras Materjali paksus (cm ) KORTER 7x7x0,7 \u00dcldine k\u00f5rgus (cm) 75 \u00dcldine laius (cm) 20","og_url":"https:\/\/metaltale.com\/et\/toode\/metallist-lauajalg-angle-71cm-must\/","og_site_name":"MetalTale.com","twitter_card":"summary_large_image","twitter_misc":{"Est. reading time":"1 minut"},"schema":{"@context":"https:\/\/schema.org","@graph":[{"@type":"WebPage","@id":"https:\/\/metaltale.com\/et\/toode\/metallist-lauajalg-angle-71cm-must\/","url":"https:\/\/metaltale.com\/et\/toode\/metallist-lauajalg-angle-71cm-must\/","name":"Metallist lauajalg ANGLE 71cm, must - MetalTale.com","isPartOf":{"@id":"https:\/\/metaltale.com\/et\/#website"},"primaryImageOfPage":{"@id":"https:\/\/metaltale.com\/et\/toode\/metallist-lauajalg-angle-71cm-must\/#primaryimage"},"image":{"@id":"https:\/\/metaltale.com\/et\/toode\/metallist-lauajalg-angle-71cm-must\/#primaryimage"},"thumbnailUrl":"https:\/\/metaltale.com\/wp-content\/uploads\/2023\/11\/Kojos-kampas-71cm-JUODA.jpg","datePublished":"2024-02-13T13:01:57+00:00","breadcrumb":{"@id":"https:\/\/metaltale.com\/et\/toode\/metallist-lauajalg-angle-71cm-must\/#breadcrumb"},"inLanguage":"et","potentialAction":[{"@type":"ReadAction","target":["https:\/\/metaltale.com\/et\/toode\/metallist-lauajalg-angle-71cm-must\/"]}]},{"@type":"ImageObject","inLanguage":"et","@id":"https:\/\/metaltale.com\/et\/toode\/metallist-lauajalg-angle-71cm-must\/#primaryimage","url":"https:\/\/metaltale.com\/wp-content\/uploads\/2023\/11\/Kojos-kampas-71cm-JUODA.jpg","contentUrl":"https:\/\/metaltale.com\/wp-content\/uploads\/2023\/11\/Kojos-kampas-71cm-JUODA.jpg","width":800,"height":800,"caption":"Metallist laua jalad"},{"@type":"BreadcrumbList","@id":"https:\/\/metaltale.com\/et\/toode\/metallist-lauajalg-angle-71cm-must\/#breadcrumb","itemListElement":[{"@type":"ListItem","position":1,"name":"Home","item":"https:\/\/metaltale.com\/et\/kodu\/"},{"@type":"ListItem","position":2,"name":"Kauplus","item":"https:\/\/metaltale.com\/et\/shop\/"},{"@type":"ListItem","position":3,"name":"Metallist lauajalg ANGLE 71cm, must"}]},{"@type":"WebSite","@id":"https:\/\/metaltale.com\/et\/#website","url":"https:\/\/metaltale.com\/et\/","name":"Metaltale.com","description":"","potentialAction":[{"@type":"SearchAction","target":{"@type":"EntryPoint","urlTemplate":"https:\/\/metaltale.com\/et\/?s={search_term_string}"},"query-input":{"@type":"PropertyValueSpecification","valueRequired":true,"valueName":"search_term_string"}}],"inLanguage":"et"}]}},"_links":{"self":[{"href":"https:\/\/metaltale.com\/et\/wp-json\/wp\/v2\/product\/135403","targetHints":{"allow":["GET"]}}],"collection":[{"href":"https:\/\/metaltale.com\/et\/wp-json\/wp\/v2\/product"}],"about":[{"href":"https:\/\/metaltale.com\/et\/wp-json\/wp\/v2\/types\/product"}],"replies":[{"embeddable":true,"href":"https:\/\/metaltale.com\/et\/wp-json\/wp\/v2\/comments?post=135403"}],"version-history":[{"count":0,"href":"https:\/\/metaltale.com\/et\/wp-json\/wp\/v2\/product\/135403\/revisions"}],"wp:featuredmedia":[{"embeddable":true,"href":"https:\/\/metaltale.com\/et\/wp-json\/wp\/v2\/media\/105930"}],"wp:attachment":[{"href":"https:\/\/metaltale.com\/et\/wp-json\/wp\/v2\/media?parent=135403"}],"wp:term":[{"taxonomy":"product_brand","embeddable":true,"href":"https:\/\/metaltale.com\/et\/wp-json\/wp\/v2\/product_brand?post=135403"},{"taxonomy":"product_cat","embeddable":true,"href":"https:\/\/metaltale.com\/et\/wp-json\/wp\/v2\/product_cat?post=135403"},{"taxonomy":"product_tag","embeddable":true,"href":"https:\/\/metaltale.com\/et\/wp-json\/wp\/v2\/product_tag?post=135403"}],"curies":[{"name":"wp","href":"https:\/\/api.w.org\/{rel}","templated":true}]}}