{"id":135395,"date":"2024-01-12T21:06:42","date_gmt":"2024-01-12T19:06:42","guid":{"rendered":"https:\/\/metaltale.com\/produktas\/metalllukk-lokk-large\/"},"modified":"2024-01-12T21:06:42","modified_gmt":"2024-01-12T19:06:42","slug":"metalllukk-lokk-large","status":"publish","type":"product","link":"https:\/\/metaltale.com\/et\/toode\/metalllukk-lokk-large\/","title":{"rendered":"Metalllukk LOKK LARGE"},"content":{"rendered":"<div class=\"prod_data\">\n<p><strong>Mudel<\/strong> AF.794.673.60<br \/>\n<strong>EAN.<\/strong>  5905369923104<br \/>\nMaterjal Metall<br \/>\n<strong>Paksus (cm)<\/strong> 2<br \/>\n<strong>\u00dcldine k\u00f5rgus (cm)<\/strong> 13<br \/>\n<strong>\u00dcldine laius (cm)<\/strong> 8<br \/>\nV\u00e4rv Must<\/p>\n<p>&#8211; must rauast lukk<br \/>\n&#8211; sisaldab stiliseeritud v\u00f5tit<br \/>\n&#8211; haamrij\u00e4ljed esiosal on dekoratiivsed.<br \/>\n&#8211; tahtlikud kriimustused r\u00f5hutavad toote retroh\u00f5ngulist iseloomu<\/p>\n<hr>\n<p>Suur lukk koos unikaalse stiiliga v\u00f5tmega on element, mis asendab iga dekoratiivset kirstu. Mustadel mattlukkudel on antiikne iseloom, kuid te peaksite meeles pidama ka nende praktilist kasutust. Luku silmatorkavaks viimistluseks on vasaraj\u00e4ljed esiosal ja v\u00f5tmeauku kattev plaat.<\/p>\n<\/div>\n","protected":false},"excerpt":{"rendered":"<p>Mudel AF.794.673.60 EAN. 5905369923104 Materjal Metall Paksus (cm) 2 \u00dcldine k\u00f5rgus (cm) 13 \u00dcldine laius (cm) 8 V\u00e4rv Must &#8211;<\/p>\n","protected":false},"featured_media":71655,"comment_status":"open","ping_status":"closed","template":"","meta":{"_acf_changed":false,"pmpro_default_level":""},"product_brand":[],"product_cat":[23893,23836,23877],"product_tag":[],"class_list":{"0":"post-135395","1":"product","2":"type-product","3":"status-publish","4":"has-post-thumbnail","6":"product_cat-baldu-spynos-et","7":"product_cat-moobli-tarvikud","8":"product_cat-spynos-et","9":"pmpro-has-access","11":"first","12":"outofstock","13":"shipping-taxable","14":"purchasable","15":"product-type-simple"},"acf":[],"yoast_head":"<!-- This site is optimized with the Yoast SEO plugin v24.9 - https:\/\/yoast.com\/wordpress\/plugins\/seo\/ -->\n<title>Metalllukk LOKK LARGE - MetalTale.com<\/title>\n<meta name=\"robots\" content=\"index, follow, max-snippet:-1, max-image-preview:large, max-video-preview:-1\" \/>\n<link rel=\"canonical\" href=\"https:\/\/metaltale.com\/et\/toode\/metalllukk-lokk-large\/\" \/>\n<meta property=\"og:locale\" content=\"et_EE\" \/>\n<meta property=\"og:type\" content=\"article\" \/>\n<meta property=\"og:title\" content=\"Metalllukk LOKK LARGE - MetalTale.com\" \/>\n<meta property=\"og:description\" content=\"Mudel AF.794.673.60 EAN. 5905369923104 Materjal Metall Paksus (cm) 2 \u00dcldine k\u00f5rgus (cm) 13 \u00dcldine laius (cm) 8 V\u00e4rv Must &#8211;\" \/>\n<meta property=\"og:url\" content=\"https:\/\/metaltale.com\/et\/toode\/metalllukk-lokk-large\/\" \/>\n<meta property=\"og:site_name\" content=\"MetalTale.com\" \/>\n<meta property=\"og:image\" content=\"https:\/\/metaltale.com\/wp-content\/uploads\/2023\/09\/Metalinx117-spyna-LOKE-LARGE.jpg\" \/>\n\t<meta property=\"og:image:width\" content=\"800\" \/>\n\t<meta property=\"og:image:height\" content=\"800\" \/>\n\t<meta property=\"og:image:type\" content=\"image\/jpeg\" \/>\n<meta name=\"twitter:card\" content=\"summary_large_image\" \/>\n<script type=\"application\/ld+json\" class=\"yoast-schema-graph\">{\"@context\":\"https:\/\/schema.org\",\"@graph\":[{\"@type\":\"WebPage\",\"@id\":\"https:\/\/metaltale.com\/et\/toode\/metalllukk-lokk-large\/\",\"url\":\"https:\/\/metaltale.com\/et\/toode\/metalllukk-lokk-large\/\",\"name\":\"Metalllukk LOKK LARGE - MetalTale.com\",\"isPartOf\":{\"@id\":\"https:\/\/metaltale.com\/et\/#website\"},\"primaryImageOfPage\":{\"@id\":\"https:\/\/metaltale.com\/et\/toode\/metalllukk-lokk-large\/#primaryimage\"},\"image\":{\"@id\":\"https:\/\/metaltale.com\/et\/toode\/metalllukk-lokk-large\/#primaryimage\"},\"thumbnailUrl\":\"https:\/\/metaltale.com\/wp-content\/uploads\/2023\/09\/Metalinx117-spyna-LOKE-LARGE.jpg\",\"datePublished\":\"2024-01-12T19:06:42+00:00\",\"breadcrumb\":{\"@id\":\"https:\/\/metaltale.com\/et\/toode\/metalllukk-lokk-large\/#breadcrumb\"},\"inLanguage\":\"et\",\"potentialAction\":[{\"@type\":\"ReadAction\",\"target\":[\"https:\/\/metaltale.com\/et\/toode\/metalllukk-lokk-large\/\"]}]},{\"@type\":\"ImageObject\",\"inLanguage\":\"et\",\"@id\":\"https:\/\/metaltale.com\/et\/toode\/metalllukk-lokk-large\/#primaryimage\",\"url\":\"https:\/\/metaltale.com\/wp-content\/uploads\/2023\/09\/Metalinx117-spyna-LOKE-LARGE.jpg\",\"contentUrl\":\"https:\/\/metaltale.com\/wp-content\/uploads\/2023\/09\/Metalinx117-spyna-LOKE-LARGE.jpg\",\"width\":800,\"height\":800,\"caption\":\"Metalllukk LOKK LARGE\"},{\"@type\":\"BreadcrumbList\",\"@id\":\"https:\/\/metaltale.com\/et\/toode\/metalllukk-lokk-large\/#breadcrumb\",\"itemListElement\":[{\"@type\":\"ListItem\",\"position\":1,\"name\":\"Home\",\"item\":\"https:\/\/metaltale.com\/et\/kodu\/\"},{\"@type\":\"ListItem\",\"position\":2,\"name\":\"Kauplus\",\"item\":\"https:\/\/metaltale.com\/et\/shop\/\"},{\"@type\":\"ListItem\",\"position\":3,\"name\":\"Metalllukk LOKK LARGE\"}]},{\"@type\":\"WebSite\",\"@id\":\"https:\/\/metaltale.com\/et\/#website\",\"url\":\"https:\/\/metaltale.com\/et\/\",\"name\":\"Metaltale.com\",\"description\":\"\",\"potentialAction\":[{\"@type\":\"SearchAction\",\"target\":{\"@type\":\"EntryPoint\",\"urlTemplate\":\"https:\/\/metaltale.com\/et\/?s={search_term_string}\"},\"query-input\":{\"@type\":\"PropertyValueSpecification\",\"valueRequired\":true,\"valueName\":\"search_term_string\"}}],\"inLanguage\":\"et\"}]}<\/script>\n<!-- \/ Yoast SEO plugin. -->","yoast_head_json":{"title":"Metalllukk LOKK LARGE - MetalTale.com","robots":{"index":"index","follow":"follow","max-snippet":"max-snippet:-1","max-image-preview":"max-image-preview:large","max-video-preview":"max-video-preview:-1"},"canonical":"https:\/\/metaltale.com\/et\/toode\/metalllukk-lokk-large\/","og_locale":"et_EE","og_type":"article","og_title":"Metalllukk LOKK LARGE - MetalTale.com","og_description":"Mudel AF.794.673.60 EAN. 5905369923104 Materjal Metall Paksus (cm) 2 \u00dcldine k\u00f5rgus (cm) 13 \u00dcldine laius (cm) 8 V\u00e4rv Must &#8211;","og_url":"https:\/\/metaltale.com\/et\/toode\/metalllukk-lokk-large\/","og_site_name":"MetalTale.com","og_image":[{"width":800,"height":800,"url":"https:\/\/metaltale.com\/wp-content\/uploads\/2023\/09\/Metalinx117-spyna-LOKE-LARGE.jpg","type":"image\/jpeg"}],"twitter_card":"summary_large_image","schema":{"@context":"https:\/\/schema.org","@graph":[{"@type":"WebPage","@id":"https:\/\/metaltale.com\/et\/toode\/metalllukk-lokk-large\/","url":"https:\/\/metaltale.com\/et\/toode\/metalllukk-lokk-large\/","name":"Metalllukk LOKK LARGE - MetalTale.com","isPartOf":{"@id":"https:\/\/metaltale.com\/et\/#website"},"primaryImageOfPage":{"@id":"https:\/\/metaltale.com\/et\/toode\/metalllukk-lokk-large\/#primaryimage"},"image":{"@id":"https:\/\/metaltale.com\/et\/toode\/metalllukk-lokk-large\/#primaryimage"},"thumbnailUrl":"https:\/\/metaltale.com\/wp-content\/uploads\/2023\/09\/Metalinx117-spyna-LOKE-LARGE.jpg","datePublished":"2024-01-12T19:06:42+00:00","breadcrumb":{"@id":"https:\/\/metaltale.com\/et\/toode\/metalllukk-lokk-large\/#breadcrumb"},"inLanguage":"et","potentialAction":[{"@type":"ReadAction","target":["https:\/\/metaltale.com\/et\/toode\/metalllukk-lokk-large\/"]}]},{"@type":"ImageObject","inLanguage":"et","@id":"https:\/\/metaltale.com\/et\/toode\/metalllukk-lokk-large\/#primaryimage","url":"https:\/\/metaltale.com\/wp-content\/uploads\/2023\/09\/Metalinx117-spyna-LOKE-LARGE.jpg","contentUrl":"https:\/\/metaltale.com\/wp-content\/uploads\/2023\/09\/Metalinx117-spyna-LOKE-LARGE.jpg","width":800,"height":800,"caption":"Metalllukk LOKK LARGE"},{"@type":"BreadcrumbList","@id":"https:\/\/metaltale.com\/et\/toode\/metalllukk-lokk-large\/#breadcrumb","itemListElement":[{"@type":"ListItem","position":1,"name":"Home","item":"https:\/\/metaltale.com\/et\/kodu\/"},{"@type":"ListItem","position":2,"name":"Kauplus","item":"https:\/\/metaltale.com\/et\/shop\/"},{"@type":"ListItem","position":3,"name":"Metalllukk LOKK LARGE"}]},{"@type":"WebSite","@id":"https:\/\/metaltale.com\/et\/#website","url":"https:\/\/metaltale.com\/et\/","name":"Metaltale.com","description":"","potentialAction":[{"@type":"SearchAction","target":{"@type":"EntryPoint","urlTemplate":"https:\/\/metaltale.com\/et\/?s={search_term_string}"},"query-input":{"@type":"PropertyValueSpecification","valueRequired":true,"valueName":"search_term_string"}}],"inLanguage":"et"}]}},"_links":{"self":[{"href":"https:\/\/metaltale.com\/et\/wp-json\/wp\/v2\/product\/135395","targetHints":{"allow":["GET"]}}],"collection":[{"href":"https:\/\/metaltale.com\/et\/wp-json\/wp\/v2\/product"}],"about":[{"href":"https:\/\/metaltale.com\/et\/wp-json\/wp\/v2\/types\/product"}],"replies":[{"embeddable":true,"href":"https:\/\/metaltale.com\/et\/wp-json\/wp\/v2\/comments?post=135395"}],"version-history":[{"count":0,"href":"https:\/\/metaltale.com\/et\/wp-json\/wp\/v2\/product\/135395\/revisions"}],"wp:featuredmedia":[{"embeddable":true,"href":"https:\/\/metaltale.com\/et\/wp-json\/wp\/v2\/media\/71655"}],"wp:attachment":[{"href":"https:\/\/metaltale.com\/et\/wp-json\/wp\/v2\/media?parent=135395"}],"wp:term":[{"taxonomy":"product_brand","embeddable":true,"href":"https:\/\/metaltale.com\/et\/wp-json\/wp\/v2\/product_brand?post=135395"},{"taxonomy":"product_cat","embeddable":true,"href":"https:\/\/metaltale.com\/et\/wp-json\/wp\/v2\/product_cat?post=135395"},{"taxonomy":"product_tag","embeddable":true,"href":"https:\/\/metaltale.com\/et\/wp-json\/wp\/v2\/product_tag?post=135395"}],"curies":[{"name":"wp","href":"https:\/\/api.w.org\/{rel}","templated":true}]}}