{"id":135392,"date":"2024-02-13T15:03:04","date_gmt":"2024-02-13T13:03:04","guid":{"rendered":"https:\/\/metaltale.com\/produktas\/metallist-laudjalg-angle-45-cm-must\/"},"modified":"2024-02-13T15:03:04","modified_gmt":"2024-02-13T13:03:04","slug":"metallist-laudjalg-angle-45-cm-must","status":"publish","type":"product","link":"https:\/\/metaltale.com\/et\/toode\/metallist-laudjalg-angle-45-cm-must\/","title":{"rendered":"Metallist laudjalg ANGLE 45 cm, must"},"content":{"rendered":"<div class=\"prod_data\">\n<p><strong>Mudel<\/strong> ZA. N09. N-S<br \/>\n<strong>Materjal<\/strong> teras<br \/>\n<strong>Materjali paksus (cm<\/strong> ) KORTER 7x7x0,7<br \/>\n<strong>\u00dcldine k\u00f5rgus (cm)<\/strong> 49<br \/>\n<strong>\u00dcldine laius (cm)<\/strong> 20<br \/>\n<strong>V\u00e4rv<\/strong> Must<br \/>\nKogus komplekti kohta 1 tk.<\/p>\n<p>&#8211; Kvaliteetsest terasest valmistatud lauajalg tagab lauaplaadile stabiilse toe<br \/>\n&#8211; jala \u00fcldk\u00f5rgus 49 cm, kinnitusalus 45 cm k\u00f5rgune<br \/>\n&#8211; must pulberv\u00e4rvitud jalg, mis on v\u00e4ga vastupidav kriimustustele<br \/>\n&#8211; lihtne, kuid intrigeeriv \u00fche jalaga disain sobib populaarsete sisustustrendidega<\/p>\n<hr>\n<p>Nurkjalg on suurep\u00e4rane n\u00e4ide populaarse toote originaalsest kasutamisest m\u00f6\u00f6blidisaini elemendina. Jalamudeli suurim eelis on selle lihtsus ja klassikaline elegants. Terasjalgade toores, isegi tehasesarnane iseloom sobib loftidesse &#8211; ka v\u00e4iksematesse ruumidesse. \u00dcks madal metalljalg ei varja m\u00f6\u00f6blit ega m\u00e4\u00e4ra t\u00f6\u00f6pinna suurust. Stabiilne ja vastupidav kohvilaudjalg on saadaval kahes v\u00e4rvitoonis. Must metalljalg on pehmem ja seda saab h\u00f5lpsasti integreerida nii retro- kui ka moodsasse interj\u00f6\u00f6ri. Kui vajate oma paigutuses v\u00e4ljendusrikkamat aktsenti, tasub kaaluda terasjalga kasutamist. Kavandatud vananemise efekt, h\u00f5\u00f5rdumine ning n\u00e4htavad keevis\u00f5mblused ja \u00fchendused r\u00f5hutavad kohvilaudade jalgade t\u00f6\u00f6stuslikku iseloomu.<\/p>\n<hr>\n<p>*Toodete v\u00e4rvus v\u00f5ib erineda galeriis olevatest piltidest, mis v\u00f5ib olla tingitud individuaalsetest monitoriseadetest ja materjalide iseloomust &#8211; teras on tooraine, mille v\u00e4rvus, toon ja tekstuur v\u00f5ivad erineda eksemplariti v\u00f5i tootmispartiide kaupa. Pakkumine kehtib ainult metalljalale ja ei sisalda t\u00f6\u00f6pinda.<\/p>\n<\/div>\n","protected":false},"excerpt":{"rendered":"<p>Mudel ZA. N09. N-S Materjal teras Materjali paksus (cm ) KORTER 7x7x0,7 \u00dcldine k\u00f5rgus (cm) 49 \u00dcldine laius (cm) 20<\/p>\n","protected":false},"featured_media":119432,"comment_status":"open","ping_status":"closed","template":"","meta":{"_acf_changed":false,"pmpro_default_level":""},"product_brand":[],"product_cat":[24171,24137],"product_tag":[],"class_list":{"0":"post-135392","1":"product","2":"type-product","3":"status-publish","4":"has-post-thumbnail","6":"product_cat-kohvilaua-jalad","7":"product_cat-moobli-jalad","8":"pmpro-has-access","10":"first","11":"instock","12":"shipping-taxable","13":"purchasable","14":"product-type-simple"},"acf":[],"yoast_head":"<!-- This site is optimized with the Yoast SEO plugin v24.9 - https:\/\/yoast.com\/wordpress\/plugins\/seo\/ -->\n<title>Metallist laudjalg ANGLE 45 cm, must - MetalTale.com<\/title>\n<meta name=\"robots\" content=\"index, follow, max-snippet:-1, max-image-preview:large, max-video-preview:-1\" \/>\n<link rel=\"canonical\" href=\"https:\/\/metaltale.com\/et\/toode\/metallist-laudjalg-angle-45-cm-must\/\" \/>\n<meta property=\"og:locale\" content=\"et_EE\" \/>\n<meta property=\"og:type\" content=\"article\" \/>\n<meta property=\"og:title\" content=\"Metallist laudjalg ANGLE 45 cm, must - MetalTale.com\" \/>\n<meta property=\"og:description\" content=\"Mudel ZA. N09. N-S Materjal teras Materjali paksus (cm ) KORTER 7x7x0,7 \u00dcldine k\u00f5rgus (cm) 49 \u00dcldine laius (cm) 20\" \/>\n<meta property=\"og:url\" content=\"https:\/\/metaltale.com\/et\/toode\/metallist-laudjalg-angle-45-cm-must\/\" \/>\n<meta property=\"og:site_name\" content=\"MetalTale.com\" \/>\n<meta name=\"twitter:card\" content=\"summary_large_image\" \/>\n<meta name=\"twitter:label1\" content=\"Est. reading time\" \/>\n\t<meta name=\"twitter:data1\" content=\"1 minut\" \/>\n<script type=\"application\/ld+json\" class=\"yoast-schema-graph\">{\"@context\":\"https:\/\/schema.org\",\"@graph\":[{\"@type\":\"WebPage\",\"@id\":\"https:\/\/metaltale.com\/et\/toode\/metallist-laudjalg-angle-45-cm-must\/\",\"url\":\"https:\/\/metaltale.com\/et\/toode\/metallist-laudjalg-angle-45-cm-must\/\",\"name\":\"Metallist laudjalg ANGLE 45 cm, must - MetalTale.com\",\"isPartOf\":{\"@id\":\"https:\/\/metaltale.com\/et\/#website\"},\"primaryImageOfPage\":{\"@id\":\"https:\/\/metaltale.com\/et\/toode\/metallist-laudjalg-angle-45-cm-must\/#primaryimage\"},\"image\":{\"@id\":\"https:\/\/metaltale.com\/et\/toode\/metallist-laudjalg-angle-45-cm-must\/#primaryimage\"},\"thumbnailUrl\":\"https:\/\/metaltale.com\/wp-content\/uploads\/2023\/12\/kavos-staliuko-metalines-stalo-kojos-4-scaled.jpg\",\"datePublished\":\"2024-02-13T13:03:04+00:00\",\"breadcrumb\":{\"@id\":\"https:\/\/metaltale.com\/et\/toode\/metallist-laudjalg-angle-45-cm-must\/#breadcrumb\"},\"inLanguage\":\"et\",\"potentialAction\":[{\"@type\":\"ReadAction\",\"target\":[\"https:\/\/metaltale.com\/et\/toode\/metallist-laudjalg-angle-45-cm-must\/\"]}]},{\"@type\":\"ImageObject\",\"inLanguage\":\"et\",\"@id\":\"https:\/\/metaltale.com\/et\/toode\/metallist-laudjalg-angle-45-cm-must\/#primaryimage\",\"url\":\"https:\/\/metaltale.com\/wp-content\/uploads\/2023\/12\/kavos-staliuko-metalines-stalo-kojos-4-scaled.jpg\",\"contentUrl\":\"https:\/\/metaltale.com\/wp-content\/uploads\/2023\/12\/kavos-staliuko-metalines-stalo-kojos-4-scaled.jpg\",\"width\":2560,\"height\":2560,\"caption\":\"metallist laua jalad\"},{\"@type\":\"BreadcrumbList\",\"@id\":\"https:\/\/metaltale.com\/et\/toode\/metallist-laudjalg-angle-45-cm-must\/#breadcrumb\",\"itemListElement\":[{\"@type\":\"ListItem\",\"position\":1,\"name\":\"Home\",\"item\":\"https:\/\/metaltale.com\/et\/kodu\/\"},{\"@type\":\"ListItem\",\"position\":2,\"name\":\"Kauplus\",\"item\":\"https:\/\/metaltale.com\/et\/shop\/\"},{\"@type\":\"ListItem\",\"position\":3,\"name\":\"Metallist laudjalg ANGLE 45 cm, must\"}]},{\"@type\":\"WebSite\",\"@id\":\"https:\/\/metaltale.com\/et\/#website\",\"url\":\"https:\/\/metaltale.com\/et\/\",\"name\":\"Metaltale.com\",\"description\":\"\",\"potentialAction\":[{\"@type\":\"SearchAction\",\"target\":{\"@type\":\"EntryPoint\",\"urlTemplate\":\"https:\/\/metaltale.com\/et\/?s={search_term_string}\"},\"query-input\":{\"@type\":\"PropertyValueSpecification\",\"valueRequired\":true,\"valueName\":\"search_term_string\"}}],\"inLanguage\":\"et\"}]}<\/script>\n<!-- \/ Yoast SEO plugin. -->","yoast_head_json":{"title":"Metallist laudjalg ANGLE 45 cm, must - MetalTale.com","robots":{"index":"index","follow":"follow","max-snippet":"max-snippet:-1","max-image-preview":"max-image-preview:large","max-video-preview":"max-video-preview:-1"},"canonical":"https:\/\/metaltale.com\/et\/toode\/metallist-laudjalg-angle-45-cm-must\/","og_locale":"et_EE","og_type":"article","og_title":"Metallist laudjalg ANGLE 45 cm, must - MetalTale.com","og_description":"Mudel ZA. N09. N-S Materjal teras Materjali paksus (cm ) KORTER 7x7x0,7 \u00dcldine k\u00f5rgus (cm) 49 \u00dcldine laius (cm) 20","og_url":"https:\/\/metaltale.com\/et\/toode\/metallist-laudjalg-angle-45-cm-must\/","og_site_name":"MetalTale.com","twitter_card":"summary_large_image","twitter_misc":{"Est. reading time":"1 minut"},"schema":{"@context":"https:\/\/schema.org","@graph":[{"@type":"WebPage","@id":"https:\/\/metaltale.com\/et\/toode\/metallist-laudjalg-angle-45-cm-must\/","url":"https:\/\/metaltale.com\/et\/toode\/metallist-laudjalg-angle-45-cm-must\/","name":"Metallist laudjalg ANGLE 45 cm, must - MetalTale.com","isPartOf":{"@id":"https:\/\/metaltale.com\/et\/#website"},"primaryImageOfPage":{"@id":"https:\/\/metaltale.com\/et\/toode\/metallist-laudjalg-angle-45-cm-must\/#primaryimage"},"image":{"@id":"https:\/\/metaltale.com\/et\/toode\/metallist-laudjalg-angle-45-cm-must\/#primaryimage"},"thumbnailUrl":"https:\/\/metaltale.com\/wp-content\/uploads\/2023\/12\/kavos-staliuko-metalines-stalo-kojos-4-scaled.jpg","datePublished":"2024-02-13T13:03:04+00:00","breadcrumb":{"@id":"https:\/\/metaltale.com\/et\/toode\/metallist-laudjalg-angle-45-cm-must\/#breadcrumb"},"inLanguage":"et","potentialAction":[{"@type":"ReadAction","target":["https:\/\/metaltale.com\/et\/toode\/metallist-laudjalg-angle-45-cm-must\/"]}]},{"@type":"ImageObject","inLanguage":"et","@id":"https:\/\/metaltale.com\/et\/toode\/metallist-laudjalg-angle-45-cm-must\/#primaryimage","url":"https:\/\/metaltale.com\/wp-content\/uploads\/2023\/12\/kavos-staliuko-metalines-stalo-kojos-4-scaled.jpg","contentUrl":"https:\/\/metaltale.com\/wp-content\/uploads\/2023\/12\/kavos-staliuko-metalines-stalo-kojos-4-scaled.jpg","width":2560,"height":2560,"caption":"metallist laua jalad"},{"@type":"BreadcrumbList","@id":"https:\/\/metaltale.com\/et\/toode\/metallist-laudjalg-angle-45-cm-must\/#breadcrumb","itemListElement":[{"@type":"ListItem","position":1,"name":"Home","item":"https:\/\/metaltale.com\/et\/kodu\/"},{"@type":"ListItem","position":2,"name":"Kauplus","item":"https:\/\/metaltale.com\/et\/shop\/"},{"@type":"ListItem","position":3,"name":"Metallist laudjalg ANGLE 45 cm, must"}]},{"@type":"WebSite","@id":"https:\/\/metaltale.com\/et\/#website","url":"https:\/\/metaltale.com\/et\/","name":"Metaltale.com","description":"","potentialAction":[{"@type":"SearchAction","target":{"@type":"EntryPoint","urlTemplate":"https:\/\/metaltale.com\/et\/?s={search_term_string}"},"query-input":{"@type":"PropertyValueSpecification","valueRequired":true,"valueName":"search_term_string"}}],"inLanguage":"et"}]}},"_links":{"self":[{"href":"https:\/\/metaltale.com\/et\/wp-json\/wp\/v2\/product\/135392","targetHints":{"allow":["GET"]}}],"collection":[{"href":"https:\/\/metaltale.com\/et\/wp-json\/wp\/v2\/product"}],"about":[{"href":"https:\/\/metaltale.com\/et\/wp-json\/wp\/v2\/types\/product"}],"replies":[{"embeddable":true,"href":"https:\/\/metaltale.com\/et\/wp-json\/wp\/v2\/comments?post=135392"}],"version-history":[{"count":0,"href":"https:\/\/metaltale.com\/et\/wp-json\/wp\/v2\/product\/135392\/revisions"}],"wp:featuredmedia":[{"embeddable":true,"href":"https:\/\/metaltale.com\/et\/wp-json\/wp\/v2\/media\/119432"}],"wp:attachment":[{"href":"https:\/\/metaltale.com\/et\/wp-json\/wp\/v2\/media?parent=135392"}],"wp:term":[{"taxonomy":"product_brand","embeddable":true,"href":"https:\/\/metaltale.com\/et\/wp-json\/wp\/v2\/product_brand?post=135392"},{"taxonomy":"product_cat","embeddable":true,"href":"https:\/\/metaltale.com\/et\/wp-json\/wp\/v2\/product_cat?post=135392"},{"taxonomy":"product_tag","embeddable":true,"href":"https:\/\/metaltale.com\/et\/wp-json\/wp\/v2\/product_tag?post=135392"}],"curies":[{"name":"wp","href":"https:\/\/api.w.org\/{rel}","templated":true}]}}