{"id":135385,"date":"2024-02-13T14:01:42","date_gmt":"2024-02-13T12:01:42","guid":{"rendered":"https:\/\/metaltale.com\/produktas\/seinale-paigaldatavad-terasest-potihoidjad\/"},"modified":"2024-02-13T14:01:42","modified_gmt":"2024-02-13T12:01:42","slug":"seinale-paigaldatavad-terasest-potihoidjad","status":"publish","type":"product","link":"https:\/\/metaltale.com\/et\/toode\/seinale-paigaldatavad-terasest-potihoidjad\/","title":{"rendered":"Seinale paigaldatavad terasest potihoidjad"},"content":{"rendered":"<div class=\"prod_data\">\n<p><strong>Mudel<\/strong> AF.446.971.6-PRGR<br \/>\nMaterjal Metall<br \/>\n<strong>\u00dcldine k\u00f5rgus (cm)<\/strong> 7<br \/>\n<strong>Koguprojektsioon (cm)<\/strong> 18 \/ 19,5 \/ 21,5 \/ 26 \/ 27 \/ 32<br \/>\nV\u00e4rv Must<br \/>\n[CM] L<strong>ISAINFO<\/strong> R\u00f5nga sisel\u00e4bim\u00f5\u00f5t 9 \/ 10 \/ 13 \/ 17 \/ 19 \/ 24<\/p>\n<p>K\u00f6\u00f6k ilma ravimtaimedeta on nagu aed ilma lilledeta. Roostevaba poti k\u00e4epide sobib suurep\u00e4raselt ruumi stiilseks kasutamiseks ja taimede v\u00e4ljapanekuks. Klassikaline mudel ei r\u00f5hu, kuid on samas tugev tugi pottidele ja kaussidele.<\/p>\n<p>Otsene ja pikaajaline kokkupuude niiskusega v\u00f5ib toodet kahjustada.<\/p>\n<\/div>\n","protected":false},"excerpt":{"rendered":"<p>Mudel AF.446.971.6-PRGR Materjal Metall \u00dcldine k\u00f5rgus (cm) 7 Koguprojektsioon (cm) 18 \/ 19,5 \/ 21,5 \/ 26 \/ 27 \/<\/p>\n","protected":false},"featured_media":68853,"comment_status":"open","ping_status":"closed","template":"","meta":{"_acf_changed":false,"pmpro_default_level":""},"product_brand":[],"product_cat":[23903,23910,23895],"product_tag":[],"class_list":{"0":"post-135385","1":"product","2":"type-product","3":"status-publish","4":"has-post-thumbnail","6":"product_cat-geliu-ir-augalu-dekorai-et","7":"product_cat-geliu-pakabos-ir-vazonu-laikikliai-et","8":"product_cat-kaunistused","9":"pmpro-has-access","11":"first","12":"instock","13":"shipping-taxable","14":"purchasable","15":"product-type-simple"},"acf":[],"yoast_head":"<!-- This site is optimized with the Yoast SEO plugin v24.9 - https:\/\/yoast.com\/wordpress\/plugins\/seo\/ -->\n<title>Seinale paigaldatavad terasest potihoidjad - MetalTale.com<\/title>\n<meta name=\"robots\" content=\"index, follow, max-snippet:-1, max-image-preview:large, max-video-preview:-1\" \/>\n<link rel=\"canonical\" href=\"https:\/\/metaltale.com\/et\/toode\/seinale-paigaldatavad-terasest-potihoidjad\/\" \/>\n<meta property=\"og:locale\" content=\"et_EE\" \/>\n<meta property=\"og:type\" content=\"article\" \/>\n<meta property=\"og:title\" content=\"Seinale paigaldatavad terasest potihoidjad - MetalTale.com\" \/>\n<meta property=\"og:description\" content=\"Mudel AF.446.971.6-PRGR Materjal Metall \u00dcldine k\u00f5rgus (cm) 7 Koguprojektsioon (cm) 18 \/ 19,5 \/ 21,5 \/ 26 \/ 27 \/\" \/>\n<meta property=\"og:url\" content=\"https:\/\/metaltale.com\/et\/toode\/seinale-paigaldatavad-terasest-potihoidjad\/\" \/>\n<meta property=\"og:site_name\" content=\"MetalTale.com\" \/>\n<meta name=\"twitter:card\" content=\"summary_large_image\" \/>\n<script type=\"application\/ld+json\" class=\"yoast-schema-graph\">{\"@context\":\"https:\/\/schema.org\",\"@graph\":[{\"@type\":\"WebPage\",\"@id\":\"https:\/\/metaltale.com\/et\/toode\/seinale-paigaldatavad-terasest-potihoidjad\/\",\"url\":\"https:\/\/metaltale.com\/et\/toode\/seinale-paigaldatavad-terasest-potihoidjad\/\",\"name\":\"Seinale paigaldatavad terasest potihoidjad - MetalTale.com\",\"isPartOf\":{\"@id\":\"https:\/\/metaltale.com\/et\/#website\"},\"primaryImageOfPage\":{\"@id\":\"https:\/\/metaltale.com\/et\/toode\/seinale-paigaldatavad-terasest-potihoidjad\/#primaryimage\"},\"image\":{\"@id\":\"https:\/\/metaltale.com\/et\/toode\/seinale-paigaldatavad-terasest-potihoidjad\/#primaryimage\"},\"thumbnailUrl\":\"https:\/\/metaltale.com\/wp-content\/uploads\/2023\/09\/MAx17DAS-vazoninis-laikiklis.jpg\",\"datePublished\":\"2024-02-13T12:01:42+00:00\",\"breadcrumb\":{\"@id\":\"https:\/\/metaltale.com\/et\/toode\/seinale-paigaldatavad-terasest-potihoidjad\/#breadcrumb\"},\"inLanguage\":\"et\",\"potentialAction\":[{\"@type\":\"ReadAction\",\"target\":[\"https:\/\/metaltale.com\/et\/toode\/seinale-paigaldatavad-terasest-potihoidjad\/\"]}]},{\"@type\":\"ImageObject\",\"inLanguage\":\"et\",\"@id\":\"https:\/\/metaltale.com\/et\/toode\/seinale-paigaldatavad-terasest-potihoidjad\/#primaryimage\",\"url\":\"https:\/\/metaltale.com\/wp-content\/uploads\/2023\/09\/MAx17DAS-vazoninis-laikiklis.jpg\",\"contentUrl\":\"https:\/\/metaltale.com\/wp-content\/uploads\/2023\/09\/MAx17DAS-vazoninis-laikiklis.jpg\",\"width\":800,\"height\":800},{\"@type\":\"BreadcrumbList\",\"@id\":\"https:\/\/metaltale.com\/et\/toode\/seinale-paigaldatavad-terasest-potihoidjad\/#breadcrumb\",\"itemListElement\":[{\"@type\":\"ListItem\",\"position\":1,\"name\":\"Home\",\"item\":\"https:\/\/metaltale.com\/et\/kodu\/\"},{\"@type\":\"ListItem\",\"position\":2,\"name\":\"Kauplus\",\"item\":\"https:\/\/metaltale.com\/et\/shop\/\"},{\"@type\":\"ListItem\",\"position\":3,\"name\":\"Seinale paigaldatavad terasest potihoidjad\"}]},{\"@type\":\"WebSite\",\"@id\":\"https:\/\/metaltale.com\/et\/#website\",\"url\":\"https:\/\/metaltale.com\/et\/\",\"name\":\"Metaltale.com\",\"description\":\"\",\"potentialAction\":[{\"@type\":\"SearchAction\",\"target\":{\"@type\":\"EntryPoint\",\"urlTemplate\":\"https:\/\/metaltale.com\/et\/?s={search_term_string}\"},\"query-input\":{\"@type\":\"PropertyValueSpecification\",\"valueRequired\":true,\"valueName\":\"search_term_string\"}}],\"inLanguage\":\"et\"}]}<\/script>\n<!-- \/ Yoast SEO plugin. -->","yoast_head_json":{"title":"Seinale paigaldatavad terasest potihoidjad - MetalTale.com","robots":{"index":"index","follow":"follow","max-snippet":"max-snippet:-1","max-image-preview":"max-image-preview:large","max-video-preview":"max-video-preview:-1"},"canonical":"https:\/\/metaltale.com\/et\/toode\/seinale-paigaldatavad-terasest-potihoidjad\/","og_locale":"et_EE","og_type":"article","og_title":"Seinale paigaldatavad terasest potihoidjad - MetalTale.com","og_description":"Mudel AF.446.971.6-PRGR Materjal Metall \u00dcldine k\u00f5rgus (cm) 7 Koguprojektsioon (cm) 18 \/ 19,5 \/ 21,5 \/ 26 \/ 27 \/","og_url":"https:\/\/metaltale.com\/et\/toode\/seinale-paigaldatavad-terasest-potihoidjad\/","og_site_name":"MetalTale.com","twitter_card":"summary_large_image","schema":{"@context":"https:\/\/schema.org","@graph":[{"@type":"WebPage","@id":"https:\/\/metaltale.com\/et\/toode\/seinale-paigaldatavad-terasest-potihoidjad\/","url":"https:\/\/metaltale.com\/et\/toode\/seinale-paigaldatavad-terasest-potihoidjad\/","name":"Seinale paigaldatavad terasest potihoidjad - MetalTale.com","isPartOf":{"@id":"https:\/\/metaltale.com\/et\/#website"},"primaryImageOfPage":{"@id":"https:\/\/metaltale.com\/et\/toode\/seinale-paigaldatavad-terasest-potihoidjad\/#primaryimage"},"image":{"@id":"https:\/\/metaltale.com\/et\/toode\/seinale-paigaldatavad-terasest-potihoidjad\/#primaryimage"},"thumbnailUrl":"https:\/\/metaltale.com\/wp-content\/uploads\/2023\/09\/MAx17DAS-vazoninis-laikiklis.jpg","datePublished":"2024-02-13T12:01:42+00:00","breadcrumb":{"@id":"https:\/\/metaltale.com\/et\/toode\/seinale-paigaldatavad-terasest-potihoidjad\/#breadcrumb"},"inLanguage":"et","potentialAction":[{"@type":"ReadAction","target":["https:\/\/metaltale.com\/et\/toode\/seinale-paigaldatavad-terasest-potihoidjad\/"]}]},{"@type":"ImageObject","inLanguage":"et","@id":"https:\/\/metaltale.com\/et\/toode\/seinale-paigaldatavad-terasest-potihoidjad\/#primaryimage","url":"https:\/\/metaltale.com\/wp-content\/uploads\/2023\/09\/MAx17DAS-vazoninis-laikiklis.jpg","contentUrl":"https:\/\/metaltale.com\/wp-content\/uploads\/2023\/09\/MAx17DAS-vazoninis-laikiklis.jpg","width":800,"height":800},{"@type":"BreadcrumbList","@id":"https:\/\/metaltale.com\/et\/toode\/seinale-paigaldatavad-terasest-potihoidjad\/#breadcrumb","itemListElement":[{"@type":"ListItem","position":1,"name":"Home","item":"https:\/\/metaltale.com\/et\/kodu\/"},{"@type":"ListItem","position":2,"name":"Kauplus","item":"https:\/\/metaltale.com\/et\/shop\/"},{"@type":"ListItem","position":3,"name":"Seinale paigaldatavad terasest potihoidjad"}]},{"@type":"WebSite","@id":"https:\/\/metaltale.com\/et\/#website","url":"https:\/\/metaltale.com\/et\/","name":"Metaltale.com","description":"","potentialAction":[{"@type":"SearchAction","target":{"@type":"EntryPoint","urlTemplate":"https:\/\/metaltale.com\/et\/?s={search_term_string}"},"query-input":{"@type":"PropertyValueSpecification","valueRequired":true,"valueName":"search_term_string"}}],"inLanguage":"et"}]}},"_links":{"self":[{"href":"https:\/\/metaltale.com\/et\/wp-json\/wp\/v2\/product\/135385","targetHints":{"allow":["GET"]}}],"collection":[{"href":"https:\/\/metaltale.com\/et\/wp-json\/wp\/v2\/product"}],"about":[{"href":"https:\/\/metaltale.com\/et\/wp-json\/wp\/v2\/types\/product"}],"replies":[{"embeddable":true,"href":"https:\/\/metaltale.com\/et\/wp-json\/wp\/v2\/comments?post=135385"}],"version-history":[{"count":0,"href":"https:\/\/metaltale.com\/et\/wp-json\/wp\/v2\/product\/135385\/revisions"}],"wp:featuredmedia":[{"embeddable":true,"href":"https:\/\/metaltale.com\/et\/wp-json\/wp\/v2\/media\/68853"}],"wp:attachment":[{"href":"https:\/\/metaltale.com\/et\/wp-json\/wp\/v2\/media?parent=135385"}],"wp:term":[{"taxonomy":"product_brand","embeddable":true,"href":"https:\/\/metaltale.com\/et\/wp-json\/wp\/v2\/product_brand?post=135385"},{"taxonomy":"product_cat","embeddable":true,"href":"https:\/\/metaltale.com\/et\/wp-json\/wp\/v2\/product_cat?post=135385"},{"taxonomy":"product_tag","embeddable":true,"href":"https:\/\/metaltale.com\/et\/wp-json\/wp\/v2\/product_tag?post=135385"}],"curies":[{"name":"wp","href":"https:\/\/api.w.org\/{rel}","templated":true}]}}