{"id":135382,"date":"2024-02-13T13:57:04","date_gmt":"2024-02-13T11:57:04","guid":{"rendered":"https:\/\/metaltale.com\/produktas\/uksesangad-100-mm-mustad\/"},"modified":"2024-02-13T13:57:04","modified_gmt":"2024-02-13T11:57:04","slug":"uksesangad-100-mm-mustad","status":"publish","type":"product","link":"https:\/\/metaltale.com\/et\/toode\/uksesangad-100-mm-mustad\/","title":{"rendered":"Uksesangad 100 mm, mustad"},"content":{"rendered":"<div class=\"prod_data\"><strong>Mudel<\/strong> AG.18896<br \/>\n<strong>EAN.<\/strong>  5905369912375<br \/>\n<strong>Materjal<\/strong> teras<br \/>\n<strong>\u00dcldine k\u00f5rgus (cm)<\/strong> 10<br \/>\n<strong>\u00dcldine laius (cm)<\/strong> 2<br \/>\n<strong>Koguprojektsioon (cm)<\/strong> 1,6<br \/>\n<strong>V\u00e4rv<\/strong> Must<\/div>\n<div><\/div>\n<div class=\"prod_data\">Paljud kliendid hindavad meie paindlikku ja t\u00f5estatud usaldusv\u00e4\u00e4rsust.<\/div>\n<div><\/div>\n<div class=\"prod_data\">See hing sobib ideaalselt teie uste ja akende jaoks.<\/div>\n","protected":false},"excerpt":{"rendered":"<p>Mudel AG.18896 EAN. 5905369912375 Materjal teras \u00dcldine k\u00f5rgus (cm) 10 \u00dcldine laius (cm) 2 Koguprojektsioon (cm) 1,6 V\u00e4rv Must Paljud<\/p>\n","protected":false},"featured_media":82716,"comment_status":"open","ping_status":"closed","template":"","meta":{"_acf_changed":false,"pmpro_default_level":""},"product_brand":[],"product_cat":[24160,24203],"product_tag":[],"class_list":{"0":"post-135382","1":"product","2":"type-product","3":"status-publish","4":"has-post-thumbnail","6":"product_cat-mehed","7":"product_cat-ukse-ja-akende-hinged","8":"pmpro-has-access","10":"first","11":"instock","12":"shipping-taxable","13":"purchasable","14":"product-type-simple"},"acf":[],"yoast_head":"<!-- This site is optimized with the Yoast SEO plugin v24.9 - https:\/\/yoast.com\/wordpress\/plugins\/seo\/ -->\n<title>Uksesangad 100 mm, mustad - MetalTale.com<\/title>\n<meta name=\"robots\" content=\"index, follow, max-snippet:-1, max-image-preview:large, max-video-preview:-1\" \/>\n<link rel=\"canonical\" href=\"https:\/\/metaltale.com\/et\/toode\/uksesangad-100-mm-mustad\/\" \/>\n<meta property=\"og:locale\" content=\"et_EE\" \/>\n<meta property=\"og:type\" content=\"article\" \/>\n<meta property=\"og:title\" content=\"Uksesangad 100 mm, mustad - MetalTale.com\" \/>\n<meta property=\"og:description\" content=\"Mudel AG.18896 EAN. 5905369912375 Materjal teras \u00dcldine k\u00f5rgus (cm) 10 \u00dcldine laius (cm) 2 Koguprojektsioon (cm) 1,6 V\u00e4rv Must Paljud\" \/>\n<meta property=\"og:url\" content=\"https:\/\/metaltale.com\/et\/toode\/uksesangad-100-mm-mustad\/\" \/>\n<meta property=\"og:site_name\" content=\"MetalTale.com\" \/>\n<meta name=\"twitter:card\" content=\"summary_large_image\" \/>\n<script type=\"application\/ld+json\" class=\"yoast-schema-graph\">{\"@context\":\"https:\/\/schema.org\",\"@graph\":[{\"@type\":\"WebPage\",\"@id\":\"https:\/\/metaltale.com\/et\/toode\/uksesangad-100-mm-mustad\/\",\"url\":\"https:\/\/metaltale.com\/et\/toode\/uksesangad-100-mm-mustad\/\",\"name\":\"Uksesangad 100 mm, mustad - MetalTale.com\",\"isPartOf\":{\"@id\":\"https:\/\/metaltale.com\/et\/#website\"},\"primaryImageOfPage\":{\"@id\":\"https:\/\/metaltale.com\/et\/toode\/uksesangad-100-mm-mustad\/#primaryimage\"},\"image\":{\"@id\":\"https:\/\/metaltale.com\/et\/toode\/uksesangad-100-mm-mustad\/#primaryimage\"},\"thumbnailUrl\":\"https:\/\/metaltale.com\/wp-content\/uploads\/2023\/10\/PRIEKINIS-Vyris-100mm-Juoda.jpg\",\"datePublished\":\"2024-02-13T11:57:04+00:00\",\"breadcrumb\":{\"@id\":\"https:\/\/metaltale.com\/et\/toode\/uksesangad-100-mm-mustad\/#breadcrumb\"},\"inLanguage\":\"et\",\"potentialAction\":[{\"@type\":\"ReadAction\",\"target\":[\"https:\/\/metaltale.com\/et\/toode\/uksesangad-100-mm-mustad\/\"]}]},{\"@type\":\"ImageObject\",\"inLanguage\":\"et\",\"@id\":\"https:\/\/metaltale.com\/et\/toode\/uksesangad-100-mm-mustad\/#primaryimage\",\"url\":\"https:\/\/metaltale.com\/wp-content\/uploads\/2023\/10\/PRIEKINIS-Vyris-100mm-Juoda.jpg\",\"contentUrl\":\"https:\/\/metaltale.com\/wp-content\/uploads\/2023\/10\/PRIEKINIS-Vyris-100mm-Juoda.jpg\",\"width\":800,\"height\":800,\"caption\":\"Uksesangad 100 mm, mustad\"},{\"@type\":\"BreadcrumbList\",\"@id\":\"https:\/\/metaltale.com\/et\/toode\/uksesangad-100-mm-mustad\/#breadcrumb\",\"itemListElement\":[{\"@type\":\"ListItem\",\"position\":1,\"name\":\"Home\",\"item\":\"https:\/\/metaltale.com\/et\/kodu\/\"},{\"@type\":\"ListItem\",\"position\":2,\"name\":\"Kauplus\",\"item\":\"https:\/\/metaltale.com\/et\/shop\/\"},{\"@type\":\"ListItem\",\"position\":3,\"name\":\"Uksesangad 100 mm, mustad\"}]},{\"@type\":\"WebSite\",\"@id\":\"https:\/\/metaltale.com\/et\/#website\",\"url\":\"https:\/\/metaltale.com\/et\/\",\"name\":\"Metaltale.com\",\"description\":\"\",\"potentialAction\":[{\"@type\":\"SearchAction\",\"target\":{\"@type\":\"EntryPoint\",\"urlTemplate\":\"https:\/\/metaltale.com\/et\/?s={search_term_string}\"},\"query-input\":{\"@type\":\"PropertyValueSpecification\",\"valueRequired\":true,\"valueName\":\"search_term_string\"}}],\"inLanguage\":\"et\"}]}<\/script>\n<!-- \/ Yoast SEO plugin. -->","yoast_head_json":{"title":"Uksesangad 100 mm, mustad - MetalTale.com","robots":{"index":"index","follow":"follow","max-snippet":"max-snippet:-1","max-image-preview":"max-image-preview:large","max-video-preview":"max-video-preview:-1"},"canonical":"https:\/\/metaltale.com\/et\/toode\/uksesangad-100-mm-mustad\/","og_locale":"et_EE","og_type":"article","og_title":"Uksesangad 100 mm, mustad - MetalTale.com","og_description":"Mudel AG.18896 EAN. 5905369912375 Materjal teras \u00dcldine k\u00f5rgus (cm) 10 \u00dcldine laius (cm) 2 Koguprojektsioon (cm) 1,6 V\u00e4rv Must Paljud","og_url":"https:\/\/metaltale.com\/et\/toode\/uksesangad-100-mm-mustad\/","og_site_name":"MetalTale.com","twitter_card":"summary_large_image","schema":{"@context":"https:\/\/schema.org","@graph":[{"@type":"WebPage","@id":"https:\/\/metaltale.com\/et\/toode\/uksesangad-100-mm-mustad\/","url":"https:\/\/metaltale.com\/et\/toode\/uksesangad-100-mm-mustad\/","name":"Uksesangad 100 mm, mustad - MetalTale.com","isPartOf":{"@id":"https:\/\/metaltale.com\/et\/#website"},"primaryImageOfPage":{"@id":"https:\/\/metaltale.com\/et\/toode\/uksesangad-100-mm-mustad\/#primaryimage"},"image":{"@id":"https:\/\/metaltale.com\/et\/toode\/uksesangad-100-mm-mustad\/#primaryimage"},"thumbnailUrl":"https:\/\/metaltale.com\/wp-content\/uploads\/2023\/10\/PRIEKINIS-Vyris-100mm-Juoda.jpg","datePublished":"2024-02-13T11:57:04+00:00","breadcrumb":{"@id":"https:\/\/metaltale.com\/et\/toode\/uksesangad-100-mm-mustad\/#breadcrumb"},"inLanguage":"et","potentialAction":[{"@type":"ReadAction","target":["https:\/\/metaltale.com\/et\/toode\/uksesangad-100-mm-mustad\/"]}]},{"@type":"ImageObject","inLanguage":"et","@id":"https:\/\/metaltale.com\/et\/toode\/uksesangad-100-mm-mustad\/#primaryimage","url":"https:\/\/metaltale.com\/wp-content\/uploads\/2023\/10\/PRIEKINIS-Vyris-100mm-Juoda.jpg","contentUrl":"https:\/\/metaltale.com\/wp-content\/uploads\/2023\/10\/PRIEKINIS-Vyris-100mm-Juoda.jpg","width":800,"height":800,"caption":"Uksesangad 100 mm, mustad"},{"@type":"BreadcrumbList","@id":"https:\/\/metaltale.com\/et\/toode\/uksesangad-100-mm-mustad\/#breadcrumb","itemListElement":[{"@type":"ListItem","position":1,"name":"Home","item":"https:\/\/metaltale.com\/et\/kodu\/"},{"@type":"ListItem","position":2,"name":"Kauplus","item":"https:\/\/metaltale.com\/et\/shop\/"},{"@type":"ListItem","position":3,"name":"Uksesangad 100 mm, mustad"}]},{"@type":"WebSite","@id":"https:\/\/metaltale.com\/et\/#website","url":"https:\/\/metaltale.com\/et\/","name":"Metaltale.com","description":"","potentialAction":[{"@type":"SearchAction","target":{"@type":"EntryPoint","urlTemplate":"https:\/\/metaltale.com\/et\/?s={search_term_string}"},"query-input":{"@type":"PropertyValueSpecification","valueRequired":true,"valueName":"search_term_string"}}],"inLanguage":"et"}]}},"_links":{"self":[{"href":"https:\/\/metaltale.com\/et\/wp-json\/wp\/v2\/product\/135382","targetHints":{"allow":["GET"]}}],"collection":[{"href":"https:\/\/metaltale.com\/et\/wp-json\/wp\/v2\/product"}],"about":[{"href":"https:\/\/metaltale.com\/et\/wp-json\/wp\/v2\/types\/product"}],"replies":[{"embeddable":true,"href":"https:\/\/metaltale.com\/et\/wp-json\/wp\/v2\/comments?post=135382"}],"version-history":[{"count":0,"href":"https:\/\/metaltale.com\/et\/wp-json\/wp\/v2\/product\/135382\/revisions"}],"wp:featuredmedia":[{"embeddable":true,"href":"https:\/\/metaltale.com\/et\/wp-json\/wp\/v2\/media\/82716"}],"wp:attachment":[{"href":"https:\/\/metaltale.com\/et\/wp-json\/wp\/v2\/media?parent=135382"}],"wp:term":[{"taxonomy":"product_brand","embeddable":true,"href":"https:\/\/metaltale.com\/et\/wp-json\/wp\/v2\/product_brand?post=135382"},{"taxonomy":"product_cat","embeddable":true,"href":"https:\/\/metaltale.com\/et\/wp-json\/wp\/v2\/product_cat?post=135382"},{"taxonomy":"product_tag","embeddable":true,"href":"https:\/\/metaltale.com\/et\/wp-json\/wp\/v2\/product_tag?post=135382"}],"curies":[{"name":"wp","href":"https:\/\/api.w.org\/{rel}","templated":true}]}}