{"id":135379,"date":"2024-02-13T13:39:42","date_gmt":"2024-02-13T11:39:42","guid":{"rendered":"https:\/\/metaltale.com\/produktas\/prestige-puidust-riiul-tamme-naturaalne-oli\/"},"modified":"2024-02-13T13:39:42","modified_gmt":"2024-02-13T11:39:42","slug":"prestige-puidust-riiul-tamme-naturaalne-oli","status":"publish","type":"product","link":"https:\/\/metaltale.com\/et\/toode\/prestige-puidust-riiul-tamme-naturaalne-oli\/","title":{"rendered":"PRESTIGE puidust riiul tamme naturaalne \u00f5li"},"content":{"rendered":"<div class=\"prod_data\"><strong>Mudel<\/strong> PSE-OL  <br \/><strong>Paksus (cm)<\/strong> 3  <br \/><strong>\u00dcldine laius (cm<\/strong> ) 33,5  <br \/><strong>V\u00e4rv<\/strong> Puit &#8211; naturaalne \u00f5li  <br \/><strong>Viimistlemine<\/strong> \u00f5liriidega  <\/p>\n<p>&#8211; tammepuust riiul, vormistatud (k\u00f5ik servad siledad)<br \/>&#8211; loomulik v\u00e4rvimuutus<br \/>&#8211; puidu arhitektuurist tingitud v\u00e4iksemad praod ja pragud.<br \/>&#8211; V\u00f5imalus tellida mittestandardseid suurusi<br \/>&#8211; ettepanek on ainult riiulile ja ei sisalda sulgusid<br \/>&#8211; Mudel t\u00e4iendab suurep\u00e4raselt PRESTIGE laua jalgu<\/p>\n<hr>\n<p>T\u00e4ispuidust valmistatud riiul on toode, mis koos malmist v\u00f5i terasest klambriga loob stiilse ja praktilise seinakaunistuse. Iga stuudio ja lastetuba saab kasu tammepuust raamaturiiulite karkassist seinal. PRESTIGE mudelil on veel \u00fcks rakendus. PRESTIGE puidust riiuli, mis tahes tammepuust lauaplaadi mudeli ja PRESTIGE terasest jalgadega saate luua m\u00e4rkamatu s\u00f6\u00f6gilaua v\u00f5i k\u00f6\u00f6gi. Puidust riiulil on naturaalse \u00f5liv\u00e4rvi puhul heledat, \u00f5lgkatusega tooni ja kaunilt r\u00f5hutatud puidumassiiviga. Puidust seinariiul sobib ideaalselt magamistubadesse, elutubadesse, garderoobidesse v\u00f5i koridoridesse.<\/p>\n<hr>\n<\/div>\n","protected":false},"excerpt":{"rendered":"<p>Mudel PSE-OL Paksus (cm) 3 \u00dcldine laius (cm ) 33,5 V\u00e4rv Puit &#8211; naturaalne \u00f5li Viimistlemine \u00f5liriidega &#8211; tammepuust riiul,<\/p>\n","protected":false},"featured_media":113116,"comment_status":"open","ping_status":"closed","template":"","meta":{"_acf_changed":false,"pmpro_default_level":""},"product_brand":[],"product_cat":[24195],"product_tag":[],"class_list":{"0":"post-135379","1":"product","2":"type-product","3":"status-publish","4":"has-post-thumbnail","6":"product_cat-riiulite-jaoks","7":"pmpro-has-access","9":"first","10":"instock","11":"shipping-taxable","12":"purchasable","13":"product-type-simple"},"acf":[],"yoast_head":"<!-- This site is optimized with the Yoast SEO plugin v24.9 - https:\/\/yoast.com\/wordpress\/plugins\/seo\/ -->\n<title>PRESTIGE puidust riiul tamme naturaalne \u00f5li - MetalTale.com<\/title>\n<meta name=\"robots\" content=\"index, follow, max-snippet:-1, max-image-preview:large, max-video-preview:-1\" \/>\n<link rel=\"canonical\" href=\"https:\/\/metaltale.com\/et\/toode\/prestige-puidust-riiul-tamme-naturaalne-oli\/\" \/>\n<meta property=\"og:locale\" content=\"et_EE\" \/>\n<meta property=\"og:type\" content=\"article\" \/>\n<meta property=\"og:title\" content=\"PRESTIGE puidust riiul tamme naturaalne \u00f5li - MetalTale.com\" \/>\n<meta property=\"og:description\" content=\"Mudel PSE-OL Paksus (cm) 3 \u00dcldine laius (cm ) 33,5 V\u00e4rv Puit &#8211; naturaalne \u00f5li Viimistlemine \u00f5liriidega &#8211; tammepuust riiul,\" \/>\n<meta property=\"og:url\" content=\"https:\/\/metaltale.com\/et\/toode\/prestige-puidust-riiul-tamme-naturaalne-oli\/\" \/>\n<meta property=\"og:site_name\" content=\"MetalTale.com\" \/>\n<meta name=\"twitter:card\" content=\"summary_large_image\" \/>\n<meta name=\"twitter:label1\" content=\"Est. reading time\" \/>\n\t<meta name=\"twitter:data1\" content=\"1 minut\" \/>\n<script type=\"application\/ld+json\" class=\"yoast-schema-graph\">{\"@context\":\"https:\/\/schema.org\",\"@graph\":[{\"@type\":\"WebPage\",\"@id\":\"https:\/\/metaltale.com\/et\/toode\/prestige-puidust-riiul-tamme-naturaalne-oli\/\",\"url\":\"https:\/\/metaltale.com\/et\/toode\/prestige-puidust-riiul-tamme-naturaalne-oli\/\",\"name\":\"PRESTIGE puidust riiul tamme naturaalne \u00f5li - MetalTale.com\",\"isPartOf\":{\"@id\":\"https:\/\/metaltale.com\/et\/#website\"},\"primaryImageOfPage\":{\"@id\":\"https:\/\/metaltale.com\/et\/toode\/prestige-puidust-riiul-tamme-naturaalne-oli\/#primaryimage\"},\"image\":{\"@id\":\"https:\/\/metaltale.com\/et\/toode\/prestige-puidust-riiul-tamme-naturaalne-oli\/#primaryimage\"},\"thumbnailUrl\":\"https:\/\/metaltale.com\/wp-content\/uploads\/2023\/11\/Lentyna-PRESTIGE-3x33x160-Raw.jpg\",\"datePublished\":\"2024-02-13T11:39:42+00:00\",\"breadcrumb\":{\"@id\":\"https:\/\/metaltale.com\/et\/toode\/prestige-puidust-riiul-tamme-naturaalne-oli\/#breadcrumb\"},\"inLanguage\":\"et\",\"potentialAction\":[{\"@type\":\"ReadAction\",\"target\":[\"https:\/\/metaltale.com\/et\/toode\/prestige-puidust-riiul-tamme-naturaalne-oli\/\"]}]},{\"@type\":\"ImageObject\",\"inLanguage\":\"et\",\"@id\":\"https:\/\/metaltale.com\/et\/toode\/prestige-puidust-riiul-tamme-naturaalne-oli\/#primaryimage\",\"url\":\"https:\/\/metaltale.com\/wp-content\/uploads\/2023\/11\/Lentyna-PRESTIGE-3x33x160-Raw.jpg\",\"contentUrl\":\"https:\/\/metaltale.com\/wp-content\/uploads\/2023\/11\/Lentyna-PRESTIGE-3x33x160-Raw.jpg\",\"width\":800,\"height\":800},{\"@type\":\"BreadcrumbList\",\"@id\":\"https:\/\/metaltale.com\/et\/toode\/prestige-puidust-riiul-tamme-naturaalne-oli\/#breadcrumb\",\"itemListElement\":[{\"@type\":\"ListItem\",\"position\":1,\"name\":\"Home\",\"item\":\"https:\/\/metaltale.com\/et\/kodu\/\"},{\"@type\":\"ListItem\",\"position\":2,\"name\":\"Kauplus\",\"item\":\"https:\/\/metaltale.com\/et\/shop\/\"},{\"@type\":\"ListItem\",\"position\":3,\"name\":\"PRESTIGE puidust riiul tamme naturaalne \u00f5li\"}]},{\"@type\":\"WebSite\",\"@id\":\"https:\/\/metaltale.com\/et\/#website\",\"url\":\"https:\/\/metaltale.com\/et\/\",\"name\":\"Metaltale.com\",\"description\":\"\",\"potentialAction\":[{\"@type\":\"SearchAction\",\"target\":{\"@type\":\"EntryPoint\",\"urlTemplate\":\"https:\/\/metaltale.com\/et\/?s={search_term_string}\"},\"query-input\":{\"@type\":\"PropertyValueSpecification\",\"valueRequired\":true,\"valueName\":\"search_term_string\"}}],\"inLanguage\":\"et\"}]}<\/script>\n<!-- \/ Yoast SEO plugin. -->","yoast_head_json":{"title":"PRESTIGE puidust riiul tamme naturaalne \u00f5li - MetalTale.com","robots":{"index":"index","follow":"follow","max-snippet":"max-snippet:-1","max-image-preview":"max-image-preview:large","max-video-preview":"max-video-preview:-1"},"canonical":"https:\/\/metaltale.com\/et\/toode\/prestige-puidust-riiul-tamme-naturaalne-oli\/","og_locale":"et_EE","og_type":"article","og_title":"PRESTIGE puidust riiul tamme naturaalne \u00f5li - MetalTale.com","og_description":"Mudel PSE-OL Paksus (cm) 3 \u00dcldine laius (cm ) 33,5 V\u00e4rv Puit &#8211; naturaalne \u00f5li Viimistlemine \u00f5liriidega &#8211; tammepuust riiul,","og_url":"https:\/\/metaltale.com\/et\/toode\/prestige-puidust-riiul-tamme-naturaalne-oli\/","og_site_name":"MetalTale.com","twitter_card":"summary_large_image","twitter_misc":{"Est. reading time":"1 minut"},"schema":{"@context":"https:\/\/schema.org","@graph":[{"@type":"WebPage","@id":"https:\/\/metaltale.com\/et\/toode\/prestige-puidust-riiul-tamme-naturaalne-oli\/","url":"https:\/\/metaltale.com\/et\/toode\/prestige-puidust-riiul-tamme-naturaalne-oli\/","name":"PRESTIGE puidust riiul tamme naturaalne \u00f5li - MetalTale.com","isPartOf":{"@id":"https:\/\/metaltale.com\/et\/#website"},"primaryImageOfPage":{"@id":"https:\/\/metaltale.com\/et\/toode\/prestige-puidust-riiul-tamme-naturaalne-oli\/#primaryimage"},"image":{"@id":"https:\/\/metaltale.com\/et\/toode\/prestige-puidust-riiul-tamme-naturaalne-oli\/#primaryimage"},"thumbnailUrl":"https:\/\/metaltale.com\/wp-content\/uploads\/2023\/11\/Lentyna-PRESTIGE-3x33x160-Raw.jpg","datePublished":"2024-02-13T11:39:42+00:00","breadcrumb":{"@id":"https:\/\/metaltale.com\/et\/toode\/prestige-puidust-riiul-tamme-naturaalne-oli\/#breadcrumb"},"inLanguage":"et","potentialAction":[{"@type":"ReadAction","target":["https:\/\/metaltale.com\/et\/toode\/prestige-puidust-riiul-tamme-naturaalne-oli\/"]}]},{"@type":"ImageObject","inLanguage":"et","@id":"https:\/\/metaltale.com\/et\/toode\/prestige-puidust-riiul-tamme-naturaalne-oli\/#primaryimage","url":"https:\/\/metaltale.com\/wp-content\/uploads\/2023\/11\/Lentyna-PRESTIGE-3x33x160-Raw.jpg","contentUrl":"https:\/\/metaltale.com\/wp-content\/uploads\/2023\/11\/Lentyna-PRESTIGE-3x33x160-Raw.jpg","width":800,"height":800},{"@type":"BreadcrumbList","@id":"https:\/\/metaltale.com\/et\/toode\/prestige-puidust-riiul-tamme-naturaalne-oli\/#breadcrumb","itemListElement":[{"@type":"ListItem","position":1,"name":"Home","item":"https:\/\/metaltale.com\/et\/kodu\/"},{"@type":"ListItem","position":2,"name":"Kauplus","item":"https:\/\/metaltale.com\/et\/shop\/"},{"@type":"ListItem","position":3,"name":"PRESTIGE puidust riiul tamme naturaalne \u00f5li"}]},{"@type":"WebSite","@id":"https:\/\/metaltale.com\/et\/#website","url":"https:\/\/metaltale.com\/et\/","name":"Metaltale.com","description":"","potentialAction":[{"@type":"SearchAction","target":{"@type":"EntryPoint","urlTemplate":"https:\/\/metaltale.com\/et\/?s={search_term_string}"},"query-input":{"@type":"PropertyValueSpecification","valueRequired":true,"valueName":"search_term_string"}}],"inLanguage":"et"}]}},"_links":{"self":[{"href":"https:\/\/metaltale.com\/et\/wp-json\/wp\/v2\/product\/135379","targetHints":{"allow":["GET"]}}],"collection":[{"href":"https:\/\/metaltale.com\/et\/wp-json\/wp\/v2\/product"}],"about":[{"href":"https:\/\/metaltale.com\/et\/wp-json\/wp\/v2\/types\/product"}],"replies":[{"embeddable":true,"href":"https:\/\/metaltale.com\/et\/wp-json\/wp\/v2\/comments?post=135379"}],"version-history":[{"count":0,"href":"https:\/\/metaltale.com\/et\/wp-json\/wp\/v2\/product\/135379\/revisions"}],"wp:featuredmedia":[{"embeddable":true,"href":"https:\/\/metaltale.com\/et\/wp-json\/wp\/v2\/media\/113116"}],"wp:attachment":[{"href":"https:\/\/metaltale.com\/et\/wp-json\/wp\/v2\/media?parent=135379"}],"wp:term":[{"taxonomy":"product_brand","embeddable":true,"href":"https:\/\/metaltale.com\/et\/wp-json\/wp\/v2\/product_brand?post=135379"},{"taxonomy":"product_cat","embeddable":true,"href":"https:\/\/metaltale.com\/et\/wp-json\/wp\/v2\/product_cat?post=135379"},{"taxonomy":"product_tag","embeddable":true,"href":"https:\/\/metaltale.com\/et\/wp-json\/wp\/v2\/product_tag?post=135379"}],"curies":[{"name":"wp","href":"https:\/\/api.w.org\/{rel}","templated":true}]}}