{"id":135374,"date":"2024-02-13T14:41:05","date_gmt":"2024-02-13T12:41:05","guid":{"rendered":"https:\/\/metaltale.com\/produktas\/kraanikauss-roosakas-kuldne-kuper-1-low\/"},"modified":"2024-02-13T14:41:05","modified_gmt":"2024-02-13T12:41:05","slug":"kraanikauss-roosakas-kuldne-kuper-1-low","status":"publish","type":"product","link":"https:\/\/metaltale.com\/et\/toode\/kraanikauss-roosakas-kuldne-kuper-1-low\/","title":{"rendered":"Kraanikauss roosakas kuldne KUPER 1 LOW"},"content":{"rendered":"<div class=\"prod_data\"><strong>Mudel<\/strong> WX.CO. U1. SHO. RZL  <br \/>Vase kollektsioon <br \/><strong>EAN.<\/strong>  5905369900983  <br \/>Segisti t\u00fc\u00fcp Vabalt seisev <br \/><strong>V\u00e4ljalaskeava pikkus (cm)<\/strong> 15  <br \/>K\u00f5rgus ninaotsani (cm) 12 <br \/>Materjal Messing <br \/>Paigaldusava l\u00e4bim\u00f5\u00f5t 3,2 <br \/>\u00dcldine k\u00f5rgus (cm) 16 <br \/>Perlator (\u00f5hutaja) Jah <br \/>P\u00f6\u00f6rlev v\u00e4ljalaskeava Jah <br \/>V\u00e4rv Roosa kuld <br \/>Viimistlus l\u00e4ikiv <\/p>\n<p>&#8211; messingist patarei<br \/>&#8211; p\u00f6\u00f6rlev v\u00e4ljalaskeava<br \/>&#8211; keraamiline pea &#8211; element, mis tagab vee n\u00f5uetekohase jaotumise <br \/>&#8211; Aerator &#8211; aerator, mis tagab v\u00e4iksema veetarbimise<br \/>&#8211; k\u00f5ik komplektis olevad kokkupanekuks vajalikud elemendid (voolikud, kruvi lauaplaadile, tihendid kruvile)<br \/>&#8211; vaata teisi mudeleid Copper kollektsioonist<\/p>\n<hr>\n<p>Vaskne valamusegisti on retroh\u00f5nguline vannitoaarmatuur. Roosakas kuldne l\u00e4ikiv viimistlus lisab interj\u00f6\u00f6rile elegantsust, samas kui tume h\u00f5\u00f5rutud pind lisab maal\u00e4hedase puudutuse. Stiliseeritud kukeseened suurendavad muljet kuninglikust vannist. Pikk otsik tagab kasutusmugavuse.<\/p>\n<\/div>\n","protected":false},"excerpt":{"rendered":"<p>Mudel WX.CO. U1. SHO. RZL Vase kollektsioon EAN. 5905369900983 Segisti t\u00fc\u00fcp Vabalt seisev V\u00e4ljalaskeava pikkus (cm) 15 K\u00f5rgus ninaotsani (cm)<\/p>\n","protected":false},"featured_media":89469,"comment_status":"open","ping_status":"closed","template":"","meta":{"_acf_changed":false,"pmpro_default_level":""},"product_brand":[],"product_cat":[24175],"product_tag":[],"class_list":{"0":"post-135374","1":"product","2":"type-product","3":"status-publish","4":"has-post-thumbnail","6":"product_cat-valamu-segistid","7":"pmpro-has-access","9":"first","10":"instock","11":"shipping-taxable","12":"purchasable","13":"product-type-simple"},"acf":[],"yoast_head":"<!-- This site is optimized with the Yoast SEO plugin v24.9 - https:\/\/yoast.com\/wordpress\/plugins\/seo\/ -->\n<title>Kraanikauss roosakas kuldne KUPER 1 LOW - MetalTale.com<\/title>\n<meta name=\"robots\" content=\"index, follow, max-snippet:-1, max-image-preview:large, max-video-preview:-1\" \/>\n<link rel=\"canonical\" href=\"https:\/\/metaltale.com\/et\/toode\/kraanikauss-roosakas-kuldne-kuper-1-low\/\" \/>\n<meta property=\"og:locale\" content=\"et_EE\" \/>\n<meta property=\"og:type\" content=\"article\" \/>\n<meta property=\"og:title\" content=\"Kraanikauss roosakas kuldne KUPER 1 LOW - MetalTale.com\" \/>\n<meta property=\"og:description\" content=\"Mudel WX.CO. U1. SHO. RZL Vase kollektsioon EAN. 5905369900983 Segisti t\u00fc\u00fcp Vabalt seisev V\u00e4ljalaskeava pikkus (cm) 15 K\u00f5rgus ninaotsani (cm)\" \/>\n<meta property=\"og:url\" content=\"https:\/\/metaltale.com\/et\/toode\/kraanikauss-roosakas-kuldne-kuper-1-low\/\" \/>\n<meta property=\"og:site_name\" content=\"MetalTale.com\" \/>\n<meta name=\"twitter:card\" content=\"summary_large_image\" \/>\n<meta name=\"twitter:label1\" content=\"Est. reading time\" \/>\n\t<meta name=\"twitter:data1\" content=\"1 minut\" \/>\n<script type=\"application\/ld+json\" class=\"yoast-schema-graph\">{\"@context\":\"https:\/\/schema.org\",\"@graph\":[{\"@type\":\"WebPage\",\"@id\":\"https:\/\/metaltale.com\/et\/toode\/kraanikauss-roosakas-kuldne-kuper-1-low\/\",\"url\":\"https:\/\/metaltale.com\/et\/toode\/kraanikauss-roosakas-kuldne-kuper-1-low\/\",\"name\":\"Kraanikauss roosakas kuldne KUPER 1 LOW - MetalTale.com\",\"isPartOf\":{\"@id\":\"https:\/\/metaltale.com\/et\/#website\"},\"primaryImageOfPage\":{\"@id\":\"https:\/\/metaltale.com\/et\/toode\/kraanikauss-roosakas-kuldne-kuper-1-low\/#primaryimage\"},\"image\":{\"@id\":\"https:\/\/metaltale.com\/et\/toode\/kraanikauss-roosakas-kuldne-kuper-1-low\/#primaryimage\"},\"thumbnailUrl\":\"https:\/\/metaltale.com\/wp-content\/uploads\/2023\/10\/Praustuvo-maix161ytuvas-rox17Einis-auksas-VARIS-1-x17DEMAS.jpg\",\"datePublished\":\"2024-02-13T12:41:05+00:00\",\"breadcrumb\":{\"@id\":\"https:\/\/metaltale.com\/et\/toode\/kraanikauss-roosakas-kuldne-kuper-1-low\/#breadcrumb\"},\"inLanguage\":\"et\",\"potentialAction\":[{\"@type\":\"ReadAction\",\"target\":[\"https:\/\/metaltale.com\/et\/toode\/kraanikauss-roosakas-kuldne-kuper-1-low\/\"]}]},{\"@type\":\"ImageObject\",\"inLanguage\":\"et\",\"@id\":\"https:\/\/metaltale.com\/et\/toode\/kraanikauss-roosakas-kuldne-kuper-1-low\/#primaryimage\",\"url\":\"https:\/\/metaltale.com\/wp-content\/uploads\/2023\/10\/Praustuvo-maix161ytuvas-rox17Einis-auksas-VARIS-1-x17DEMAS.jpg\",\"contentUrl\":\"https:\/\/metaltale.com\/wp-content\/uploads\/2023\/10\/Praustuvo-maix161ytuvas-rox17Einis-auksas-VARIS-1-x17DEMAS.jpg\",\"width\":800,\"height\":800},{\"@type\":\"BreadcrumbList\",\"@id\":\"https:\/\/metaltale.com\/et\/toode\/kraanikauss-roosakas-kuldne-kuper-1-low\/#breadcrumb\",\"itemListElement\":[{\"@type\":\"ListItem\",\"position\":1,\"name\":\"Home\",\"item\":\"https:\/\/metaltale.com\/et\/kodu\/\"},{\"@type\":\"ListItem\",\"position\":2,\"name\":\"Kauplus\",\"item\":\"https:\/\/metaltale.com\/et\/shop\/\"},{\"@type\":\"ListItem\",\"position\":3,\"name\":\"Kraanikauss roosakas kuldne KUPER 1 LOW\"}]},{\"@type\":\"WebSite\",\"@id\":\"https:\/\/metaltale.com\/et\/#website\",\"url\":\"https:\/\/metaltale.com\/et\/\",\"name\":\"Metaltale.com\",\"description\":\"\",\"potentialAction\":[{\"@type\":\"SearchAction\",\"target\":{\"@type\":\"EntryPoint\",\"urlTemplate\":\"https:\/\/metaltale.com\/et\/?s={search_term_string}\"},\"query-input\":{\"@type\":\"PropertyValueSpecification\",\"valueRequired\":true,\"valueName\":\"search_term_string\"}}],\"inLanguage\":\"et\"}]}<\/script>\n<!-- \/ Yoast SEO plugin. -->","yoast_head_json":{"title":"Kraanikauss roosakas kuldne KUPER 1 LOW - MetalTale.com","robots":{"index":"index","follow":"follow","max-snippet":"max-snippet:-1","max-image-preview":"max-image-preview:large","max-video-preview":"max-video-preview:-1"},"canonical":"https:\/\/metaltale.com\/et\/toode\/kraanikauss-roosakas-kuldne-kuper-1-low\/","og_locale":"et_EE","og_type":"article","og_title":"Kraanikauss roosakas kuldne KUPER 1 LOW - MetalTale.com","og_description":"Mudel WX.CO. U1. SHO. RZL Vase kollektsioon EAN. 5905369900983 Segisti t\u00fc\u00fcp Vabalt seisev V\u00e4ljalaskeava pikkus (cm) 15 K\u00f5rgus ninaotsani (cm)","og_url":"https:\/\/metaltale.com\/et\/toode\/kraanikauss-roosakas-kuldne-kuper-1-low\/","og_site_name":"MetalTale.com","twitter_card":"summary_large_image","twitter_misc":{"Est. reading time":"1 minut"},"schema":{"@context":"https:\/\/schema.org","@graph":[{"@type":"WebPage","@id":"https:\/\/metaltale.com\/et\/toode\/kraanikauss-roosakas-kuldne-kuper-1-low\/","url":"https:\/\/metaltale.com\/et\/toode\/kraanikauss-roosakas-kuldne-kuper-1-low\/","name":"Kraanikauss roosakas kuldne KUPER 1 LOW - MetalTale.com","isPartOf":{"@id":"https:\/\/metaltale.com\/et\/#website"},"primaryImageOfPage":{"@id":"https:\/\/metaltale.com\/et\/toode\/kraanikauss-roosakas-kuldne-kuper-1-low\/#primaryimage"},"image":{"@id":"https:\/\/metaltale.com\/et\/toode\/kraanikauss-roosakas-kuldne-kuper-1-low\/#primaryimage"},"thumbnailUrl":"https:\/\/metaltale.com\/wp-content\/uploads\/2023\/10\/Praustuvo-maix161ytuvas-rox17Einis-auksas-VARIS-1-x17DEMAS.jpg","datePublished":"2024-02-13T12:41:05+00:00","breadcrumb":{"@id":"https:\/\/metaltale.com\/et\/toode\/kraanikauss-roosakas-kuldne-kuper-1-low\/#breadcrumb"},"inLanguage":"et","potentialAction":[{"@type":"ReadAction","target":["https:\/\/metaltale.com\/et\/toode\/kraanikauss-roosakas-kuldne-kuper-1-low\/"]}]},{"@type":"ImageObject","inLanguage":"et","@id":"https:\/\/metaltale.com\/et\/toode\/kraanikauss-roosakas-kuldne-kuper-1-low\/#primaryimage","url":"https:\/\/metaltale.com\/wp-content\/uploads\/2023\/10\/Praustuvo-maix161ytuvas-rox17Einis-auksas-VARIS-1-x17DEMAS.jpg","contentUrl":"https:\/\/metaltale.com\/wp-content\/uploads\/2023\/10\/Praustuvo-maix161ytuvas-rox17Einis-auksas-VARIS-1-x17DEMAS.jpg","width":800,"height":800},{"@type":"BreadcrumbList","@id":"https:\/\/metaltale.com\/et\/toode\/kraanikauss-roosakas-kuldne-kuper-1-low\/#breadcrumb","itemListElement":[{"@type":"ListItem","position":1,"name":"Home","item":"https:\/\/metaltale.com\/et\/kodu\/"},{"@type":"ListItem","position":2,"name":"Kauplus","item":"https:\/\/metaltale.com\/et\/shop\/"},{"@type":"ListItem","position":3,"name":"Kraanikauss roosakas kuldne KUPER 1 LOW"}]},{"@type":"WebSite","@id":"https:\/\/metaltale.com\/et\/#website","url":"https:\/\/metaltale.com\/et\/","name":"Metaltale.com","description":"","potentialAction":[{"@type":"SearchAction","target":{"@type":"EntryPoint","urlTemplate":"https:\/\/metaltale.com\/et\/?s={search_term_string}"},"query-input":{"@type":"PropertyValueSpecification","valueRequired":true,"valueName":"search_term_string"}}],"inLanguage":"et"}]}},"_links":{"self":[{"href":"https:\/\/metaltale.com\/et\/wp-json\/wp\/v2\/product\/135374","targetHints":{"allow":["GET"]}}],"collection":[{"href":"https:\/\/metaltale.com\/et\/wp-json\/wp\/v2\/product"}],"about":[{"href":"https:\/\/metaltale.com\/et\/wp-json\/wp\/v2\/types\/product"}],"replies":[{"embeddable":true,"href":"https:\/\/metaltale.com\/et\/wp-json\/wp\/v2\/comments?post=135374"}],"version-history":[{"count":0,"href":"https:\/\/metaltale.com\/et\/wp-json\/wp\/v2\/product\/135374\/revisions"}],"wp:featuredmedia":[{"embeddable":true,"href":"https:\/\/metaltale.com\/et\/wp-json\/wp\/v2\/media\/89469"}],"wp:attachment":[{"href":"https:\/\/metaltale.com\/et\/wp-json\/wp\/v2\/media?parent=135374"}],"wp:term":[{"taxonomy":"product_brand","embeddable":true,"href":"https:\/\/metaltale.com\/et\/wp-json\/wp\/v2\/product_brand?post=135374"},{"taxonomy":"product_cat","embeddable":true,"href":"https:\/\/metaltale.com\/et\/wp-json\/wp\/v2\/product_cat?post=135374"},{"taxonomy":"product_tag","embeddable":true,"href":"https:\/\/metaltale.com\/et\/wp-json\/wp\/v2\/product_tag?post=135374"}],"curies":[{"name":"wp","href":"https:\/\/api.w.org\/{rel}","templated":true}]}}