{"id":135366,"date":"2024-02-13T13:51:04","date_gmt":"2024-02-13T11:51:04","guid":{"rendered":"https:\/\/metaltale.com\/produktas\/vannitopper-ulevooluga-antiikpronks-decorative\/"},"modified":"2024-02-13T13:51:04","modified_gmt":"2024-02-13T11:51:04","slug":"vannitopper-ulevooluga-antiikpronks-decorative","status":"publish","type":"product","link":"https:\/\/metaltale.com\/et\/toode\/vannitopper-ulevooluga-antiikpronks-decorative\/","title":{"rendered":"Vannitopper \u00fclevooluga Antiikpronks DECORATIVE"},"content":{"rendered":"<div class=\"prod_data\"><strong>Mudel<\/strong> WX. XSQ15. POLITSEIAMETNIK. KLI  <br \/>S\u00e4ra <strong>kollektsioon<\/strong>  <br \/><strong>EAN.<\/strong>  5905369904202  <br \/>Materjal Messing <br \/><strong> [cm]Kogupikkus<\/strong> 36 <strong> <\/strong> <br \/>\u00dcldine k\u00f5rgus (cm) 19 <br \/><strong>\u00dcldine laius (cm)<\/strong> 6,5  <br \/><strong>Aluse l\u00e4bim\u00f5\u00f5t (cm)<\/strong> 3  <br \/><strong>\u00dclevool<\/strong> Jah  <br \/>V\u00e4rv Antiikpronks <br \/>Viimistlus l\u00e4ikiv <br \/><strong>LISAINFO<\/strong> auguga stopper  <\/p>\n<p dir=\"ltr\"><span>&#8211; messingist klikk-t\u00fc\u00fcpi kraanikaussi stopper<br \/>&#8211; \u00fcldl\u00e4bim\u00f5\u00f5t 6.8cm<br \/>&#8211; auguga mudel<\/span><\/p>\n<hr>\n<p dir=\"ltr\"><span>&#8220;Click-clak pesualuse pistik on nii mugav ja praktiline lahendus, et sellest on saanud meie vannitoas p\u00fcsiv funktsioon. \u00dcks kaane vajutus sulgeb vee v\u00e4ljalaskeava, teine vajutus t\u00f5stab kaane \u00fcles ja vesi voolab v\u00e4lja. Antiikpruunist messingist stopper on t\u00e4iuslik t\u00e4iendus glamuurile ja retroh\u00f5ngulisele paigutusele, sobitudes meie kraanide valikuga. Selline v\u00e4ike detail nagu stopper &#8211; kui see on \u00f5igesti valitud &#8211; t\u00e4iendab ja parandab suurep\u00e4raselt vannitoa ja tualeti atmosf\u00e4\u00e4ri.  <br \/><\/span><\/p>\n<hr>\n<p dir=\"ltr\">\n<\/div>\n","protected":false},"excerpt":{"rendered":"<p>Mudel WX. XSQ15. POLITSEIAMETNIK. KLI S\u00e4ra kollektsioon EAN. 5905369904202 Materjal Messing [cm]Kogupikkus 36 \u00dcldine k\u00f5rgus (cm) 19 \u00dcldine laius (cm)<\/p>\n","protected":false},"featured_media":81377,"comment_status":"open","ping_status":"closed","template":"","meta":{"_acf_changed":false,"pmpro_default_level":""},"product_brand":[],"product_cat":[24188],"product_tag":[],"class_list":{"0":"post-135366","1":"product","2":"type-product","3":"status-publish","4":"has-post-thumbnail","6":"product_cat-pesukausside-pistikud","7":"pmpro-has-access","9":"first","10":"instock","11":"shipping-taxable","12":"purchasable","13":"product-type-simple"},"acf":[],"yoast_head":"<!-- This site is optimized with the Yoast SEO plugin v24.9 - https:\/\/yoast.com\/wordpress\/plugins\/seo\/ -->\n<title>Vannitopper \u00fclevooluga Antiikpronks DECORATIVE - MetalTale.com<\/title>\n<meta name=\"robots\" content=\"index, follow, max-snippet:-1, max-image-preview:large, max-video-preview:-1\" \/>\n<link rel=\"canonical\" href=\"https:\/\/metaltale.com\/et\/toode\/vannitopper-ulevooluga-antiikpronks-decorative\/\" \/>\n<meta property=\"og:locale\" content=\"et_EE\" \/>\n<meta property=\"og:type\" content=\"article\" \/>\n<meta property=\"og:title\" content=\"Vannitopper \u00fclevooluga Antiikpronks DECORATIVE - MetalTale.com\" \/>\n<meta property=\"og:description\" content=\"Mudel WX. XSQ15. POLITSEIAMETNIK. KLI S\u00e4ra kollektsioon EAN. 5905369904202 Materjal Messing [cm]Kogupikkus 36 \u00dcldine k\u00f5rgus (cm) 19 \u00dcldine laius (cm)\" \/>\n<meta property=\"og:url\" content=\"https:\/\/metaltale.com\/et\/toode\/vannitopper-ulevooluga-antiikpronks-decorative\/\" \/>\n<meta property=\"og:site_name\" content=\"MetalTale.com\" \/>\n<meta name=\"twitter:card\" content=\"summary_large_image\" \/>\n<meta name=\"twitter:label1\" content=\"Est. reading time\" \/>\n\t<meta name=\"twitter:data1\" content=\"1 minut\" \/>\n<script type=\"application\/ld+json\" class=\"yoast-schema-graph\">{\"@context\":\"https:\/\/schema.org\",\"@graph\":[{\"@type\":\"WebPage\",\"@id\":\"https:\/\/metaltale.com\/et\/toode\/vannitopper-ulevooluga-antiikpronks-decorative\/\",\"url\":\"https:\/\/metaltale.com\/et\/toode\/vannitopper-ulevooluga-antiikpronks-decorative\/\",\"name\":\"Vannitopper \u00fclevooluga Antiikpronks DECORATIVE - MetalTale.com\",\"isPartOf\":{\"@id\":\"https:\/\/metaltale.com\/et\/#website\"},\"primaryImageOfPage\":{\"@id\":\"https:\/\/metaltale.com\/et\/toode\/vannitopper-ulevooluga-antiikpronks-decorative\/#primaryimage\"},\"image\":{\"@id\":\"https:\/\/metaltale.com\/et\/toode\/vannitopper-ulevooluga-antiikpronks-decorative\/#primaryimage\"},\"thumbnailUrl\":\"https:\/\/metaltale.com\/wp-content\/uploads\/2023\/10\/Praustuvo-kamx161tis-su-perpildymu-antikvarinx117-bronza-DEKORATYVINIS.jpg\",\"datePublished\":\"2024-02-13T11:51:04+00:00\",\"breadcrumb\":{\"@id\":\"https:\/\/metaltale.com\/et\/toode\/vannitopper-ulevooluga-antiikpronks-decorative\/#breadcrumb\"},\"inLanguage\":\"et\",\"potentialAction\":[{\"@type\":\"ReadAction\",\"target\":[\"https:\/\/metaltale.com\/et\/toode\/vannitopper-ulevooluga-antiikpronks-decorative\/\"]}]},{\"@type\":\"ImageObject\",\"inLanguage\":\"et\",\"@id\":\"https:\/\/metaltale.com\/et\/toode\/vannitopper-ulevooluga-antiikpronks-decorative\/#primaryimage\",\"url\":\"https:\/\/metaltale.com\/wp-content\/uploads\/2023\/10\/Praustuvo-kamx161tis-su-perpildymu-antikvarinx117-bronza-DEKORATYVINIS.jpg\",\"contentUrl\":\"https:\/\/metaltale.com\/wp-content\/uploads\/2023\/10\/Praustuvo-kamx161tis-su-perpildymu-antikvarinx117-bronza-DEKORATYVINIS.jpg\",\"width\":800,\"height\":800},{\"@type\":\"BreadcrumbList\",\"@id\":\"https:\/\/metaltale.com\/et\/toode\/vannitopper-ulevooluga-antiikpronks-decorative\/#breadcrumb\",\"itemListElement\":[{\"@type\":\"ListItem\",\"position\":1,\"name\":\"Home\",\"item\":\"https:\/\/metaltale.com\/et\/kodu\/\"},{\"@type\":\"ListItem\",\"position\":2,\"name\":\"Kauplus\",\"item\":\"https:\/\/metaltale.com\/et\/shop\/\"},{\"@type\":\"ListItem\",\"position\":3,\"name\":\"Vannitopper \u00fclevooluga Antiikpronks DECORATIVE\"}]},{\"@type\":\"WebSite\",\"@id\":\"https:\/\/metaltale.com\/et\/#website\",\"url\":\"https:\/\/metaltale.com\/et\/\",\"name\":\"Metaltale.com\",\"description\":\"\",\"potentialAction\":[{\"@type\":\"SearchAction\",\"target\":{\"@type\":\"EntryPoint\",\"urlTemplate\":\"https:\/\/metaltale.com\/et\/?s={search_term_string}\"},\"query-input\":{\"@type\":\"PropertyValueSpecification\",\"valueRequired\":true,\"valueName\":\"search_term_string\"}}],\"inLanguage\":\"et\"}]}<\/script>\n<!-- \/ Yoast SEO plugin. -->","yoast_head_json":{"title":"Vannitopper \u00fclevooluga Antiikpronks DECORATIVE - MetalTale.com","robots":{"index":"index","follow":"follow","max-snippet":"max-snippet:-1","max-image-preview":"max-image-preview:large","max-video-preview":"max-video-preview:-1"},"canonical":"https:\/\/metaltale.com\/et\/toode\/vannitopper-ulevooluga-antiikpronks-decorative\/","og_locale":"et_EE","og_type":"article","og_title":"Vannitopper \u00fclevooluga Antiikpronks DECORATIVE - MetalTale.com","og_description":"Mudel WX. XSQ15. POLITSEIAMETNIK. KLI S\u00e4ra kollektsioon EAN. 5905369904202 Materjal Messing [cm]Kogupikkus 36 \u00dcldine k\u00f5rgus (cm) 19 \u00dcldine laius (cm)","og_url":"https:\/\/metaltale.com\/et\/toode\/vannitopper-ulevooluga-antiikpronks-decorative\/","og_site_name":"MetalTale.com","twitter_card":"summary_large_image","twitter_misc":{"Est. reading time":"1 minut"},"schema":{"@context":"https:\/\/schema.org","@graph":[{"@type":"WebPage","@id":"https:\/\/metaltale.com\/et\/toode\/vannitopper-ulevooluga-antiikpronks-decorative\/","url":"https:\/\/metaltale.com\/et\/toode\/vannitopper-ulevooluga-antiikpronks-decorative\/","name":"Vannitopper \u00fclevooluga Antiikpronks DECORATIVE - MetalTale.com","isPartOf":{"@id":"https:\/\/metaltale.com\/et\/#website"},"primaryImageOfPage":{"@id":"https:\/\/metaltale.com\/et\/toode\/vannitopper-ulevooluga-antiikpronks-decorative\/#primaryimage"},"image":{"@id":"https:\/\/metaltale.com\/et\/toode\/vannitopper-ulevooluga-antiikpronks-decorative\/#primaryimage"},"thumbnailUrl":"https:\/\/metaltale.com\/wp-content\/uploads\/2023\/10\/Praustuvo-kamx161tis-su-perpildymu-antikvarinx117-bronza-DEKORATYVINIS.jpg","datePublished":"2024-02-13T11:51:04+00:00","breadcrumb":{"@id":"https:\/\/metaltale.com\/et\/toode\/vannitopper-ulevooluga-antiikpronks-decorative\/#breadcrumb"},"inLanguage":"et","potentialAction":[{"@type":"ReadAction","target":["https:\/\/metaltale.com\/et\/toode\/vannitopper-ulevooluga-antiikpronks-decorative\/"]}]},{"@type":"ImageObject","inLanguage":"et","@id":"https:\/\/metaltale.com\/et\/toode\/vannitopper-ulevooluga-antiikpronks-decorative\/#primaryimage","url":"https:\/\/metaltale.com\/wp-content\/uploads\/2023\/10\/Praustuvo-kamx161tis-su-perpildymu-antikvarinx117-bronza-DEKORATYVINIS.jpg","contentUrl":"https:\/\/metaltale.com\/wp-content\/uploads\/2023\/10\/Praustuvo-kamx161tis-su-perpildymu-antikvarinx117-bronza-DEKORATYVINIS.jpg","width":800,"height":800},{"@type":"BreadcrumbList","@id":"https:\/\/metaltale.com\/et\/toode\/vannitopper-ulevooluga-antiikpronks-decorative\/#breadcrumb","itemListElement":[{"@type":"ListItem","position":1,"name":"Home","item":"https:\/\/metaltale.com\/et\/kodu\/"},{"@type":"ListItem","position":2,"name":"Kauplus","item":"https:\/\/metaltale.com\/et\/shop\/"},{"@type":"ListItem","position":3,"name":"Vannitopper \u00fclevooluga Antiikpronks DECORATIVE"}]},{"@type":"WebSite","@id":"https:\/\/metaltale.com\/et\/#website","url":"https:\/\/metaltale.com\/et\/","name":"Metaltale.com","description":"","potentialAction":[{"@type":"SearchAction","target":{"@type":"EntryPoint","urlTemplate":"https:\/\/metaltale.com\/et\/?s={search_term_string}"},"query-input":{"@type":"PropertyValueSpecification","valueRequired":true,"valueName":"search_term_string"}}],"inLanguage":"et"}]}},"_links":{"self":[{"href":"https:\/\/metaltale.com\/et\/wp-json\/wp\/v2\/product\/135366","targetHints":{"allow":["GET"]}}],"collection":[{"href":"https:\/\/metaltale.com\/et\/wp-json\/wp\/v2\/product"}],"about":[{"href":"https:\/\/metaltale.com\/et\/wp-json\/wp\/v2\/types\/product"}],"replies":[{"embeddable":true,"href":"https:\/\/metaltale.com\/et\/wp-json\/wp\/v2\/comments?post=135366"}],"version-history":[{"count":0,"href":"https:\/\/metaltale.com\/et\/wp-json\/wp\/v2\/product\/135366\/revisions"}],"wp:featuredmedia":[{"embeddable":true,"href":"https:\/\/metaltale.com\/et\/wp-json\/wp\/v2\/media\/81377"}],"wp:attachment":[{"href":"https:\/\/metaltale.com\/et\/wp-json\/wp\/v2\/media?parent=135366"}],"wp:term":[{"taxonomy":"product_brand","embeddable":true,"href":"https:\/\/metaltale.com\/et\/wp-json\/wp\/v2\/product_brand?post=135366"},{"taxonomy":"product_cat","embeddable":true,"href":"https:\/\/metaltale.com\/et\/wp-json\/wp\/v2\/product_cat?post=135366"},{"taxonomy":"product_tag","embeddable":true,"href":"https:\/\/metaltale.com\/et\/wp-json\/wp\/v2\/product_tag?post=135366"}],"curies":[{"name":"wp","href":"https:\/\/api.w.org\/{rel}","templated":true}]}}