{"id":135355,"date":"2024-02-13T14:43:05","date_gmt":"2024-02-13T12:43:05","guid":{"rendered":"https:\/\/metaltale.com\/produktas\/roosakas-kuldsed-pesemisvahendite-korgid-keskkond-2\/"},"modified":"2024-02-13T14:43:05","modified_gmt":"2024-02-13T12:43:05","slug":"roosakas-kuldsed-pesemisvahendite-korgid-keskkond-2","status":"publish","type":"product","link":"https:\/\/metaltale.com\/et\/toode\/roosakas-kuldsed-pesemisvahendite-korgid-keskkond-2\/","title":{"rendered":"Roosakas kuldsed pesemisvahendite korgid KESKKOND 2"},"content":{"rendered":"<div class=\"prod_data\"><strong>Mudel<\/strong> WX. RC1. PRGR <br \/>Vase kollektsioon <br \/>Materjal Messing <br \/><strong>\u00dcldl\u00e4bim\u00f5\u00f5t (cm<\/strong> ) 6,5  <br \/><strong>\u00dclevool<\/strong> jah\/ei  <br \/>V\u00e4rv Roosa kuld <br \/>Viimistlus l\u00e4ikiv <\/p>\n<p>&#8211; messingist klikk-t\u00fc\u00fcpi kraanikaussi stopper<br \/>&#8211; l\u00e4bim\u00f5\u00f5t 3\/6,5 cm<br \/>&#8211; stopper kollektsiooni &#8220;Copper&#8221;, &#8220;Gleam&#8221; jaoks.<\/p>\n<hr>\n<p>Roosa kuldne pistik ilma \u00fclevooluta? Tehniline paigaldus v\u00f5ib olla ka stiilne! &#8220;Click-clak pesemisaluse pistik on intuitiivne tehniline toode stiilses versioonis. Lisaks roosakas kuldne viimistlus koos p\u00fcreega, on seda ka lihtne kasutada. Vee lekkimise peatamiseks vajutage lihtsalt katuselauale. Sama tuleks teha ka blokaadi vabastamiseks.<\/p>\n<\/div>\n","protected":false},"excerpt":{"rendered":"<p>Mudel WX. RC1. PRGR Vase kollektsioon Materjal Messing \u00dcldl\u00e4bim\u00f5\u00f5t (cm ) 6,5 \u00dclevool jah\/ei V\u00e4rv Roosa kuld Viimistlus l\u00e4ikiv &#8211;<\/p>\n","protected":false},"featured_media":90547,"comment_status":"open","ping_status":"closed","template":"","meta":{"_acf_changed":false,"pmpro_default_level":""},"product_brand":[],"product_cat":[24188],"product_tag":[],"class_list":{"0":"post-135355","1":"product","2":"type-product","3":"status-publish","4":"has-post-thumbnail","6":"product_cat-pesukausside-pistikud","7":"pmpro-has-access","9":"first","10":"instock","11":"shipping-taxable","12":"purchasable","13":"product-type-simple"},"acf":[],"yoast_head":"<!-- This site is optimized with the Yoast SEO plugin v24.9 - https:\/\/yoast.com\/wordpress\/plugins\/seo\/ -->\n<title>Roosakas kuldsed pesemisvahendite korgid KESKKOND 2 - MetalTale.com<\/title>\n<meta name=\"robots\" content=\"index, follow, max-snippet:-1, max-image-preview:large, max-video-preview:-1\" \/>\n<link rel=\"canonical\" href=\"https:\/\/metaltale.com\/et\/toode\/roosakas-kuldsed-pesemisvahendite-korgid-keskkond-2\/\" \/>\n<meta property=\"og:locale\" content=\"et_EE\" \/>\n<meta property=\"og:type\" content=\"article\" \/>\n<meta property=\"og:title\" content=\"Roosakas kuldsed pesemisvahendite korgid KESKKOND 2 - MetalTale.com\" \/>\n<meta property=\"og:description\" content=\"Mudel WX. RC1. PRGR Vase kollektsioon Materjal Messing \u00dcldl\u00e4bim\u00f5\u00f5t (cm ) 6,5 \u00dclevool jah\/ei V\u00e4rv Roosa kuld Viimistlus l\u00e4ikiv &#8211;\" \/>\n<meta property=\"og:url\" content=\"https:\/\/metaltale.com\/et\/toode\/roosakas-kuldsed-pesemisvahendite-korgid-keskkond-2\/\" \/>\n<meta property=\"og:site_name\" content=\"MetalTale.com\" \/>\n<meta name=\"twitter:card\" content=\"summary_large_image\" \/>\n<script type=\"application\/ld+json\" class=\"yoast-schema-graph\">{\"@context\":\"https:\/\/schema.org\",\"@graph\":[{\"@type\":\"WebPage\",\"@id\":\"https:\/\/metaltale.com\/et\/toode\/roosakas-kuldsed-pesemisvahendite-korgid-keskkond-2\/\",\"url\":\"https:\/\/metaltale.com\/et\/toode\/roosakas-kuldsed-pesemisvahendite-korgid-keskkond-2\/\",\"name\":\"Roosakas kuldsed pesemisvahendite korgid KESKKOND 2 - MetalTale.com\",\"isPartOf\":{\"@id\":\"https:\/\/metaltale.com\/et\/#website\"},\"primaryImageOfPage\":{\"@id\":\"https:\/\/metaltale.com\/et\/toode\/roosakas-kuldsed-pesemisvahendite-korgid-keskkond-2\/#primaryimage\"},\"image\":{\"@id\":\"https:\/\/metaltale.com\/et\/toode\/roosakas-kuldsed-pesemisvahendite-korgid-keskkond-2\/#primaryimage\"},\"thumbnailUrl\":\"https:\/\/metaltale.com\/wp-content\/uploads\/2023\/10\/Praustuvo-kamx161tis-be-perpildymo-rox17Einis-auksas-VARIS-2-21cm.jpg\",\"datePublished\":\"2024-02-13T12:43:05+00:00\",\"breadcrumb\":{\"@id\":\"https:\/\/metaltale.com\/et\/toode\/roosakas-kuldsed-pesemisvahendite-korgid-keskkond-2\/#breadcrumb\"},\"inLanguage\":\"et\",\"potentialAction\":[{\"@type\":\"ReadAction\",\"target\":[\"https:\/\/metaltale.com\/et\/toode\/roosakas-kuldsed-pesemisvahendite-korgid-keskkond-2\/\"]}]},{\"@type\":\"ImageObject\",\"inLanguage\":\"et\",\"@id\":\"https:\/\/metaltale.com\/et\/toode\/roosakas-kuldsed-pesemisvahendite-korgid-keskkond-2\/#primaryimage\",\"url\":\"https:\/\/metaltale.com\/wp-content\/uploads\/2023\/10\/Praustuvo-kamx161tis-be-perpildymo-rox17Einis-auksas-VARIS-2-21cm.jpg\",\"contentUrl\":\"https:\/\/metaltale.com\/wp-content\/uploads\/2023\/10\/Praustuvo-kamx161tis-be-perpildymo-rox17Einis-auksas-VARIS-2-21cm.jpg\",\"width\":800,\"height\":800},{\"@type\":\"BreadcrumbList\",\"@id\":\"https:\/\/metaltale.com\/et\/toode\/roosakas-kuldsed-pesemisvahendite-korgid-keskkond-2\/#breadcrumb\",\"itemListElement\":[{\"@type\":\"ListItem\",\"position\":1,\"name\":\"Home\",\"item\":\"https:\/\/metaltale.com\/et\/kodu\/\"},{\"@type\":\"ListItem\",\"position\":2,\"name\":\"Kauplus\",\"item\":\"https:\/\/metaltale.com\/et\/shop\/\"},{\"@type\":\"ListItem\",\"position\":3,\"name\":\"Roosakas kuldsed pesemisvahendite korgid KESKKOND 2\"}]},{\"@type\":\"WebSite\",\"@id\":\"https:\/\/metaltale.com\/et\/#website\",\"url\":\"https:\/\/metaltale.com\/et\/\",\"name\":\"Metaltale.com\",\"description\":\"\",\"potentialAction\":[{\"@type\":\"SearchAction\",\"target\":{\"@type\":\"EntryPoint\",\"urlTemplate\":\"https:\/\/metaltale.com\/et\/?s={search_term_string}\"},\"query-input\":{\"@type\":\"PropertyValueSpecification\",\"valueRequired\":true,\"valueName\":\"search_term_string\"}}],\"inLanguage\":\"et\"}]}<\/script>\n<!-- \/ Yoast SEO plugin. -->","yoast_head_json":{"title":"Roosakas kuldsed pesemisvahendite korgid KESKKOND 2 - MetalTale.com","robots":{"index":"index","follow":"follow","max-snippet":"max-snippet:-1","max-image-preview":"max-image-preview:large","max-video-preview":"max-video-preview:-1"},"canonical":"https:\/\/metaltale.com\/et\/toode\/roosakas-kuldsed-pesemisvahendite-korgid-keskkond-2\/","og_locale":"et_EE","og_type":"article","og_title":"Roosakas kuldsed pesemisvahendite korgid KESKKOND 2 - MetalTale.com","og_description":"Mudel WX. RC1. PRGR Vase kollektsioon Materjal Messing \u00dcldl\u00e4bim\u00f5\u00f5t (cm ) 6,5 \u00dclevool jah\/ei V\u00e4rv Roosa kuld Viimistlus l\u00e4ikiv &#8211;","og_url":"https:\/\/metaltale.com\/et\/toode\/roosakas-kuldsed-pesemisvahendite-korgid-keskkond-2\/","og_site_name":"MetalTale.com","twitter_card":"summary_large_image","schema":{"@context":"https:\/\/schema.org","@graph":[{"@type":"WebPage","@id":"https:\/\/metaltale.com\/et\/toode\/roosakas-kuldsed-pesemisvahendite-korgid-keskkond-2\/","url":"https:\/\/metaltale.com\/et\/toode\/roosakas-kuldsed-pesemisvahendite-korgid-keskkond-2\/","name":"Roosakas kuldsed pesemisvahendite korgid KESKKOND 2 - MetalTale.com","isPartOf":{"@id":"https:\/\/metaltale.com\/et\/#website"},"primaryImageOfPage":{"@id":"https:\/\/metaltale.com\/et\/toode\/roosakas-kuldsed-pesemisvahendite-korgid-keskkond-2\/#primaryimage"},"image":{"@id":"https:\/\/metaltale.com\/et\/toode\/roosakas-kuldsed-pesemisvahendite-korgid-keskkond-2\/#primaryimage"},"thumbnailUrl":"https:\/\/metaltale.com\/wp-content\/uploads\/2023\/10\/Praustuvo-kamx161tis-be-perpildymo-rox17Einis-auksas-VARIS-2-21cm.jpg","datePublished":"2024-02-13T12:43:05+00:00","breadcrumb":{"@id":"https:\/\/metaltale.com\/et\/toode\/roosakas-kuldsed-pesemisvahendite-korgid-keskkond-2\/#breadcrumb"},"inLanguage":"et","potentialAction":[{"@type":"ReadAction","target":["https:\/\/metaltale.com\/et\/toode\/roosakas-kuldsed-pesemisvahendite-korgid-keskkond-2\/"]}]},{"@type":"ImageObject","inLanguage":"et","@id":"https:\/\/metaltale.com\/et\/toode\/roosakas-kuldsed-pesemisvahendite-korgid-keskkond-2\/#primaryimage","url":"https:\/\/metaltale.com\/wp-content\/uploads\/2023\/10\/Praustuvo-kamx161tis-be-perpildymo-rox17Einis-auksas-VARIS-2-21cm.jpg","contentUrl":"https:\/\/metaltale.com\/wp-content\/uploads\/2023\/10\/Praustuvo-kamx161tis-be-perpildymo-rox17Einis-auksas-VARIS-2-21cm.jpg","width":800,"height":800},{"@type":"BreadcrumbList","@id":"https:\/\/metaltale.com\/et\/toode\/roosakas-kuldsed-pesemisvahendite-korgid-keskkond-2\/#breadcrumb","itemListElement":[{"@type":"ListItem","position":1,"name":"Home","item":"https:\/\/metaltale.com\/et\/kodu\/"},{"@type":"ListItem","position":2,"name":"Kauplus","item":"https:\/\/metaltale.com\/et\/shop\/"},{"@type":"ListItem","position":3,"name":"Roosakas kuldsed pesemisvahendite korgid KESKKOND 2"}]},{"@type":"WebSite","@id":"https:\/\/metaltale.com\/et\/#website","url":"https:\/\/metaltale.com\/et\/","name":"Metaltale.com","description":"","potentialAction":[{"@type":"SearchAction","target":{"@type":"EntryPoint","urlTemplate":"https:\/\/metaltale.com\/et\/?s={search_term_string}"},"query-input":{"@type":"PropertyValueSpecification","valueRequired":true,"valueName":"search_term_string"}}],"inLanguage":"et"}]}},"_links":{"self":[{"href":"https:\/\/metaltale.com\/et\/wp-json\/wp\/v2\/product\/135355","targetHints":{"allow":["GET"]}}],"collection":[{"href":"https:\/\/metaltale.com\/et\/wp-json\/wp\/v2\/product"}],"about":[{"href":"https:\/\/metaltale.com\/et\/wp-json\/wp\/v2\/types\/product"}],"replies":[{"embeddable":true,"href":"https:\/\/metaltale.com\/et\/wp-json\/wp\/v2\/comments?post=135355"}],"version-history":[{"count":0,"href":"https:\/\/metaltale.com\/et\/wp-json\/wp\/v2\/product\/135355\/revisions"}],"wp:featuredmedia":[{"embeddable":true,"href":"https:\/\/metaltale.com\/et\/wp-json\/wp\/v2\/media\/90547"}],"wp:attachment":[{"href":"https:\/\/metaltale.com\/et\/wp-json\/wp\/v2\/media?parent=135355"}],"wp:term":[{"taxonomy":"product_brand","embeddable":true,"href":"https:\/\/metaltale.com\/et\/wp-json\/wp\/v2\/product_brand?post=135355"},{"taxonomy":"product_cat","embeddable":true,"href":"https:\/\/metaltale.com\/et\/wp-json\/wp\/v2\/product_cat?post=135355"},{"taxonomy":"product_tag","embeddable":true,"href":"https:\/\/metaltale.com\/et\/wp-json\/wp\/v2\/product_tag?post=135355"}],"curies":[{"name":"wp","href":"https:\/\/api.w.org\/{rel}","templated":true}]}}