{"id":135353,"date":"2024-02-13T14:41:41","date_gmt":"2024-02-13T12:41:41","guid":{"rendered":"https:\/\/metaltale.com\/produktas\/vannitooli-stopper-antiik-messingist-gold-glen-1\/"},"modified":"2024-02-13T14:41:41","modified_gmt":"2024-02-13T12:41:41","slug":"vannitooli-stopper-antiik-messingist-gold-glen-1","status":"publish","type":"product","link":"https:\/\/metaltale.com\/et\/toode\/vannitooli-stopper-antiik-messingist-gold-glen-1\/","title":{"rendered":"Vannitooli stopper antiik messingist GOLD GLEN 1"},"content":{"rendered":"<div class=\"prod_data\"><strong>Mudel<\/strong> WX. NG3. GG. PRGR <br \/>Gold Glen kollektsioon <br \/>Materjal Messing <br \/><strong>\u00dcldl\u00e4bim\u00f5\u00f5t (cm)<\/strong> 6  <br \/><strong>\u00dclevool<\/strong> jah\/ei  <br \/>V\u00e4rv Antik messingist <br \/>Viimistlus Pehme, satiinne efekt <\/p>\n<p>&#8211; messingist klikk-t\u00fc\u00fcpi kraanikaussi stopper<br \/>&#8211; l\u00e4bim\u00f5\u00f5t 3\/6 cm<br \/>&#8211; stopper sobib Gold Glen kollektsioonile<\/p>\n<hr>\n<p>&#8220;Click-clak pistik on kaasaegne retro lahendus. Lihtne toimimine meeldib igale kasutajale, sest vesi j\u00e4\u00e4b kraanikaussis p\u00fcsima, kui kuppele \u00f5rnalt vajutada. Sama tuleks teha ka vee lekke korral. Korki \u00fcmbritseb statsionaarne r\u00f5ngas.<\/p>\n<\/div>\n","protected":false},"excerpt":{"rendered":"<p>Mudel WX. NG3. GG. PRGR Gold Glen kollektsioon Materjal Messing \u00dcldl\u00e4bim\u00f5\u00f5t (cm) 6 \u00dclevool jah\/ei V\u00e4rv Antik messingist Viimistlus Pehme,<\/p>\n","protected":false},"featured_media":89905,"comment_status":"open","ping_status":"closed","template":"","meta":{"_acf_changed":false,"pmpro_default_level":""},"product_brand":[],"product_cat":[24188],"product_tag":[],"class_list":{"0":"post-135353","1":"product","2":"type-product","3":"status-publish","4":"has-post-thumbnail","6":"product_cat-pesukausside-pistikud","7":"pmpro-has-access","9":"first","10":"instock","11":"shipping-taxable","12":"purchasable","13":"product-type-simple"},"acf":[],"yoast_head":"<!-- This site is optimized with the Yoast SEO plugin v24.9 - https:\/\/yoast.com\/wordpress\/plugins\/seo\/ -->\n<title>Vannitooli stopper antiik messingist GOLD GLEN 1 - MetalTale.com<\/title>\n<meta name=\"robots\" content=\"index, follow, max-snippet:-1, max-image-preview:large, max-video-preview:-1\" \/>\n<link rel=\"canonical\" href=\"https:\/\/metaltale.com\/et\/toode\/vannitooli-stopper-antiik-messingist-gold-glen-1\/\" \/>\n<meta property=\"og:locale\" content=\"et_EE\" \/>\n<meta property=\"og:type\" content=\"article\" \/>\n<meta property=\"og:title\" content=\"Vannitooli stopper antiik messingist GOLD GLEN 1 - MetalTale.com\" \/>\n<meta property=\"og:description\" content=\"Mudel WX. NG3. GG. PRGR Gold Glen kollektsioon Materjal Messing \u00dcldl\u00e4bim\u00f5\u00f5t (cm) 6 \u00dclevool jah\/ei V\u00e4rv Antik messingist Viimistlus Pehme,\" \/>\n<meta property=\"og:url\" content=\"https:\/\/metaltale.com\/et\/toode\/vannitooli-stopper-antiik-messingist-gold-glen-1\/\" \/>\n<meta property=\"og:site_name\" content=\"MetalTale.com\" \/>\n<meta name=\"twitter:card\" content=\"summary_large_image\" \/>\n<script type=\"application\/ld+json\" class=\"yoast-schema-graph\">{\"@context\":\"https:\/\/schema.org\",\"@graph\":[{\"@type\":\"WebPage\",\"@id\":\"https:\/\/metaltale.com\/et\/toode\/vannitooli-stopper-antiik-messingist-gold-glen-1\/\",\"url\":\"https:\/\/metaltale.com\/et\/toode\/vannitooli-stopper-antiik-messingist-gold-glen-1\/\",\"name\":\"Vannitooli stopper antiik messingist GOLD GLEN 1 - MetalTale.com\",\"isPartOf\":{\"@id\":\"https:\/\/metaltale.com\/et\/#website\"},\"primaryImageOfPage\":{\"@id\":\"https:\/\/metaltale.com\/et\/toode\/vannitooli-stopper-antiik-messingist-gold-glen-1\/#primaryimage\"},\"image\":{\"@id\":\"https:\/\/metaltale.com\/et\/toode\/vannitooli-stopper-antiik-messingist-gold-glen-1\/#primaryimage\"},\"thumbnailUrl\":\"https:\/\/metaltale.com\/wp-content\/uploads\/2023\/10\/Praustuvo-kamx161tis-be-perpildymo-antikvarinis-x17Ealvaris-GOLD-GLEN-1-19cm.jpg\",\"datePublished\":\"2024-02-13T12:41:41+00:00\",\"breadcrumb\":{\"@id\":\"https:\/\/metaltale.com\/et\/toode\/vannitooli-stopper-antiik-messingist-gold-glen-1\/#breadcrumb\"},\"inLanguage\":\"et\",\"potentialAction\":[{\"@type\":\"ReadAction\",\"target\":[\"https:\/\/metaltale.com\/et\/toode\/vannitooli-stopper-antiik-messingist-gold-glen-1\/\"]}]},{\"@type\":\"ImageObject\",\"inLanguage\":\"et\",\"@id\":\"https:\/\/metaltale.com\/et\/toode\/vannitooli-stopper-antiik-messingist-gold-glen-1\/#primaryimage\",\"url\":\"https:\/\/metaltale.com\/wp-content\/uploads\/2023\/10\/Praustuvo-kamx161tis-be-perpildymo-antikvarinis-x17Ealvaris-GOLD-GLEN-1-19cm.jpg\",\"contentUrl\":\"https:\/\/metaltale.com\/wp-content\/uploads\/2023\/10\/Praustuvo-kamx161tis-be-perpildymo-antikvarinis-x17Ealvaris-GOLD-GLEN-1-19cm.jpg\",\"width\":800,\"height\":800},{\"@type\":\"BreadcrumbList\",\"@id\":\"https:\/\/metaltale.com\/et\/toode\/vannitooli-stopper-antiik-messingist-gold-glen-1\/#breadcrumb\",\"itemListElement\":[{\"@type\":\"ListItem\",\"position\":1,\"name\":\"Home\",\"item\":\"https:\/\/metaltale.com\/et\/kodu\/\"},{\"@type\":\"ListItem\",\"position\":2,\"name\":\"Kauplus\",\"item\":\"https:\/\/metaltale.com\/et\/shop\/\"},{\"@type\":\"ListItem\",\"position\":3,\"name\":\"Vannitooli stopper antiik messingist GOLD GLEN 1\"}]},{\"@type\":\"WebSite\",\"@id\":\"https:\/\/metaltale.com\/et\/#website\",\"url\":\"https:\/\/metaltale.com\/et\/\",\"name\":\"Metaltale.com\",\"description\":\"\",\"potentialAction\":[{\"@type\":\"SearchAction\",\"target\":{\"@type\":\"EntryPoint\",\"urlTemplate\":\"https:\/\/metaltale.com\/et\/?s={search_term_string}\"},\"query-input\":{\"@type\":\"PropertyValueSpecification\",\"valueRequired\":true,\"valueName\":\"search_term_string\"}}],\"inLanguage\":\"et\"}]}<\/script>\n<!-- \/ Yoast SEO plugin. -->","yoast_head_json":{"title":"Vannitooli stopper antiik messingist GOLD GLEN 1 - MetalTale.com","robots":{"index":"index","follow":"follow","max-snippet":"max-snippet:-1","max-image-preview":"max-image-preview:large","max-video-preview":"max-video-preview:-1"},"canonical":"https:\/\/metaltale.com\/et\/toode\/vannitooli-stopper-antiik-messingist-gold-glen-1\/","og_locale":"et_EE","og_type":"article","og_title":"Vannitooli stopper antiik messingist GOLD GLEN 1 - MetalTale.com","og_description":"Mudel WX. NG3. GG. PRGR Gold Glen kollektsioon Materjal Messing \u00dcldl\u00e4bim\u00f5\u00f5t (cm) 6 \u00dclevool jah\/ei V\u00e4rv Antik messingist Viimistlus Pehme,","og_url":"https:\/\/metaltale.com\/et\/toode\/vannitooli-stopper-antiik-messingist-gold-glen-1\/","og_site_name":"MetalTale.com","twitter_card":"summary_large_image","schema":{"@context":"https:\/\/schema.org","@graph":[{"@type":"WebPage","@id":"https:\/\/metaltale.com\/et\/toode\/vannitooli-stopper-antiik-messingist-gold-glen-1\/","url":"https:\/\/metaltale.com\/et\/toode\/vannitooli-stopper-antiik-messingist-gold-glen-1\/","name":"Vannitooli stopper antiik messingist GOLD GLEN 1 - MetalTale.com","isPartOf":{"@id":"https:\/\/metaltale.com\/et\/#website"},"primaryImageOfPage":{"@id":"https:\/\/metaltale.com\/et\/toode\/vannitooli-stopper-antiik-messingist-gold-glen-1\/#primaryimage"},"image":{"@id":"https:\/\/metaltale.com\/et\/toode\/vannitooli-stopper-antiik-messingist-gold-glen-1\/#primaryimage"},"thumbnailUrl":"https:\/\/metaltale.com\/wp-content\/uploads\/2023\/10\/Praustuvo-kamx161tis-be-perpildymo-antikvarinis-x17Ealvaris-GOLD-GLEN-1-19cm.jpg","datePublished":"2024-02-13T12:41:41+00:00","breadcrumb":{"@id":"https:\/\/metaltale.com\/et\/toode\/vannitooli-stopper-antiik-messingist-gold-glen-1\/#breadcrumb"},"inLanguage":"et","potentialAction":[{"@type":"ReadAction","target":["https:\/\/metaltale.com\/et\/toode\/vannitooli-stopper-antiik-messingist-gold-glen-1\/"]}]},{"@type":"ImageObject","inLanguage":"et","@id":"https:\/\/metaltale.com\/et\/toode\/vannitooli-stopper-antiik-messingist-gold-glen-1\/#primaryimage","url":"https:\/\/metaltale.com\/wp-content\/uploads\/2023\/10\/Praustuvo-kamx161tis-be-perpildymo-antikvarinis-x17Ealvaris-GOLD-GLEN-1-19cm.jpg","contentUrl":"https:\/\/metaltale.com\/wp-content\/uploads\/2023\/10\/Praustuvo-kamx161tis-be-perpildymo-antikvarinis-x17Ealvaris-GOLD-GLEN-1-19cm.jpg","width":800,"height":800},{"@type":"BreadcrumbList","@id":"https:\/\/metaltale.com\/et\/toode\/vannitooli-stopper-antiik-messingist-gold-glen-1\/#breadcrumb","itemListElement":[{"@type":"ListItem","position":1,"name":"Home","item":"https:\/\/metaltale.com\/et\/kodu\/"},{"@type":"ListItem","position":2,"name":"Kauplus","item":"https:\/\/metaltale.com\/et\/shop\/"},{"@type":"ListItem","position":3,"name":"Vannitooli stopper antiik messingist GOLD GLEN 1"}]},{"@type":"WebSite","@id":"https:\/\/metaltale.com\/et\/#website","url":"https:\/\/metaltale.com\/et\/","name":"Metaltale.com","description":"","potentialAction":[{"@type":"SearchAction","target":{"@type":"EntryPoint","urlTemplate":"https:\/\/metaltale.com\/et\/?s={search_term_string}"},"query-input":{"@type":"PropertyValueSpecification","valueRequired":true,"valueName":"search_term_string"}}],"inLanguage":"et"}]}},"_links":{"self":[{"href":"https:\/\/metaltale.com\/et\/wp-json\/wp\/v2\/product\/135353","targetHints":{"allow":["GET"]}}],"collection":[{"href":"https:\/\/metaltale.com\/et\/wp-json\/wp\/v2\/product"}],"about":[{"href":"https:\/\/metaltale.com\/et\/wp-json\/wp\/v2\/types\/product"}],"replies":[{"embeddable":true,"href":"https:\/\/metaltale.com\/et\/wp-json\/wp\/v2\/comments?post=135353"}],"version-history":[{"count":0,"href":"https:\/\/metaltale.com\/et\/wp-json\/wp\/v2\/product\/135353\/revisions"}],"wp:featuredmedia":[{"embeddable":true,"href":"https:\/\/metaltale.com\/et\/wp-json\/wp\/v2\/media\/89905"}],"wp:attachment":[{"href":"https:\/\/metaltale.com\/et\/wp-json\/wp\/v2\/media?parent=135353"}],"wp:term":[{"taxonomy":"product_brand","embeddable":true,"href":"https:\/\/metaltale.com\/et\/wp-json\/wp\/v2\/product_brand?post=135353"},{"taxonomy":"product_cat","embeddable":true,"href":"https:\/\/metaltale.com\/et\/wp-json\/wp\/v2\/product_cat?post=135353"},{"taxonomy":"product_tag","embeddable":true,"href":"https:\/\/metaltale.com\/et\/wp-json\/wp\/v2\/product_tag?post=135353"}],"curies":[{"name":"wp","href":"https:\/\/api.w.org\/{rel}","templated":true}]}}