{"id":135343,"date":"2024-02-13T14:43:05","date_gmt":"2024-02-13T12:43:05","guid":{"rendered":"https:\/\/metaltale.com\/produktas\/pesukaussid-mustad-simply-retro-1\/"},"modified":"2024-02-13T14:43:05","modified_gmt":"2024-02-13T12:43:05","slug":"pesukaussid-mustad-simply-retro-1","status":"publish","type":"product","link":"https:\/\/metaltale.com\/et\/toode\/pesukaussid-mustad-simply-retro-1\/","title":{"rendered":"Pesukaussid mustad SIMPLY RETRO 1"},"content":{"rendered":"<div class=\"prod_data\"><strong>Mudel<\/strong> WX. B4.SR. PRGR <br \/>York <strong>kollektsioon<\/strong>, Tubes, Simply Retro, Lola &amp; Lexie  <br \/>Materjal Messing <br \/><strong>\u00dcldl\u00e4bim\u00f5\u00f5t (cm)<\/strong> 6  <br \/><strong>\u00dclevool<\/strong> jah\/ei  <br \/><strong>V\u00e4rv<\/strong> Must  <br \/>Viimistlus Pehme, satiinne efekt <\/p>\n<p>&#8211; messingist klikk-t\u00fc\u00fcpi kraanikaussi stopper<br \/>&#8211; l\u00e4bim\u00f5\u00f5t 3\/6 cm<br \/>&#8211; n\u00e4htavad pintslij\u00e4ljed pinnal muudavad korgi sobivaks York, Simply Retro ja Lola &amp;; Lexie kollektsioonidesse.<\/p>\n<hr>\n<p>Retrostiilis kork on ettepanek, mis on stiliseeritud vannitoa tordil j\u00e4\u00e4k\u00fclg. H\u00f5\u00f5rutud mustast korgist pind, millel on \u00f5rnad antiikvaskist &#8220;\u00f5mblused&#8221;, on isegi sellise tehnilise toote puhul erip\u00e4rane. \u00dclevooluga vajutatav valamu pistik \u00fcmbritseb statsionaarset r\u00f5ngast. Korki on v\u00e4ga lihtne kasutada &#8211; vee lekke peatamiseks v\u00f5i taastamiseks piisab \u00f5rnast l\u00fckkamisest.<\/p>\n<\/div>\n","protected":false},"excerpt":{"rendered":"<p>Mudel WX. B4.SR. PRGR York kollektsioon, Tubes, Simply Retro, Lola &amp; Lexie Materjal Messing \u00dcldl\u00e4bim\u00f5\u00f5t (cm) 6 \u00dclevool jah\/ei V\u00e4rv<\/p>\n","protected":false},"featured_media":102570,"comment_status":"open","ping_status":"closed","template":"","meta":{"_acf_changed":false,"pmpro_default_level":""},"product_brand":[],"product_cat":[24188],"product_tag":[],"class_list":{"0":"post-135343","1":"product","2":"type-product","3":"status-publish","4":"has-post-thumbnail","6":"product_cat-pesukausside-pistikud","7":"pmpro-has-access","9":"first","10":"instock","11":"shipping-taxable","12":"purchasable","13":"product-type-simple"},"acf":[],"yoast_head":"<!-- This site is optimized with the Yoast SEO plugin v24.9 - https:\/\/yoast.com\/wordpress\/plugins\/seo\/ -->\n<title>Pesukaussid mustad SIMPLY RETRO 1 - MetalTale.com<\/title>\n<meta name=\"robots\" content=\"index, follow, max-snippet:-1, max-image-preview:large, max-video-preview:-1\" \/>\n<link rel=\"canonical\" href=\"https:\/\/metaltale.com\/et\/toode\/pesukaussid-mustad-simply-retro-1\/\" \/>\n<meta property=\"og:locale\" content=\"et_EE\" \/>\n<meta property=\"og:type\" content=\"article\" \/>\n<meta property=\"og:title\" content=\"Pesukaussid mustad SIMPLY RETRO 1 - MetalTale.com\" \/>\n<meta property=\"og:description\" content=\"Mudel WX. B4.SR. PRGR York kollektsioon, Tubes, Simply Retro, Lola &amp; Lexie Materjal Messing \u00dcldl\u00e4bim\u00f5\u00f5t (cm) 6 \u00dclevool jah\/ei V\u00e4rv\" \/>\n<meta property=\"og:url\" content=\"https:\/\/metaltale.com\/et\/toode\/pesukaussid-mustad-simply-retro-1\/\" \/>\n<meta property=\"og:site_name\" content=\"MetalTale.com\" \/>\n<meta name=\"twitter:card\" content=\"summary_large_image\" \/>\n<meta name=\"twitter:label1\" content=\"Est. reading time\" \/>\n\t<meta name=\"twitter:data1\" content=\"1 minut\" \/>\n<script type=\"application\/ld+json\" class=\"yoast-schema-graph\">{\"@context\":\"https:\/\/schema.org\",\"@graph\":[{\"@type\":\"WebPage\",\"@id\":\"https:\/\/metaltale.com\/et\/toode\/pesukaussid-mustad-simply-retro-1\/\",\"url\":\"https:\/\/metaltale.com\/et\/toode\/pesukaussid-mustad-simply-retro-1\/\",\"name\":\"Pesukaussid mustad SIMPLY RETRO 1 - MetalTale.com\",\"isPartOf\":{\"@id\":\"https:\/\/metaltale.com\/et\/#website\"},\"primaryImageOfPage\":{\"@id\":\"https:\/\/metaltale.com\/et\/toode\/pesukaussid-mustad-simply-retro-1\/#primaryimage\"},\"image\":{\"@id\":\"https:\/\/metaltale.com\/et\/toode\/pesukaussid-mustad-simply-retro-1\/#primaryimage\"},\"thumbnailUrl\":\"https:\/\/metaltale.com\/wp-content\/uploads\/2023\/11\/Praustuvo-kamx161tis-be-perpildymo-juodas-SIMPLY-RETRO-1-19cm.jpg\",\"datePublished\":\"2024-02-13T12:43:05+00:00\",\"breadcrumb\":{\"@id\":\"https:\/\/metaltale.com\/et\/toode\/pesukaussid-mustad-simply-retro-1\/#breadcrumb\"},\"inLanguage\":\"et\",\"potentialAction\":[{\"@type\":\"ReadAction\",\"target\":[\"https:\/\/metaltale.com\/et\/toode\/pesukaussid-mustad-simply-retro-1\/\"]}]},{\"@type\":\"ImageObject\",\"inLanguage\":\"et\",\"@id\":\"https:\/\/metaltale.com\/et\/toode\/pesukaussid-mustad-simply-retro-1\/#primaryimage\",\"url\":\"https:\/\/metaltale.com\/wp-content\/uploads\/2023\/11\/Praustuvo-kamx161tis-be-perpildymo-juodas-SIMPLY-RETRO-1-19cm.jpg\",\"contentUrl\":\"https:\/\/metaltale.com\/wp-content\/uploads\/2023\/11\/Praustuvo-kamx161tis-be-perpildymo-juodas-SIMPLY-RETRO-1-19cm.jpg\",\"width\":800,\"height\":800},{\"@type\":\"BreadcrumbList\",\"@id\":\"https:\/\/metaltale.com\/et\/toode\/pesukaussid-mustad-simply-retro-1\/#breadcrumb\",\"itemListElement\":[{\"@type\":\"ListItem\",\"position\":1,\"name\":\"Home\",\"item\":\"https:\/\/metaltale.com\/et\/kodu\/\"},{\"@type\":\"ListItem\",\"position\":2,\"name\":\"Kauplus\",\"item\":\"https:\/\/metaltale.com\/et\/shop\/\"},{\"@type\":\"ListItem\",\"position\":3,\"name\":\"Pesukaussid mustad SIMPLY RETRO 1\"}]},{\"@type\":\"WebSite\",\"@id\":\"https:\/\/metaltale.com\/et\/#website\",\"url\":\"https:\/\/metaltale.com\/et\/\",\"name\":\"Metaltale.com\",\"description\":\"\",\"potentialAction\":[{\"@type\":\"SearchAction\",\"target\":{\"@type\":\"EntryPoint\",\"urlTemplate\":\"https:\/\/metaltale.com\/et\/?s={search_term_string}\"},\"query-input\":{\"@type\":\"PropertyValueSpecification\",\"valueRequired\":true,\"valueName\":\"search_term_string\"}}],\"inLanguage\":\"et\"}]}<\/script>\n<!-- \/ Yoast SEO plugin. -->","yoast_head_json":{"title":"Pesukaussid mustad SIMPLY RETRO 1 - MetalTale.com","robots":{"index":"index","follow":"follow","max-snippet":"max-snippet:-1","max-image-preview":"max-image-preview:large","max-video-preview":"max-video-preview:-1"},"canonical":"https:\/\/metaltale.com\/et\/toode\/pesukaussid-mustad-simply-retro-1\/","og_locale":"et_EE","og_type":"article","og_title":"Pesukaussid mustad SIMPLY RETRO 1 - MetalTale.com","og_description":"Mudel WX. B4.SR. PRGR York kollektsioon, Tubes, Simply Retro, Lola &amp; Lexie Materjal Messing \u00dcldl\u00e4bim\u00f5\u00f5t (cm) 6 \u00dclevool jah\/ei V\u00e4rv","og_url":"https:\/\/metaltale.com\/et\/toode\/pesukaussid-mustad-simply-retro-1\/","og_site_name":"MetalTale.com","twitter_card":"summary_large_image","twitter_misc":{"Est. reading time":"1 minut"},"schema":{"@context":"https:\/\/schema.org","@graph":[{"@type":"WebPage","@id":"https:\/\/metaltale.com\/et\/toode\/pesukaussid-mustad-simply-retro-1\/","url":"https:\/\/metaltale.com\/et\/toode\/pesukaussid-mustad-simply-retro-1\/","name":"Pesukaussid mustad SIMPLY RETRO 1 - MetalTale.com","isPartOf":{"@id":"https:\/\/metaltale.com\/et\/#website"},"primaryImageOfPage":{"@id":"https:\/\/metaltale.com\/et\/toode\/pesukaussid-mustad-simply-retro-1\/#primaryimage"},"image":{"@id":"https:\/\/metaltale.com\/et\/toode\/pesukaussid-mustad-simply-retro-1\/#primaryimage"},"thumbnailUrl":"https:\/\/metaltale.com\/wp-content\/uploads\/2023\/11\/Praustuvo-kamx161tis-be-perpildymo-juodas-SIMPLY-RETRO-1-19cm.jpg","datePublished":"2024-02-13T12:43:05+00:00","breadcrumb":{"@id":"https:\/\/metaltale.com\/et\/toode\/pesukaussid-mustad-simply-retro-1\/#breadcrumb"},"inLanguage":"et","potentialAction":[{"@type":"ReadAction","target":["https:\/\/metaltale.com\/et\/toode\/pesukaussid-mustad-simply-retro-1\/"]}]},{"@type":"ImageObject","inLanguage":"et","@id":"https:\/\/metaltale.com\/et\/toode\/pesukaussid-mustad-simply-retro-1\/#primaryimage","url":"https:\/\/metaltale.com\/wp-content\/uploads\/2023\/11\/Praustuvo-kamx161tis-be-perpildymo-juodas-SIMPLY-RETRO-1-19cm.jpg","contentUrl":"https:\/\/metaltale.com\/wp-content\/uploads\/2023\/11\/Praustuvo-kamx161tis-be-perpildymo-juodas-SIMPLY-RETRO-1-19cm.jpg","width":800,"height":800},{"@type":"BreadcrumbList","@id":"https:\/\/metaltale.com\/et\/toode\/pesukaussid-mustad-simply-retro-1\/#breadcrumb","itemListElement":[{"@type":"ListItem","position":1,"name":"Home","item":"https:\/\/metaltale.com\/et\/kodu\/"},{"@type":"ListItem","position":2,"name":"Kauplus","item":"https:\/\/metaltale.com\/et\/shop\/"},{"@type":"ListItem","position":3,"name":"Pesukaussid mustad SIMPLY RETRO 1"}]},{"@type":"WebSite","@id":"https:\/\/metaltale.com\/et\/#website","url":"https:\/\/metaltale.com\/et\/","name":"Metaltale.com","description":"","potentialAction":[{"@type":"SearchAction","target":{"@type":"EntryPoint","urlTemplate":"https:\/\/metaltale.com\/et\/?s={search_term_string}"},"query-input":{"@type":"PropertyValueSpecification","valueRequired":true,"valueName":"search_term_string"}}],"inLanguage":"et"}]}},"_links":{"self":[{"href":"https:\/\/metaltale.com\/et\/wp-json\/wp\/v2\/product\/135343","targetHints":{"allow":["GET"]}}],"collection":[{"href":"https:\/\/metaltale.com\/et\/wp-json\/wp\/v2\/product"}],"about":[{"href":"https:\/\/metaltale.com\/et\/wp-json\/wp\/v2\/types\/product"}],"replies":[{"embeddable":true,"href":"https:\/\/metaltale.com\/et\/wp-json\/wp\/v2\/comments?post=135343"}],"version-history":[{"count":0,"href":"https:\/\/metaltale.com\/et\/wp-json\/wp\/v2\/product\/135343\/revisions"}],"wp:featuredmedia":[{"embeddable":true,"href":"https:\/\/metaltale.com\/et\/wp-json\/wp\/v2\/media\/102570"}],"wp:attachment":[{"href":"https:\/\/metaltale.com\/et\/wp-json\/wp\/v2\/media?parent=135343"}],"wp:term":[{"taxonomy":"product_brand","embeddable":true,"href":"https:\/\/metaltale.com\/et\/wp-json\/wp\/v2\/product_brand?post=135343"},{"taxonomy":"product_cat","embeddable":true,"href":"https:\/\/metaltale.com\/et\/wp-json\/wp\/v2\/product_cat?post=135343"},{"taxonomy":"product_tag","embeddable":true,"href":"https:\/\/metaltale.com\/et\/wp-json\/wp\/v2\/product_tag?post=135343"}],"curies":[{"name":"wp","href":"https:\/\/api.w.org\/{rel}","templated":true}]}}