{"id":135337,"date":"2024-02-13T13:51:04","date_gmt":"2024-02-13T11:51:04","guid":{"rendered":"https:\/\/metaltale.com\/produktas\/pesukaussid-mustad-simply-retro-2\/"},"modified":"2024-02-13T13:51:04","modified_gmt":"2024-02-13T11:51:04","slug":"pesukaussid-mustad-simply-retro-2","status":"publish","type":"product","link":"https:\/\/metaltale.com\/et\/toode\/pesukaussid-mustad-simply-retro-2\/","title":{"rendered":"Pesukaussid mustad SIMPLY RETRO 2"},"content":{"rendered":"<div class=\"prod_data\"><strong>Mudel<\/strong> WX. B2.SR. PRGR <br \/>York <strong>kollektsioon<\/strong>, Tubes, Simply Retro, Lola &amp; Lexie  <br \/>Materjal Messing <br \/><strong>\u00dcldl\u00e4bim\u00f5\u00f5t (cm<\/strong> ) 6,5  <br \/><strong>\u00dclevool<\/strong> jah\/ei  <br \/><strong>V\u00e4rv<\/strong> Must  <br \/>Viimistlus Pehme, satiinne efekt <\/p>\n<p>&#8211; messingist klikk-t\u00fc\u00fcpi kraanikaussi stopper<br \/>&#8211; l\u00e4bim\u00f5\u00f5t 3\/6,5 cm<br \/>&#8211; n\u00e4htavad pintslij\u00e4ljed pinnal muudavad korgi sobivaks York, Simply Retro ja Lola &amp;; Lexie kollektsioonidesse.<\/p>\n<hr>\n<p>\u00dclevooluga pesukausktopper on toode, mis sobib muu hulgas ka kapi all asuvatele pesukausidele. Pesukausside stopper on element, mis t\u00e4iendab meie retrokollektsioone. Korgil on poleeritud pind, millel on peened kriimustused antiikvase v\u00e4rvusega. Intuitiivne kasutamine ja probleemivaba puhastamine on tegurid, mis eristavad tooter\u00fchma.<\/p>\n<\/div>\n","protected":false},"excerpt":{"rendered":"<p>Mudel WX. B2.SR. PRGR York kollektsioon, Tubes, Simply Retro, Lola &amp; Lexie Materjal Messing \u00dcldl\u00e4bim\u00f5\u00f5t (cm ) 6,5 \u00dclevool jah\/ei<\/p>\n","protected":false},"featured_media":81408,"comment_status":"open","ping_status":"closed","template":"","meta":{"_acf_changed":false,"pmpro_default_level":""},"product_brand":[],"product_cat":[24188],"product_tag":[],"class_list":{"0":"post-135337","1":"product","2":"type-product","3":"status-publish","4":"has-post-thumbnail","6":"product_cat-pesukausside-pistikud","7":"pmpro-has-access","9":"first","10":"instock","11":"shipping-taxable","12":"purchasable","13":"product-type-simple"},"acf":[],"yoast_head":"<!-- This site is optimized with the Yoast SEO plugin v24.9 - https:\/\/yoast.com\/wordpress\/plugins\/seo\/ -->\n<title>Pesukaussid mustad SIMPLY RETRO 2 - MetalTale.com<\/title>\n<meta name=\"robots\" content=\"index, follow, max-snippet:-1, max-image-preview:large, max-video-preview:-1\" \/>\n<link rel=\"canonical\" href=\"https:\/\/metaltale.com\/et\/toode\/pesukaussid-mustad-simply-retro-2\/\" \/>\n<meta property=\"og:locale\" content=\"et_EE\" \/>\n<meta property=\"og:type\" content=\"article\" \/>\n<meta property=\"og:title\" content=\"Pesukaussid mustad SIMPLY RETRO 2 - MetalTale.com\" \/>\n<meta property=\"og:description\" content=\"Mudel WX. B2.SR. PRGR York kollektsioon, Tubes, Simply Retro, Lola &amp; Lexie Materjal Messing \u00dcldl\u00e4bim\u00f5\u00f5t (cm ) 6,5 \u00dclevool jah\/ei\" \/>\n<meta property=\"og:url\" content=\"https:\/\/metaltale.com\/et\/toode\/pesukaussid-mustad-simply-retro-2\/\" \/>\n<meta property=\"og:site_name\" content=\"MetalTale.com\" \/>\n<meta name=\"twitter:card\" content=\"summary_large_image\" \/>\n<script type=\"application\/ld+json\" class=\"yoast-schema-graph\">{\"@context\":\"https:\/\/schema.org\",\"@graph\":[{\"@type\":\"WebPage\",\"@id\":\"https:\/\/metaltale.com\/et\/toode\/pesukaussid-mustad-simply-retro-2\/\",\"url\":\"https:\/\/metaltale.com\/et\/toode\/pesukaussid-mustad-simply-retro-2\/\",\"name\":\"Pesukaussid mustad SIMPLY RETRO 2 - MetalTale.com\",\"isPartOf\":{\"@id\":\"https:\/\/metaltale.com\/et\/#website\"},\"primaryImageOfPage\":{\"@id\":\"https:\/\/metaltale.com\/et\/toode\/pesukaussid-mustad-simply-retro-2\/#primaryimage\"},\"image\":{\"@id\":\"https:\/\/metaltale.com\/et\/toode\/pesukaussid-mustad-simply-retro-2\/#primaryimage\"},\"thumbnailUrl\":\"https:\/\/metaltale.com\/wp-content\/uploads\/2023\/10\/Praustuvo-kamx161tis-su-perpildymu-juodas-SIMPLY-RETRO-2-19cm.jpg\",\"datePublished\":\"2024-02-13T11:51:04+00:00\",\"breadcrumb\":{\"@id\":\"https:\/\/metaltale.com\/et\/toode\/pesukaussid-mustad-simply-retro-2\/#breadcrumb\"},\"inLanguage\":\"et\",\"potentialAction\":[{\"@type\":\"ReadAction\",\"target\":[\"https:\/\/metaltale.com\/et\/toode\/pesukaussid-mustad-simply-retro-2\/\"]}]},{\"@type\":\"ImageObject\",\"inLanguage\":\"et\",\"@id\":\"https:\/\/metaltale.com\/et\/toode\/pesukaussid-mustad-simply-retro-2\/#primaryimage\",\"url\":\"https:\/\/metaltale.com\/wp-content\/uploads\/2023\/10\/Praustuvo-kamx161tis-su-perpildymu-juodas-SIMPLY-RETRO-2-19cm.jpg\",\"contentUrl\":\"https:\/\/metaltale.com\/wp-content\/uploads\/2023\/10\/Praustuvo-kamx161tis-su-perpildymu-juodas-SIMPLY-RETRO-2-19cm.jpg\",\"width\":800,\"height\":800},{\"@type\":\"BreadcrumbList\",\"@id\":\"https:\/\/metaltale.com\/et\/toode\/pesukaussid-mustad-simply-retro-2\/#breadcrumb\",\"itemListElement\":[{\"@type\":\"ListItem\",\"position\":1,\"name\":\"Home\",\"item\":\"https:\/\/metaltale.com\/et\/kodu\/\"},{\"@type\":\"ListItem\",\"position\":2,\"name\":\"Kauplus\",\"item\":\"https:\/\/metaltale.com\/et\/shop\/\"},{\"@type\":\"ListItem\",\"position\":3,\"name\":\"Pesukaussid mustad SIMPLY RETRO 2\"}]},{\"@type\":\"WebSite\",\"@id\":\"https:\/\/metaltale.com\/et\/#website\",\"url\":\"https:\/\/metaltale.com\/et\/\",\"name\":\"Metaltale.com\",\"description\":\"\",\"potentialAction\":[{\"@type\":\"SearchAction\",\"target\":{\"@type\":\"EntryPoint\",\"urlTemplate\":\"https:\/\/metaltale.com\/et\/?s={search_term_string}\"},\"query-input\":{\"@type\":\"PropertyValueSpecification\",\"valueRequired\":true,\"valueName\":\"search_term_string\"}}],\"inLanguage\":\"et\"}]}<\/script>\n<!-- \/ Yoast SEO plugin. -->","yoast_head_json":{"title":"Pesukaussid mustad SIMPLY RETRO 2 - MetalTale.com","robots":{"index":"index","follow":"follow","max-snippet":"max-snippet:-1","max-image-preview":"max-image-preview:large","max-video-preview":"max-video-preview:-1"},"canonical":"https:\/\/metaltale.com\/et\/toode\/pesukaussid-mustad-simply-retro-2\/","og_locale":"et_EE","og_type":"article","og_title":"Pesukaussid mustad SIMPLY RETRO 2 - MetalTale.com","og_description":"Mudel WX. B2.SR. PRGR York kollektsioon, Tubes, Simply Retro, Lola &amp; Lexie Materjal Messing \u00dcldl\u00e4bim\u00f5\u00f5t (cm ) 6,5 \u00dclevool jah\/ei","og_url":"https:\/\/metaltale.com\/et\/toode\/pesukaussid-mustad-simply-retro-2\/","og_site_name":"MetalTale.com","twitter_card":"summary_large_image","schema":{"@context":"https:\/\/schema.org","@graph":[{"@type":"WebPage","@id":"https:\/\/metaltale.com\/et\/toode\/pesukaussid-mustad-simply-retro-2\/","url":"https:\/\/metaltale.com\/et\/toode\/pesukaussid-mustad-simply-retro-2\/","name":"Pesukaussid mustad SIMPLY RETRO 2 - MetalTale.com","isPartOf":{"@id":"https:\/\/metaltale.com\/et\/#website"},"primaryImageOfPage":{"@id":"https:\/\/metaltale.com\/et\/toode\/pesukaussid-mustad-simply-retro-2\/#primaryimage"},"image":{"@id":"https:\/\/metaltale.com\/et\/toode\/pesukaussid-mustad-simply-retro-2\/#primaryimage"},"thumbnailUrl":"https:\/\/metaltale.com\/wp-content\/uploads\/2023\/10\/Praustuvo-kamx161tis-su-perpildymu-juodas-SIMPLY-RETRO-2-19cm.jpg","datePublished":"2024-02-13T11:51:04+00:00","breadcrumb":{"@id":"https:\/\/metaltale.com\/et\/toode\/pesukaussid-mustad-simply-retro-2\/#breadcrumb"},"inLanguage":"et","potentialAction":[{"@type":"ReadAction","target":["https:\/\/metaltale.com\/et\/toode\/pesukaussid-mustad-simply-retro-2\/"]}]},{"@type":"ImageObject","inLanguage":"et","@id":"https:\/\/metaltale.com\/et\/toode\/pesukaussid-mustad-simply-retro-2\/#primaryimage","url":"https:\/\/metaltale.com\/wp-content\/uploads\/2023\/10\/Praustuvo-kamx161tis-su-perpildymu-juodas-SIMPLY-RETRO-2-19cm.jpg","contentUrl":"https:\/\/metaltale.com\/wp-content\/uploads\/2023\/10\/Praustuvo-kamx161tis-su-perpildymu-juodas-SIMPLY-RETRO-2-19cm.jpg","width":800,"height":800},{"@type":"BreadcrumbList","@id":"https:\/\/metaltale.com\/et\/toode\/pesukaussid-mustad-simply-retro-2\/#breadcrumb","itemListElement":[{"@type":"ListItem","position":1,"name":"Home","item":"https:\/\/metaltale.com\/et\/kodu\/"},{"@type":"ListItem","position":2,"name":"Kauplus","item":"https:\/\/metaltale.com\/et\/shop\/"},{"@type":"ListItem","position":3,"name":"Pesukaussid mustad SIMPLY RETRO 2"}]},{"@type":"WebSite","@id":"https:\/\/metaltale.com\/et\/#website","url":"https:\/\/metaltale.com\/et\/","name":"Metaltale.com","description":"","potentialAction":[{"@type":"SearchAction","target":{"@type":"EntryPoint","urlTemplate":"https:\/\/metaltale.com\/et\/?s={search_term_string}"},"query-input":{"@type":"PropertyValueSpecification","valueRequired":true,"valueName":"search_term_string"}}],"inLanguage":"et"}]}},"_links":{"self":[{"href":"https:\/\/metaltale.com\/et\/wp-json\/wp\/v2\/product\/135337","targetHints":{"allow":["GET"]}}],"collection":[{"href":"https:\/\/metaltale.com\/et\/wp-json\/wp\/v2\/product"}],"about":[{"href":"https:\/\/metaltale.com\/et\/wp-json\/wp\/v2\/types\/product"}],"replies":[{"embeddable":true,"href":"https:\/\/metaltale.com\/et\/wp-json\/wp\/v2\/comments?post=135337"}],"version-history":[{"count":0,"href":"https:\/\/metaltale.com\/et\/wp-json\/wp\/v2\/product\/135337\/revisions"}],"wp:featuredmedia":[{"embeddable":true,"href":"https:\/\/metaltale.com\/et\/wp-json\/wp\/v2\/media\/81408"}],"wp:attachment":[{"href":"https:\/\/metaltale.com\/et\/wp-json\/wp\/v2\/media?parent=135337"}],"wp:term":[{"taxonomy":"product_brand","embeddable":true,"href":"https:\/\/metaltale.com\/et\/wp-json\/wp\/v2\/product_brand?post=135337"},{"taxonomy":"product_cat","embeddable":true,"href":"https:\/\/metaltale.com\/et\/wp-json\/wp\/v2\/product_cat?post=135337"},{"taxonomy":"product_tag","embeddable":true,"href":"https:\/\/metaltale.com\/et\/wp-json\/wp\/v2\/product_tag?post=135337"}],"curies":[{"name":"wp","href":"https:\/\/api.w.org\/{rel}","templated":true}]}}