{"id":135336,"date":"2024-02-13T13:25:05","date_gmt":"2024-02-13T11:25:05","guid":{"rendered":"https:\/\/metaltale.com\/produktas\/factory-oak-4-toostuslikus-stiilis-tv-kapp\/"},"modified":"2024-02-13T13:25:05","modified_gmt":"2024-02-13T11:25:05","slug":"factory-oak-4-toostuslikus-stiilis-tv-kapp","status":"publish","type":"product","link":"https:\/\/metaltale.com\/et\/toode\/factory-oak-4-toostuslikus-stiilis-tv-kapp\/","title":{"rendered":"FACTORY OAK 4 t\u00f6\u00f6stuslikus stiilis TV-kapp"},"content":{"rendered":"<div class=\"prod_data\">\n<p><strong>Mudel<\/strong> ZA. FAC. C1-DAB<br \/>\nFACTORY OAK <strong>kollektsioon<\/strong><br \/>\n<strong>EAN.<\/strong>  5905369915789<br \/>\n<strong>Materjal<\/strong> Tammepuit, teras<br \/>\n<strong>\u00dcldine k\u00f5rgus (cm)<\/strong> 60<br \/>\n<strong>\u00dcldine laius (cm)<\/strong> 225<br \/>\n<strong>S\u00fcgavus (cm)<\/strong> 40<br \/>\n<strong>Tarne t\u00fc\u00fcp<\/strong> T\u00e4ielikult kokkupandud toode<\/p>\n<p>&#8211; Tammepuust ja terasest t\u00f6\u00f6stuslik telerikapp<br \/>\n&#8211; kuullaagritega juhikud muudavad sahtlite v\u00e4ljat\u00f5mbamise lihtsaks<br \/>\n&#8211; Liugriiuli esiosa kate on praktiline ja disainerlik lahendus<br \/>\n&#8211; suletud profiiliga 80x20mm konstruktsioon tagab stabiilsuse ja vastupidavuse;<br \/>\n&#8211; teras, mis on immutatud l\u00e4bipaistva kihiga, mis kaitseb kahjustuste ja kriimustuste eest<br \/>\n&#8211; t\u00e4ielikult spoonimata puidust sahtlid &#8211; kokkupanekuks kasutatud n\u00e4htavad naelad<br \/>\n&#8211; liimimata laudade vahel v\u00f5ivad tekkida l\u00fcngad, mis ei m\u00f5juta kasutusmugavust.<br \/>\n&#8211; Tammepuit, immutatud loodusliku \u00f5liga<br \/>\n&#8211; oodatav vananemism\u00f5ju avaldub terase pinnal n\u00e4htavate kriimustuste ja m\u00e4rgatava puidutekstuuri n\u00e4ol.<br \/>\n&#8211; toodete v\u00e4rvus v\u00f5ib erineda fotogaleriis n\u00e4idatud v\u00e4rvusest tulenevalt individuaalsetest monitoriseadetest ja materjalide iseloomust &#8211; teras ja tammepuit on toorained, mille v\u00e4rvus, toon ja tekstuur v\u00f5ivad erineda eksemplariti v\u00f5i tootmispartiide kaupa.<\/p>\n<hr>\n<p>Unikaalne ja ajatu RTV Factory Oak 4 on m\u00f6\u00f6bel inimestele, kes hindavad originaalsust. Teraskonstruktsioon, mida kaitseb l\u00e4bipaistev lakk, tagab telerikapi stabiilsuse ja kriimustuskindluse. M\u00f6\u00f6bli s\u00fcmmeetriline jaotus sahtliteks ja l\u00fckandustega kappideks annab harmooniatunde. Praktilisi puidust sahtleid ja riiuleid RTV-seadmete jaoks t\u00e4iendasid stiilsed k\u00e4epidemed, mis on valmistatud profileeritud lamedast ribast. M\u00f6\u00f6bli suur suurus ei v\u00e4lista v\u00f5imalust tuua seda ka v\u00e4iksematesse ruumidesse &#8211; riidekapp v\u00f5ib h\u00f5lpsasti asendada kirstu nii hoiuruumi kui ka lauaplaadina m\u00e4lestuste ja kaunistuste v\u00e4ljapanekuks. Liimimata laudadest valmistatud t\u00f6\u00f6tasapinnal v\u00f5ivad olla l\u00fcngad, mis ei m\u00f5juta m\u00f6\u00f6bli kasutatavust. Huvitav lahendus on ka libiseva s\u00fcsteemi kasutamine &#8211; mehhanism ise on v\u00e4ga lihtne ja samal ajal karge v\u00e4limusega ning sobib ideaalselt teiste teraseelementidega. Toote suurep\u00e4rane k\u00fclg on see, et \u00fche liigutusega saame m\u00f6\u00f6blile t\u00e4iesti uue v\u00e4limuse.<\/p>\n<\/div>\n","protected":false},"excerpt":{"rendered":"<p>Mudel ZA. FAC. C1-DAB FACTORY OAK kollektsioon EAN. 5905369915789 Materjal Tammepuit, teras \u00dcldine k\u00f5rgus (cm) 60 \u00dcldine laius (cm) 225<\/p>\n","protected":false},"featured_media":119604,"comment_status":"open","ping_status":"closed","template":"","meta":{"_acf_changed":false,"pmpro_default_level":""},"product_brand":[],"product_cat":[24172,24138],"product_tag":[],"class_list":{"0":"post-135336","1":"product","2":"type-product","3":"status-publish","4":"has-post-thumbnail","6":"product_cat-televisioonikapid","7":"product_cat-toostusmoobel","8":"pmpro-has-access","10":"first","11":"instock","12":"shipping-taxable","13":"purchasable","14":"product-type-simple"},"acf":[],"yoast_head":"<!-- This site is optimized with the Yoast SEO plugin v24.9 - https:\/\/yoast.com\/wordpress\/plugins\/seo\/ -->\n<title>FACTORY OAK 4 t\u00f6\u00f6stuslikus stiilis TV-kapp - MetalTale.com<\/title>\n<meta name=\"robots\" content=\"index, follow, max-snippet:-1, max-image-preview:large, max-video-preview:-1\" \/>\n<link rel=\"canonical\" href=\"https:\/\/metaltale.com\/et\/toode\/factory-oak-4-toostuslikus-stiilis-tv-kapp\/\" \/>\n<meta property=\"og:locale\" content=\"et_EE\" \/>\n<meta property=\"og:type\" content=\"article\" \/>\n<meta property=\"og:title\" content=\"FACTORY OAK 4 t\u00f6\u00f6stuslikus stiilis TV-kapp - MetalTale.com\" \/>\n<meta property=\"og:description\" content=\"Mudel ZA. FAC. C1-DAB FACTORY OAK kollektsioon EAN. 5905369915789 Materjal Tammepuit, teras \u00dcldine k\u00f5rgus (cm) 60 \u00dcldine laius (cm) 225\" \/>\n<meta property=\"og:url\" content=\"https:\/\/metaltale.com\/et\/toode\/factory-oak-4-toostuslikus-stiilis-tv-kapp\/\" \/>\n<meta property=\"og:site_name\" content=\"MetalTale.com\" \/>\n<meta name=\"twitter:card\" content=\"summary_large_image\" \/>\n<meta name=\"twitter:label1\" content=\"Est. reading time\" \/>\n\t<meta name=\"twitter:data1\" content=\"2 minutit\" \/>\n<script type=\"application\/ld+json\" class=\"yoast-schema-graph\">{\"@context\":\"https:\/\/schema.org\",\"@graph\":[{\"@type\":\"WebPage\",\"@id\":\"https:\/\/metaltale.com\/et\/toode\/factory-oak-4-toostuslikus-stiilis-tv-kapp\/\",\"url\":\"https:\/\/metaltale.com\/et\/toode\/factory-oak-4-toostuslikus-stiilis-tv-kapp\/\",\"name\":\"FACTORY OAK 4 t\u00f6\u00f6stuslikus stiilis TV-kapp - MetalTale.com\",\"isPartOf\":{\"@id\":\"https:\/\/metaltale.com\/et\/#website\"},\"primaryImageOfPage\":{\"@id\":\"https:\/\/metaltale.com\/et\/toode\/factory-oak-4-toostuslikus-stiilis-tv-kapp\/#primaryimage\"},\"image\":{\"@id\":\"https:\/\/metaltale.com\/et\/toode\/factory-oak-4-toostuslikus-stiilis-tv-kapp\/#primaryimage\"},\"thumbnailUrl\":\"https:\/\/metaltale.com\/wp-content\/uploads\/2024\/01\/televizoriaus-spintele-1.jpg\",\"datePublished\":\"2024-02-13T11:25:05+00:00\",\"breadcrumb\":{\"@id\":\"https:\/\/metaltale.com\/et\/toode\/factory-oak-4-toostuslikus-stiilis-tv-kapp\/#breadcrumb\"},\"inLanguage\":\"et\",\"potentialAction\":[{\"@type\":\"ReadAction\",\"target\":[\"https:\/\/metaltale.com\/et\/toode\/factory-oak-4-toostuslikus-stiilis-tv-kapp\/\"]}]},{\"@type\":\"ImageObject\",\"inLanguage\":\"et\",\"@id\":\"https:\/\/metaltale.com\/et\/toode\/factory-oak-4-toostuslikus-stiilis-tv-kapp\/#primaryimage\",\"url\":\"https:\/\/metaltale.com\/wp-content\/uploads\/2024\/01\/televizoriaus-spintele-1.jpg\",\"contentUrl\":\"https:\/\/metaltale.com\/wp-content\/uploads\/2024\/01\/televizoriaus-spintele-1.jpg\",\"width\":800,\"height\":800,\"caption\":\"TV spintele\"},{\"@type\":\"BreadcrumbList\",\"@id\":\"https:\/\/metaltale.com\/et\/toode\/factory-oak-4-toostuslikus-stiilis-tv-kapp\/#breadcrumb\",\"itemListElement\":[{\"@type\":\"ListItem\",\"position\":1,\"name\":\"Home\",\"item\":\"https:\/\/metaltale.com\/et\/kodu\/\"},{\"@type\":\"ListItem\",\"position\":2,\"name\":\"Kauplus\",\"item\":\"https:\/\/metaltale.com\/et\/shop\/\"},{\"@type\":\"ListItem\",\"position\":3,\"name\":\"FACTORY OAK 4 t\u00f6\u00f6stuslikus stiilis TV-kapp\"}]},{\"@type\":\"WebSite\",\"@id\":\"https:\/\/metaltale.com\/et\/#website\",\"url\":\"https:\/\/metaltale.com\/et\/\",\"name\":\"Metaltale.com\",\"description\":\"\",\"potentialAction\":[{\"@type\":\"SearchAction\",\"target\":{\"@type\":\"EntryPoint\",\"urlTemplate\":\"https:\/\/metaltale.com\/et\/?s={search_term_string}\"},\"query-input\":{\"@type\":\"PropertyValueSpecification\",\"valueRequired\":true,\"valueName\":\"search_term_string\"}}],\"inLanguage\":\"et\"}]}<\/script>\n<!-- \/ Yoast SEO plugin. -->","yoast_head_json":{"title":"FACTORY OAK 4 t\u00f6\u00f6stuslikus stiilis TV-kapp - MetalTale.com","robots":{"index":"index","follow":"follow","max-snippet":"max-snippet:-1","max-image-preview":"max-image-preview:large","max-video-preview":"max-video-preview:-1"},"canonical":"https:\/\/metaltale.com\/et\/toode\/factory-oak-4-toostuslikus-stiilis-tv-kapp\/","og_locale":"et_EE","og_type":"article","og_title":"FACTORY OAK 4 t\u00f6\u00f6stuslikus stiilis TV-kapp - MetalTale.com","og_description":"Mudel ZA. FAC. C1-DAB FACTORY OAK kollektsioon EAN. 5905369915789 Materjal Tammepuit, teras \u00dcldine k\u00f5rgus (cm) 60 \u00dcldine laius (cm) 225","og_url":"https:\/\/metaltale.com\/et\/toode\/factory-oak-4-toostuslikus-stiilis-tv-kapp\/","og_site_name":"MetalTale.com","twitter_card":"summary_large_image","twitter_misc":{"Est. reading time":"2 minutit"},"schema":{"@context":"https:\/\/schema.org","@graph":[{"@type":"WebPage","@id":"https:\/\/metaltale.com\/et\/toode\/factory-oak-4-toostuslikus-stiilis-tv-kapp\/","url":"https:\/\/metaltale.com\/et\/toode\/factory-oak-4-toostuslikus-stiilis-tv-kapp\/","name":"FACTORY OAK 4 t\u00f6\u00f6stuslikus stiilis TV-kapp - MetalTale.com","isPartOf":{"@id":"https:\/\/metaltale.com\/et\/#website"},"primaryImageOfPage":{"@id":"https:\/\/metaltale.com\/et\/toode\/factory-oak-4-toostuslikus-stiilis-tv-kapp\/#primaryimage"},"image":{"@id":"https:\/\/metaltale.com\/et\/toode\/factory-oak-4-toostuslikus-stiilis-tv-kapp\/#primaryimage"},"thumbnailUrl":"https:\/\/metaltale.com\/wp-content\/uploads\/2024\/01\/televizoriaus-spintele-1.jpg","datePublished":"2024-02-13T11:25:05+00:00","breadcrumb":{"@id":"https:\/\/metaltale.com\/et\/toode\/factory-oak-4-toostuslikus-stiilis-tv-kapp\/#breadcrumb"},"inLanguage":"et","potentialAction":[{"@type":"ReadAction","target":["https:\/\/metaltale.com\/et\/toode\/factory-oak-4-toostuslikus-stiilis-tv-kapp\/"]}]},{"@type":"ImageObject","inLanguage":"et","@id":"https:\/\/metaltale.com\/et\/toode\/factory-oak-4-toostuslikus-stiilis-tv-kapp\/#primaryimage","url":"https:\/\/metaltale.com\/wp-content\/uploads\/2024\/01\/televizoriaus-spintele-1.jpg","contentUrl":"https:\/\/metaltale.com\/wp-content\/uploads\/2024\/01\/televizoriaus-spintele-1.jpg","width":800,"height":800,"caption":"TV spintele"},{"@type":"BreadcrumbList","@id":"https:\/\/metaltale.com\/et\/toode\/factory-oak-4-toostuslikus-stiilis-tv-kapp\/#breadcrumb","itemListElement":[{"@type":"ListItem","position":1,"name":"Home","item":"https:\/\/metaltale.com\/et\/kodu\/"},{"@type":"ListItem","position":2,"name":"Kauplus","item":"https:\/\/metaltale.com\/et\/shop\/"},{"@type":"ListItem","position":3,"name":"FACTORY OAK 4 t\u00f6\u00f6stuslikus stiilis TV-kapp"}]},{"@type":"WebSite","@id":"https:\/\/metaltale.com\/et\/#website","url":"https:\/\/metaltale.com\/et\/","name":"Metaltale.com","description":"","potentialAction":[{"@type":"SearchAction","target":{"@type":"EntryPoint","urlTemplate":"https:\/\/metaltale.com\/et\/?s={search_term_string}"},"query-input":{"@type":"PropertyValueSpecification","valueRequired":true,"valueName":"search_term_string"}}],"inLanguage":"et"}]}},"_links":{"self":[{"href":"https:\/\/metaltale.com\/et\/wp-json\/wp\/v2\/product\/135336","targetHints":{"allow":["GET"]}}],"collection":[{"href":"https:\/\/metaltale.com\/et\/wp-json\/wp\/v2\/product"}],"about":[{"href":"https:\/\/metaltale.com\/et\/wp-json\/wp\/v2\/types\/product"}],"replies":[{"embeddable":true,"href":"https:\/\/metaltale.com\/et\/wp-json\/wp\/v2\/comments?post=135336"}],"version-history":[{"count":0,"href":"https:\/\/metaltale.com\/et\/wp-json\/wp\/v2\/product\/135336\/revisions"}],"wp:featuredmedia":[{"embeddable":true,"href":"https:\/\/metaltale.com\/et\/wp-json\/wp\/v2\/media\/119604"}],"wp:attachment":[{"href":"https:\/\/metaltale.com\/et\/wp-json\/wp\/v2\/media?parent=135336"}],"wp:term":[{"taxonomy":"product_brand","embeddable":true,"href":"https:\/\/metaltale.com\/et\/wp-json\/wp\/v2\/product_brand?post=135336"},{"taxonomy":"product_cat","embeddable":true,"href":"https:\/\/metaltale.com\/et\/wp-json\/wp\/v2\/product_cat?post=135336"},{"taxonomy":"product_tag","embeddable":true,"href":"https:\/\/metaltale.com\/et\/wp-json\/wp\/v2\/product_tag?post=135336"}],"curies":[{"name":"wp","href":"https:\/\/api.w.org\/{rel}","templated":true}]}}