{"id":135327,"date":"2024-02-13T13:25:05","date_gmt":"2024-02-13T11:25:05","guid":{"rendered":"https:\/\/metaltale.com\/produktas\/factory-pine-3-toostuslikus-stiilis-telerilaud\/"},"modified":"2024-02-13T13:25:05","modified_gmt":"2024-02-13T11:25:05","slug":"factory-pine-3-toostuslikus-stiilis-telerilaud","status":"publish","type":"product","link":"https:\/\/metaltale.com\/et\/toode\/factory-pine-3-toostuslikus-stiilis-telerilaud\/","title":{"rendered":"FACTORY PINE 3 t\u00f6\u00f6stuslikus stiilis telerilaud"},"content":{"rendered":"<div class=\"prod_data\">\n<p><strong>Mudel<\/strong> ZA.FAC.F2<br \/>\nFACTORY PINE <strong>kollektsioon<\/strong><br \/>\n<strong>EAN.<\/strong>  5905369915796<br \/>\n<strong>Materjal<\/strong> m\u00e4nnipuit, teras<br \/>\n<strong>\u00dcldine k\u00f5rgus (cm)<\/strong> 60<br \/>\n<strong>\u00dcldine laius (cm<\/strong> ) 180<br \/>\n<strong>S\u00fcgavus (cm)<\/strong> 40<br \/>\n<strong>Tarne t\u00fc\u00fcp<\/strong> T\u00e4ielikult kokkupandud toode<\/p>\n<p>&#8211; M\u00e4nnipuidust ja terasest t\u00f6\u00f6stuslik telerikapp<br \/>\n&#8211; kuullaagritega juhikud muudavad sahtlite v\u00e4ljat\u00f5mbamise lihtsaks<br \/>\n&#8211; Liugriiuli esiosa kate on praktiline ja disainerlik lahendus<br \/>\n&#8211; suletud profiiliga 80x20mm konstruktsioon tagab stabiilsuse ja vastupidavuse;<br \/>\n&#8211; teras, mis on immutatud l\u00e4bipaistva kihiga, mis kaitseb kahjustuste ja kriimustuste eest<br \/>\n&#8211; liimimata laudade vahel v\u00f5ivad tekkida l\u00fcngad, mis ei m\u00f5juta kasutusmugavust.<br \/>\n&#8211; \u00fcmbert\u00f6\u00f6deldud m\u00e4nni puit, immersioonmeetodil veepeitsiga immutatud.<br \/>\n&#8211; oodatav vananemism\u00f5ju avaldub terase pinnal n\u00e4htavate kriimustuste ja m\u00e4rgatava puidutekstuuri n\u00e4ol.<br \/>\n&#8211; toodete v\u00e4rvus v\u00f5ib erineda fotogaleriis n\u00e4idatud v\u00e4rvusest, mis on tingitud individuaalsetest monitori seadetest ja materjalide iseloomust &#8211; teras ja m\u00e4nnipuit on toorained, mille v\u00e4rvus, toon ja tekstuur v\u00f5ivad eksemplariti v\u00f5i partiiti erineda.<\/p>\n<hr>\n<p>Factory Pine 3 t\u00f6\u00f6stuslik telekapp on originaalne elutoa ettepanek, mis ei ole nii ruumikas kui t\u00fc\u00fcpilised loft korterid. Kompaktne suurus ei v\u00e4lista ka mahukaid metallsahtleid. Ainus kompromiss v\u00f5rreldes laia kapi versiooniga on v\u00e4hendatud riiulite arv, mis on peidetud metallliuguriga esiosa taha. Kaabliaugud on samuti praktiline lahendus. S\u00fcmmeetria s\u00e4ilitamine annab harmooniatunde. Stiliseeritud kui vananenud teras, millel on n\u00e4htavad \u00fchendused, neetid, keevis\u00f5mblused ja kriimustused &#8211; k\u00f5ik on kaitstud kahjustuste ja kriimustuste eest. Ringlussev\u00f5etud puidu raskus saavutati tootele kohandatud immutamise ja t\u00f6\u00f6tlemisega. T\u00f6\u00f6stuskliimat r\u00f5hutavad liimimata lauad, mille vahel v\u00f5ivad olla l\u00fcngad &#8211; need ei m\u00f5juta m\u00f6\u00f6bli kasutatavust. M\u00e4nnist telerikappi iseloomustab ainulaadne stiil ja originaalsus, samuti stabiilsus ja vastupidavus. &#8220;Factory Pine&#8221; tootesarja kuuluvad erineva suurusega telerikapid, mis v\u00f5imaldab teil kohandada m\u00f6\u00f6blit teie interj\u00f6\u00f6ri suuruse j\u00e4rgi.<\/p>\n<\/div>\n","protected":false},"excerpt":{"rendered":"<p>Mudel ZA.FAC.F2 FACTORY PINE kollektsioon EAN. 5905369915796 Materjal m\u00e4nnipuit, teras \u00dcldine k\u00f5rgus (cm) 60 \u00dcldine laius (cm ) 180 S\u00fcgavus<\/p>\n","protected":false},"featured_media":119581,"comment_status":"open","ping_status":"closed","template":"","meta":{"_acf_changed":false,"pmpro_default_level":""},"product_brand":[],"product_cat":[24172,24138],"product_tag":[],"class_list":{"0":"post-135327","1":"product","2":"type-product","3":"status-publish","4":"has-post-thumbnail","6":"product_cat-televisioonikapid","7":"product_cat-toostusmoobel","8":"pmpro-has-access","10":"first","11":"instock","12":"shipping-taxable","13":"purchasable","14":"product-type-simple"},"acf":[],"yoast_head":"<!-- This site is optimized with the Yoast SEO plugin v24.9 - https:\/\/yoast.com\/wordpress\/plugins\/seo\/ -->\n<title>FACTORY PINE 3 t\u00f6\u00f6stuslikus stiilis telerilaud - MetalTale.com<\/title>\n<meta name=\"robots\" content=\"index, follow, max-snippet:-1, max-image-preview:large, max-video-preview:-1\" \/>\n<link rel=\"canonical\" href=\"https:\/\/metaltale.com\/et\/toode\/factory-pine-3-toostuslikus-stiilis-telerilaud\/\" \/>\n<meta property=\"og:locale\" content=\"et_EE\" \/>\n<meta property=\"og:type\" content=\"article\" \/>\n<meta property=\"og:title\" content=\"FACTORY PINE 3 t\u00f6\u00f6stuslikus stiilis telerilaud - MetalTale.com\" \/>\n<meta property=\"og:description\" content=\"Mudel ZA.FAC.F2 FACTORY PINE kollektsioon EAN. 5905369915796 Materjal m\u00e4nnipuit, teras \u00dcldine k\u00f5rgus (cm) 60 \u00dcldine laius (cm ) 180 S\u00fcgavus\" \/>\n<meta property=\"og:url\" content=\"https:\/\/metaltale.com\/et\/toode\/factory-pine-3-toostuslikus-stiilis-telerilaud\/\" \/>\n<meta property=\"og:site_name\" content=\"MetalTale.com\" \/>\n<meta name=\"twitter:card\" content=\"summary_large_image\" \/>\n<meta name=\"twitter:label1\" content=\"Est. reading time\" \/>\n\t<meta name=\"twitter:data1\" content=\"2 minutit\" \/>\n<script type=\"application\/ld+json\" class=\"yoast-schema-graph\">{\"@context\":\"https:\/\/schema.org\",\"@graph\":[{\"@type\":\"WebPage\",\"@id\":\"https:\/\/metaltale.com\/et\/toode\/factory-pine-3-toostuslikus-stiilis-telerilaud\/\",\"url\":\"https:\/\/metaltale.com\/et\/toode\/factory-pine-3-toostuslikus-stiilis-telerilaud\/\",\"name\":\"FACTORY PINE 3 t\u00f6\u00f6stuslikus stiilis telerilaud - MetalTale.com\",\"isPartOf\":{\"@id\":\"https:\/\/metaltale.com\/et\/#website\"},\"primaryImageOfPage\":{\"@id\":\"https:\/\/metaltale.com\/et\/toode\/factory-pine-3-toostuslikus-stiilis-telerilaud\/#primaryimage\"},\"image\":{\"@id\":\"https:\/\/metaltale.com\/et\/toode\/factory-pine-3-toostuslikus-stiilis-telerilaud\/#primaryimage\"},\"thumbnailUrl\":\"https:\/\/metaltale.com\/wp-content\/uploads\/2023\/12\/televizoriaus-spintele-1.jpg\",\"datePublished\":\"2024-02-13T11:25:05+00:00\",\"breadcrumb\":{\"@id\":\"https:\/\/metaltale.com\/et\/toode\/factory-pine-3-toostuslikus-stiilis-telerilaud\/#breadcrumb\"},\"inLanguage\":\"et\",\"potentialAction\":[{\"@type\":\"ReadAction\",\"target\":[\"https:\/\/metaltale.com\/et\/toode\/factory-pine-3-toostuslikus-stiilis-telerilaud\/\"]}]},{\"@type\":\"ImageObject\",\"inLanguage\":\"et\",\"@id\":\"https:\/\/metaltale.com\/et\/toode\/factory-pine-3-toostuslikus-stiilis-telerilaud\/#primaryimage\",\"url\":\"https:\/\/metaltale.com\/wp-content\/uploads\/2023\/12\/televizoriaus-spintele-1.jpg\",\"contentUrl\":\"https:\/\/metaltale.com\/wp-content\/uploads\/2023\/12\/televizoriaus-spintele-1.jpg\",\"width\":800,\"height\":800,\"caption\":\"TV spintele\"},{\"@type\":\"BreadcrumbList\",\"@id\":\"https:\/\/metaltale.com\/et\/toode\/factory-pine-3-toostuslikus-stiilis-telerilaud\/#breadcrumb\",\"itemListElement\":[{\"@type\":\"ListItem\",\"position\":1,\"name\":\"Home\",\"item\":\"https:\/\/metaltale.com\/et\/kodu\/\"},{\"@type\":\"ListItem\",\"position\":2,\"name\":\"Kauplus\",\"item\":\"https:\/\/metaltale.com\/et\/shop\/\"},{\"@type\":\"ListItem\",\"position\":3,\"name\":\"FACTORY PINE 3 t\u00f6\u00f6stuslikus stiilis telerilaud\"}]},{\"@type\":\"WebSite\",\"@id\":\"https:\/\/metaltale.com\/et\/#website\",\"url\":\"https:\/\/metaltale.com\/et\/\",\"name\":\"Metaltale.com\",\"description\":\"\",\"potentialAction\":[{\"@type\":\"SearchAction\",\"target\":{\"@type\":\"EntryPoint\",\"urlTemplate\":\"https:\/\/metaltale.com\/et\/?s={search_term_string}\"},\"query-input\":{\"@type\":\"PropertyValueSpecification\",\"valueRequired\":true,\"valueName\":\"search_term_string\"}}],\"inLanguage\":\"et\"}]}<\/script>\n<!-- \/ Yoast SEO plugin. -->","yoast_head_json":{"title":"FACTORY PINE 3 t\u00f6\u00f6stuslikus stiilis telerilaud - MetalTale.com","robots":{"index":"index","follow":"follow","max-snippet":"max-snippet:-1","max-image-preview":"max-image-preview:large","max-video-preview":"max-video-preview:-1"},"canonical":"https:\/\/metaltale.com\/et\/toode\/factory-pine-3-toostuslikus-stiilis-telerilaud\/","og_locale":"et_EE","og_type":"article","og_title":"FACTORY PINE 3 t\u00f6\u00f6stuslikus stiilis telerilaud - MetalTale.com","og_description":"Mudel ZA.FAC.F2 FACTORY PINE kollektsioon EAN. 5905369915796 Materjal m\u00e4nnipuit, teras \u00dcldine k\u00f5rgus (cm) 60 \u00dcldine laius (cm ) 180 S\u00fcgavus","og_url":"https:\/\/metaltale.com\/et\/toode\/factory-pine-3-toostuslikus-stiilis-telerilaud\/","og_site_name":"MetalTale.com","twitter_card":"summary_large_image","twitter_misc":{"Est. reading time":"2 minutit"},"schema":{"@context":"https:\/\/schema.org","@graph":[{"@type":"WebPage","@id":"https:\/\/metaltale.com\/et\/toode\/factory-pine-3-toostuslikus-stiilis-telerilaud\/","url":"https:\/\/metaltale.com\/et\/toode\/factory-pine-3-toostuslikus-stiilis-telerilaud\/","name":"FACTORY PINE 3 t\u00f6\u00f6stuslikus stiilis telerilaud - MetalTale.com","isPartOf":{"@id":"https:\/\/metaltale.com\/et\/#website"},"primaryImageOfPage":{"@id":"https:\/\/metaltale.com\/et\/toode\/factory-pine-3-toostuslikus-stiilis-telerilaud\/#primaryimage"},"image":{"@id":"https:\/\/metaltale.com\/et\/toode\/factory-pine-3-toostuslikus-stiilis-telerilaud\/#primaryimage"},"thumbnailUrl":"https:\/\/metaltale.com\/wp-content\/uploads\/2023\/12\/televizoriaus-spintele-1.jpg","datePublished":"2024-02-13T11:25:05+00:00","breadcrumb":{"@id":"https:\/\/metaltale.com\/et\/toode\/factory-pine-3-toostuslikus-stiilis-telerilaud\/#breadcrumb"},"inLanguage":"et","potentialAction":[{"@type":"ReadAction","target":["https:\/\/metaltale.com\/et\/toode\/factory-pine-3-toostuslikus-stiilis-telerilaud\/"]}]},{"@type":"ImageObject","inLanguage":"et","@id":"https:\/\/metaltale.com\/et\/toode\/factory-pine-3-toostuslikus-stiilis-telerilaud\/#primaryimage","url":"https:\/\/metaltale.com\/wp-content\/uploads\/2023\/12\/televizoriaus-spintele-1.jpg","contentUrl":"https:\/\/metaltale.com\/wp-content\/uploads\/2023\/12\/televizoriaus-spintele-1.jpg","width":800,"height":800,"caption":"TV spintele"},{"@type":"BreadcrumbList","@id":"https:\/\/metaltale.com\/et\/toode\/factory-pine-3-toostuslikus-stiilis-telerilaud\/#breadcrumb","itemListElement":[{"@type":"ListItem","position":1,"name":"Home","item":"https:\/\/metaltale.com\/et\/kodu\/"},{"@type":"ListItem","position":2,"name":"Kauplus","item":"https:\/\/metaltale.com\/et\/shop\/"},{"@type":"ListItem","position":3,"name":"FACTORY PINE 3 t\u00f6\u00f6stuslikus stiilis telerilaud"}]},{"@type":"WebSite","@id":"https:\/\/metaltale.com\/et\/#website","url":"https:\/\/metaltale.com\/et\/","name":"Metaltale.com","description":"","potentialAction":[{"@type":"SearchAction","target":{"@type":"EntryPoint","urlTemplate":"https:\/\/metaltale.com\/et\/?s={search_term_string}"},"query-input":{"@type":"PropertyValueSpecification","valueRequired":true,"valueName":"search_term_string"}}],"inLanguage":"et"}]}},"_links":{"self":[{"href":"https:\/\/metaltale.com\/et\/wp-json\/wp\/v2\/product\/135327","targetHints":{"allow":["GET"]}}],"collection":[{"href":"https:\/\/metaltale.com\/et\/wp-json\/wp\/v2\/product"}],"about":[{"href":"https:\/\/metaltale.com\/et\/wp-json\/wp\/v2\/types\/product"}],"replies":[{"embeddable":true,"href":"https:\/\/metaltale.com\/et\/wp-json\/wp\/v2\/comments?post=135327"}],"version-history":[{"count":0,"href":"https:\/\/metaltale.com\/et\/wp-json\/wp\/v2\/product\/135327\/revisions"}],"wp:featuredmedia":[{"embeddable":true,"href":"https:\/\/metaltale.com\/et\/wp-json\/wp\/v2\/media\/119581"}],"wp:attachment":[{"href":"https:\/\/metaltale.com\/et\/wp-json\/wp\/v2\/media?parent=135327"}],"wp:term":[{"taxonomy":"product_brand","embeddable":true,"href":"https:\/\/metaltale.com\/et\/wp-json\/wp\/v2\/product_brand?post=135327"},{"taxonomy":"product_cat","embeddable":true,"href":"https:\/\/metaltale.com\/et\/wp-json\/wp\/v2\/product_cat?post=135327"},{"taxonomy":"product_tag","embeddable":true,"href":"https:\/\/metaltale.com\/et\/wp-json\/wp\/v2\/product_tag?post=135327"}],"curies":[{"name":"wp","href":"https:\/\/api.w.org\/{rel}","templated":true}]}}