{"id":135321,"date":"2024-02-13T13:25:43","date_gmt":"2024-02-13T11:25:43","guid":{"rendered":"https:\/\/metaltale.com\/produktas\/toostuslikus-stiilis-telerikapp-teras-puit-1\/"},"modified":"2024-02-13T13:25:43","modified_gmt":"2024-02-13T11:25:43","slug":"toostuslikus-stiilis-telerikapp-teras-puit-1","status":"publish","type":"product","link":"https:\/\/metaltale.com\/et\/toode\/toostuslikus-stiilis-telerikapp-teras-puit-1\/","title":{"rendered":"T\u00f6\u00f6stuslikus stiilis telerikapp TERAS Puit 1"},"content":{"rendered":"<div class=\"prod_data\">\n<p><strong>Mudel<\/strong> ZA.SW.RTV120<br \/>\nSteel Wood <strong>kollektsioon<\/strong><br \/>\n<strong>EAN.<\/strong>  5905369915765<br \/>\n<strong>Materjal<\/strong> m\u00e4nnipuit, teras<br \/>\n<strong>\u00dcldine k\u00f5rgus (cm)<\/strong> 55<br \/>\n\u00dcldine laius (cm) 120<br \/>\n<strong>S\u00fcgavus (cm)<\/strong> 40<br \/>\n<strong>Trimmi<\/strong> laiguline<br \/>\n<strong>Tarne t\u00fc\u00fcp<\/strong> T\u00e4ielikult kokkupandud toode<\/p>\n<p>Metallist telerikapp TERASEST PUIDUST.<\/p>\n<p>Riiuli k\u00f5rgus: 24cm.<\/p>\n<p>Sahtli m\u00f5\u00f5tmed: laius 43cm; pikkus 33cm; k\u00f5rgus 14cm.<\/p>\n<\/div>\n","protected":false},"excerpt":{"rendered":"<p>Mudel ZA.SW.RTV120 Steel Wood kollektsioon EAN. 5905369915765 Materjal m\u00e4nnipuit, teras \u00dcldine k\u00f5rgus (cm) 55 \u00dcldine laius (cm) 120 S\u00fcgavus (cm)<\/p>\n","protected":false},"featured_media":119575,"comment_status":"open","ping_status":"closed","template":"","meta":{"_acf_changed":false,"pmpro_default_level":""},"product_brand":[],"product_cat":[24172,24138],"product_tag":[],"class_list":{"0":"post-135321","1":"product","2":"type-product","3":"status-publish","4":"has-post-thumbnail","6":"product_cat-televisioonikapid","7":"product_cat-toostusmoobel","8":"pmpro-has-access","10":"first","11":"instock","12":"shipping-taxable","13":"purchasable","14":"product-type-simple"},"acf":[],"yoast_head":"<!-- This site is optimized with the Yoast SEO plugin v24.9 - https:\/\/yoast.com\/wordpress\/plugins\/seo\/ -->\n<title>T\u00f6\u00f6stuslikus stiilis telerikapp TERAS Puit 1 - MetalTale.com<\/title>\n<meta name=\"robots\" content=\"index, follow, max-snippet:-1, max-image-preview:large, max-video-preview:-1\" \/>\n<link rel=\"canonical\" href=\"https:\/\/metaltale.com\/et\/toode\/toostuslikus-stiilis-telerikapp-teras-puit-1\/\" \/>\n<meta property=\"og:locale\" content=\"et_EE\" \/>\n<meta property=\"og:type\" content=\"article\" \/>\n<meta property=\"og:title\" content=\"T\u00f6\u00f6stuslikus stiilis telerikapp TERAS Puit 1 - MetalTale.com\" \/>\n<meta property=\"og:description\" content=\"Mudel ZA.SW.RTV120 Steel Wood kollektsioon EAN. 5905369915765 Materjal m\u00e4nnipuit, teras \u00dcldine k\u00f5rgus (cm) 55 \u00dcldine laius (cm) 120 S\u00fcgavus (cm)\" \/>\n<meta property=\"og:url\" content=\"https:\/\/metaltale.com\/et\/toode\/toostuslikus-stiilis-telerikapp-teras-puit-1\/\" \/>\n<meta property=\"og:site_name\" content=\"MetalTale.com\" \/>\n<meta name=\"twitter:card\" content=\"summary_large_image\" \/>\n<script type=\"application\/ld+json\" class=\"yoast-schema-graph\">{\"@context\":\"https:\/\/schema.org\",\"@graph\":[{\"@type\":\"WebPage\",\"@id\":\"https:\/\/metaltale.com\/et\/toode\/toostuslikus-stiilis-telerikapp-teras-puit-1\/\",\"url\":\"https:\/\/metaltale.com\/et\/toode\/toostuslikus-stiilis-telerikapp-teras-puit-1\/\",\"name\":\"T\u00f6\u00f6stuslikus stiilis telerikapp TERAS Puit 1 - MetalTale.com\",\"isPartOf\":{\"@id\":\"https:\/\/metaltale.com\/et\/#website\"},\"primaryImageOfPage\":{\"@id\":\"https:\/\/metaltale.com\/et\/toode\/toostuslikus-stiilis-telerikapp-teras-puit-1\/#primaryimage\"},\"image\":{\"@id\":\"https:\/\/metaltale.com\/et\/toode\/toostuslikus-stiilis-telerikapp-teras-puit-1\/#primaryimage\"},\"thumbnailUrl\":\"https:\/\/metaltale.com\/wp-content\/uploads\/2024\/01\/televizoriaus-spintele.jpg\",\"datePublished\":\"2024-02-13T11:25:43+00:00\",\"breadcrumb\":{\"@id\":\"https:\/\/metaltale.com\/et\/toode\/toostuslikus-stiilis-telerikapp-teras-puit-1\/#breadcrumb\"},\"inLanguage\":\"et\",\"potentialAction\":[{\"@type\":\"ReadAction\",\"target\":[\"https:\/\/metaltale.com\/et\/toode\/toostuslikus-stiilis-telerikapp-teras-puit-1\/\"]}]},{\"@type\":\"ImageObject\",\"inLanguage\":\"et\",\"@id\":\"https:\/\/metaltale.com\/et\/toode\/toostuslikus-stiilis-telerikapp-teras-puit-1\/#primaryimage\",\"url\":\"https:\/\/metaltale.com\/wp-content\/uploads\/2024\/01\/televizoriaus-spintele.jpg\",\"contentUrl\":\"https:\/\/metaltale.com\/wp-content\/uploads\/2024\/01\/televizoriaus-spintele.jpg\",\"width\":800,\"height\":800,\"caption\":\"TV-kapp\"},{\"@type\":\"BreadcrumbList\",\"@id\":\"https:\/\/metaltale.com\/et\/toode\/toostuslikus-stiilis-telerikapp-teras-puit-1\/#breadcrumb\",\"itemListElement\":[{\"@type\":\"ListItem\",\"position\":1,\"name\":\"Home\",\"item\":\"https:\/\/metaltale.com\/et\/kodu\/\"},{\"@type\":\"ListItem\",\"position\":2,\"name\":\"Kauplus\",\"item\":\"https:\/\/metaltale.com\/et\/shop\/\"},{\"@type\":\"ListItem\",\"position\":3,\"name\":\"T\u00f6\u00f6stuslikus stiilis telerikapp TERAS Puit 1\"}]},{\"@type\":\"WebSite\",\"@id\":\"https:\/\/metaltale.com\/et\/#website\",\"url\":\"https:\/\/metaltale.com\/et\/\",\"name\":\"Metaltale.com\",\"description\":\"\",\"potentialAction\":[{\"@type\":\"SearchAction\",\"target\":{\"@type\":\"EntryPoint\",\"urlTemplate\":\"https:\/\/metaltale.com\/et\/?s={search_term_string}\"},\"query-input\":{\"@type\":\"PropertyValueSpecification\",\"valueRequired\":true,\"valueName\":\"search_term_string\"}}],\"inLanguage\":\"et\"}]}<\/script>\n<!-- \/ Yoast SEO plugin. -->","yoast_head_json":{"title":"T\u00f6\u00f6stuslikus stiilis telerikapp TERAS Puit 1 - MetalTale.com","robots":{"index":"index","follow":"follow","max-snippet":"max-snippet:-1","max-image-preview":"max-image-preview:large","max-video-preview":"max-video-preview:-1"},"canonical":"https:\/\/metaltale.com\/et\/toode\/toostuslikus-stiilis-telerikapp-teras-puit-1\/","og_locale":"et_EE","og_type":"article","og_title":"T\u00f6\u00f6stuslikus stiilis telerikapp TERAS Puit 1 - MetalTale.com","og_description":"Mudel ZA.SW.RTV120 Steel Wood kollektsioon EAN. 5905369915765 Materjal m\u00e4nnipuit, teras \u00dcldine k\u00f5rgus (cm) 55 \u00dcldine laius (cm) 120 S\u00fcgavus (cm)","og_url":"https:\/\/metaltale.com\/et\/toode\/toostuslikus-stiilis-telerikapp-teras-puit-1\/","og_site_name":"MetalTale.com","twitter_card":"summary_large_image","schema":{"@context":"https:\/\/schema.org","@graph":[{"@type":"WebPage","@id":"https:\/\/metaltale.com\/et\/toode\/toostuslikus-stiilis-telerikapp-teras-puit-1\/","url":"https:\/\/metaltale.com\/et\/toode\/toostuslikus-stiilis-telerikapp-teras-puit-1\/","name":"T\u00f6\u00f6stuslikus stiilis telerikapp TERAS Puit 1 - MetalTale.com","isPartOf":{"@id":"https:\/\/metaltale.com\/et\/#website"},"primaryImageOfPage":{"@id":"https:\/\/metaltale.com\/et\/toode\/toostuslikus-stiilis-telerikapp-teras-puit-1\/#primaryimage"},"image":{"@id":"https:\/\/metaltale.com\/et\/toode\/toostuslikus-stiilis-telerikapp-teras-puit-1\/#primaryimage"},"thumbnailUrl":"https:\/\/metaltale.com\/wp-content\/uploads\/2024\/01\/televizoriaus-spintele.jpg","datePublished":"2024-02-13T11:25:43+00:00","breadcrumb":{"@id":"https:\/\/metaltale.com\/et\/toode\/toostuslikus-stiilis-telerikapp-teras-puit-1\/#breadcrumb"},"inLanguage":"et","potentialAction":[{"@type":"ReadAction","target":["https:\/\/metaltale.com\/et\/toode\/toostuslikus-stiilis-telerikapp-teras-puit-1\/"]}]},{"@type":"ImageObject","inLanguage":"et","@id":"https:\/\/metaltale.com\/et\/toode\/toostuslikus-stiilis-telerikapp-teras-puit-1\/#primaryimage","url":"https:\/\/metaltale.com\/wp-content\/uploads\/2024\/01\/televizoriaus-spintele.jpg","contentUrl":"https:\/\/metaltale.com\/wp-content\/uploads\/2024\/01\/televizoriaus-spintele.jpg","width":800,"height":800,"caption":"TV-kapp"},{"@type":"BreadcrumbList","@id":"https:\/\/metaltale.com\/et\/toode\/toostuslikus-stiilis-telerikapp-teras-puit-1\/#breadcrumb","itemListElement":[{"@type":"ListItem","position":1,"name":"Home","item":"https:\/\/metaltale.com\/et\/kodu\/"},{"@type":"ListItem","position":2,"name":"Kauplus","item":"https:\/\/metaltale.com\/et\/shop\/"},{"@type":"ListItem","position":3,"name":"T\u00f6\u00f6stuslikus stiilis telerikapp TERAS Puit 1"}]},{"@type":"WebSite","@id":"https:\/\/metaltale.com\/et\/#website","url":"https:\/\/metaltale.com\/et\/","name":"Metaltale.com","description":"","potentialAction":[{"@type":"SearchAction","target":{"@type":"EntryPoint","urlTemplate":"https:\/\/metaltale.com\/et\/?s={search_term_string}"},"query-input":{"@type":"PropertyValueSpecification","valueRequired":true,"valueName":"search_term_string"}}],"inLanguage":"et"}]}},"_links":{"self":[{"href":"https:\/\/metaltale.com\/et\/wp-json\/wp\/v2\/product\/135321","targetHints":{"allow":["GET"]}}],"collection":[{"href":"https:\/\/metaltale.com\/et\/wp-json\/wp\/v2\/product"}],"about":[{"href":"https:\/\/metaltale.com\/et\/wp-json\/wp\/v2\/types\/product"}],"replies":[{"embeddable":true,"href":"https:\/\/metaltale.com\/et\/wp-json\/wp\/v2\/comments?post=135321"}],"version-history":[{"count":0,"href":"https:\/\/metaltale.com\/et\/wp-json\/wp\/v2\/product\/135321\/revisions"}],"wp:featuredmedia":[{"embeddable":true,"href":"https:\/\/metaltale.com\/et\/wp-json\/wp\/v2\/media\/119575"}],"wp:attachment":[{"href":"https:\/\/metaltale.com\/et\/wp-json\/wp\/v2\/media?parent=135321"}],"wp:term":[{"taxonomy":"product_brand","embeddable":true,"href":"https:\/\/metaltale.com\/et\/wp-json\/wp\/v2\/product_brand?post=135321"},{"taxonomy":"product_cat","embeddable":true,"href":"https:\/\/metaltale.com\/et\/wp-json\/wp\/v2\/product_cat?post=135321"},{"taxonomy":"product_tag","embeddable":true,"href":"https:\/\/metaltale.com\/et\/wp-json\/wp\/v2\/product_tag?post=135321"}],"curies":[{"name":"wp","href":"https:\/\/api.w.org\/{rel}","templated":true}]}}