{"id":135320,"date":"2024-02-13T15:17:46","date_gmt":"2024-02-13T13:17:46","guid":{"rendered":"https:\/\/metaltale.com\/produktas\/tugev-toostuslikus-stiilis-garderoob\/"},"modified":"2024-02-13T15:17:46","modified_gmt":"2024-02-13T13:17:46","slug":"tugev-toostuslikus-stiilis-garderoob","status":"publish","type":"product","link":"https:\/\/metaltale.com\/et\/toode\/tugev-toostuslikus-stiilis-garderoob\/","title":{"rendered":"Tugev t\u00f6\u00f6stuslikus stiilis garderoob"},"content":{"rendered":"<div class=\"prod_data\">\n<p><strong>Mudel<\/strong> ZA.SG.W3<br \/>\nTugev <strong>kollektsioon<\/strong><br \/>\n<strong>Materjal<\/strong> Tammepuit, teras<br \/>\n<strong>Laius (cm)<\/strong> 90<br \/>\n<strong>K\u00f5rgus (cm)<\/strong> 195<br \/>\n<strong>S\u00fcgavus (cm)<\/strong> 40<br \/>\n<strong>V\u00e4rv<\/strong> Must, puit &#8211; naturaalne \u00f5li<br \/>\n<strong>Viimistlus<\/strong> Pulbriga kaetud, \u00f5litatud<br \/>\n<strong>Tarne t\u00fc\u00fcp<\/strong> T\u00e4ielikult kokkupandud toode<\/p>\n<p>kapp on valmistatud tammepuidust ja pulberv\u00e4rvitud terasest<\/p>\n<p>vaikse sulgemisega sahtlid<\/p>\n<p>naturaalset v\u00e4rvi tammepuit, kaitstud \u00f5liga<\/p>\n<p>N\u00e4htav tekstuur ja kortsud annavad unikaalse v\u00e4limuse.<\/p>\n<p>puidust esipaneelide ja metallkorpusega sahtlid<\/p>\n<p>toodete v\u00e4rvus v\u00f5ib erineda galeriis olevatest piltidest, mis v\u00f5ib olla tingitud individuaalsetest monitoriseadetest ja materjalide iseloomust.<\/p>\n<p>teras ja tammepuit on tooraine, mille v\u00e4rvus, toon ja tekstuur v\u00f5ivad proovide v\u00f5i partiide l\u00f5ikes erineda.<\/p>\n<hr>\n<p>Strong on puidu ja metalli harmooniline kombinatsioon, mis loob ainulaadse segu looduslikust v\u00f5lusest ja t\u00f6\u00f6stuslikust elegantsist. Vitriinkapp koosneb kahest mahukast sahtlist, mida juhivad vaikselt sulguvad liugurid. See muudab sahtlite avamise ja sulgemise lihtsaks, sujuvaks ja vaikseks. Need sahtlid on ideaalsed k\u00f5ige jaoks alates v\u00e4ikestest esemetest kuni dokumentide ja muude oluliste asjadeni. \u00dcks selle vitriini ainulaadsetest elementidest on kapid, mis on suletud metallv\u00f5rgust valmistatud esipaneelidega. See ebatavaline lahendus annab vitriinile ainulaadse v\u00e4limuse ja tunnetuse, v\u00f5imaldades samal ajal selle sisu v\u00e4ljapanekut ja eksponeerimist. Metallv\u00f5rk annab ka peene t\u00f6\u00f6stusliku esteetika, mis moodustab ilusa kontrasti loodusliku puiduga.<\/p>\n<\/div>\n","protected":false},"excerpt":{"rendered":"<p>Mudel ZA.SG.W3 Tugev kollektsioon Materjal Tammepuit, teras Laius (cm) 90 K\u00f5rgus (cm) 195 S\u00fcgavus (cm) 40 V\u00e4rv Must, puit &#8211;<\/p>\n","protected":false},"featured_media":75687,"comment_status":"open","ping_status":"closed","template":"","meta":{"_acf_changed":false,"pmpro_default_level":""},"product_brand":[],"product_cat":[24199,24138],"product_tag":[],"class_list":{"0":"post-135320","1":"product","2":"type-product","3":"status-publish","4":"has-post-thumbnail","6":"product_cat-kapid","7":"product_cat-toostusmoobel","8":"pmpro-has-access","10":"first","11":"instock","12":"shipping-taxable","13":"purchasable","14":"product-type-simple"},"acf":[],"yoast_head":"<!-- This site is optimized with the Yoast SEO plugin v24.9 - https:\/\/yoast.com\/wordpress\/plugins\/seo\/ -->\n<title>Tugev t\u00f6\u00f6stuslikus stiilis garderoob - MetalTale.com<\/title>\n<meta name=\"robots\" content=\"index, follow, max-snippet:-1, max-image-preview:large, max-video-preview:-1\" \/>\n<link rel=\"canonical\" href=\"https:\/\/metaltale.com\/et\/toode\/tugev-toostuslikus-stiilis-garderoob\/\" \/>\n<meta property=\"og:locale\" content=\"et_EE\" \/>\n<meta property=\"og:type\" content=\"article\" \/>\n<meta property=\"og:title\" content=\"Tugev t\u00f6\u00f6stuslikus stiilis garderoob - MetalTale.com\" \/>\n<meta property=\"og:description\" content=\"Mudel ZA.SG.W3 Tugev kollektsioon Materjal Tammepuit, teras Laius (cm) 90 K\u00f5rgus (cm) 195 S\u00fcgavus (cm) 40 V\u00e4rv Must, puit &#8211;\" \/>\n<meta property=\"og:url\" content=\"https:\/\/metaltale.com\/et\/toode\/tugev-toostuslikus-stiilis-garderoob\/\" \/>\n<meta property=\"og:site_name\" content=\"MetalTale.com\" \/>\n<meta name=\"twitter:card\" content=\"summary_large_image\" \/>\n<meta name=\"twitter:label1\" content=\"Est. reading time\" \/>\n\t<meta name=\"twitter:data1\" content=\"1 minut\" \/>\n<script type=\"application\/ld+json\" class=\"yoast-schema-graph\">{\"@context\":\"https:\/\/schema.org\",\"@graph\":[{\"@type\":\"WebPage\",\"@id\":\"https:\/\/metaltale.com\/et\/toode\/tugev-toostuslikus-stiilis-garderoob\/\",\"url\":\"https:\/\/metaltale.com\/et\/toode\/tugev-toostuslikus-stiilis-garderoob\/\",\"name\":\"Tugev t\u00f6\u00f6stuslikus stiilis garderoob - MetalTale.com\",\"isPartOf\":{\"@id\":\"https:\/\/metaltale.com\/et\/#website\"},\"primaryImageOfPage\":{\"@id\":\"https:\/\/metaltale.com\/et\/toode\/tugev-toostuslikus-stiilis-garderoob\/#primaryimage\"},\"image\":{\"@id\":\"https:\/\/metaltale.com\/et\/toode\/tugev-toostuslikus-stiilis-garderoob\/#primaryimage\"},\"thumbnailUrl\":\"https:\/\/metaltale.com\/wp-content\/uploads\/2023\/10\/Witryna-loftas-industrialna-STRONG.jpg\",\"datePublished\":\"2024-02-13T13:17:46+00:00\",\"breadcrumb\":{\"@id\":\"https:\/\/metaltale.com\/et\/toode\/tugev-toostuslikus-stiilis-garderoob\/#breadcrumb\"},\"inLanguage\":\"et\",\"potentialAction\":[{\"@type\":\"ReadAction\",\"target\":[\"https:\/\/metaltale.com\/et\/toode\/tugev-toostuslikus-stiilis-garderoob\/\"]}]},{\"@type\":\"ImageObject\",\"inLanguage\":\"et\",\"@id\":\"https:\/\/metaltale.com\/et\/toode\/tugev-toostuslikus-stiilis-garderoob\/#primaryimage\",\"url\":\"https:\/\/metaltale.com\/wp-content\/uploads\/2023\/10\/Witryna-loftas-industrialna-STRONG.jpg\",\"contentUrl\":\"https:\/\/metaltale.com\/wp-content\/uploads\/2023\/10\/Witryna-loftas-industrialna-STRONG.jpg\",\"width\":800,\"height\":800,\"caption\":\"Kapi\"},{\"@type\":\"BreadcrumbList\",\"@id\":\"https:\/\/metaltale.com\/et\/toode\/tugev-toostuslikus-stiilis-garderoob\/#breadcrumb\",\"itemListElement\":[{\"@type\":\"ListItem\",\"position\":1,\"name\":\"Home\",\"item\":\"https:\/\/metaltale.com\/et\/kodu\/\"},{\"@type\":\"ListItem\",\"position\":2,\"name\":\"Kauplus\",\"item\":\"https:\/\/metaltale.com\/et\/shop\/\"},{\"@type\":\"ListItem\",\"position\":3,\"name\":\"Tugev t\u00f6\u00f6stuslikus stiilis garderoob\"}]},{\"@type\":\"WebSite\",\"@id\":\"https:\/\/metaltale.com\/et\/#website\",\"url\":\"https:\/\/metaltale.com\/et\/\",\"name\":\"Metaltale.com\",\"description\":\"\",\"potentialAction\":[{\"@type\":\"SearchAction\",\"target\":{\"@type\":\"EntryPoint\",\"urlTemplate\":\"https:\/\/metaltale.com\/et\/?s={search_term_string}\"},\"query-input\":{\"@type\":\"PropertyValueSpecification\",\"valueRequired\":true,\"valueName\":\"search_term_string\"}}],\"inLanguage\":\"et\"}]}<\/script>\n<!-- \/ Yoast SEO plugin. -->","yoast_head_json":{"title":"Tugev t\u00f6\u00f6stuslikus stiilis garderoob - MetalTale.com","robots":{"index":"index","follow":"follow","max-snippet":"max-snippet:-1","max-image-preview":"max-image-preview:large","max-video-preview":"max-video-preview:-1"},"canonical":"https:\/\/metaltale.com\/et\/toode\/tugev-toostuslikus-stiilis-garderoob\/","og_locale":"et_EE","og_type":"article","og_title":"Tugev t\u00f6\u00f6stuslikus stiilis garderoob - MetalTale.com","og_description":"Mudel ZA.SG.W3 Tugev kollektsioon Materjal Tammepuit, teras Laius (cm) 90 K\u00f5rgus (cm) 195 S\u00fcgavus (cm) 40 V\u00e4rv Must, puit &#8211;","og_url":"https:\/\/metaltale.com\/et\/toode\/tugev-toostuslikus-stiilis-garderoob\/","og_site_name":"MetalTale.com","twitter_card":"summary_large_image","twitter_misc":{"Est. reading time":"1 minut"},"schema":{"@context":"https:\/\/schema.org","@graph":[{"@type":"WebPage","@id":"https:\/\/metaltale.com\/et\/toode\/tugev-toostuslikus-stiilis-garderoob\/","url":"https:\/\/metaltale.com\/et\/toode\/tugev-toostuslikus-stiilis-garderoob\/","name":"Tugev t\u00f6\u00f6stuslikus stiilis garderoob - MetalTale.com","isPartOf":{"@id":"https:\/\/metaltale.com\/et\/#website"},"primaryImageOfPage":{"@id":"https:\/\/metaltale.com\/et\/toode\/tugev-toostuslikus-stiilis-garderoob\/#primaryimage"},"image":{"@id":"https:\/\/metaltale.com\/et\/toode\/tugev-toostuslikus-stiilis-garderoob\/#primaryimage"},"thumbnailUrl":"https:\/\/metaltale.com\/wp-content\/uploads\/2023\/10\/Witryna-loftas-industrialna-STRONG.jpg","datePublished":"2024-02-13T13:17:46+00:00","breadcrumb":{"@id":"https:\/\/metaltale.com\/et\/toode\/tugev-toostuslikus-stiilis-garderoob\/#breadcrumb"},"inLanguage":"et","potentialAction":[{"@type":"ReadAction","target":["https:\/\/metaltale.com\/et\/toode\/tugev-toostuslikus-stiilis-garderoob\/"]}]},{"@type":"ImageObject","inLanguage":"et","@id":"https:\/\/metaltale.com\/et\/toode\/tugev-toostuslikus-stiilis-garderoob\/#primaryimage","url":"https:\/\/metaltale.com\/wp-content\/uploads\/2023\/10\/Witryna-loftas-industrialna-STRONG.jpg","contentUrl":"https:\/\/metaltale.com\/wp-content\/uploads\/2023\/10\/Witryna-loftas-industrialna-STRONG.jpg","width":800,"height":800,"caption":"Kapi"},{"@type":"BreadcrumbList","@id":"https:\/\/metaltale.com\/et\/toode\/tugev-toostuslikus-stiilis-garderoob\/#breadcrumb","itemListElement":[{"@type":"ListItem","position":1,"name":"Home","item":"https:\/\/metaltale.com\/et\/kodu\/"},{"@type":"ListItem","position":2,"name":"Kauplus","item":"https:\/\/metaltale.com\/et\/shop\/"},{"@type":"ListItem","position":3,"name":"Tugev t\u00f6\u00f6stuslikus stiilis garderoob"}]},{"@type":"WebSite","@id":"https:\/\/metaltale.com\/et\/#website","url":"https:\/\/metaltale.com\/et\/","name":"Metaltale.com","description":"","potentialAction":[{"@type":"SearchAction","target":{"@type":"EntryPoint","urlTemplate":"https:\/\/metaltale.com\/et\/?s={search_term_string}"},"query-input":{"@type":"PropertyValueSpecification","valueRequired":true,"valueName":"search_term_string"}}],"inLanguage":"et"}]}},"_links":{"self":[{"href":"https:\/\/metaltale.com\/et\/wp-json\/wp\/v2\/product\/135320","targetHints":{"allow":["GET"]}}],"collection":[{"href":"https:\/\/metaltale.com\/et\/wp-json\/wp\/v2\/product"}],"about":[{"href":"https:\/\/metaltale.com\/et\/wp-json\/wp\/v2\/types\/product"}],"replies":[{"embeddable":true,"href":"https:\/\/metaltale.com\/et\/wp-json\/wp\/v2\/comments?post=135320"}],"version-history":[{"count":0,"href":"https:\/\/metaltale.com\/et\/wp-json\/wp\/v2\/product\/135320\/revisions"}],"wp:featuredmedia":[{"embeddable":true,"href":"https:\/\/metaltale.com\/et\/wp-json\/wp\/v2\/media\/75687"}],"wp:attachment":[{"href":"https:\/\/metaltale.com\/et\/wp-json\/wp\/v2\/media?parent=135320"}],"wp:term":[{"taxonomy":"product_brand","embeddable":true,"href":"https:\/\/metaltale.com\/et\/wp-json\/wp\/v2\/product_brand?post=135320"},{"taxonomy":"product_cat","embeddable":true,"href":"https:\/\/metaltale.com\/et\/wp-json\/wp\/v2\/product_cat?post=135320"},{"taxonomy":"product_tag","embeddable":true,"href":"https:\/\/metaltale.com\/et\/wp-json\/wp\/v2\/product_tag?post=135320"}],"curies":[{"name":"wp","href":"https:\/\/api.w.org\/{rel}","templated":true}]}}