{"id":135313,"date":"2024-02-13T13:25:43","date_gmt":"2024-02-13T11:25:43","guid":{"rendered":"https:\/\/metaltale.com\/produktas\/toostuslikus-stiilis-ookapp-gart-2-lakitud-teras\/"},"modified":"2024-02-13T13:25:43","modified_gmt":"2024-02-13T11:25:43","slug":"toostuslikus-stiilis-ookapp-gart-2-lakitud-teras","status":"publish","type":"product","link":"https:\/\/metaltale.com\/et\/toode\/toostuslikus-stiilis-ookapp-gart-2-lakitud-teras\/","title":{"rendered":"T\u00f6\u00f6stuslikus stiilis \u00f6\u00f6kapp GART 2, lakitud teras"},"content":{"rendered":"<div class=\"prod_data\">\n<p><strong>Mudel<\/strong> ZA.ST.GARTXX<br \/>\n<strong>Materjal<\/strong> teras<br \/>\n\u00dcldine k\u00f5rgus (cm) 50<br \/>\n<strong>\u00dcldine laius (cm)<\/strong> 35<\/p>\n<p>Laual on terasest alus ja puidust plaat.<br \/>\nV\u00e4ga huvitav element, mis eristab seda lauda sarnastest seda t\u00fc\u00fcpi konstruktsioonidest, on laua \u00fclaosa.<br \/>\nPuidu viimistlusviis on t\u00e4iesti erinev ja enneolematu. Puit on t\u00f6\u00f6tlemata ja samal ajal viimistletud ja v\u00e4rvitud.<br \/>\nSellise lauaplaadi kombinatsioon musta v\u00f5i terasest alusega annab lauale \u00f5ige iseloomu.<\/p>\n<\/div>\n","protected":false},"excerpt":{"rendered":"<p>Mudel ZA.ST.GARTXX Materjal teras \u00dcldine k\u00f5rgus (cm) 50 \u00dcldine laius (cm) 35 Laual on terasest alus ja puidust plaat. V\u00e4ga<\/p>\n","protected":false},"featured_media":119689,"comment_status":"open","ping_status":"closed","template":"","meta":{"_acf_changed":false,"pmpro_default_level":""},"product_brand":[],"product_cat":[24198,24138],"product_tag":[],"class_list":{"0":"post-135313","1":"product","2":"type-product","3":"status-publish","4":"has-post-thumbnail","6":"product_cat-kohvilauad","7":"product_cat-toostusmoobel","8":"pmpro-has-access","10":"first","11":"instock","12":"shipping-taxable","13":"purchasable","14":"product-type-simple"},"acf":[],"yoast_head":"<!-- This site is optimized with the Yoast SEO plugin v24.9 - https:\/\/yoast.com\/wordpress\/plugins\/seo\/ -->\n<title>T\u00f6\u00f6stuslikus stiilis \u00f6\u00f6kapp GART 2, lakitud teras - MetalTale.com<\/title>\n<meta name=\"robots\" content=\"index, follow, max-snippet:-1, max-image-preview:large, max-video-preview:-1\" \/>\n<link rel=\"canonical\" href=\"https:\/\/metaltale.com\/et\/toode\/toostuslikus-stiilis-ookapp-gart-2-lakitud-teras\/\" \/>\n<meta property=\"og:locale\" content=\"et_EE\" \/>\n<meta property=\"og:type\" content=\"article\" \/>\n<meta property=\"og:title\" content=\"T\u00f6\u00f6stuslikus stiilis \u00f6\u00f6kapp GART 2, lakitud teras - MetalTale.com\" \/>\n<meta property=\"og:description\" content=\"Mudel ZA.ST.GARTXX Materjal teras \u00dcldine k\u00f5rgus (cm) 50 \u00dcldine laius (cm) 35 Laual on terasest alus ja puidust plaat. V\u00e4ga\" \/>\n<meta property=\"og:url\" content=\"https:\/\/metaltale.com\/et\/toode\/toostuslikus-stiilis-ookapp-gart-2-lakitud-teras\/\" \/>\n<meta property=\"og:site_name\" content=\"MetalTale.com\" \/>\n<meta name=\"twitter:card\" content=\"summary_large_image\" \/>\n<script type=\"application\/ld+json\" class=\"yoast-schema-graph\">{\"@context\":\"https:\/\/schema.org\",\"@graph\":[{\"@type\":\"WebPage\",\"@id\":\"https:\/\/metaltale.com\/et\/toode\/toostuslikus-stiilis-ookapp-gart-2-lakitud-teras\/\",\"url\":\"https:\/\/metaltale.com\/et\/toode\/toostuslikus-stiilis-ookapp-gart-2-lakitud-teras\/\",\"name\":\"T\u00f6\u00f6stuslikus stiilis \u00f6\u00f6kapp GART 2, lakitud teras - MetalTale.com\",\"isPartOf\":{\"@id\":\"https:\/\/metaltale.com\/et\/#website\"},\"primaryImageOfPage\":{\"@id\":\"https:\/\/metaltale.com\/et\/toode\/toostuslikus-stiilis-ookapp-gart-2-lakitud-teras\/#primaryimage\"},\"image\":{\"@id\":\"https:\/\/metaltale.com\/et\/toode\/toostuslikus-stiilis-ookapp-gart-2-lakitud-teras\/#primaryimage\"},\"thumbnailUrl\":\"https:\/\/metaltale.com\/wp-content\/uploads\/2023\/12\/naktinis-staliukas-1.jpg\",\"datePublished\":\"2024-02-13T11:25:43+00:00\",\"breadcrumb\":{\"@id\":\"https:\/\/metaltale.com\/et\/toode\/toostuslikus-stiilis-ookapp-gart-2-lakitud-teras\/#breadcrumb\"},\"inLanguage\":\"et\",\"potentialAction\":[{\"@type\":\"ReadAction\",\"target\":[\"https:\/\/metaltale.com\/et\/toode\/toostuslikus-stiilis-ookapp-gart-2-lakitud-teras\/\"]}]},{\"@type\":\"ImageObject\",\"inLanguage\":\"et\",\"@id\":\"https:\/\/metaltale.com\/et\/toode\/toostuslikus-stiilis-ookapp-gart-2-lakitud-teras\/#primaryimage\",\"url\":\"https:\/\/metaltale.com\/wp-content\/uploads\/2023\/12\/naktinis-staliukas-1.jpg\",\"contentUrl\":\"https:\/\/metaltale.com\/wp-content\/uploads\/2023\/12\/naktinis-staliukas-1.jpg\",\"width\":956,\"height\":956,\"caption\":\"\u00f6\u00f6kapp\"},{\"@type\":\"BreadcrumbList\",\"@id\":\"https:\/\/metaltale.com\/et\/toode\/toostuslikus-stiilis-ookapp-gart-2-lakitud-teras\/#breadcrumb\",\"itemListElement\":[{\"@type\":\"ListItem\",\"position\":1,\"name\":\"Home\",\"item\":\"https:\/\/metaltale.com\/et\/kodu\/\"},{\"@type\":\"ListItem\",\"position\":2,\"name\":\"Kauplus\",\"item\":\"https:\/\/metaltale.com\/et\/shop\/\"},{\"@type\":\"ListItem\",\"position\":3,\"name\":\"T\u00f6\u00f6stuslikus stiilis \u00f6\u00f6kapp GART 2, lakitud teras\"}]},{\"@type\":\"WebSite\",\"@id\":\"https:\/\/metaltale.com\/et\/#website\",\"url\":\"https:\/\/metaltale.com\/et\/\",\"name\":\"Metaltale.com\",\"description\":\"\",\"potentialAction\":[{\"@type\":\"SearchAction\",\"target\":{\"@type\":\"EntryPoint\",\"urlTemplate\":\"https:\/\/metaltale.com\/et\/?s={search_term_string}\"},\"query-input\":{\"@type\":\"PropertyValueSpecification\",\"valueRequired\":true,\"valueName\":\"search_term_string\"}}],\"inLanguage\":\"et\"}]}<\/script>\n<!-- \/ Yoast SEO plugin. -->","yoast_head_json":{"title":"T\u00f6\u00f6stuslikus stiilis \u00f6\u00f6kapp GART 2, lakitud teras - MetalTale.com","robots":{"index":"index","follow":"follow","max-snippet":"max-snippet:-1","max-image-preview":"max-image-preview:large","max-video-preview":"max-video-preview:-1"},"canonical":"https:\/\/metaltale.com\/et\/toode\/toostuslikus-stiilis-ookapp-gart-2-lakitud-teras\/","og_locale":"et_EE","og_type":"article","og_title":"T\u00f6\u00f6stuslikus stiilis \u00f6\u00f6kapp GART 2, lakitud teras - MetalTale.com","og_description":"Mudel ZA.ST.GARTXX Materjal teras \u00dcldine k\u00f5rgus (cm) 50 \u00dcldine laius (cm) 35 Laual on terasest alus ja puidust plaat. V\u00e4ga","og_url":"https:\/\/metaltale.com\/et\/toode\/toostuslikus-stiilis-ookapp-gart-2-lakitud-teras\/","og_site_name":"MetalTale.com","twitter_card":"summary_large_image","schema":{"@context":"https:\/\/schema.org","@graph":[{"@type":"WebPage","@id":"https:\/\/metaltale.com\/et\/toode\/toostuslikus-stiilis-ookapp-gart-2-lakitud-teras\/","url":"https:\/\/metaltale.com\/et\/toode\/toostuslikus-stiilis-ookapp-gart-2-lakitud-teras\/","name":"T\u00f6\u00f6stuslikus stiilis \u00f6\u00f6kapp GART 2, lakitud teras - MetalTale.com","isPartOf":{"@id":"https:\/\/metaltale.com\/et\/#website"},"primaryImageOfPage":{"@id":"https:\/\/metaltale.com\/et\/toode\/toostuslikus-stiilis-ookapp-gart-2-lakitud-teras\/#primaryimage"},"image":{"@id":"https:\/\/metaltale.com\/et\/toode\/toostuslikus-stiilis-ookapp-gart-2-lakitud-teras\/#primaryimage"},"thumbnailUrl":"https:\/\/metaltale.com\/wp-content\/uploads\/2023\/12\/naktinis-staliukas-1.jpg","datePublished":"2024-02-13T11:25:43+00:00","breadcrumb":{"@id":"https:\/\/metaltale.com\/et\/toode\/toostuslikus-stiilis-ookapp-gart-2-lakitud-teras\/#breadcrumb"},"inLanguage":"et","potentialAction":[{"@type":"ReadAction","target":["https:\/\/metaltale.com\/et\/toode\/toostuslikus-stiilis-ookapp-gart-2-lakitud-teras\/"]}]},{"@type":"ImageObject","inLanguage":"et","@id":"https:\/\/metaltale.com\/et\/toode\/toostuslikus-stiilis-ookapp-gart-2-lakitud-teras\/#primaryimage","url":"https:\/\/metaltale.com\/wp-content\/uploads\/2023\/12\/naktinis-staliukas-1.jpg","contentUrl":"https:\/\/metaltale.com\/wp-content\/uploads\/2023\/12\/naktinis-staliukas-1.jpg","width":956,"height":956,"caption":"\u00f6\u00f6kapp"},{"@type":"BreadcrumbList","@id":"https:\/\/metaltale.com\/et\/toode\/toostuslikus-stiilis-ookapp-gart-2-lakitud-teras\/#breadcrumb","itemListElement":[{"@type":"ListItem","position":1,"name":"Home","item":"https:\/\/metaltale.com\/et\/kodu\/"},{"@type":"ListItem","position":2,"name":"Kauplus","item":"https:\/\/metaltale.com\/et\/shop\/"},{"@type":"ListItem","position":3,"name":"T\u00f6\u00f6stuslikus stiilis \u00f6\u00f6kapp GART 2, lakitud teras"}]},{"@type":"WebSite","@id":"https:\/\/metaltale.com\/et\/#website","url":"https:\/\/metaltale.com\/et\/","name":"Metaltale.com","description":"","potentialAction":[{"@type":"SearchAction","target":{"@type":"EntryPoint","urlTemplate":"https:\/\/metaltale.com\/et\/?s={search_term_string}"},"query-input":{"@type":"PropertyValueSpecification","valueRequired":true,"valueName":"search_term_string"}}],"inLanguage":"et"}]}},"_links":{"self":[{"href":"https:\/\/metaltale.com\/et\/wp-json\/wp\/v2\/product\/135313","targetHints":{"allow":["GET"]}}],"collection":[{"href":"https:\/\/metaltale.com\/et\/wp-json\/wp\/v2\/product"}],"about":[{"href":"https:\/\/metaltale.com\/et\/wp-json\/wp\/v2\/types\/product"}],"replies":[{"embeddable":true,"href":"https:\/\/metaltale.com\/et\/wp-json\/wp\/v2\/comments?post=135313"}],"version-history":[{"count":0,"href":"https:\/\/metaltale.com\/et\/wp-json\/wp\/v2\/product\/135313\/revisions"}],"wp:featuredmedia":[{"embeddable":true,"href":"https:\/\/metaltale.com\/et\/wp-json\/wp\/v2\/media\/119689"}],"wp:attachment":[{"href":"https:\/\/metaltale.com\/et\/wp-json\/wp\/v2\/media?parent=135313"}],"wp:term":[{"taxonomy":"product_brand","embeddable":true,"href":"https:\/\/metaltale.com\/et\/wp-json\/wp\/v2\/product_brand?post=135313"},{"taxonomy":"product_cat","embeddable":true,"href":"https:\/\/metaltale.com\/et\/wp-json\/wp\/v2\/product_cat?post=135313"},{"taxonomy":"product_tag","embeddable":true,"href":"https:\/\/metaltale.com\/et\/wp-json\/wp\/v2\/product_tag?post=135313"}],"curies":[{"name":"wp","href":"https:\/\/api.w.org\/{rel}","templated":true}]}}