{"id":135312,"date":"2024-02-13T13:25:43","date_gmt":"2024-02-13T11:25:43","guid":{"rendered":"https:\/\/metaltale.com\/produktas\/toostuslikus-stiilis-sahtli-kirstu-teraspuust-2\/"},"modified":"2024-02-13T13:25:43","modified_gmt":"2024-02-13T11:25:43","slug":"toostuslikus-stiilis-sahtli-kirstu-teraspuust-2","status":"publish","type":"product","link":"https:\/\/metaltale.com\/et\/toode\/toostuslikus-stiilis-sahtli-kirstu-teraspuust-2\/","title":{"rendered":"T\u00f6\u00f6stuslikus stiilis sahtli kirstu TERASPUUST 2"},"content":{"rendered":"<div class=\"prod_data\">\n<p><strong>Mudel<\/strong> ZA.SW.B2<br \/>\nSteel Wood <strong>kollektsioon<\/strong><br \/>\n<strong>EAN.<\/strong>  5905369914041<br \/>\n<strong>Materjal<\/strong> m\u00e4nnipuit, teras<br \/>\n<strong>\u00dcldine k\u00f5rgus (cm)<\/strong> 81<br \/>\n<strong>\u00dcldine laius (cm)<\/strong> 150<br \/>\n<strong>S\u00fcgavus (cm)<\/strong> 50<br \/>\n<strong>V\u00e4rv<\/strong> Pruun, teras<br \/>\n<strong>Trimmi<\/strong> laiguline<br \/>\n<strong>Tarne t\u00fc\u00fcp<\/strong> T\u00e4ielikult kokkupandud toode<\/p>\n<p>&#8211; Loft-kapp, mis on valmistatud m\u00e4nnipuu ja kvaliteetse terase kombinatsioonist.<br \/>\n&#8211; konstruktsioon koosnes kahest omavahel \u00fchendatud kinnisest profiilist, mille ristl\u00f5ige oli 2&#215;2 cm.<br \/>\n&#8211; metallkonstruktsioonid ja sahtlifoonid on immutatud l\u00e4bipaistva kihiga<br \/>\n&#8211; ohutus ja kasutusmugavus tagavad k\u00f5ikide ebatasasuste ja keevituspunktide lihvimise<br \/>\n&#8211; k\u00e4sitsi valmistatud m\u00e4nnielemendid s\u00e4ilitavad oma loomuliku struktuuri<br \/>\n&#8211; puitu on t\u00f6\u00f6deldud veeplekkidega kastmismeetodil.<br \/>\n&#8211; kuullaagritega sahtlijuhikud suurendavad kasutusmugavust<br \/>\n&#8211; stiilselt valitud terasest k\u00e4epidemed ees<\/p>\n<hr>\n<p>Loft, t\u00f6\u00f6stuslik m\u00f6\u00f6bel kollektsioonist STEEL WOOD on kvaliteetse terase ja valitud m\u00e4nnipuu originaalne kombinatsioon. Kahe toormaterjali kombinatsioon annab m\u00f6\u00f6blile ainulaadse iseloomu, mis erineb tavap\u00e4rasest, ainult puidust valmistatud m\u00f6\u00f6blistiilist. Keevituskohtade tahtlik lihvimine ja puidu k\u00e4sitsi viimistlemine annavad massiividele t\u00f6\u00f6stusliku disaini. PLINUM WOOD kirstul on kuus mahukat sahtlit. Vaatamata vanale stiilile on k\u00f5igil kaasaegsed kuullaagrijuhid, mis tagavad vaikse ja sujuva s\u00f5idu. M\u00f6\u00f6bel \u00fchendab endas nii huvitava stiili kui ka funktsionaalsuse. Selle kollektsiooni tahkeid materjale iseloomustab stabiilsus ja kasutusmugavus t\u00e4nu kvaliteetsele ja detailidele t\u00e4helepanu p\u00f6\u00f6ravale t\u00f6\u00f6tlemisele. STEEL WOOD on ideaalne pakkumine k\u00f5igile loft-stiilis kodudele, korteritele ja kontoritele.<\/p>\n<hr>\n<\/div>\n","protected":false},"excerpt":{"rendered":"<p>Mudel ZA.SW.B2 Steel Wood kollektsioon EAN. 5905369914041 Materjal m\u00e4nnipuit, teras \u00dcldine k\u00f5rgus (cm) 81 \u00dcldine laius (cm) 150 S\u00fcgavus (cm)<\/p>\n","protected":false},"featured_media":112249,"comment_status":"open","ping_status":"closed","template":"","meta":{"_acf_changed":false,"pmpro_default_level":""},"product_brand":[],"product_cat":[24201,24138],"product_tag":[],"class_list":{"0":"post-135312","1":"product","2":"type-product","3":"status-publish","4":"has-post-thumbnail","6":"product_cat-kommodid","7":"product_cat-toostusmoobel","8":"pmpro-has-access","10":"first","11":"instock","12":"shipping-taxable","13":"purchasable","14":"product-type-simple"},"acf":[],"yoast_head":"<!-- This site is optimized with the Yoast SEO plugin v24.9 - https:\/\/yoast.com\/wordpress\/plugins\/seo\/ -->\n<title>T\u00f6\u00f6stuslikus stiilis sahtli kirstu TERASPUUST 2 - MetalTale.com<\/title>\n<meta name=\"robots\" content=\"index, follow, max-snippet:-1, max-image-preview:large, max-video-preview:-1\" \/>\n<link rel=\"canonical\" href=\"https:\/\/metaltale.com\/et\/toode\/toostuslikus-stiilis-sahtli-kirstu-teraspuust-2\/\" \/>\n<meta property=\"og:locale\" content=\"et_EE\" \/>\n<meta property=\"og:type\" content=\"article\" \/>\n<meta property=\"og:title\" content=\"T\u00f6\u00f6stuslikus stiilis sahtli kirstu TERASPUUST 2 - MetalTale.com\" \/>\n<meta property=\"og:description\" content=\"Mudel ZA.SW.B2 Steel Wood kollektsioon EAN. 5905369914041 Materjal m\u00e4nnipuit, teras \u00dcldine k\u00f5rgus (cm) 81 \u00dcldine laius (cm) 150 S\u00fcgavus (cm)\" \/>\n<meta property=\"og:url\" content=\"https:\/\/metaltale.com\/et\/toode\/toostuslikus-stiilis-sahtli-kirstu-teraspuust-2\/\" \/>\n<meta property=\"og:site_name\" content=\"MetalTale.com\" \/>\n<meta name=\"twitter:card\" content=\"summary_large_image\" \/>\n<meta name=\"twitter:label1\" content=\"Est. reading time\" \/>\n\t<meta name=\"twitter:data1\" content=\"1 minut\" \/>\n<script type=\"application\/ld+json\" class=\"yoast-schema-graph\">{\"@context\":\"https:\/\/schema.org\",\"@graph\":[{\"@type\":\"WebPage\",\"@id\":\"https:\/\/metaltale.com\/et\/toode\/toostuslikus-stiilis-sahtli-kirstu-teraspuust-2\/\",\"url\":\"https:\/\/metaltale.com\/et\/toode\/toostuslikus-stiilis-sahtli-kirstu-teraspuust-2\/\",\"name\":\"T\u00f6\u00f6stuslikus stiilis sahtli kirstu TERASPUUST 2 - MetalTale.com\",\"isPartOf\":{\"@id\":\"https:\/\/metaltale.com\/et\/#website\"},\"primaryImageOfPage\":{\"@id\":\"https:\/\/metaltale.com\/et\/toode\/toostuslikus-stiilis-sahtli-kirstu-teraspuust-2\/#primaryimage\"},\"image\":{\"@id\":\"https:\/\/metaltale.com\/et\/toode\/toostuslikus-stiilis-sahtli-kirstu-teraspuust-2\/#primaryimage\"},\"thumbnailUrl\":\"https:\/\/metaltale.com\/wp-content\/uploads\/2023\/11\/Komoda-PLIENINx116-MEDIENA-2.jpg\",\"datePublished\":\"2024-02-13T11:25:43+00:00\",\"breadcrumb\":{\"@id\":\"https:\/\/metaltale.com\/et\/toode\/toostuslikus-stiilis-sahtli-kirstu-teraspuust-2\/#breadcrumb\"},\"inLanguage\":\"et\",\"potentialAction\":[{\"@type\":\"ReadAction\",\"target\":[\"https:\/\/metaltale.com\/et\/toode\/toostuslikus-stiilis-sahtli-kirstu-teraspuust-2\/\"]}]},{\"@type\":\"ImageObject\",\"inLanguage\":\"et\",\"@id\":\"https:\/\/metaltale.com\/et\/toode\/toostuslikus-stiilis-sahtli-kirstu-teraspuust-2\/#primaryimage\",\"url\":\"https:\/\/metaltale.com\/wp-content\/uploads\/2023\/11\/Komoda-PLIENINx116-MEDIENA-2.jpg\",\"contentUrl\":\"https:\/\/metaltale.com\/wp-content\/uploads\/2023\/11\/Komoda-PLIENINx116-MEDIENA-2.jpg\",\"width\":800,\"height\":800},{\"@type\":\"BreadcrumbList\",\"@id\":\"https:\/\/metaltale.com\/et\/toode\/toostuslikus-stiilis-sahtli-kirstu-teraspuust-2\/#breadcrumb\",\"itemListElement\":[{\"@type\":\"ListItem\",\"position\":1,\"name\":\"Home\",\"item\":\"https:\/\/metaltale.com\/et\/kodu\/\"},{\"@type\":\"ListItem\",\"position\":2,\"name\":\"Kauplus\",\"item\":\"https:\/\/metaltale.com\/et\/shop\/\"},{\"@type\":\"ListItem\",\"position\":3,\"name\":\"T\u00f6\u00f6stuslikus stiilis sahtli kirstu TERASPUUST 2\"}]},{\"@type\":\"WebSite\",\"@id\":\"https:\/\/metaltale.com\/et\/#website\",\"url\":\"https:\/\/metaltale.com\/et\/\",\"name\":\"Metaltale.com\",\"description\":\"\",\"potentialAction\":[{\"@type\":\"SearchAction\",\"target\":{\"@type\":\"EntryPoint\",\"urlTemplate\":\"https:\/\/metaltale.com\/et\/?s={search_term_string}\"},\"query-input\":{\"@type\":\"PropertyValueSpecification\",\"valueRequired\":true,\"valueName\":\"search_term_string\"}}],\"inLanguage\":\"et\"}]}<\/script>\n<!-- \/ Yoast SEO plugin. -->","yoast_head_json":{"title":"T\u00f6\u00f6stuslikus stiilis sahtli kirstu TERASPUUST 2 - MetalTale.com","robots":{"index":"index","follow":"follow","max-snippet":"max-snippet:-1","max-image-preview":"max-image-preview:large","max-video-preview":"max-video-preview:-1"},"canonical":"https:\/\/metaltale.com\/et\/toode\/toostuslikus-stiilis-sahtli-kirstu-teraspuust-2\/","og_locale":"et_EE","og_type":"article","og_title":"T\u00f6\u00f6stuslikus stiilis sahtli kirstu TERASPUUST 2 - MetalTale.com","og_description":"Mudel ZA.SW.B2 Steel Wood kollektsioon EAN. 5905369914041 Materjal m\u00e4nnipuit, teras \u00dcldine k\u00f5rgus (cm) 81 \u00dcldine laius (cm) 150 S\u00fcgavus (cm)","og_url":"https:\/\/metaltale.com\/et\/toode\/toostuslikus-stiilis-sahtli-kirstu-teraspuust-2\/","og_site_name":"MetalTale.com","twitter_card":"summary_large_image","twitter_misc":{"Est. reading time":"1 minut"},"schema":{"@context":"https:\/\/schema.org","@graph":[{"@type":"WebPage","@id":"https:\/\/metaltale.com\/et\/toode\/toostuslikus-stiilis-sahtli-kirstu-teraspuust-2\/","url":"https:\/\/metaltale.com\/et\/toode\/toostuslikus-stiilis-sahtli-kirstu-teraspuust-2\/","name":"T\u00f6\u00f6stuslikus stiilis sahtli kirstu TERASPUUST 2 - MetalTale.com","isPartOf":{"@id":"https:\/\/metaltale.com\/et\/#website"},"primaryImageOfPage":{"@id":"https:\/\/metaltale.com\/et\/toode\/toostuslikus-stiilis-sahtli-kirstu-teraspuust-2\/#primaryimage"},"image":{"@id":"https:\/\/metaltale.com\/et\/toode\/toostuslikus-stiilis-sahtli-kirstu-teraspuust-2\/#primaryimage"},"thumbnailUrl":"https:\/\/metaltale.com\/wp-content\/uploads\/2023\/11\/Komoda-PLIENINx116-MEDIENA-2.jpg","datePublished":"2024-02-13T11:25:43+00:00","breadcrumb":{"@id":"https:\/\/metaltale.com\/et\/toode\/toostuslikus-stiilis-sahtli-kirstu-teraspuust-2\/#breadcrumb"},"inLanguage":"et","potentialAction":[{"@type":"ReadAction","target":["https:\/\/metaltale.com\/et\/toode\/toostuslikus-stiilis-sahtli-kirstu-teraspuust-2\/"]}]},{"@type":"ImageObject","inLanguage":"et","@id":"https:\/\/metaltale.com\/et\/toode\/toostuslikus-stiilis-sahtli-kirstu-teraspuust-2\/#primaryimage","url":"https:\/\/metaltale.com\/wp-content\/uploads\/2023\/11\/Komoda-PLIENINx116-MEDIENA-2.jpg","contentUrl":"https:\/\/metaltale.com\/wp-content\/uploads\/2023\/11\/Komoda-PLIENINx116-MEDIENA-2.jpg","width":800,"height":800},{"@type":"BreadcrumbList","@id":"https:\/\/metaltale.com\/et\/toode\/toostuslikus-stiilis-sahtli-kirstu-teraspuust-2\/#breadcrumb","itemListElement":[{"@type":"ListItem","position":1,"name":"Home","item":"https:\/\/metaltale.com\/et\/kodu\/"},{"@type":"ListItem","position":2,"name":"Kauplus","item":"https:\/\/metaltale.com\/et\/shop\/"},{"@type":"ListItem","position":3,"name":"T\u00f6\u00f6stuslikus stiilis sahtli kirstu TERASPUUST 2"}]},{"@type":"WebSite","@id":"https:\/\/metaltale.com\/et\/#website","url":"https:\/\/metaltale.com\/et\/","name":"Metaltale.com","description":"","potentialAction":[{"@type":"SearchAction","target":{"@type":"EntryPoint","urlTemplate":"https:\/\/metaltale.com\/et\/?s={search_term_string}"},"query-input":{"@type":"PropertyValueSpecification","valueRequired":true,"valueName":"search_term_string"}}],"inLanguage":"et"}]}},"_links":{"self":[{"href":"https:\/\/metaltale.com\/et\/wp-json\/wp\/v2\/product\/135312","targetHints":{"allow":["GET"]}}],"collection":[{"href":"https:\/\/metaltale.com\/et\/wp-json\/wp\/v2\/product"}],"about":[{"href":"https:\/\/metaltale.com\/et\/wp-json\/wp\/v2\/types\/product"}],"replies":[{"embeddable":true,"href":"https:\/\/metaltale.com\/et\/wp-json\/wp\/v2\/comments?post=135312"}],"version-history":[{"count":0,"href":"https:\/\/metaltale.com\/et\/wp-json\/wp\/v2\/product\/135312\/revisions"}],"wp:featuredmedia":[{"embeddable":true,"href":"https:\/\/metaltale.com\/et\/wp-json\/wp\/v2\/media\/112249"}],"wp:attachment":[{"href":"https:\/\/metaltale.com\/et\/wp-json\/wp\/v2\/media?parent=135312"}],"wp:term":[{"taxonomy":"product_brand","embeddable":true,"href":"https:\/\/metaltale.com\/et\/wp-json\/wp\/v2\/product_brand?post=135312"},{"taxonomy":"product_cat","embeddable":true,"href":"https:\/\/metaltale.com\/et\/wp-json\/wp\/v2\/product_cat?post=135312"},{"taxonomy":"product_tag","embeddable":true,"href":"https:\/\/metaltale.com\/et\/wp-json\/wp\/v2\/product_tag?post=135312"}],"curies":[{"name":"wp","href":"https:\/\/api.w.org\/{rel}","templated":true}]}}