{"id":135304,"date":"2024-02-13T13:25:05","date_gmt":"2024-02-13T11:25:05","guid":{"rendered":"https:\/\/metaltale.com\/produktas\/toostuslik-kirst-factory-oak-1\/"},"modified":"2024-02-13T13:25:05","modified_gmt":"2024-02-13T11:25:05","slug":"toostuslik-kirst-factory-oak-1","status":"publish","type":"product","link":"https:\/\/metaltale.com\/et\/toode\/toostuslik-kirst-factory-oak-1\/","title":{"rendered":"T\u00f6\u00f6stuslik kirst FACTORY OAK 1"},"content":{"rendered":"<div class=\"prod_data\">\n<p><strong>Mudel<\/strong> ZA. FAC. E1-DAB<br \/>\nFACTORY OAK <strong>kollektsioon<\/strong><br \/>\n<strong>EAN.<\/strong>  5905369914010<br \/>\n<strong>Materjal<\/strong> Tammepuit, teras<br \/>\n<strong>\u00dcldine k\u00f5rgus (cm)<\/strong> 81<br \/>\n<strong>\u00dcldine laius (cm)<\/strong> 150<br \/>\n<strong>S\u00fcgavus (cm)<\/strong> 50<br \/>\n<strong>Tarne t\u00fc\u00fcp<\/strong> T\u00e4ielikult kokkupandud toode<\/p>\n<p>&#8211; Tammepuust ja terasest t\u00f6\u00f6stuslik kapp<br \/>\n&#8211; kuullaagritega juhikud muudavad sahtlite v\u00e4ljat\u00f5mbamise lihtsaks<br \/>\n&#8211; suletud profiiliga 80x20mm konstruktsioon tagab stabiilsuse ja vastupidavuse;<br \/>\n&#8211; teras, mis on immutatud l\u00e4bipaistva kihiga, mis kaitseb kahjustuste ja kriimustuste eest<br \/>\n&#8211; t\u00e4ielikult spoonimata puidust sahtlid &#8211; kokkupanekuks kasutatud n\u00e4htavad naelad<br \/>\n&#8211; liimimata laudade vahel v\u00f5ivad tekkida l\u00fcngad, mis ei m\u00f5juta kasutusmugavust.<br \/>\n&#8211; Tammepuit, immutatud loodusliku \u00f5liga<br \/>\n&#8211; oodatav vananemism\u00f5ju avaldub terase pinnal n\u00e4htavate kriimustuste ja m\u00e4rgatava puidutekstuuri n\u00e4ol.<br \/>\n&#8211; toodete v\u00e4rvus v\u00f5ib erineda fotogaleriis n\u00e4idatud v\u00e4rvusest tulenevalt individuaalsetest monitoriseadetest ja materjalide iseloomust &#8211; teras ja tammepuit on toorained, mille v\u00e4rvus, toon ja tekstuur v\u00f5ivad erineda eksemplariti v\u00f5i tootmispartiide kaupa.<\/p>\n<hr>\n<p>Kapp on asendamatu m\u00f6\u00f6bliese igas kodus &#8211; nii magamistoas, garderoobis kui ka elutoas. Factory t\u00f6\u00f6stusm\u00f6\u00f6blikollektsioon on ainulaadne kombinatsioon terasest ja tammepuidust. Ringlussev\u00f5etud materjali (puit) kasutamine ei ole mitte ainult koosk\u00f5las keskkonnaprobleemidega, vaid on ka disainerite teadlik tegu, mis annab m\u00f6\u00f6blile veidi toorainet ja palju iseloomu. 80x20mm suurune suletud profiil, mida kaitseb l\u00e4bipaistev lakk, sulandub ilusti tammega, r\u00f5hutades delikaatselt selle &#8220;vigu&#8221;. Tehase stiil on n\u00e4htav ka sahtlite puhul &#8211; need on valmistatud lihvimata puidust, mille kokkupanekuks on kasutatud n\u00e4htavaid naelu. Sahtlid on paigaldatud kuulijuhtidele. Premium-m\u00f6\u00f6bel on n\u00e4htav detailides &#8211; t\u00e4helepanuv\u00e4\u00e4rsed on lihtsad lamedast kangist profileeritud k\u00e4epidemed.<\/p>\n<\/div>\n","protected":false},"excerpt":{"rendered":"<p>Mudel ZA. FAC. E1-DAB FACTORY OAK kollektsioon EAN. 5905369914010 Materjal Tammepuit, teras \u00dcldine k\u00f5rgus (cm) 81 \u00dcldine laius (cm) 150<\/p>\n","protected":false},"featured_media":65799,"comment_status":"open","ping_status":"closed","template":"","meta":{"_acf_changed":false,"pmpro_default_level":""},"product_brand":[],"product_cat":[24201,24138],"product_tag":[],"class_list":{"0":"post-135304","1":"product","2":"type-product","3":"status-publish","4":"has-post-thumbnail","6":"product_cat-kommodid","7":"product_cat-toostusmoobel","8":"pmpro-has-access","10":"first","11":"instock","12":"shipping-taxable","13":"purchasable","14":"product-type-simple"},"acf":[],"yoast_head":"<!-- This site is optimized with the Yoast SEO plugin v24.9 - https:\/\/yoast.com\/wordpress\/plugins\/seo\/ -->\n<title>T\u00f6\u00f6stuslik kirst FACTORY OAK 1 - MetalTale.com<\/title>\n<meta name=\"robots\" content=\"index, follow, max-snippet:-1, max-image-preview:large, max-video-preview:-1\" \/>\n<link rel=\"canonical\" href=\"https:\/\/metaltale.com\/et\/toode\/toostuslik-kirst-factory-oak-1\/\" \/>\n<meta property=\"og:locale\" content=\"et_EE\" \/>\n<meta property=\"og:type\" content=\"article\" \/>\n<meta property=\"og:title\" content=\"T\u00f6\u00f6stuslik kirst FACTORY OAK 1 - MetalTale.com\" \/>\n<meta property=\"og:description\" content=\"Mudel ZA. FAC. E1-DAB FACTORY OAK kollektsioon EAN. 5905369914010 Materjal Tammepuit, teras \u00dcldine k\u00f5rgus (cm) 81 \u00dcldine laius (cm) 150\" \/>\n<meta property=\"og:url\" content=\"https:\/\/metaltale.com\/et\/toode\/toostuslik-kirst-factory-oak-1\/\" \/>\n<meta property=\"og:site_name\" content=\"MetalTale.com\" \/>\n<meta name=\"twitter:card\" content=\"summary_large_image\" \/>\n<meta name=\"twitter:label1\" content=\"Est. reading time\" \/>\n\t<meta name=\"twitter:data1\" content=\"1 minut\" \/>\n<script type=\"application\/ld+json\" class=\"yoast-schema-graph\">{\"@context\":\"https:\/\/schema.org\",\"@graph\":[{\"@type\":\"WebPage\",\"@id\":\"https:\/\/metaltale.com\/et\/toode\/toostuslik-kirst-factory-oak-1\/\",\"url\":\"https:\/\/metaltale.com\/et\/toode\/toostuslik-kirst-factory-oak-1\/\",\"name\":\"T\u00f6\u00f6stuslik kirst FACTORY OAK 1 - MetalTale.com\",\"isPartOf\":{\"@id\":\"https:\/\/metaltale.com\/et\/#website\"},\"primaryImageOfPage\":{\"@id\":\"https:\/\/metaltale.com\/et\/toode\/toostuslik-kirst-factory-oak-1\/#primaryimage\"},\"image\":{\"@id\":\"https:\/\/metaltale.com\/et\/toode\/toostuslik-kirst-factory-oak-1\/#primaryimage\"},\"thumbnailUrl\":\"https:\/\/metaltale.com\/wp-content\/uploads\/2023\/09\/Komoda-FACTORY-OAK-1.jpg\",\"datePublished\":\"2024-02-13T11:25:05+00:00\",\"breadcrumb\":{\"@id\":\"https:\/\/metaltale.com\/et\/toode\/toostuslik-kirst-factory-oak-1\/#breadcrumb\"},\"inLanguage\":\"et\",\"potentialAction\":[{\"@type\":\"ReadAction\",\"target\":[\"https:\/\/metaltale.com\/et\/toode\/toostuslik-kirst-factory-oak-1\/\"]}]},{\"@type\":\"ImageObject\",\"inLanguage\":\"et\",\"@id\":\"https:\/\/metaltale.com\/et\/toode\/toostuslik-kirst-factory-oak-1\/#primaryimage\",\"url\":\"https:\/\/metaltale.com\/wp-content\/uploads\/2023\/09\/Komoda-FACTORY-OAK-1.jpg\",\"contentUrl\":\"https:\/\/metaltale.com\/wp-content\/uploads\/2023\/09\/Komoda-FACTORY-OAK-1.jpg\",\"width\":800,\"height\":800},{\"@type\":\"BreadcrumbList\",\"@id\":\"https:\/\/metaltale.com\/et\/toode\/toostuslik-kirst-factory-oak-1\/#breadcrumb\",\"itemListElement\":[{\"@type\":\"ListItem\",\"position\":1,\"name\":\"Home\",\"item\":\"https:\/\/metaltale.com\/et\/kodu\/\"},{\"@type\":\"ListItem\",\"position\":2,\"name\":\"Kauplus\",\"item\":\"https:\/\/metaltale.com\/et\/shop\/\"},{\"@type\":\"ListItem\",\"position\":3,\"name\":\"T\u00f6\u00f6stuslik kirst FACTORY OAK 1\"}]},{\"@type\":\"WebSite\",\"@id\":\"https:\/\/metaltale.com\/et\/#website\",\"url\":\"https:\/\/metaltale.com\/et\/\",\"name\":\"Metaltale.com\",\"description\":\"\",\"potentialAction\":[{\"@type\":\"SearchAction\",\"target\":{\"@type\":\"EntryPoint\",\"urlTemplate\":\"https:\/\/metaltale.com\/et\/?s={search_term_string}\"},\"query-input\":{\"@type\":\"PropertyValueSpecification\",\"valueRequired\":true,\"valueName\":\"search_term_string\"}}],\"inLanguage\":\"et\"}]}<\/script>\n<!-- \/ Yoast SEO plugin. -->","yoast_head_json":{"title":"T\u00f6\u00f6stuslik kirst FACTORY OAK 1 - MetalTale.com","robots":{"index":"index","follow":"follow","max-snippet":"max-snippet:-1","max-image-preview":"max-image-preview:large","max-video-preview":"max-video-preview:-1"},"canonical":"https:\/\/metaltale.com\/et\/toode\/toostuslik-kirst-factory-oak-1\/","og_locale":"et_EE","og_type":"article","og_title":"T\u00f6\u00f6stuslik kirst FACTORY OAK 1 - MetalTale.com","og_description":"Mudel ZA. FAC. E1-DAB FACTORY OAK kollektsioon EAN. 5905369914010 Materjal Tammepuit, teras \u00dcldine k\u00f5rgus (cm) 81 \u00dcldine laius (cm) 150","og_url":"https:\/\/metaltale.com\/et\/toode\/toostuslik-kirst-factory-oak-1\/","og_site_name":"MetalTale.com","twitter_card":"summary_large_image","twitter_misc":{"Est. reading time":"1 minut"},"schema":{"@context":"https:\/\/schema.org","@graph":[{"@type":"WebPage","@id":"https:\/\/metaltale.com\/et\/toode\/toostuslik-kirst-factory-oak-1\/","url":"https:\/\/metaltale.com\/et\/toode\/toostuslik-kirst-factory-oak-1\/","name":"T\u00f6\u00f6stuslik kirst FACTORY OAK 1 - MetalTale.com","isPartOf":{"@id":"https:\/\/metaltale.com\/et\/#website"},"primaryImageOfPage":{"@id":"https:\/\/metaltale.com\/et\/toode\/toostuslik-kirst-factory-oak-1\/#primaryimage"},"image":{"@id":"https:\/\/metaltale.com\/et\/toode\/toostuslik-kirst-factory-oak-1\/#primaryimage"},"thumbnailUrl":"https:\/\/metaltale.com\/wp-content\/uploads\/2023\/09\/Komoda-FACTORY-OAK-1.jpg","datePublished":"2024-02-13T11:25:05+00:00","breadcrumb":{"@id":"https:\/\/metaltale.com\/et\/toode\/toostuslik-kirst-factory-oak-1\/#breadcrumb"},"inLanguage":"et","potentialAction":[{"@type":"ReadAction","target":["https:\/\/metaltale.com\/et\/toode\/toostuslik-kirst-factory-oak-1\/"]}]},{"@type":"ImageObject","inLanguage":"et","@id":"https:\/\/metaltale.com\/et\/toode\/toostuslik-kirst-factory-oak-1\/#primaryimage","url":"https:\/\/metaltale.com\/wp-content\/uploads\/2023\/09\/Komoda-FACTORY-OAK-1.jpg","contentUrl":"https:\/\/metaltale.com\/wp-content\/uploads\/2023\/09\/Komoda-FACTORY-OAK-1.jpg","width":800,"height":800},{"@type":"BreadcrumbList","@id":"https:\/\/metaltale.com\/et\/toode\/toostuslik-kirst-factory-oak-1\/#breadcrumb","itemListElement":[{"@type":"ListItem","position":1,"name":"Home","item":"https:\/\/metaltale.com\/et\/kodu\/"},{"@type":"ListItem","position":2,"name":"Kauplus","item":"https:\/\/metaltale.com\/et\/shop\/"},{"@type":"ListItem","position":3,"name":"T\u00f6\u00f6stuslik kirst FACTORY OAK 1"}]},{"@type":"WebSite","@id":"https:\/\/metaltale.com\/et\/#website","url":"https:\/\/metaltale.com\/et\/","name":"Metaltale.com","description":"","potentialAction":[{"@type":"SearchAction","target":{"@type":"EntryPoint","urlTemplate":"https:\/\/metaltale.com\/et\/?s={search_term_string}"},"query-input":{"@type":"PropertyValueSpecification","valueRequired":true,"valueName":"search_term_string"}}],"inLanguage":"et"}]}},"_links":{"self":[{"href":"https:\/\/metaltale.com\/et\/wp-json\/wp\/v2\/product\/135304","targetHints":{"allow":["GET"]}}],"collection":[{"href":"https:\/\/metaltale.com\/et\/wp-json\/wp\/v2\/product"}],"about":[{"href":"https:\/\/metaltale.com\/et\/wp-json\/wp\/v2\/types\/product"}],"replies":[{"embeddable":true,"href":"https:\/\/metaltale.com\/et\/wp-json\/wp\/v2\/comments?post=135304"}],"version-history":[{"count":0,"href":"https:\/\/metaltale.com\/et\/wp-json\/wp\/v2\/product\/135304\/revisions"}],"wp:featuredmedia":[{"embeddable":true,"href":"https:\/\/metaltale.com\/et\/wp-json\/wp\/v2\/media\/65799"}],"wp:attachment":[{"href":"https:\/\/metaltale.com\/et\/wp-json\/wp\/v2\/media?parent=135304"}],"wp:term":[{"taxonomy":"product_brand","embeddable":true,"href":"https:\/\/metaltale.com\/et\/wp-json\/wp\/v2\/product_brand?post=135304"},{"taxonomy":"product_cat","embeddable":true,"href":"https:\/\/metaltale.com\/et\/wp-json\/wp\/v2\/product_cat?post=135304"},{"taxonomy":"product_tag","embeddable":true,"href":"https:\/\/metaltale.com\/et\/wp-json\/wp\/v2\/product_tag?post=135304"}],"curies":[{"name":"wp","href":"https:\/\/api.w.org\/{rel}","templated":true}]}}