{"id":135289,"date":"2024-02-13T14:07:41","date_gmt":"2024-02-13T12:07:41","guid":{"rendered":"https:\/\/metaltale.com\/produktas\/paberiratikuhoidja-korona\/"},"modified":"2024-02-13T14:07:41","modified_gmt":"2024-02-13T12:07:41","slug":"paberiratikuhoidja-korona","status":"publish","type":"product","link":"https:\/\/metaltale.com\/et\/toode\/paberiratikuhoidja-korona\/","title":{"rendered":"Paberir\u00e4tikuhoidja KORONA"},"content":{"rendered":"<div class=\"prod_data\">\n<p><strong>Mudel<\/strong> 01.632C. AI.250<br \/>\n<strong>EAN.<\/strong>  5905369921476<br \/>\n<strong>Materjal<\/strong> Puit, malm<br \/>\n\u00dcldine k\u00f5rgus (cm) 19,5<br \/>\n<strong>\u00dcldine laius (cm)<\/strong> 28<br \/>\n<strong>Aluse m\u00f5\u00f5tmed (cm<\/strong> ) 24,5 x 19,5<br \/>\n<strong>V\u00e4rv<\/strong> teras<\/p>\n<p>&#8211; kvaliteetsetest vormitud osadest valmistatud paberr\u00e4tikuhoidja<br \/>\n&#8211; kinnitatakse nii seinte kui ka puitpindade k\u00fclge<br \/>\n&#8211; on kaks kinnitusauku, kruvid kaasas<\/p>\n<hr>\n<p>Kaunis ja tugevalt valmistatud <strong>paberr\u00e4tikuhoidja<\/strong> on ideaalne interj\u00f6\u00f6ri moderniseerimise vorm, mis p\u00f5hineb rustikaalsetel stiilifaktoritel. Selle vaieldamatult dekoratiivset iseloomu on r\u00f5hutatud t\u00e4ismassist vormide kasutamisega, mis v\u00f5imaldab iga detaili t\u00f5etruult reprodutseerida.<\/p>\n<p>Puidust k\u00e4epide, mida kasutatakse r\u00e4tikurulli kinnitamiseks ja mis on naturaalse eksootilise puidu v\u00e4rvi, t\u00e4iendab pakutava eseme \u00fcldist iseloomu, tagades mugava ja muretu kasutamise.<\/p>\n<p>K\u00e4epide kinnitatakse kahe kaasasoleva kruviga.<\/p>\n<\/div>\n","protected":false},"excerpt":{"rendered":"<p>Mudel 01.632C. AI.250 EAN. 5905369921476 Materjal Puit, malm \u00dcldine k\u00f5rgus (cm) 19,5 \u00dcldine laius (cm) 28 Aluse m\u00f5\u00f5tmed (cm )<\/p>\n","protected":false},"featured_media":86088,"comment_status":"open","ping_status":"closed","template":"","meta":{"_acf_changed":false,"pmpro_default_level":""},"product_brand":[],"product_cat":[24150,24151,23863],"product_tag":[],"class_list":{"0":"post-135289","1":"product","2":"type-product","3":"status-publish","4":"has-post-thumbnail","6":"product_cat-koogi-kaunistused","7":"product_cat-tarvikud","8":"product_cat-popieriaus-laikikliai-et","9":"pmpro-has-access","11":"first","12":"instock","13":"shipping-taxable","14":"purchasable","15":"product-type-simple"},"acf":[],"yoast_head":"<!-- This site is optimized with the Yoast SEO plugin v24.9 - https:\/\/yoast.com\/wordpress\/plugins\/seo\/ -->\n<title>Paberir\u00e4tikuhoidja KORONA - MetalTale.com<\/title>\n<meta name=\"robots\" content=\"index, follow, max-snippet:-1, max-image-preview:large, max-video-preview:-1\" \/>\n<link rel=\"canonical\" href=\"https:\/\/metaltale.com\/et\/toode\/paberiratikuhoidja-korona\/\" \/>\n<meta property=\"og:locale\" content=\"et_EE\" \/>\n<meta property=\"og:type\" content=\"article\" \/>\n<meta property=\"og:title\" content=\"Paberir\u00e4tikuhoidja KORONA - MetalTale.com\" \/>\n<meta property=\"og:description\" content=\"Mudel 01.632C. AI.250 EAN. 5905369921476 Materjal Puit, malm \u00dcldine k\u00f5rgus (cm) 19,5 \u00dcldine laius (cm) 28 Aluse m\u00f5\u00f5tmed (cm )\" \/>\n<meta property=\"og:url\" content=\"https:\/\/metaltale.com\/et\/toode\/paberiratikuhoidja-korona\/\" \/>\n<meta property=\"og:site_name\" content=\"MetalTale.com\" \/>\n<meta property=\"og:image\" content=\"https:\/\/metaltale.com\/wp-content\/uploads\/2023\/10\/Popierinix173-rankx161luosx10Dix173-laikiklis-KORONA.jpg\" \/>\n\t<meta property=\"og:image:width\" content=\"800\" \/>\n\t<meta property=\"og:image:height\" content=\"800\" \/>\n\t<meta property=\"og:image:type\" content=\"image\/jpeg\" \/>\n<meta name=\"twitter:card\" content=\"summary_large_image\" \/>\n<meta name=\"twitter:label1\" content=\"Est. reading time\" \/>\n\t<meta name=\"twitter:data1\" content=\"1 minut\" \/>\n<script type=\"application\/ld+json\" class=\"yoast-schema-graph\">{\"@context\":\"https:\/\/schema.org\",\"@graph\":[{\"@type\":\"WebPage\",\"@id\":\"https:\/\/metaltale.com\/et\/toode\/paberiratikuhoidja-korona\/\",\"url\":\"https:\/\/metaltale.com\/et\/toode\/paberiratikuhoidja-korona\/\",\"name\":\"Paberir\u00e4tikuhoidja KORONA - MetalTale.com\",\"isPartOf\":{\"@id\":\"https:\/\/metaltale.com\/et\/#website\"},\"primaryImageOfPage\":{\"@id\":\"https:\/\/metaltale.com\/et\/toode\/paberiratikuhoidja-korona\/#primaryimage\"},\"image\":{\"@id\":\"https:\/\/metaltale.com\/et\/toode\/paberiratikuhoidja-korona\/#primaryimage\"},\"thumbnailUrl\":\"https:\/\/metaltale.com\/wp-content\/uploads\/2023\/10\/Popierinix173-rankx161luosx10Dix173-laikiklis-KORONA.jpg\",\"datePublished\":\"2024-02-13T12:07:41+00:00\",\"breadcrumb\":{\"@id\":\"https:\/\/metaltale.com\/et\/toode\/paberiratikuhoidja-korona\/#breadcrumb\"},\"inLanguage\":\"et\",\"potentialAction\":[{\"@type\":\"ReadAction\",\"target\":[\"https:\/\/metaltale.com\/et\/toode\/paberiratikuhoidja-korona\/\"]}]},{\"@type\":\"ImageObject\",\"inLanguage\":\"et\",\"@id\":\"https:\/\/metaltale.com\/et\/toode\/paberiratikuhoidja-korona\/#primaryimage\",\"url\":\"https:\/\/metaltale.com\/wp-content\/uploads\/2023\/10\/Popierinix173-rankx161luosx10Dix173-laikiklis-KORONA.jpg\",\"contentUrl\":\"https:\/\/metaltale.com\/wp-content\/uploads\/2023\/10\/Popierinix173-rankx161luosx10Dix173-laikiklis-KORONA.jpg\",\"width\":800,\"height\":800},{\"@type\":\"BreadcrumbList\",\"@id\":\"https:\/\/metaltale.com\/et\/toode\/paberiratikuhoidja-korona\/#breadcrumb\",\"itemListElement\":[{\"@type\":\"ListItem\",\"position\":1,\"name\":\"Home\",\"item\":\"https:\/\/metaltale.com\/et\/kodu\/\"},{\"@type\":\"ListItem\",\"position\":2,\"name\":\"Kauplus\",\"item\":\"https:\/\/metaltale.com\/et\/shop\/\"},{\"@type\":\"ListItem\",\"position\":3,\"name\":\"Paberir\u00e4tikuhoidja KORONA\"}]},{\"@type\":\"WebSite\",\"@id\":\"https:\/\/metaltale.com\/et\/#website\",\"url\":\"https:\/\/metaltale.com\/et\/\",\"name\":\"Metaltale.com\",\"description\":\"\",\"potentialAction\":[{\"@type\":\"SearchAction\",\"target\":{\"@type\":\"EntryPoint\",\"urlTemplate\":\"https:\/\/metaltale.com\/et\/?s={search_term_string}\"},\"query-input\":{\"@type\":\"PropertyValueSpecification\",\"valueRequired\":true,\"valueName\":\"search_term_string\"}}],\"inLanguage\":\"et\"}]}<\/script>\n<!-- \/ Yoast SEO plugin. -->","yoast_head_json":{"title":"Paberir\u00e4tikuhoidja KORONA - MetalTale.com","robots":{"index":"index","follow":"follow","max-snippet":"max-snippet:-1","max-image-preview":"max-image-preview:large","max-video-preview":"max-video-preview:-1"},"canonical":"https:\/\/metaltale.com\/et\/toode\/paberiratikuhoidja-korona\/","og_locale":"et_EE","og_type":"article","og_title":"Paberir\u00e4tikuhoidja KORONA - MetalTale.com","og_description":"Mudel 01.632C. AI.250 EAN. 5905369921476 Materjal Puit, malm \u00dcldine k\u00f5rgus (cm) 19,5 \u00dcldine laius (cm) 28 Aluse m\u00f5\u00f5tmed (cm )","og_url":"https:\/\/metaltale.com\/et\/toode\/paberiratikuhoidja-korona\/","og_site_name":"MetalTale.com","og_image":[{"width":800,"height":800,"url":"https:\/\/metaltale.com\/wp-content\/uploads\/2023\/10\/Popierinix173-rankx161luosx10Dix173-laikiklis-KORONA.jpg","type":"image\/jpeg"}],"twitter_card":"summary_large_image","twitter_misc":{"Est. reading time":"1 minut"},"schema":{"@context":"https:\/\/schema.org","@graph":[{"@type":"WebPage","@id":"https:\/\/metaltale.com\/et\/toode\/paberiratikuhoidja-korona\/","url":"https:\/\/metaltale.com\/et\/toode\/paberiratikuhoidja-korona\/","name":"Paberir\u00e4tikuhoidja KORONA - MetalTale.com","isPartOf":{"@id":"https:\/\/metaltale.com\/et\/#website"},"primaryImageOfPage":{"@id":"https:\/\/metaltale.com\/et\/toode\/paberiratikuhoidja-korona\/#primaryimage"},"image":{"@id":"https:\/\/metaltale.com\/et\/toode\/paberiratikuhoidja-korona\/#primaryimage"},"thumbnailUrl":"https:\/\/metaltale.com\/wp-content\/uploads\/2023\/10\/Popierinix173-rankx161luosx10Dix173-laikiklis-KORONA.jpg","datePublished":"2024-02-13T12:07:41+00:00","breadcrumb":{"@id":"https:\/\/metaltale.com\/et\/toode\/paberiratikuhoidja-korona\/#breadcrumb"},"inLanguage":"et","potentialAction":[{"@type":"ReadAction","target":["https:\/\/metaltale.com\/et\/toode\/paberiratikuhoidja-korona\/"]}]},{"@type":"ImageObject","inLanguage":"et","@id":"https:\/\/metaltale.com\/et\/toode\/paberiratikuhoidja-korona\/#primaryimage","url":"https:\/\/metaltale.com\/wp-content\/uploads\/2023\/10\/Popierinix173-rankx161luosx10Dix173-laikiklis-KORONA.jpg","contentUrl":"https:\/\/metaltale.com\/wp-content\/uploads\/2023\/10\/Popierinix173-rankx161luosx10Dix173-laikiklis-KORONA.jpg","width":800,"height":800},{"@type":"BreadcrumbList","@id":"https:\/\/metaltale.com\/et\/toode\/paberiratikuhoidja-korona\/#breadcrumb","itemListElement":[{"@type":"ListItem","position":1,"name":"Home","item":"https:\/\/metaltale.com\/et\/kodu\/"},{"@type":"ListItem","position":2,"name":"Kauplus","item":"https:\/\/metaltale.com\/et\/shop\/"},{"@type":"ListItem","position":3,"name":"Paberir\u00e4tikuhoidja KORONA"}]},{"@type":"WebSite","@id":"https:\/\/metaltale.com\/et\/#website","url":"https:\/\/metaltale.com\/et\/","name":"Metaltale.com","description":"","potentialAction":[{"@type":"SearchAction","target":{"@type":"EntryPoint","urlTemplate":"https:\/\/metaltale.com\/et\/?s={search_term_string}"},"query-input":{"@type":"PropertyValueSpecification","valueRequired":true,"valueName":"search_term_string"}}],"inLanguage":"et"}]}},"_links":{"self":[{"href":"https:\/\/metaltale.com\/et\/wp-json\/wp\/v2\/product\/135289","targetHints":{"allow":["GET"]}}],"collection":[{"href":"https:\/\/metaltale.com\/et\/wp-json\/wp\/v2\/product"}],"about":[{"href":"https:\/\/metaltale.com\/et\/wp-json\/wp\/v2\/types\/product"}],"replies":[{"embeddable":true,"href":"https:\/\/metaltale.com\/et\/wp-json\/wp\/v2\/comments?post=135289"}],"version-history":[{"count":0,"href":"https:\/\/metaltale.com\/et\/wp-json\/wp\/v2\/product\/135289\/revisions"}],"wp:featuredmedia":[{"embeddable":true,"href":"https:\/\/metaltale.com\/et\/wp-json\/wp\/v2\/media\/86088"}],"wp:attachment":[{"href":"https:\/\/metaltale.com\/et\/wp-json\/wp\/v2\/media?parent=135289"}],"wp:term":[{"taxonomy":"product_brand","embeddable":true,"href":"https:\/\/metaltale.com\/et\/wp-json\/wp\/v2\/product_brand?post=135289"},{"taxonomy":"product_cat","embeddable":true,"href":"https:\/\/metaltale.com\/et\/wp-json\/wp\/v2\/product_cat?post=135289"},{"taxonomy":"product_tag","embeddable":true,"href":"https:\/\/metaltale.com\/et\/wp-json\/wp\/v2\/product_tag?post=135289"}],"curies":[{"name":"wp","href":"https:\/\/api.w.org\/{rel}","templated":true}]}}