{"id":135270,"date":"2024-02-13T15:17:46","date_gmt":"2024-02-13T13:17:46","guid":{"rendered":"https:\/\/metaltale.com\/produktas\/taiendav-roobastee-komplekt-liuguksesusteemidele-02-ngb-100cm\/"},"modified":"2024-02-13T15:17:46","modified_gmt":"2024-02-13T13:17:46","slug":"taiendav-roobastee-komplekt-liuguksesusteemidele-02-ngb-100cm","status":"publish","type":"product","link":"https:\/\/metaltale.com\/et\/toode\/taiendav-roobastee-komplekt-liuguksesusteemidele-02-ngb-100cm\/","title":{"rendered":"T\u00e4iendav r\u00f6\u00f6bastee komplekt liugukses\u00fcsteemidele 02-NGB 100cm"},"content":{"rendered":"<div class=\"prod_data\"><strong>Mudel<\/strong> SE10002. NGB  <br \/><strong>EAN.<\/strong>  5905369902017  <br \/><strong>Materjal<\/strong> teras  <br \/><strong> [cm]Kogupikkus<\/strong> 100 <strong> <\/strong> <br \/><strong>Paksus (cm<\/strong> ) 0,6  <br \/>\u00dcldine k\u00f5rgus (cm) 4 <br \/><strong>V\u00e4rv<\/strong> Must  <\/p>\n<p>&#8211; 100cm pikkune r\u00f6\u00f6bas, tihendid ja kinnituskruvid<br \/>&#8211; mitteinvasiivne kl\u00f5ps\u00fchendus &#8211; ei ole vaja jooksvalt puurida<br \/>&#8211; Kokkupanek ilma r\u00f6\u00f6bastee\u00fchenduseta<br \/>&#8211; pulberv\u00e4rvitud toode &#8211; v\u00e4rvikindlus ja kriimustuskindlus<br \/>&#8211; Sisaldab paigaldusseadmeid<\/p>\n<hr>\n<p>T\u00e4iendav r\u00f6\u00f6bas v\u00f5imaldab jooksurada pikendada 100 cm v\u00f5rra. Kokkupanek ei n\u00f5ua pistiku kasutamist &#8211; see toimub puslevi moodi. Kavandatav toode peab olema paigaldatud kahe p\u00f5hikomplekti kuuluva r\u00f6\u00f6paosa vahele.  <\/p>\n<hr>\n<\/div>\n","protected":false},"excerpt":{"rendered":"<p>Mudel SE10002. NGB EAN. 5905369902017 Materjal teras [cm]Kogupikkus 100 Paksus (cm ) 0,6 \u00dcldine k\u00f5rgus (cm) 4 V\u00e4rv Must &#8211;<\/p>\n","protected":false},"featured_media":75036,"comment_status":"open","ping_status":"closed","template":"","meta":{"_acf_changed":false,"pmpro_default_level":""},"product_brand":[],"product_cat":[24140,24205],"product_tag":[],"class_list":{"0":"post-135270","1":"product","2":"type-product","3":"status-publish","4":"has-post-thumbnail","6":"product_cat-liuguksesusteemid","7":"product_cat-liuguste-uste-tarvikud","8":"pmpro-has-access","10":"first","11":"instock","12":"shipping-taxable","13":"purchasable","14":"product-type-simple"},"acf":[],"yoast_head":"<!-- This site is optimized with the Yoast SEO plugin v24.9 - https:\/\/yoast.com\/wordpress\/plugins\/seo\/ -->\n<title>T\u00e4iendav r\u00f6\u00f6bastee komplekt liugukses\u00fcsteemidele 02-NGB 100cm - MetalTale.com<\/title>\n<meta name=\"robots\" content=\"index, follow, max-snippet:-1, max-image-preview:large, max-video-preview:-1\" \/>\n<link rel=\"canonical\" href=\"https:\/\/metaltale.com\/et\/toode\/taiendav-roobastee-komplekt-liuguksesusteemidele-02-ngb-100cm\/\" \/>\n<meta property=\"og:locale\" content=\"et_EE\" \/>\n<meta property=\"og:type\" content=\"article\" \/>\n<meta property=\"og:title\" content=\"T\u00e4iendav r\u00f6\u00f6bastee komplekt liugukses\u00fcsteemidele 02-NGB 100cm - MetalTale.com\" \/>\n<meta property=\"og:description\" content=\"Mudel SE10002. NGB EAN. 5905369902017 Materjal teras [cm]Kogupikkus 100 Paksus (cm ) 0,6 \u00dcldine k\u00f5rgus (cm) 4 V\u00e4rv Must &#8211;\" \/>\n<meta property=\"og:url\" content=\"https:\/\/metaltale.com\/et\/toode\/taiendav-roobastee-komplekt-liuguksesusteemidele-02-ngb-100cm\/\" \/>\n<meta property=\"og:site_name\" content=\"MetalTale.com\" \/>\n<meta property=\"og:image\" content=\"http:\/\/metaltale.com\/wp-content\/uploads\/2023\/09\/Papildomx173-bx117gix173-komplektas-stumdomx173-durx173-sistemoms-02-NGB-100cm.jpg\" \/>\n\t<meta property=\"og:image:width\" content=\"800\" \/>\n\t<meta property=\"og:image:height\" content=\"800\" \/>\n\t<meta property=\"og:image:type\" content=\"image\/jpeg\" \/>\n<meta name=\"twitter:card\" content=\"summary_large_image\" \/>\n<script type=\"application\/ld+json\" class=\"yoast-schema-graph\">{\"@context\":\"https:\/\/schema.org\",\"@graph\":[{\"@type\":\"WebPage\",\"@id\":\"https:\/\/metaltale.com\/et\/toode\/taiendav-roobastee-komplekt-liuguksesusteemidele-02-ngb-100cm\/\",\"url\":\"https:\/\/metaltale.com\/et\/toode\/taiendav-roobastee-komplekt-liuguksesusteemidele-02-ngb-100cm\/\",\"name\":\"T\u00e4iendav r\u00f6\u00f6bastee komplekt liugukses\u00fcsteemidele 02-NGB 100cm - MetalTale.com\",\"isPartOf\":{\"@id\":\"https:\/\/metaltale.com\/et\/#website\"},\"primaryImageOfPage\":{\"@id\":\"https:\/\/metaltale.com\/et\/toode\/taiendav-roobastee-komplekt-liuguksesusteemidele-02-ngb-100cm\/#primaryimage\"},\"image\":{\"@id\":\"https:\/\/metaltale.com\/et\/toode\/taiendav-roobastee-komplekt-liuguksesusteemidele-02-ngb-100cm\/#primaryimage\"},\"thumbnailUrl\":\"https:\/\/metaltale.com\/wp-content\/uploads\/2023\/09\/Papildomx173-bx117gix173-komplektas-stumdomx173-durx173-sistemoms-02-NGB-100cm.jpg\",\"datePublished\":\"2024-02-13T13:17:46+00:00\",\"breadcrumb\":{\"@id\":\"https:\/\/metaltale.com\/et\/toode\/taiendav-roobastee-komplekt-liuguksesusteemidele-02-ngb-100cm\/#breadcrumb\"},\"inLanguage\":\"et\",\"potentialAction\":[{\"@type\":\"ReadAction\",\"target\":[\"https:\/\/metaltale.com\/et\/toode\/taiendav-roobastee-komplekt-liuguksesusteemidele-02-ngb-100cm\/\"]}]},{\"@type\":\"ImageObject\",\"inLanguage\":\"et\",\"@id\":\"https:\/\/metaltale.com\/et\/toode\/taiendav-roobastee-komplekt-liuguksesusteemidele-02-ngb-100cm\/#primaryimage\",\"url\":\"https:\/\/metaltale.com\/wp-content\/uploads\/2023\/09\/Papildomx173-bx117gix173-komplektas-stumdomx173-durx173-sistemoms-02-NGB-100cm.jpg\",\"contentUrl\":\"https:\/\/metaltale.com\/wp-content\/uploads\/2023\/09\/Papildomx173-bx117gix173-komplektas-stumdomx173-durx173-sistemoms-02-NGB-100cm.jpg\",\"width\":800,\"height\":800,\"caption\":\"Papildom\u0173 b\u0117gi\u0173 komplektas stumdom\u0173 dur\u0173 sistemoms 02-NGB 100cm\"},{\"@type\":\"BreadcrumbList\",\"@id\":\"https:\/\/metaltale.com\/et\/toode\/taiendav-roobastee-komplekt-liuguksesusteemidele-02-ngb-100cm\/#breadcrumb\",\"itemListElement\":[{\"@type\":\"ListItem\",\"position\":1,\"name\":\"Home\",\"item\":\"https:\/\/metaltale.com\/et\/kodu\/\"},{\"@type\":\"ListItem\",\"position\":2,\"name\":\"Kauplus\",\"item\":\"https:\/\/metaltale.com\/et\/shop\/\"},{\"@type\":\"ListItem\",\"position\":3,\"name\":\"T\u00e4iendav r\u00f6\u00f6bastee komplekt liugukses\u00fcsteemidele 02-NGB 100cm\"}]},{\"@type\":\"WebSite\",\"@id\":\"https:\/\/metaltale.com\/et\/#website\",\"url\":\"https:\/\/metaltale.com\/et\/\",\"name\":\"Metaltale.com\",\"description\":\"\",\"potentialAction\":[{\"@type\":\"SearchAction\",\"target\":{\"@type\":\"EntryPoint\",\"urlTemplate\":\"https:\/\/metaltale.com\/et\/?s={search_term_string}\"},\"query-input\":{\"@type\":\"PropertyValueSpecification\",\"valueRequired\":true,\"valueName\":\"search_term_string\"}}],\"inLanguage\":\"et\"}]}<\/script>\n<!-- \/ Yoast SEO plugin. -->","yoast_head_json":{"title":"T\u00e4iendav r\u00f6\u00f6bastee komplekt liugukses\u00fcsteemidele 02-NGB 100cm - MetalTale.com","robots":{"index":"index","follow":"follow","max-snippet":"max-snippet:-1","max-image-preview":"max-image-preview:large","max-video-preview":"max-video-preview:-1"},"canonical":"https:\/\/metaltale.com\/et\/toode\/taiendav-roobastee-komplekt-liuguksesusteemidele-02-ngb-100cm\/","og_locale":"et_EE","og_type":"article","og_title":"T\u00e4iendav r\u00f6\u00f6bastee komplekt liugukses\u00fcsteemidele 02-NGB 100cm - MetalTale.com","og_description":"Mudel SE10002. NGB EAN. 5905369902017 Materjal teras [cm]Kogupikkus 100 Paksus (cm ) 0,6 \u00dcldine k\u00f5rgus (cm) 4 V\u00e4rv Must &#8211;","og_url":"https:\/\/metaltale.com\/et\/toode\/taiendav-roobastee-komplekt-liuguksesusteemidele-02-ngb-100cm\/","og_site_name":"MetalTale.com","og_image":[{"width":800,"height":800,"url":"http:\/\/metaltale.com\/wp-content\/uploads\/2023\/09\/Papildomx173-bx117gix173-komplektas-stumdomx173-durx173-sistemoms-02-NGB-100cm.jpg","type":"image\/jpeg"}],"twitter_card":"summary_large_image","schema":{"@context":"https:\/\/schema.org","@graph":[{"@type":"WebPage","@id":"https:\/\/metaltale.com\/et\/toode\/taiendav-roobastee-komplekt-liuguksesusteemidele-02-ngb-100cm\/","url":"https:\/\/metaltale.com\/et\/toode\/taiendav-roobastee-komplekt-liuguksesusteemidele-02-ngb-100cm\/","name":"T\u00e4iendav r\u00f6\u00f6bastee komplekt liugukses\u00fcsteemidele 02-NGB 100cm - MetalTale.com","isPartOf":{"@id":"https:\/\/metaltale.com\/et\/#website"},"primaryImageOfPage":{"@id":"https:\/\/metaltale.com\/et\/toode\/taiendav-roobastee-komplekt-liuguksesusteemidele-02-ngb-100cm\/#primaryimage"},"image":{"@id":"https:\/\/metaltale.com\/et\/toode\/taiendav-roobastee-komplekt-liuguksesusteemidele-02-ngb-100cm\/#primaryimage"},"thumbnailUrl":"https:\/\/metaltale.com\/wp-content\/uploads\/2023\/09\/Papildomx173-bx117gix173-komplektas-stumdomx173-durx173-sistemoms-02-NGB-100cm.jpg","datePublished":"2024-02-13T13:17:46+00:00","breadcrumb":{"@id":"https:\/\/metaltale.com\/et\/toode\/taiendav-roobastee-komplekt-liuguksesusteemidele-02-ngb-100cm\/#breadcrumb"},"inLanguage":"et","potentialAction":[{"@type":"ReadAction","target":["https:\/\/metaltale.com\/et\/toode\/taiendav-roobastee-komplekt-liuguksesusteemidele-02-ngb-100cm\/"]}]},{"@type":"ImageObject","inLanguage":"et","@id":"https:\/\/metaltale.com\/et\/toode\/taiendav-roobastee-komplekt-liuguksesusteemidele-02-ngb-100cm\/#primaryimage","url":"https:\/\/metaltale.com\/wp-content\/uploads\/2023\/09\/Papildomx173-bx117gix173-komplektas-stumdomx173-durx173-sistemoms-02-NGB-100cm.jpg","contentUrl":"https:\/\/metaltale.com\/wp-content\/uploads\/2023\/09\/Papildomx173-bx117gix173-komplektas-stumdomx173-durx173-sistemoms-02-NGB-100cm.jpg","width":800,"height":800,"caption":"Papildom\u0173 b\u0117gi\u0173 komplektas stumdom\u0173 dur\u0173 sistemoms 02-NGB 100cm"},{"@type":"BreadcrumbList","@id":"https:\/\/metaltale.com\/et\/toode\/taiendav-roobastee-komplekt-liuguksesusteemidele-02-ngb-100cm\/#breadcrumb","itemListElement":[{"@type":"ListItem","position":1,"name":"Home","item":"https:\/\/metaltale.com\/et\/kodu\/"},{"@type":"ListItem","position":2,"name":"Kauplus","item":"https:\/\/metaltale.com\/et\/shop\/"},{"@type":"ListItem","position":3,"name":"T\u00e4iendav r\u00f6\u00f6bastee komplekt liugukses\u00fcsteemidele 02-NGB 100cm"}]},{"@type":"WebSite","@id":"https:\/\/metaltale.com\/et\/#website","url":"https:\/\/metaltale.com\/et\/","name":"Metaltale.com","description":"","potentialAction":[{"@type":"SearchAction","target":{"@type":"EntryPoint","urlTemplate":"https:\/\/metaltale.com\/et\/?s={search_term_string}"},"query-input":{"@type":"PropertyValueSpecification","valueRequired":true,"valueName":"search_term_string"}}],"inLanguage":"et"}]}},"_links":{"self":[{"href":"https:\/\/metaltale.com\/et\/wp-json\/wp\/v2\/product\/135270","targetHints":{"allow":["GET"]}}],"collection":[{"href":"https:\/\/metaltale.com\/et\/wp-json\/wp\/v2\/product"}],"about":[{"href":"https:\/\/metaltale.com\/et\/wp-json\/wp\/v2\/types\/product"}],"replies":[{"embeddable":true,"href":"https:\/\/metaltale.com\/et\/wp-json\/wp\/v2\/comments?post=135270"}],"version-history":[{"count":0,"href":"https:\/\/metaltale.com\/et\/wp-json\/wp\/v2\/product\/135270\/revisions"}],"wp:featuredmedia":[{"embeddable":true,"href":"https:\/\/metaltale.com\/et\/wp-json\/wp\/v2\/media\/75036"}],"wp:attachment":[{"href":"https:\/\/metaltale.com\/et\/wp-json\/wp\/v2\/media?parent=135270"}],"wp:term":[{"taxonomy":"product_brand","embeddable":true,"href":"https:\/\/metaltale.com\/et\/wp-json\/wp\/v2\/product_brand?post=135270"},{"taxonomy":"product_cat","embeddable":true,"href":"https:\/\/metaltale.com\/et\/wp-json\/wp\/v2\/product_cat?post=135270"},{"taxonomy":"product_tag","embeddable":true,"href":"https:\/\/metaltale.com\/et\/wp-json\/wp\/v2\/product_tag?post=135270"}],"curies":[{"name":"wp","href":"https:\/\/api.w.org\/{rel}","templated":true}]}}