{"id":135265,"date":"2024-02-13T15:03:58","date_gmt":"2024-02-13T13:03:58","guid":{"rendered":"https:\/\/metaltale.com\/produktas\/loft-klaasist-lukanduksed-wovena-2\/"},"modified":"2024-02-13T15:03:58","modified_gmt":"2024-02-13T13:03:58","slug":"loft-klaasist-lukanduksed-wovena-2","status":"publish","type":"product","link":"https:\/\/metaltale.com\/et\/toode\/loft-klaasist-lukanduksed-wovena-2\/","title":{"rendered":"Loft klaasist l\u00fckanduksed WOVENA"},"content":{"rendered":"<div class=\"prod_data\">EITI <strong>mudel<\/strong>. FL. PRGR <br \/><strong>Materjal<\/strong> Alumiinium, klaas  <br \/><strong>Materjali paksus (cm)<\/strong> 3  <br \/>\u00dcldine k\u00f5rgus (cm) 210 <br \/><strong>Klaasi t\u00fc\u00fcp<\/strong> Karastatud klaas  <br \/><strong>Raami v\u00e4rv<\/strong> Must  <br \/><strong>Klaasi paksus (cm)<\/strong> 0,8  <br \/><strong>Klaasi v\u00e4rv<\/strong> L\u00e4bipaistev  <br \/>Tarne t\u00fc\u00fcp T\u00e4ielikult kokkupandud toode <br \/><strong>LISATEAVE<\/strong> Pakkumine kehtib ainult uste kohta ja ei sisalda l\u00fckandusteid ega muid lisaseadmeid.  <\/p>\n<hr>\n<p>&#8211; Alumiiniumi ja klaasi kombinatsioonist valmistatud uksed<br \/>&#8211; Raam on valmistatud kvaliteetsest, \u00fclikergest alumiiniumist, mis tagab stabiilsuse ja kasutusmugavuse.<br \/>&#8211; 0,8 % kasutatud klaas<br \/>&#8211; ukse \u00fcks k\u00fclg on soonega ja teine k\u00fclg on sileda.<br \/>&#8211; ukses ei ole paigaldusavasid<br \/>&#8211; pulberv\u00e4rvitud viimistlus v\u00f5imaldab uksi kasutada niiskusega kokkupuutuvates ruumides<br \/>&#8211; kaasaegne v\u00e4rvimistehnoloogia koos kvaliteetsete lakkidega, mis tagavad kauakestva v\u00e4rvi ja kriimustuskindluse.<br \/>&#8211; Seda uksemudelit iseloomustab horisontaalsete klaasliistude kasutamine.<br \/>&#8211; mitmek\u00fclgne disain tagab, et uks sobib ideaalselt mis tahes stiilis loft- v\u00f5i moodsasse interj\u00f6\u00f6ri<\/p>\n<hr>\n<p>WOVENA l\u00fckanduksed on t\u00e4nu lainelise klaasi kasutamisele originaalsed, tagades ruumis privaatsuse. Uksed paistavad silma t\u00e4pse t\u00f6\u00f6 ja t\u00e4helepanu detailidele. uksel on pulberv\u00e4rvitud raam, nii et seda saab kasutada mitte ainult elutoas v\u00f5i p\u00f6\u00f6ningul, vaid ka vannitoas v\u00f5i k\u00f6\u00f6gis. T\u00e4nu metallkonstruktsioonile sobivad need ideaalselt avaratesse loft-stiilis interj\u00f6\u00f6ridesse, samas kui nende elegantsus murrab vormi.<\/p>\n<hr>\n<p>*<span> Kahepoolse liugukses\u00fcsteemi puhul tuleb <\/span> kasutada ainult<span> rippraudu <\/span>.  <\/p>\n<\/div>\n","protected":false},"excerpt":{"rendered":"<p>EITI mudel. FL. PRGR Materjal Alumiinium, klaas Materjali paksus (cm) 3 \u00dcldine k\u00f5rgus (cm) 210 Klaasi t\u00fc\u00fcp Karastatud klaas Raami<\/p>\n","protected":false},"featured_media":106706,"comment_status":"open","ping_status":"closed","template":"","meta":{"_acf_changed":false,"pmpro_default_level":""},"product_brand":[],"product_cat":[24146],"product_tag":[],"class_list":{"0":"post-135265","1":"product","2":"type-product","3":"status-publish","4":"has-post-thumbnail","6":"product_cat-klaasist-lukanduksed","7":"pmpro-has-access","9":"first","10":"instock","11":"shipping-taxable","12":"purchasable","13":"product-type-simple"},"acf":[],"yoast_head":"<!-- This site is optimized with the Yoast SEO plugin v24.9 - https:\/\/yoast.com\/wordpress\/plugins\/seo\/ -->\n<title>Loft klaasist l\u00fckanduksed WOVENA - MetalTale.com<\/title>\n<meta name=\"robots\" content=\"index, follow, max-snippet:-1, max-image-preview:large, max-video-preview:-1\" \/>\n<link rel=\"canonical\" href=\"https:\/\/metaltale.com\/et\/toode\/loft-klaasist-lukanduksed-wovena-2\/\" \/>\n<meta property=\"og:locale\" content=\"et_EE\" \/>\n<meta property=\"og:type\" content=\"article\" \/>\n<meta property=\"og:title\" content=\"Loft klaasist l\u00fckanduksed WOVENA - MetalTale.com\" \/>\n<meta property=\"og:description\" content=\"EITI mudel. FL. PRGR Materjal Alumiinium, klaas Materjali paksus (cm) 3 \u00dcldine k\u00f5rgus (cm) 210 Klaasi t\u00fc\u00fcp Karastatud klaas Raami\" \/>\n<meta property=\"og:url\" content=\"https:\/\/metaltale.com\/et\/toode\/loft-klaasist-lukanduksed-wovena-2\/\" \/>\n<meta property=\"og:site_name\" content=\"MetalTale.com\" \/>\n<meta name=\"twitter:card\" content=\"summary_large_image\" \/>\n<meta name=\"twitter:label1\" content=\"Est. reading time\" \/>\n\t<meta name=\"twitter:data1\" content=\"1 minut\" \/>\n<script type=\"application\/ld+json\" class=\"yoast-schema-graph\">{\"@context\":\"https:\/\/schema.org\",\"@graph\":[{\"@type\":\"WebPage\",\"@id\":\"https:\/\/metaltale.com\/et\/toode\/loft-klaasist-lukanduksed-wovena-2\/\",\"url\":\"https:\/\/metaltale.com\/et\/toode\/loft-klaasist-lukanduksed-wovena-2\/\",\"name\":\"Loft klaasist l\u00fckanduksed WOVENA - MetalTale.com\",\"isPartOf\":{\"@id\":\"https:\/\/metaltale.com\/et\/#website\"},\"primaryImageOfPage\":{\"@id\":\"https:\/\/metaltale.com\/et\/toode\/loft-klaasist-lukanduksed-wovena-2\/#primaryimage\"},\"image\":{\"@id\":\"https:\/\/metaltale.com\/et\/toode\/loft-klaasist-lukanduksed-wovena-2\/#primaryimage\"},\"thumbnailUrl\":\"https:\/\/metaltale.com\/wp-content\/uploads\/2023\/11\/AUSTOS-stiklo-durys-100x210-Gofruotas-stiklas.jpg\",\"datePublished\":\"2024-02-13T13:03:58+00:00\",\"breadcrumb\":{\"@id\":\"https:\/\/metaltale.com\/et\/toode\/loft-klaasist-lukanduksed-wovena-2\/#breadcrumb\"},\"inLanguage\":\"et\",\"potentialAction\":[{\"@type\":\"ReadAction\",\"target\":[\"https:\/\/metaltale.com\/et\/toode\/loft-klaasist-lukanduksed-wovena-2\/\"]}]},{\"@type\":\"ImageObject\",\"inLanguage\":\"et\",\"@id\":\"https:\/\/metaltale.com\/et\/toode\/loft-klaasist-lukanduksed-wovena-2\/#primaryimage\",\"url\":\"https:\/\/metaltale.com\/wp-content\/uploads\/2023\/11\/AUSTOS-stiklo-durys-100x210-Gofruotas-stiklas.jpg\",\"contentUrl\":\"https:\/\/metaltale.com\/wp-content\/uploads\/2023\/11\/AUSTOS-stiklo-durys-100x210-Gofruotas-stiklas.jpg\",\"width\":800,\"height\":800},{\"@type\":\"BreadcrumbList\",\"@id\":\"https:\/\/metaltale.com\/et\/toode\/loft-klaasist-lukanduksed-wovena-2\/#breadcrumb\",\"itemListElement\":[{\"@type\":\"ListItem\",\"position\":1,\"name\":\"Home\",\"item\":\"https:\/\/metaltale.com\/et\/kodu\/\"},{\"@type\":\"ListItem\",\"position\":2,\"name\":\"Kauplus\",\"item\":\"https:\/\/metaltale.com\/et\/shop\/\"},{\"@type\":\"ListItem\",\"position\":3,\"name\":\"Loft klaasist l\u00fckanduksed WOVENA\"}]},{\"@type\":\"WebSite\",\"@id\":\"https:\/\/metaltale.com\/et\/#website\",\"url\":\"https:\/\/metaltale.com\/et\/\",\"name\":\"Metaltale.com\",\"description\":\"\",\"potentialAction\":[{\"@type\":\"SearchAction\",\"target\":{\"@type\":\"EntryPoint\",\"urlTemplate\":\"https:\/\/metaltale.com\/et\/?s={search_term_string}\"},\"query-input\":{\"@type\":\"PropertyValueSpecification\",\"valueRequired\":true,\"valueName\":\"search_term_string\"}}],\"inLanguage\":\"et\"}]}<\/script>\n<!-- \/ Yoast SEO plugin. -->","yoast_head_json":{"title":"Loft klaasist l\u00fckanduksed WOVENA - MetalTale.com","robots":{"index":"index","follow":"follow","max-snippet":"max-snippet:-1","max-image-preview":"max-image-preview:large","max-video-preview":"max-video-preview:-1"},"canonical":"https:\/\/metaltale.com\/et\/toode\/loft-klaasist-lukanduksed-wovena-2\/","og_locale":"et_EE","og_type":"article","og_title":"Loft klaasist l\u00fckanduksed WOVENA - MetalTale.com","og_description":"EITI mudel. FL. PRGR Materjal Alumiinium, klaas Materjali paksus (cm) 3 \u00dcldine k\u00f5rgus (cm) 210 Klaasi t\u00fc\u00fcp Karastatud klaas Raami","og_url":"https:\/\/metaltale.com\/et\/toode\/loft-klaasist-lukanduksed-wovena-2\/","og_site_name":"MetalTale.com","twitter_card":"summary_large_image","twitter_misc":{"Est. reading time":"1 minut"},"schema":{"@context":"https:\/\/schema.org","@graph":[{"@type":"WebPage","@id":"https:\/\/metaltale.com\/et\/toode\/loft-klaasist-lukanduksed-wovena-2\/","url":"https:\/\/metaltale.com\/et\/toode\/loft-klaasist-lukanduksed-wovena-2\/","name":"Loft klaasist l\u00fckanduksed WOVENA - MetalTale.com","isPartOf":{"@id":"https:\/\/metaltale.com\/et\/#website"},"primaryImageOfPage":{"@id":"https:\/\/metaltale.com\/et\/toode\/loft-klaasist-lukanduksed-wovena-2\/#primaryimage"},"image":{"@id":"https:\/\/metaltale.com\/et\/toode\/loft-klaasist-lukanduksed-wovena-2\/#primaryimage"},"thumbnailUrl":"https:\/\/metaltale.com\/wp-content\/uploads\/2023\/11\/AUSTOS-stiklo-durys-100x210-Gofruotas-stiklas.jpg","datePublished":"2024-02-13T13:03:58+00:00","breadcrumb":{"@id":"https:\/\/metaltale.com\/et\/toode\/loft-klaasist-lukanduksed-wovena-2\/#breadcrumb"},"inLanguage":"et","potentialAction":[{"@type":"ReadAction","target":["https:\/\/metaltale.com\/et\/toode\/loft-klaasist-lukanduksed-wovena-2\/"]}]},{"@type":"ImageObject","inLanguage":"et","@id":"https:\/\/metaltale.com\/et\/toode\/loft-klaasist-lukanduksed-wovena-2\/#primaryimage","url":"https:\/\/metaltale.com\/wp-content\/uploads\/2023\/11\/AUSTOS-stiklo-durys-100x210-Gofruotas-stiklas.jpg","contentUrl":"https:\/\/metaltale.com\/wp-content\/uploads\/2023\/11\/AUSTOS-stiklo-durys-100x210-Gofruotas-stiklas.jpg","width":800,"height":800},{"@type":"BreadcrumbList","@id":"https:\/\/metaltale.com\/et\/toode\/loft-klaasist-lukanduksed-wovena-2\/#breadcrumb","itemListElement":[{"@type":"ListItem","position":1,"name":"Home","item":"https:\/\/metaltale.com\/et\/kodu\/"},{"@type":"ListItem","position":2,"name":"Kauplus","item":"https:\/\/metaltale.com\/et\/shop\/"},{"@type":"ListItem","position":3,"name":"Loft klaasist l\u00fckanduksed WOVENA"}]},{"@type":"WebSite","@id":"https:\/\/metaltale.com\/et\/#website","url":"https:\/\/metaltale.com\/et\/","name":"Metaltale.com","description":"","potentialAction":[{"@type":"SearchAction","target":{"@type":"EntryPoint","urlTemplate":"https:\/\/metaltale.com\/et\/?s={search_term_string}"},"query-input":{"@type":"PropertyValueSpecification","valueRequired":true,"valueName":"search_term_string"}}],"inLanguage":"et"}]}},"_links":{"self":[{"href":"https:\/\/metaltale.com\/et\/wp-json\/wp\/v2\/product\/135265","targetHints":{"allow":["GET"]}}],"collection":[{"href":"https:\/\/metaltale.com\/et\/wp-json\/wp\/v2\/product"}],"about":[{"href":"https:\/\/metaltale.com\/et\/wp-json\/wp\/v2\/types\/product"}],"replies":[{"embeddable":true,"href":"https:\/\/metaltale.com\/et\/wp-json\/wp\/v2\/comments?post=135265"}],"version-history":[{"count":0,"href":"https:\/\/metaltale.com\/et\/wp-json\/wp\/v2\/product\/135265\/revisions"}],"wp:featuredmedia":[{"embeddable":true,"href":"https:\/\/metaltale.com\/et\/wp-json\/wp\/v2\/media\/106706"}],"wp:attachment":[{"href":"https:\/\/metaltale.com\/et\/wp-json\/wp\/v2\/media?parent=135265"}],"wp:term":[{"taxonomy":"product_brand","embeddable":true,"href":"https:\/\/metaltale.com\/et\/wp-json\/wp\/v2\/product_brand?post=135265"},{"taxonomy":"product_cat","embeddable":true,"href":"https:\/\/metaltale.com\/et\/wp-json\/wp\/v2\/product_cat?post=135265"},{"taxonomy":"product_tag","embeddable":true,"href":"https:\/\/metaltale.com\/et\/wp-json\/wp\/v2\/product_tag?post=135265"}],"curies":[{"name":"wp","href":"https:\/\/api.w.org\/{rel}","templated":true}]}}