{"id":135252,"date":"2024-02-13T13:23:41","date_gmt":"2024-02-13T11:23:41","guid":{"rendered":"https:\/\/metaltale.com\/produktas\/tivoli-klaasist-lukanduksed-loftidele-2\/"},"modified":"2024-02-13T13:23:41","modified_gmt":"2024-02-13T11:23:41","slug":"tivoli-klaasist-lukanduksed-loftidele-2","status":"publish","type":"product","link":"https:\/\/metaltale.com\/et\/toode\/tivoli-klaasist-lukanduksed-loftidele-2\/","title":{"rendered":"TIVOLI klaasist l\u00fckanduksed loftidele"},"content":{"rendered":"<div class=\"prod_data\"><strong>Mudel<\/strong> SE.101.PRGR  <br \/><strong>Materjal<\/strong> Metall, klaas  <br \/>\u00dcldine k\u00f5rgus (cm) 210 <br \/><strong>S\u00fcgavus (cm)<\/strong> 3,2  <br \/><strong>Klaasi t\u00fc\u00fcp<\/strong> Karastatud klaas  <br \/><strong>Raami v\u00e4rv<\/strong> Must  <br \/><strong>Klaasi paksus (cm)<\/strong> 0,4  <br \/><strong>Klaasi v\u00e4rvus<\/strong> Selge \/ piimjas  <br \/>Viimistlus pulberv\u00e4rvitud <br \/>Pinna t\u00fc\u00fcp Silea <br \/>Tarne t\u00fc\u00fcp T\u00e4ielikult kokkupandud toode <br \/>LISATEAVE Pakkumine kehtib ainult \u00fche ukselaua kohta ja ei sisalda libisevuss\u00fcsteemi ega muid lisaseadmeid. <br \/><strong>Paigaldusjuhised<\/strong> Lae alla  <\/p>\n<hr>\n<p>&#8211; uksed on valmistatud kvaliteetsest terasest ja klaasist.<br \/>&#8211; 4 millimeetrine klaas tugevas raamis, mis tagab vastupidavuse ja kasutuskindluse.<br \/>&#8211; kaks klaasiv\u00e4rvi valikut t\u00e4iesti l\u00e4bipaistvate ja l\u00e4bipaistmatute uste jaoks<br \/>&#8211; pulberv\u00e4rvitud viimistlus v\u00f5imaldab uksi kasutada niiskusega kokkupuutuvates ruumides<br \/>&#8211; kaasaegne v\u00e4rvimistehnoloogia koos kvaliteetsete lakkidega, mis tagavad kauakestva v\u00e4rvi ja kriimustuskindluse.<br \/>&#8211; Raami konstruktsioon v\u00f5imaldab \u00fclalt- v\u00f5i l\u00e4bis\u00f5itvaid libisevaid s\u00fcsteeme (vt fotogaleriid).<br \/>&#8211; Seda uksemudelit iseloomustab horisontaalsete klaasliistude ja \u00fche vertikaalse liistu kasutamine.<br \/>&#8211; selle mitmek\u00fclgne disain tagab, et see sobib ideaalselt igasse stiiliga loftiruumi ja ka moodsasse interj\u00f6\u00f6ri.<\/p>\n<hr>\n<p>Klaasist liuguksed on \u00fcha populaarsem lahendus neile, kes otsivad stiili ja elegantsust. T\u00e4nu metallkonstruktsioonile sobivad nad avaratesse loft-stiilis interj\u00f6\u00f6ridesse ja nende elegantsus v\u00f5idab auhindu. T\u00e4nu oma klaasistusele r\u00f5hutavad need t\u00e4iuslikult kaasaegsete interj\u00f6\u00f6ride harmoonilist kujundust. Pulbriga kaetud viimistlus v\u00f5imaldab kasutada uksi mitte ainult elutoas, magamistoas ja koridoris, vaid ka vannitoas v\u00f5i k\u00f6\u00f6gis. Tivoli on pilkup\u00fc\u00fcdev lahendus, mis annab korteritele ja kodudele ainulaadse elegantse atmosf\u00e4\u00e4ri.<\/p>\n<hr>\n<p>*R\u00f6\u00f6baste paigaldusjuhiseid saab kasutada erinevate ukset\u00fc\u00fcpide puhul. Selleks, et ukseleht kataks ukseava soovitud viisil, tuleb reguleerida servaraua serva ja ukseava serva vaheline kaugus.<\/p>\n<p>* Tasuta kohaletoimetamise teenus on saadaval ainult tellimuste puhul, mille koguv\u00e4\u00e4rtus on \u00fcle 1000 zloti.<br \/>* tasuta kohaletoimetamise teenus on saadaval v\u00e4hemalt 1 uksega tellimuste puhul.<br \/>* Kahe liugukses\u00fcsteemi puhul kasutage ainult FREIMi hingedega juhtseadmeid.<\/p>\n<hr>\n<\/div>\n","protected":false},"excerpt":{"rendered":"<p>Mudel SE.101.PRGR Materjal Metall, klaas \u00dcldine k\u00f5rgus (cm) 210 S\u00fcgavus (cm) 3,2 Klaasi t\u00fc\u00fcp Karastatud klaas Raami v\u00e4rv Must Klaasi<\/p>\n","protected":false},"featured_media":77559,"comment_status":"open","ping_status":"closed","template":"","meta":{"_acf_changed":false,"pmpro_default_level":""},"product_brand":[],"product_cat":[24146,24145,24140],"product_tag":[],"class_list":{"0":"post-135252","1":"product","2":"type-product","3":"status-publish","4":"has-post-thumbnail","6":"product_cat-klaasist-lukanduksed","7":"product_cat-liuguksed-et","8":"product_cat-liuguksesusteemid","9":"pmpro-has-access","11":"first","12":"instock","13":"shipping-taxable","14":"purchasable","15":"product-type-simple"},"acf":[],"yoast_head":"<!-- This site is optimized with the Yoast SEO plugin v24.9 - https:\/\/yoast.com\/wordpress\/plugins\/seo\/ -->\n<title>TIVOLI klaasist l\u00fckanduksed loftidele - MetalTale.com<\/title>\n<meta name=\"robots\" content=\"index, follow, max-snippet:-1, max-image-preview:large, max-video-preview:-1\" \/>\n<link rel=\"canonical\" href=\"https:\/\/metaltale.com\/et\/toode\/tivoli-klaasist-lukanduksed-loftidele-2\/\" \/>\n<meta property=\"og:locale\" content=\"et_EE\" \/>\n<meta property=\"og:type\" content=\"article\" \/>\n<meta property=\"og:title\" content=\"TIVOLI klaasist l\u00fckanduksed loftidele - MetalTale.com\" \/>\n<meta property=\"og:description\" content=\"Mudel SE.101.PRGR Materjal Metall, klaas \u00dcldine k\u00f5rgus (cm) 210 S\u00fcgavus (cm) 3,2 Klaasi t\u00fc\u00fcp Karastatud klaas Raami v\u00e4rv Must Klaasi\" \/>\n<meta property=\"og:url\" content=\"https:\/\/metaltale.com\/et\/toode\/tivoli-klaasist-lukanduksed-loftidele-2\/\" \/>\n<meta property=\"og:site_name\" content=\"MetalTale.com\" \/>\n<meta property=\"og:image\" content=\"http:\/\/metaltale.com\/wp-content\/uploads\/2023\/10\/TIVOLI-durys-90x210-skaidrios.jpg\" \/>\n\t<meta property=\"og:image:width\" content=\"800\" \/>\n\t<meta property=\"og:image:height\" content=\"800\" \/>\n\t<meta property=\"og:image:type\" content=\"image\/jpeg\" \/>\n<meta name=\"twitter:card\" content=\"summary_large_image\" \/>\n<meta name=\"twitter:label1\" content=\"Est. reading time\" \/>\n\t<meta name=\"twitter:data1\" content=\"1 minut\" \/>\n<script type=\"application\/ld+json\" class=\"yoast-schema-graph\">{\"@context\":\"https:\/\/schema.org\",\"@graph\":[{\"@type\":\"WebPage\",\"@id\":\"https:\/\/metaltale.com\/et\/toode\/tivoli-klaasist-lukanduksed-loftidele-2\/\",\"url\":\"https:\/\/metaltale.com\/et\/toode\/tivoli-klaasist-lukanduksed-loftidele-2\/\",\"name\":\"TIVOLI klaasist l\u00fckanduksed loftidele - MetalTale.com\",\"isPartOf\":{\"@id\":\"https:\/\/metaltale.com\/et\/#website\"},\"primaryImageOfPage\":{\"@id\":\"https:\/\/metaltale.com\/et\/toode\/tivoli-klaasist-lukanduksed-loftidele-2\/#primaryimage\"},\"image\":{\"@id\":\"https:\/\/metaltale.com\/et\/toode\/tivoli-klaasist-lukanduksed-loftidele-2\/#primaryimage\"},\"thumbnailUrl\":\"https:\/\/metaltale.com\/wp-content\/uploads\/2023\/10\/TIVOLI-durys-90x210-skaidrios.jpg\",\"datePublished\":\"2024-02-13T11:23:41+00:00\",\"breadcrumb\":{\"@id\":\"https:\/\/metaltale.com\/et\/toode\/tivoli-klaasist-lukanduksed-loftidele-2\/#breadcrumb\"},\"inLanguage\":\"et\",\"potentialAction\":[{\"@type\":\"ReadAction\",\"target\":[\"https:\/\/metaltale.com\/et\/toode\/tivoli-klaasist-lukanduksed-loftidele-2\/\"]}]},{\"@type\":\"ImageObject\",\"inLanguage\":\"et\",\"@id\":\"https:\/\/metaltale.com\/et\/toode\/tivoli-klaasist-lukanduksed-loftidele-2\/#primaryimage\",\"url\":\"https:\/\/metaltale.com\/wp-content\/uploads\/2023\/10\/TIVOLI-durys-90x210-skaidrios.jpg\",\"contentUrl\":\"https:\/\/metaltale.com\/wp-content\/uploads\/2023\/10\/TIVOLI-durys-90x210-skaidrios.jpg\",\"width\":800,\"height\":800,\"caption\":\"Stiklin\u0117s stumdomosios durys TIVOLI 90x210 matinis\"},{\"@type\":\"BreadcrumbList\",\"@id\":\"https:\/\/metaltale.com\/et\/toode\/tivoli-klaasist-lukanduksed-loftidele-2\/#breadcrumb\",\"itemListElement\":[{\"@type\":\"ListItem\",\"position\":1,\"name\":\"Home\",\"item\":\"https:\/\/metaltale.com\/et\/kodu\/\"},{\"@type\":\"ListItem\",\"position\":2,\"name\":\"Kauplus\",\"item\":\"https:\/\/metaltale.com\/et\/shop\/\"},{\"@type\":\"ListItem\",\"position\":3,\"name\":\"TIVOLI klaasist l\u00fckanduksed loftidele\"}]},{\"@type\":\"WebSite\",\"@id\":\"https:\/\/metaltale.com\/et\/#website\",\"url\":\"https:\/\/metaltale.com\/et\/\",\"name\":\"Metaltale.com\",\"description\":\"\",\"potentialAction\":[{\"@type\":\"SearchAction\",\"target\":{\"@type\":\"EntryPoint\",\"urlTemplate\":\"https:\/\/metaltale.com\/et\/?s={search_term_string}\"},\"query-input\":{\"@type\":\"PropertyValueSpecification\",\"valueRequired\":true,\"valueName\":\"search_term_string\"}}],\"inLanguage\":\"et\"}]}<\/script>\n<!-- \/ Yoast SEO plugin. -->","yoast_head_json":{"title":"TIVOLI klaasist l\u00fckanduksed loftidele - MetalTale.com","robots":{"index":"index","follow":"follow","max-snippet":"max-snippet:-1","max-image-preview":"max-image-preview:large","max-video-preview":"max-video-preview:-1"},"canonical":"https:\/\/metaltale.com\/et\/toode\/tivoli-klaasist-lukanduksed-loftidele-2\/","og_locale":"et_EE","og_type":"article","og_title":"TIVOLI klaasist l\u00fckanduksed loftidele - MetalTale.com","og_description":"Mudel SE.101.PRGR Materjal Metall, klaas \u00dcldine k\u00f5rgus (cm) 210 S\u00fcgavus (cm) 3,2 Klaasi t\u00fc\u00fcp Karastatud klaas Raami v\u00e4rv Must Klaasi","og_url":"https:\/\/metaltale.com\/et\/toode\/tivoli-klaasist-lukanduksed-loftidele-2\/","og_site_name":"MetalTale.com","og_image":[{"width":800,"height":800,"url":"http:\/\/metaltale.com\/wp-content\/uploads\/2023\/10\/TIVOLI-durys-90x210-skaidrios.jpg","type":"image\/jpeg"}],"twitter_card":"summary_large_image","twitter_misc":{"Est. reading time":"1 minut"},"schema":{"@context":"https:\/\/schema.org","@graph":[{"@type":"WebPage","@id":"https:\/\/metaltale.com\/et\/toode\/tivoli-klaasist-lukanduksed-loftidele-2\/","url":"https:\/\/metaltale.com\/et\/toode\/tivoli-klaasist-lukanduksed-loftidele-2\/","name":"TIVOLI klaasist l\u00fckanduksed loftidele - MetalTale.com","isPartOf":{"@id":"https:\/\/metaltale.com\/et\/#website"},"primaryImageOfPage":{"@id":"https:\/\/metaltale.com\/et\/toode\/tivoli-klaasist-lukanduksed-loftidele-2\/#primaryimage"},"image":{"@id":"https:\/\/metaltale.com\/et\/toode\/tivoli-klaasist-lukanduksed-loftidele-2\/#primaryimage"},"thumbnailUrl":"https:\/\/metaltale.com\/wp-content\/uploads\/2023\/10\/TIVOLI-durys-90x210-skaidrios.jpg","datePublished":"2024-02-13T11:23:41+00:00","breadcrumb":{"@id":"https:\/\/metaltale.com\/et\/toode\/tivoli-klaasist-lukanduksed-loftidele-2\/#breadcrumb"},"inLanguage":"et","potentialAction":[{"@type":"ReadAction","target":["https:\/\/metaltale.com\/et\/toode\/tivoli-klaasist-lukanduksed-loftidele-2\/"]}]},{"@type":"ImageObject","inLanguage":"et","@id":"https:\/\/metaltale.com\/et\/toode\/tivoli-klaasist-lukanduksed-loftidele-2\/#primaryimage","url":"https:\/\/metaltale.com\/wp-content\/uploads\/2023\/10\/TIVOLI-durys-90x210-skaidrios.jpg","contentUrl":"https:\/\/metaltale.com\/wp-content\/uploads\/2023\/10\/TIVOLI-durys-90x210-skaidrios.jpg","width":800,"height":800,"caption":"Stiklin\u0117s stumdomosios durys TIVOLI 90x210 matinis"},{"@type":"BreadcrumbList","@id":"https:\/\/metaltale.com\/et\/toode\/tivoli-klaasist-lukanduksed-loftidele-2\/#breadcrumb","itemListElement":[{"@type":"ListItem","position":1,"name":"Home","item":"https:\/\/metaltale.com\/et\/kodu\/"},{"@type":"ListItem","position":2,"name":"Kauplus","item":"https:\/\/metaltale.com\/et\/shop\/"},{"@type":"ListItem","position":3,"name":"TIVOLI klaasist l\u00fckanduksed loftidele"}]},{"@type":"WebSite","@id":"https:\/\/metaltale.com\/et\/#website","url":"https:\/\/metaltale.com\/et\/","name":"Metaltale.com","description":"","potentialAction":[{"@type":"SearchAction","target":{"@type":"EntryPoint","urlTemplate":"https:\/\/metaltale.com\/et\/?s={search_term_string}"},"query-input":{"@type":"PropertyValueSpecification","valueRequired":true,"valueName":"search_term_string"}}],"inLanguage":"et"}]}},"_links":{"self":[{"href":"https:\/\/metaltale.com\/et\/wp-json\/wp\/v2\/product\/135252","targetHints":{"allow":["GET"]}}],"collection":[{"href":"https:\/\/metaltale.com\/et\/wp-json\/wp\/v2\/product"}],"about":[{"href":"https:\/\/metaltale.com\/et\/wp-json\/wp\/v2\/types\/product"}],"replies":[{"embeddable":true,"href":"https:\/\/metaltale.com\/et\/wp-json\/wp\/v2\/comments?post=135252"}],"version-history":[{"count":0,"href":"https:\/\/metaltale.com\/et\/wp-json\/wp\/v2\/product\/135252\/revisions"}],"wp:featuredmedia":[{"embeddable":true,"href":"https:\/\/metaltale.com\/et\/wp-json\/wp\/v2\/media\/77559"}],"wp:attachment":[{"href":"https:\/\/metaltale.com\/et\/wp-json\/wp\/v2\/media?parent=135252"}],"wp:term":[{"taxonomy":"product_brand","embeddable":true,"href":"https:\/\/metaltale.com\/et\/wp-json\/wp\/v2\/product_brand?post=135252"},{"taxonomy":"product_cat","embeddable":true,"href":"https:\/\/metaltale.com\/et\/wp-json\/wp\/v2\/product_cat?post=135252"},{"taxonomy":"product_tag","embeddable":true,"href":"https:\/\/metaltale.com\/et\/wp-json\/wp\/v2\/product_tag?post=135252"}],"curies":[{"name":"wp","href":"https:\/\/api.w.org\/{rel}","templated":true}]}}