{"id":135241,"date":"2024-02-13T13:25:05","date_gmt":"2024-02-13T11:25:05","guid":{"rendered":"https:\/\/metaltale.com\/produktas\/glossy-klaasist-lukanduksed-4\/"},"modified":"2024-02-13T13:25:05","modified_gmt":"2024-02-13T11:25:05","slug":"glossy-klaasist-lukanduksed-4","status":"publish","type":"product","link":"https:\/\/metaltale.com\/et\/toode\/glossy-klaasist-lukanduksed-4\/","title":{"rendered":"GLOSSY klaasist l\u00fckanduksed"},"content":{"rendered":"<div class=\"prod_data\"><strong>SAVE-mudel<\/strong>. AL002. PRGR <br \/><strong>Materjal<\/strong> Alumiinium, klaas  <br \/><strong>Paksus (cm)<\/strong> 3  <br \/>\u00dcldine k\u00f5rgus (cm) 210 <br \/><strong>Klaasi t\u00fc\u00fcp<\/strong> Karastatud klaas  <br \/><strong>Raami v\u00e4rv<\/strong> Must  <br \/><strong>Klaasi paksus (cm)<\/strong> 0,8  <br \/><strong>Klaasi v\u00e4rvus<\/strong> Selge \/ piimjas  <br \/>Pinna t\u00fc\u00fcp Silea <br \/><strong>Tarnet\u00fc\u00fcp<\/strong> Toode paigalduselementides  <br \/>LISATEAVE Pakkumine kehtib ainult \u00fche ukselaua kohta ja ei sisalda libisevuss\u00fcsteemi ega muid lisaseadmeid. <br \/><strong>Paigaldusjuhised<\/strong> Lae alla  <\/p>\n<hr>\n<p>&#8211; Alumiiniumi ja klaasi kombinatsioonist valmistatud uksed<br \/>&#8211; Sisaldab \u00fchel k\u00fcljel k\u00e4epideme<br \/>&#8211; Raam on valmistatud kvaliteetsest, \u00fclikergest alumiiniumist, mis tagab stabiilsuse ja kasutusmugavuse.<br \/>&#8211; 8 mm paksused klaaspaneelid tagavad maksimaalse ohutuse<br \/>&#8211; pulberv\u00e4rvitud viimistlus muudab ukse sobivaks kasutamiseks ka niiskusega kokkupuutuvates kohtades<br \/>&#8211; kaasaegne v\u00e4rvimistehnoloogia koos kvaliteetsete lakkidega, mis tagavad kauakestva v\u00e4rvi ja kriimustuskindluse.<br \/>&#8211; Raami konstruktsioon v\u00f5imaldab \u00fclalt- v\u00f5i l\u00e4bis\u00f5itvaid libisevaid s\u00fcsteeme (vt fotogaleriid).<br \/>&#8211; Seda uksemudelit iseloomustab horisontaalsete klaasliistude ja \u00fche vertikaalse liistu kasutamine.<br \/>&#8211; mitmek\u00fclgne disain, mis sobib ideaalselt igat t\u00fc\u00fcpi loft ruumide ja <span class=\"hiddenGrammarError\">moodsate<\/span> interj\u00f6\u00f6ride juurde.<\/p>\n<hr>\n<p>Glossi on luksuslik ja eeskujuliku disainiga liuguks. \u00dclikerge konstruktsioon, mis on valmistatud k\u00f5rgeima kvaliteediga alumiiniumist, koos 8 mm paksuse vastupidava klaasiga, tagab kasutusmugavuse ja t\u00e4ieliku kasutuskindluse. See mudel on ideaalne pakkumine igat t\u00fc\u00fcpi interj\u00f6\u00f6rile, olenemata stiilist ja ruumidest. Selge v\u00f5i hele, piimav\u00e4rviline klaas &#8211; visuaalne t\u00f5uge igale minimalistlikule ruumile. T\u00fc\u00fcpiliste loft- ja t\u00f6\u00f6stuslike interj\u00f6\u00f6ride puhul lisab see elegantsi ja stiili. Glossi uksed ei tohiks puududa moodsatest, kaasaegse disainiga kodudest ja korteritest. See toode on pakkumine k\u00f5ige n\u00f5udlikumatele, lahendus neile, kes otsivad k\u00f5rgeima kvaliteediga materjale ja t\u00e4iuslikku t\u00e4psust tootmises.<\/p>\n<hr>\n<p>*<span> Kahepoolsete liugukses\u00fcsteemide puhul tuleks <\/span> kasutada ainult<span class=\"hiddenGrammarError\">vedrustuse t\u00fc\u00fcpi<\/span><span> r\u00f6\u00f6paid <\/span>.  <\/p>\n<\/p>\n<\/div>\n","protected":false},"excerpt":{"rendered":"<p>SAVE-mudel. AL002. PRGR Materjal Alumiinium, klaas Paksus (cm) 3 \u00dcldine k\u00f5rgus (cm) 210 Klaasi t\u00fc\u00fcp Karastatud klaas Raami v\u00e4rv Must<\/p>\n","protected":false},"featured_media":77658,"comment_status":"open","ping_status":"closed","template":"","meta":{"_acf_changed":false,"pmpro_default_level":""},"product_brand":[],"product_cat":[24146],"product_tag":[],"class_list":{"0":"post-135241","1":"product","2":"type-product","3":"status-publish","4":"has-post-thumbnail","6":"product_cat-klaasist-lukanduksed","7":"pmpro-has-access","9":"first","10":"instock","11":"shipping-taxable","12":"purchasable","13":"product-type-simple"},"acf":[],"yoast_head":"<!-- This site is optimized with the Yoast SEO plugin v24.9 - https:\/\/yoast.com\/wordpress\/plugins\/seo\/ -->\n<title>GLOSSY klaasist l\u00fckanduksed - MetalTale.com<\/title>\n<meta name=\"robots\" content=\"index, follow, max-snippet:-1, max-image-preview:large, max-video-preview:-1\" \/>\n<link rel=\"canonical\" href=\"https:\/\/metaltale.com\/et\/toode\/glossy-klaasist-lukanduksed-4\/\" \/>\n<meta property=\"og:locale\" content=\"et_EE\" \/>\n<meta property=\"og:type\" content=\"article\" \/>\n<meta property=\"og:title\" content=\"GLOSSY klaasist l\u00fckanduksed - MetalTale.com\" \/>\n<meta property=\"og:description\" content=\"SAVE-mudel. AL002. PRGR Materjal Alumiinium, klaas Paksus (cm) 3 \u00dcldine k\u00f5rgus (cm) 210 Klaasi t\u00fc\u00fcp Karastatud klaas Raami v\u00e4rv Must\" \/>\n<meta property=\"og:url\" content=\"https:\/\/metaltale.com\/et\/toode\/glossy-klaasist-lukanduksed-4\/\" \/>\n<meta property=\"og:site_name\" content=\"MetalTale.com\" \/>\n<meta name=\"twitter:card\" content=\"summary_large_image\" \/>\n<meta name=\"twitter:label1\" content=\"Est. reading time\" \/>\n\t<meta name=\"twitter:data1\" content=\"1 minut\" \/>\n<script type=\"application\/ld+json\" class=\"yoast-schema-graph\">{\"@context\":\"https:\/\/schema.org\",\"@graph\":[{\"@type\":\"WebPage\",\"@id\":\"https:\/\/metaltale.com\/et\/toode\/glossy-klaasist-lukanduksed-4\/\",\"url\":\"https:\/\/metaltale.com\/et\/toode\/glossy-klaasist-lukanduksed-4\/\",\"name\":\"GLOSSY klaasist l\u00fckanduksed - MetalTale.com\",\"isPartOf\":{\"@id\":\"https:\/\/metaltale.com\/et\/#website\"},\"primaryImageOfPage\":{\"@id\":\"https:\/\/metaltale.com\/et\/toode\/glossy-klaasist-lukanduksed-4\/#primaryimage\"},\"image\":{\"@id\":\"https:\/\/metaltale.com\/et\/toode\/glossy-klaasist-lukanduksed-4\/#primaryimage\"},\"thumbnailUrl\":\"https:\/\/metaltale.com\/wp-content\/uploads\/2023\/10\/Durys-Blizgios-90x210-skaidrios.jpg\",\"datePublished\":\"2024-02-13T11:25:05+00:00\",\"breadcrumb\":{\"@id\":\"https:\/\/metaltale.com\/et\/toode\/glossy-klaasist-lukanduksed-4\/#breadcrumb\"},\"inLanguage\":\"et\",\"potentialAction\":[{\"@type\":\"ReadAction\",\"target\":[\"https:\/\/metaltale.com\/et\/toode\/glossy-klaasist-lukanduksed-4\/\"]}]},{\"@type\":\"ImageObject\",\"inLanguage\":\"et\",\"@id\":\"https:\/\/metaltale.com\/et\/toode\/glossy-klaasist-lukanduksed-4\/#primaryimage\",\"url\":\"https:\/\/metaltale.com\/wp-content\/uploads\/2023\/10\/Durys-Blizgios-90x210-skaidrios.jpg\",\"contentUrl\":\"https:\/\/metaltale.com\/wp-content\/uploads\/2023\/10\/Durys-Blizgios-90x210-skaidrios.jpg\",\"width\":800,\"height\":800,\"caption\":\"Stiklin\u0117s stumdomos durys GLOSSY skaidrus\"},{\"@type\":\"BreadcrumbList\",\"@id\":\"https:\/\/metaltale.com\/et\/toode\/glossy-klaasist-lukanduksed-4\/#breadcrumb\",\"itemListElement\":[{\"@type\":\"ListItem\",\"position\":1,\"name\":\"Home\",\"item\":\"https:\/\/metaltale.com\/et\/kodu\/\"},{\"@type\":\"ListItem\",\"position\":2,\"name\":\"Kauplus\",\"item\":\"https:\/\/metaltale.com\/et\/shop\/\"},{\"@type\":\"ListItem\",\"position\":3,\"name\":\"GLOSSY klaasist l\u00fckanduksed\"}]},{\"@type\":\"WebSite\",\"@id\":\"https:\/\/metaltale.com\/et\/#website\",\"url\":\"https:\/\/metaltale.com\/et\/\",\"name\":\"Metaltale.com\",\"description\":\"\",\"potentialAction\":[{\"@type\":\"SearchAction\",\"target\":{\"@type\":\"EntryPoint\",\"urlTemplate\":\"https:\/\/metaltale.com\/et\/?s={search_term_string}\"},\"query-input\":{\"@type\":\"PropertyValueSpecification\",\"valueRequired\":true,\"valueName\":\"search_term_string\"}}],\"inLanguage\":\"et\"}]}<\/script>\n<!-- \/ Yoast SEO plugin. -->","yoast_head_json":{"title":"GLOSSY klaasist l\u00fckanduksed - MetalTale.com","robots":{"index":"index","follow":"follow","max-snippet":"max-snippet:-1","max-image-preview":"max-image-preview:large","max-video-preview":"max-video-preview:-1"},"canonical":"https:\/\/metaltale.com\/et\/toode\/glossy-klaasist-lukanduksed-4\/","og_locale":"et_EE","og_type":"article","og_title":"GLOSSY klaasist l\u00fckanduksed - MetalTale.com","og_description":"SAVE-mudel. AL002. PRGR Materjal Alumiinium, klaas Paksus (cm) 3 \u00dcldine k\u00f5rgus (cm) 210 Klaasi t\u00fc\u00fcp Karastatud klaas Raami v\u00e4rv Must","og_url":"https:\/\/metaltale.com\/et\/toode\/glossy-klaasist-lukanduksed-4\/","og_site_name":"MetalTale.com","twitter_card":"summary_large_image","twitter_misc":{"Est. reading time":"1 minut"},"schema":{"@context":"https:\/\/schema.org","@graph":[{"@type":"WebPage","@id":"https:\/\/metaltale.com\/et\/toode\/glossy-klaasist-lukanduksed-4\/","url":"https:\/\/metaltale.com\/et\/toode\/glossy-klaasist-lukanduksed-4\/","name":"GLOSSY klaasist l\u00fckanduksed - MetalTale.com","isPartOf":{"@id":"https:\/\/metaltale.com\/et\/#website"},"primaryImageOfPage":{"@id":"https:\/\/metaltale.com\/et\/toode\/glossy-klaasist-lukanduksed-4\/#primaryimage"},"image":{"@id":"https:\/\/metaltale.com\/et\/toode\/glossy-klaasist-lukanduksed-4\/#primaryimage"},"thumbnailUrl":"https:\/\/metaltale.com\/wp-content\/uploads\/2023\/10\/Durys-Blizgios-90x210-skaidrios.jpg","datePublished":"2024-02-13T11:25:05+00:00","breadcrumb":{"@id":"https:\/\/metaltale.com\/et\/toode\/glossy-klaasist-lukanduksed-4\/#breadcrumb"},"inLanguage":"et","potentialAction":[{"@type":"ReadAction","target":["https:\/\/metaltale.com\/et\/toode\/glossy-klaasist-lukanduksed-4\/"]}]},{"@type":"ImageObject","inLanguage":"et","@id":"https:\/\/metaltale.com\/et\/toode\/glossy-klaasist-lukanduksed-4\/#primaryimage","url":"https:\/\/metaltale.com\/wp-content\/uploads\/2023\/10\/Durys-Blizgios-90x210-skaidrios.jpg","contentUrl":"https:\/\/metaltale.com\/wp-content\/uploads\/2023\/10\/Durys-Blizgios-90x210-skaidrios.jpg","width":800,"height":800,"caption":"Stiklin\u0117s stumdomos durys GLOSSY skaidrus"},{"@type":"BreadcrumbList","@id":"https:\/\/metaltale.com\/et\/toode\/glossy-klaasist-lukanduksed-4\/#breadcrumb","itemListElement":[{"@type":"ListItem","position":1,"name":"Home","item":"https:\/\/metaltale.com\/et\/kodu\/"},{"@type":"ListItem","position":2,"name":"Kauplus","item":"https:\/\/metaltale.com\/et\/shop\/"},{"@type":"ListItem","position":3,"name":"GLOSSY klaasist l\u00fckanduksed"}]},{"@type":"WebSite","@id":"https:\/\/metaltale.com\/et\/#website","url":"https:\/\/metaltale.com\/et\/","name":"Metaltale.com","description":"","potentialAction":[{"@type":"SearchAction","target":{"@type":"EntryPoint","urlTemplate":"https:\/\/metaltale.com\/et\/?s={search_term_string}"},"query-input":{"@type":"PropertyValueSpecification","valueRequired":true,"valueName":"search_term_string"}}],"inLanguage":"et"}]}},"_links":{"self":[{"href":"https:\/\/metaltale.com\/et\/wp-json\/wp\/v2\/product\/135241","targetHints":{"allow":["GET"]}}],"collection":[{"href":"https:\/\/metaltale.com\/et\/wp-json\/wp\/v2\/product"}],"about":[{"href":"https:\/\/metaltale.com\/et\/wp-json\/wp\/v2\/types\/product"}],"replies":[{"embeddable":true,"href":"https:\/\/metaltale.com\/et\/wp-json\/wp\/v2\/comments?post=135241"}],"version-history":[{"count":0,"href":"https:\/\/metaltale.com\/et\/wp-json\/wp\/v2\/product\/135241\/revisions"}],"wp:featuredmedia":[{"embeddable":true,"href":"https:\/\/metaltale.com\/et\/wp-json\/wp\/v2\/media\/77658"}],"wp:attachment":[{"href":"https:\/\/metaltale.com\/et\/wp-json\/wp\/v2\/media?parent=135241"}],"wp:term":[{"taxonomy":"product_brand","embeddable":true,"href":"https:\/\/metaltale.com\/et\/wp-json\/wp\/v2\/product_brand?post=135241"},{"taxonomy":"product_cat","embeddable":true,"href":"https:\/\/metaltale.com\/et\/wp-json\/wp\/v2\/product_cat?post=135241"},{"taxonomy":"product_tag","embeddable":true,"href":"https:\/\/metaltale.com\/et\/wp-json\/wp\/v2\/product_tag?post=135241"}],"curies":[{"name":"wp","href":"https:\/\/api.w.org\/{rel}","templated":true}]}}