{"id":135227,"date":"2024-02-13T14:25:06","date_gmt":"2024-02-13T12:25:06","guid":{"rendered":"https:\/\/metaltale.com\/produktas\/riputuskonks-heart\/"},"modified":"2024-02-13T14:25:06","modified_gmt":"2024-02-13T12:25:06","slug":"riputuskonks-heart","status":"publish","type":"product","link":"https:\/\/metaltale.com\/et\/toode\/riputuskonks-heart\/","title":{"rendered":"Riputuskonks HEART"},"content":{"rendered":"<div class=\"prod_data\">\n<h2>M\u00f6\u00f6bli lisavarustus &#8211; RIPUTUSKABELID HEIGHT<\/h2>\n<p><strong>Mudel:<\/strong> 03.337.HFB.125<br \/>\n<strong>EAN:<\/strong> 5905369917844<br \/>\n<strong>Materjal:<\/strong> teras<br \/>\n<strong>\u00dcldine k\u00f5rgus (cm):<\/strong> 12,5<br \/>\n<strong>Koguprojektsioon (cm):<\/strong> 5,5<br \/>\n<strong>Aluse m\u00f5\u00f5tmed, laius (cm):<\/strong> 6<br \/>\n<strong>V\u00e4rv:<\/strong> must<\/p>\n<p>Isegi k\u00f5ige v\u00e4iksemad detailid aitavad anda teie kodule soovitud stiili. See k\u00e4sitsi valmistatud konks on valmistatud k\u00f5rgeima kvaliteediga terasest, mis muudab selle \u00e4\u00e4rmiselt tugevaks ja vastupidavaks. Komplektis on kaasas kruvide komplekt paigaldamiseks.<\/p>\n<\/div>\n","protected":false},"excerpt":{"rendered":"<p>M\u00f6\u00f6bli lisavarustus &#8211; RIPUTUSKABELID HEIGHT Mudel: 03.337.HFB.125 EAN: 5905369917844 Materjal: teras \u00dcldine k\u00f5rgus (cm): 12,5 Koguprojektsioon (cm): 5,5 Aluse m\u00f5\u00f5tmed,<\/p>\n","protected":false},"featured_media":112704,"comment_status":"open","ping_status":"closed","template":"","meta":{"_acf_changed":false,"pmpro_default_level":""},"product_brand":[],"product_cat":[24176,23836],"product_tag":[],"class_list":{"0":"post-135227","1":"product","2":"type-product","3":"status-publish","4":"has-post-thumbnail","6":"product_cat-ripatsid-ja-konksud","7":"product_cat-moobli-tarvikud","8":"pmpro-has-access","10":"first","11":"instock","12":"shipping-taxable","13":"purchasable","14":"product-type-simple"},"acf":[],"yoast_head":"<!-- This site is optimized with the Yoast SEO plugin v24.9 - https:\/\/yoast.com\/wordpress\/plugins\/seo\/ -->\n<title>Riputuskonks HEART - MetalTale.com<\/title>\n<meta name=\"robots\" content=\"index, follow, max-snippet:-1, max-image-preview:large, max-video-preview:-1\" \/>\n<link rel=\"canonical\" href=\"https:\/\/metaltale.com\/et\/toode\/riputuskonks-heart\/\" \/>\n<meta property=\"og:locale\" content=\"et_EE\" \/>\n<meta property=\"og:type\" content=\"article\" \/>\n<meta property=\"og:title\" content=\"Riputuskonks HEART - MetalTale.com\" \/>\n<meta property=\"og:description\" content=\"M\u00f6\u00f6bli lisavarustus &#8211; RIPUTUSKABELID HEIGHT Mudel: 03.337.HFB.125 EAN: 5905369917844 Materjal: teras \u00dcldine k\u00f5rgus (cm): 12,5 Koguprojektsioon (cm): 5,5 Aluse m\u00f5\u00f5tmed,\" \/>\n<meta property=\"og:url\" content=\"https:\/\/metaltale.com\/et\/toode\/riputuskonks-heart\/\" \/>\n<meta property=\"og:site_name\" content=\"MetalTale.com\" \/>\n<meta name=\"twitter:card\" content=\"summary_large_image\" \/>\n<script type=\"application\/ld+json\" class=\"yoast-schema-graph\">{\"@context\":\"https:\/\/schema.org\",\"@graph\":[{\"@type\":\"WebPage\",\"@id\":\"https:\/\/metaltale.com\/et\/toode\/riputuskonks-heart\/\",\"url\":\"https:\/\/metaltale.com\/et\/toode\/riputuskonks-heart\/\",\"name\":\"Riputuskonks HEART - MetalTale.com\",\"isPartOf\":{\"@id\":\"https:\/\/metaltale.com\/et\/#website\"},\"primaryImageOfPage\":{\"@id\":\"https:\/\/metaltale.com\/et\/toode\/riputuskonks-heart\/#primaryimage\"},\"image\":{\"@id\":\"https:\/\/metaltale.com\/et\/toode\/riputuskonks-heart\/#primaryimage\"},\"thumbnailUrl\":\"https:\/\/metaltale.com\/wp-content\/uploads\/2023\/11\/Kablys-KALTINx116-x160IRDIS-125mm.jpg\",\"datePublished\":\"2024-02-13T12:25:06+00:00\",\"breadcrumb\":{\"@id\":\"https:\/\/metaltale.com\/et\/toode\/riputuskonks-heart\/#breadcrumb\"},\"inLanguage\":\"et\",\"potentialAction\":[{\"@type\":\"ReadAction\",\"target\":[\"https:\/\/metaltale.com\/et\/toode\/riputuskonks-heart\/\"]}]},{\"@type\":\"ImageObject\",\"inLanguage\":\"et\",\"@id\":\"https:\/\/metaltale.com\/et\/toode\/riputuskonks-heart\/#primaryimage\",\"url\":\"https:\/\/metaltale.com\/wp-content\/uploads\/2023\/11\/Kablys-KALTINx116-x160IRDIS-125mm.jpg\",\"contentUrl\":\"https:\/\/metaltale.com\/wp-content\/uploads\/2023\/11\/Kablys-KALTINx116-x160IRDIS-125mm.jpg\",\"width\":800,\"height\":800,\"caption\":\"Riputuskonks HEART\"},{\"@type\":\"BreadcrumbList\",\"@id\":\"https:\/\/metaltale.com\/et\/toode\/riputuskonks-heart\/#breadcrumb\",\"itemListElement\":[{\"@type\":\"ListItem\",\"position\":1,\"name\":\"Home\",\"item\":\"https:\/\/metaltale.com\/et\/kodu\/\"},{\"@type\":\"ListItem\",\"position\":2,\"name\":\"Kauplus\",\"item\":\"https:\/\/metaltale.com\/et\/shop\/\"},{\"@type\":\"ListItem\",\"position\":3,\"name\":\"Riputuskonks HEART\"}]},{\"@type\":\"WebSite\",\"@id\":\"https:\/\/metaltale.com\/et\/#website\",\"url\":\"https:\/\/metaltale.com\/et\/\",\"name\":\"Metaltale.com\",\"description\":\"\",\"potentialAction\":[{\"@type\":\"SearchAction\",\"target\":{\"@type\":\"EntryPoint\",\"urlTemplate\":\"https:\/\/metaltale.com\/et\/?s={search_term_string}\"},\"query-input\":{\"@type\":\"PropertyValueSpecification\",\"valueRequired\":true,\"valueName\":\"search_term_string\"}}],\"inLanguage\":\"et\"}]}<\/script>\n<!-- \/ Yoast SEO plugin. -->","yoast_head_json":{"title":"Riputuskonks HEART - MetalTale.com","robots":{"index":"index","follow":"follow","max-snippet":"max-snippet:-1","max-image-preview":"max-image-preview:large","max-video-preview":"max-video-preview:-1"},"canonical":"https:\/\/metaltale.com\/et\/toode\/riputuskonks-heart\/","og_locale":"et_EE","og_type":"article","og_title":"Riputuskonks HEART - MetalTale.com","og_description":"M\u00f6\u00f6bli lisavarustus &#8211; RIPUTUSKABELID HEIGHT Mudel: 03.337.HFB.125 EAN: 5905369917844 Materjal: teras \u00dcldine k\u00f5rgus (cm): 12,5 Koguprojektsioon (cm): 5,5 Aluse m\u00f5\u00f5tmed,","og_url":"https:\/\/metaltale.com\/et\/toode\/riputuskonks-heart\/","og_site_name":"MetalTale.com","twitter_card":"summary_large_image","schema":{"@context":"https:\/\/schema.org","@graph":[{"@type":"WebPage","@id":"https:\/\/metaltale.com\/et\/toode\/riputuskonks-heart\/","url":"https:\/\/metaltale.com\/et\/toode\/riputuskonks-heart\/","name":"Riputuskonks HEART - MetalTale.com","isPartOf":{"@id":"https:\/\/metaltale.com\/et\/#website"},"primaryImageOfPage":{"@id":"https:\/\/metaltale.com\/et\/toode\/riputuskonks-heart\/#primaryimage"},"image":{"@id":"https:\/\/metaltale.com\/et\/toode\/riputuskonks-heart\/#primaryimage"},"thumbnailUrl":"https:\/\/metaltale.com\/wp-content\/uploads\/2023\/11\/Kablys-KALTINx116-x160IRDIS-125mm.jpg","datePublished":"2024-02-13T12:25:06+00:00","breadcrumb":{"@id":"https:\/\/metaltale.com\/et\/toode\/riputuskonks-heart\/#breadcrumb"},"inLanguage":"et","potentialAction":[{"@type":"ReadAction","target":["https:\/\/metaltale.com\/et\/toode\/riputuskonks-heart\/"]}]},{"@type":"ImageObject","inLanguage":"et","@id":"https:\/\/metaltale.com\/et\/toode\/riputuskonks-heart\/#primaryimage","url":"https:\/\/metaltale.com\/wp-content\/uploads\/2023\/11\/Kablys-KALTINx116-x160IRDIS-125mm.jpg","contentUrl":"https:\/\/metaltale.com\/wp-content\/uploads\/2023\/11\/Kablys-KALTINx116-x160IRDIS-125mm.jpg","width":800,"height":800,"caption":"Riputuskonks HEART"},{"@type":"BreadcrumbList","@id":"https:\/\/metaltale.com\/et\/toode\/riputuskonks-heart\/#breadcrumb","itemListElement":[{"@type":"ListItem","position":1,"name":"Home","item":"https:\/\/metaltale.com\/et\/kodu\/"},{"@type":"ListItem","position":2,"name":"Kauplus","item":"https:\/\/metaltale.com\/et\/shop\/"},{"@type":"ListItem","position":3,"name":"Riputuskonks HEART"}]},{"@type":"WebSite","@id":"https:\/\/metaltale.com\/et\/#website","url":"https:\/\/metaltale.com\/et\/","name":"Metaltale.com","description":"","potentialAction":[{"@type":"SearchAction","target":{"@type":"EntryPoint","urlTemplate":"https:\/\/metaltale.com\/et\/?s={search_term_string}"},"query-input":{"@type":"PropertyValueSpecification","valueRequired":true,"valueName":"search_term_string"}}],"inLanguage":"et"}]}},"_links":{"self":[{"href":"https:\/\/metaltale.com\/et\/wp-json\/wp\/v2\/product\/135227","targetHints":{"allow":["GET"]}}],"collection":[{"href":"https:\/\/metaltale.com\/et\/wp-json\/wp\/v2\/product"}],"about":[{"href":"https:\/\/metaltale.com\/et\/wp-json\/wp\/v2\/types\/product"}],"replies":[{"embeddable":true,"href":"https:\/\/metaltale.com\/et\/wp-json\/wp\/v2\/comments?post=135227"}],"version-history":[{"count":0,"href":"https:\/\/metaltale.com\/et\/wp-json\/wp\/v2\/product\/135227\/revisions"}],"wp:featuredmedia":[{"embeddable":true,"href":"https:\/\/metaltale.com\/et\/wp-json\/wp\/v2\/media\/112704"}],"wp:attachment":[{"href":"https:\/\/metaltale.com\/et\/wp-json\/wp\/v2\/media?parent=135227"}],"wp:term":[{"taxonomy":"product_brand","embeddable":true,"href":"https:\/\/metaltale.com\/et\/wp-json\/wp\/v2\/product_brand?post=135227"},{"taxonomy":"product_cat","embeddable":true,"href":"https:\/\/metaltale.com\/et\/wp-json\/wp\/v2\/product_cat?post=135227"},{"taxonomy":"product_tag","embeddable":true,"href":"https:\/\/metaltale.com\/et\/wp-json\/wp\/v2\/product_tag?post=135227"}],"curies":[{"name":"wp","href":"https:\/\/api.w.org\/{rel}","templated":true}]}}