{"id":135224,"date":"2024-02-13T13:39:04","date_gmt":"2024-02-13T11:39:04","guid":{"rendered":"https:\/\/metaltale.com\/produktas\/riputatav-kuunlajalg-terasest-cage-suur\/"},"modified":"2024-02-13T13:39:04","modified_gmt":"2024-02-13T11:39:04","slug":"riputatav-kuunlajalg-terasest-cage-suur","status":"publish","type":"product","link":"https:\/\/metaltale.com\/et\/toode\/riputatav-kuunlajalg-terasest-cage-suur\/","title":{"rendered":"Riputatav k\u00fc\u00fcnlajalg terasest CAGE suur"},"content":{"rendered":"<div class=\"prod_data\"><strong>Mudel<\/strong> AF.788.064.00  <br \/><strong>EAN.<\/strong>  5905369927515  <br \/><strong>Materjal<\/strong> teras  <br \/>\u00dcldine k\u00f5rgus (cm) 24 <br \/><strong>\u00dcldl\u00e4bim\u00f5\u00f5t (cm<\/strong> ) 26  <br \/><strong>V\u00e4rv<\/strong> Must  <\/p>\n<p>Antiikstiilis viimistletud dekoratiivne k\u00fc\u00fcnlajalg on suurep\u00e4rane dekoratiivne element retrointerj\u00f6\u00f6rile. K\u00fc\u00fcnlajalg on vananenud, nii et see sobib suurep\u00e4raselt maal\u00e4hedastesse kompositsioonidesse.  <\/p>\n<p>K\u00fc\u00fcnlad, n\u00e4iteks suur teek\u00fc\u00fcnal v\u00f5i vahak\u00fc\u00fcnal, sobivad k\u00fc\u00fcnlaalusesse.<\/p>\n<p>Allpool olevates seotud toodetes soovitame konksud, mille k\u00fclge k\u00fc\u00fcnlajalg riputada.<\/p>\n<\/p>\n<p>Otsene ja pikaajaline kokkupuude niiskusega v\u00f5ib toodet kahjustada.<\/p>\n<\/div>\n","protected":false},"excerpt":{"rendered":"<p>Mudel AF.788.064.00 EAN. 5905369927515 Materjal teras \u00dcldine k\u00f5rgus (cm) 24 \u00dcldl\u00e4bim\u00f5\u00f5t (cm ) 26 V\u00e4rv Must Antiikstiilis viimistletud dekoratiivne k\u00fc\u00fcnlajalg<\/p>\n","protected":false},"featured_media":79290,"comment_status":"open","ping_status":"closed","template":"","meta":{"_acf_changed":false,"pmpro_default_level":""},"product_brand":[],"product_cat":[24186],"product_tag":[],"class_list":{"0":"post-135224","1":"product","2":"type-product","3":"status-publish","4":"has-post-thumbnail","6":"product_cat-riputatud-kuunlajalad","7":"pmpro-has-access","9":"first","10":"instock","11":"shipping-taxable","12":"purchasable","13":"product-type-simple"},"acf":[],"yoast_head":"<!-- This site is optimized with the Yoast SEO plugin v24.9 - https:\/\/yoast.com\/wordpress\/plugins\/seo\/ -->\n<title>Riputatav k\u00fc\u00fcnlajalg terasest CAGE suur - MetalTale.com<\/title>\n<meta name=\"robots\" content=\"index, follow, max-snippet:-1, max-image-preview:large, max-video-preview:-1\" \/>\n<link rel=\"canonical\" href=\"https:\/\/metaltale.com\/et\/toode\/riputatav-kuunlajalg-terasest-cage-suur\/\" \/>\n<meta property=\"og:locale\" content=\"et_EE\" \/>\n<meta property=\"og:type\" content=\"article\" \/>\n<meta property=\"og:title\" content=\"Riputatav k\u00fc\u00fcnlajalg terasest CAGE suur - MetalTale.com\" \/>\n<meta property=\"og:description\" content=\"Mudel AF.788.064.00 EAN. 5905369927515 Materjal teras \u00dcldine k\u00f5rgus (cm) 24 \u00dcldl\u00e4bim\u00f5\u00f5t (cm ) 26 V\u00e4rv Must Antiikstiilis viimistletud dekoratiivne k\u00fc\u00fcnlajalg\" \/>\n<meta property=\"og:url\" content=\"https:\/\/metaltale.com\/et\/toode\/riputatav-kuunlajalg-terasest-cage-suur\/\" \/>\n<meta property=\"og:site_name\" content=\"MetalTale.com\" \/>\n<meta name=\"twitter:card\" content=\"summary_large_image\" \/>\n<script type=\"application\/ld+json\" class=\"yoast-schema-graph\">{\"@context\":\"https:\/\/schema.org\",\"@graph\":[{\"@type\":\"WebPage\",\"@id\":\"https:\/\/metaltale.com\/et\/toode\/riputatav-kuunlajalg-terasest-cage-suur\/\",\"url\":\"https:\/\/metaltale.com\/et\/toode\/riputatav-kuunlajalg-terasest-cage-suur\/\",\"name\":\"Riputatav k\u00fc\u00fcnlajalg terasest CAGE suur - MetalTale.com\",\"isPartOf\":{\"@id\":\"https:\/\/metaltale.com\/et\/#website\"},\"primaryImageOfPage\":{\"@id\":\"https:\/\/metaltale.com\/et\/toode\/riputatav-kuunlajalg-terasest-cage-suur\/#primaryimage\"},\"image\":{\"@id\":\"https:\/\/metaltale.com\/et\/toode\/riputatav-kuunlajalg-terasest-cage-suur\/#primaryimage\"},\"thumbnailUrl\":\"https:\/\/metaltale.com\/wp-content\/uploads\/2023\/10\/x17Dvakidx117-DIDELIS-NARVAS.jpg\",\"datePublished\":\"2024-02-13T11:39:04+00:00\",\"breadcrumb\":{\"@id\":\"https:\/\/metaltale.com\/et\/toode\/riputatav-kuunlajalg-terasest-cage-suur\/#breadcrumb\"},\"inLanguage\":\"et\",\"potentialAction\":[{\"@type\":\"ReadAction\",\"target\":[\"https:\/\/metaltale.com\/et\/toode\/riputatav-kuunlajalg-terasest-cage-suur\/\"]}]},{\"@type\":\"ImageObject\",\"inLanguage\":\"et\",\"@id\":\"https:\/\/metaltale.com\/et\/toode\/riputatav-kuunlajalg-terasest-cage-suur\/#primaryimage\",\"url\":\"https:\/\/metaltale.com\/wp-content\/uploads\/2023\/10\/x17Dvakidx117-DIDELIS-NARVAS.jpg\",\"contentUrl\":\"https:\/\/metaltale.com\/wp-content\/uploads\/2023\/10\/x17Dvakidx117-DIDELIS-NARVAS.jpg\",\"width\":800,\"height\":800},{\"@type\":\"BreadcrumbList\",\"@id\":\"https:\/\/metaltale.com\/et\/toode\/riputatav-kuunlajalg-terasest-cage-suur\/#breadcrumb\",\"itemListElement\":[{\"@type\":\"ListItem\",\"position\":1,\"name\":\"Home\",\"item\":\"https:\/\/metaltale.com\/et\/kodu\/\"},{\"@type\":\"ListItem\",\"position\":2,\"name\":\"Kauplus\",\"item\":\"https:\/\/metaltale.com\/et\/shop\/\"},{\"@type\":\"ListItem\",\"position\":3,\"name\":\"Riputatav k\u00fc\u00fcnlajalg terasest CAGE suur\"}]},{\"@type\":\"WebSite\",\"@id\":\"https:\/\/metaltale.com\/et\/#website\",\"url\":\"https:\/\/metaltale.com\/et\/\",\"name\":\"Metaltale.com\",\"description\":\"\",\"potentialAction\":[{\"@type\":\"SearchAction\",\"target\":{\"@type\":\"EntryPoint\",\"urlTemplate\":\"https:\/\/metaltale.com\/et\/?s={search_term_string}\"},\"query-input\":{\"@type\":\"PropertyValueSpecification\",\"valueRequired\":true,\"valueName\":\"search_term_string\"}}],\"inLanguage\":\"et\"}]}<\/script>\n<!-- \/ Yoast SEO plugin. -->","yoast_head_json":{"title":"Riputatav k\u00fc\u00fcnlajalg terasest CAGE suur - MetalTale.com","robots":{"index":"index","follow":"follow","max-snippet":"max-snippet:-1","max-image-preview":"max-image-preview:large","max-video-preview":"max-video-preview:-1"},"canonical":"https:\/\/metaltale.com\/et\/toode\/riputatav-kuunlajalg-terasest-cage-suur\/","og_locale":"et_EE","og_type":"article","og_title":"Riputatav k\u00fc\u00fcnlajalg terasest CAGE suur - MetalTale.com","og_description":"Mudel AF.788.064.00 EAN. 5905369927515 Materjal teras \u00dcldine k\u00f5rgus (cm) 24 \u00dcldl\u00e4bim\u00f5\u00f5t (cm ) 26 V\u00e4rv Must Antiikstiilis viimistletud dekoratiivne k\u00fc\u00fcnlajalg","og_url":"https:\/\/metaltale.com\/et\/toode\/riputatav-kuunlajalg-terasest-cage-suur\/","og_site_name":"MetalTale.com","twitter_card":"summary_large_image","schema":{"@context":"https:\/\/schema.org","@graph":[{"@type":"WebPage","@id":"https:\/\/metaltale.com\/et\/toode\/riputatav-kuunlajalg-terasest-cage-suur\/","url":"https:\/\/metaltale.com\/et\/toode\/riputatav-kuunlajalg-terasest-cage-suur\/","name":"Riputatav k\u00fc\u00fcnlajalg terasest CAGE suur - MetalTale.com","isPartOf":{"@id":"https:\/\/metaltale.com\/et\/#website"},"primaryImageOfPage":{"@id":"https:\/\/metaltale.com\/et\/toode\/riputatav-kuunlajalg-terasest-cage-suur\/#primaryimage"},"image":{"@id":"https:\/\/metaltale.com\/et\/toode\/riputatav-kuunlajalg-terasest-cage-suur\/#primaryimage"},"thumbnailUrl":"https:\/\/metaltale.com\/wp-content\/uploads\/2023\/10\/x17Dvakidx117-DIDELIS-NARVAS.jpg","datePublished":"2024-02-13T11:39:04+00:00","breadcrumb":{"@id":"https:\/\/metaltale.com\/et\/toode\/riputatav-kuunlajalg-terasest-cage-suur\/#breadcrumb"},"inLanguage":"et","potentialAction":[{"@type":"ReadAction","target":["https:\/\/metaltale.com\/et\/toode\/riputatav-kuunlajalg-terasest-cage-suur\/"]}]},{"@type":"ImageObject","inLanguage":"et","@id":"https:\/\/metaltale.com\/et\/toode\/riputatav-kuunlajalg-terasest-cage-suur\/#primaryimage","url":"https:\/\/metaltale.com\/wp-content\/uploads\/2023\/10\/x17Dvakidx117-DIDELIS-NARVAS.jpg","contentUrl":"https:\/\/metaltale.com\/wp-content\/uploads\/2023\/10\/x17Dvakidx117-DIDELIS-NARVAS.jpg","width":800,"height":800},{"@type":"BreadcrumbList","@id":"https:\/\/metaltale.com\/et\/toode\/riputatav-kuunlajalg-terasest-cage-suur\/#breadcrumb","itemListElement":[{"@type":"ListItem","position":1,"name":"Home","item":"https:\/\/metaltale.com\/et\/kodu\/"},{"@type":"ListItem","position":2,"name":"Kauplus","item":"https:\/\/metaltale.com\/et\/shop\/"},{"@type":"ListItem","position":3,"name":"Riputatav k\u00fc\u00fcnlajalg terasest CAGE suur"}]},{"@type":"WebSite","@id":"https:\/\/metaltale.com\/et\/#website","url":"https:\/\/metaltale.com\/et\/","name":"Metaltale.com","description":"","potentialAction":[{"@type":"SearchAction","target":{"@type":"EntryPoint","urlTemplate":"https:\/\/metaltale.com\/et\/?s={search_term_string}"},"query-input":{"@type":"PropertyValueSpecification","valueRequired":true,"valueName":"search_term_string"}}],"inLanguage":"et"}]}},"_links":{"self":[{"href":"https:\/\/metaltale.com\/et\/wp-json\/wp\/v2\/product\/135224","targetHints":{"allow":["GET"]}}],"collection":[{"href":"https:\/\/metaltale.com\/et\/wp-json\/wp\/v2\/product"}],"about":[{"href":"https:\/\/metaltale.com\/et\/wp-json\/wp\/v2\/types\/product"}],"replies":[{"embeddable":true,"href":"https:\/\/metaltale.com\/et\/wp-json\/wp\/v2\/comments?post=135224"}],"version-history":[{"count":0,"href":"https:\/\/metaltale.com\/et\/wp-json\/wp\/v2\/product\/135224\/revisions"}],"wp:featuredmedia":[{"embeddable":true,"href":"https:\/\/metaltale.com\/et\/wp-json\/wp\/v2\/media\/79290"}],"wp:attachment":[{"href":"https:\/\/metaltale.com\/et\/wp-json\/wp\/v2\/media?parent=135224"}],"wp:term":[{"taxonomy":"product_brand","embeddable":true,"href":"https:\/\/metaltale.com\/et\/wp-json\/wp\/v2\/product_brand?post=135224"},{"taxonomy":"product_cat","embeddable":true,"href":"https:\/\/metaltale.com\/et\/wp-json\/wp\/v2\/product_cat?post=135224"},{"taxonomy":"product_tag","embeddable":true,"href":"https:\/\/metaltale.com\/et\/wp-json\/wp\/v2\/product_tag?post=135224"}],"curies":[{"name":"wp","href":"https:\/\/api.w.org\/{rel}","templated":true}]}}