{"id":135223,"date":"2024-02-13T15:03:58","date_gmt":"2024-02-13T13:03:58","guid":{"rendered":"https:\/\/metaltale.com\/produktas\/riputuskonks-avies-ragas-80-mm\/"},"modified":"2024-02-13T15:03:58","modified_gmt":"2024-02-13T13:03:58","slug":"riputuskonks-avies-ragas-80-mm","status":"publish","type":"product","link":"https:\/\/metaltale.com\/et\/toode\/riputuskonks-avies-ragas-80-mm\/","title":{"rendered":"Riputuskonks AVIES RAGAS 80 mm"},"content":{"rendered":"<div class=\"prod_data\">\n<h2>M\u00f6\u00f6blitarvikud &#8211; RIPUTUSKAABELID AVIES RAGAS 80 MM<\/h2>\n<p><strong>Mudel:<\/strong> RS. HK.2022-CZ<br \/>\n<strong>EAN:<\/strong> 5905369902482<br \/>\n<strong>Materjal:<\/strong> malm<br \/>\n<strong>\u00dcldine k\u00f5rgus (cm):<\/strong> 8<br \/>\n<strong>\u00dcldine laius (cm):<\/strong> 8<br \/>\n<strong>Koguprojektsioon (cm):<\/strong> 5,5<br \/>\n<strong>Paigalduskruvid:<\/strong> jah<br \/>\n<strong>V\u00e4rv:<\/strong> must<br \/>\n<strong>Viimistlus:<\/strong> matt<\/p>\n<p>Lambasarvekonks on huvitav alternatiiv neile, kes otsivad lihtsaid, kuid stiilseid sisustuslahendusi. Toode on valmistatud k\u00f5rgeima kvaliteediga malmist, mis annab tootele k\u00f5rgeima kvaliteedi ja vastupidavuse. Toode tuleb koos kinnituskruvidega, nii et see on paigaldamiseks valmis.<\/p>\n<\/div>\n","protected":false},"excerpt":{"rendered":"<p>M\u00f6\u00f6blitarvikud &#8211; RIPUTUSKAABELID AVIES RAGAS 80 MM Mudel: RS. HK.2022-CZ EAN: 5905369902482 Materjal: malm \u00dcldine k\u00f5rgus (cm): 8 \u00dcldine laius<\/p>\n","protected":false},"featured_media":74754,"comment_status":"open","ping_status":"closed","template":"","meta":{"_acf_changed":false,"pmpro_default_level":""},"product_brand":[],"product_cat":[24176,23836],"product_tag":[],"class_list":{"0":"post-135223","1":"product","2":"type-product","3":"status-publish","4":"has-post-thumbnail","6":"product_cat-ripatsid-ja-konksud","7":"product_cat-moobli-tarvikud","8":"pmpro-has-access","10":"first","11":"instock","12":"shipping-taxable","13":"purchasable","14":"product-type-simple"},"acf":[],"yoast_head":"<!-- This site is optimized with the Yoast SEO plugin v24.9 - https:\/\/yoast.com\/wordpress\/plugins\/seo\/ -->\n<title>Riputuskonks AVIES RAGAS 80 mm - MetalTale.com<\/title>\n<meta name=\"robots\" content=\"index, follow, max-snippet:-1, max-image-preview:large, max-video-preview:-1\" \/>\n<link rel=\"canonical\" href=\"https:\/\/metaltale.com\/et\/toode\/riputuskonks-avies-ragas-80-mm\/\" \/>\n<meta property=\"og:locale\" content=\"et_EE\" \/>\n<meta property=\"og:type\" content=\"article\" \/>\n<meta property=\"og:title\" content=\"Riputuskonks AVIES RAGAS 80 mm - MetalTale.com\" \/>\n<meta property=\"og:description\" content=\"M\u00f6\u00f6blitarvikud &#8211; RIPUTUSKAABELID AVIES RAGAS 80 MM Mudel: RS. HK.2022-CZ EAN: 5905369902482 Materjal: malm \u00dcldine k\u00f5rgus (cm): 8 \u00dcldine laius\" \/>\n<meta property=\"og:url\" content=\"https:\/\/metaltale.com\/et\/toode\/riputuskonks-avies-ragas-80-mm\/\" \/>\n<meta property=\"og:site_name\" content=\"MetalTale.com\" \/>\n<meta name=\"twitter:card\" content=\"summary_large_image\" \/>\n<script type=\"application\/ld+json\" class=\"yoast-schema-graph\">{\"@context\":\"https:\/\/schema.org\",\"@graph\":[{\"@type\":\"WebPage\",\"@id\":\"https:\/\/metaltale.com\/et\/toode\/riputuskonks-avies-ragas-80-mm\/\",\"url\":\"https:\/\/metaltale.com\/et\/toode\/riputuskonks-avies-ragas-80-mm\/\",\"name\":\"Riputuskonks AVIES RAGAS 80 mm - MetalTale.com\",\"isPartOf\":{\"@id\":\"https:\/\/metaltale.com\/et\/#website\"},\"primaryImageOfPage\":{\"@id\":\"https:\/\/metaltale.com\/et\/toode\/riputuskonks-avies-ragas-80-mm\/#primaryimage\"},\"image\":{\"@id\":\"https:\/\/metaltale.com\/et\/toode\/riputuskonks-avies-ragas-80-mm\/#primaryimage\"},\"thumbnailUrl\":\"https:\/\/metaltale.com\/wp-content\/uploads\/2023\/09\/Kablys-BARANIE-RAGAI-80mm.jpg\",\"datePublished\":\"2024-02-13T13:03:58+00:00\",\"breadcrumb\":{\"@id\":\"https:\/\/metaltale.com\/et\/toode\/riputuskonks-avies-ragas-80-mm\/#breadcrumb\"},\"inLanguage\":\"et\",\"potentialAction\":[{\"@type\":\"ReadAction\",\"target\":[\"https:\/\/metaltale.com\/et\/toode\/riputuskonks-avies-ragas-80-mm\/\"]}]},{\"@type\":\"ImageObject\",\"inLanguage\":\"et\",\"@id\":\"https:\/\/metaltale.com\/et\/toode\/riputuskonks-avies-ragas-80-mm\/#primaryimage\",\"url\":\"https:\/\/metaltale.com\/wp-content\/uploads\/2023\/09\/Kablys-BARANIE-RAGAI-80mm.jpg\",\"contentUrl\":\"https:\/\/metaltale.com\/wp-content\/uploads\/2023\/09\/Kablys-BARANIE-RAGAI-80mm.jpg\",\"width\":800,\"height\":800,\"caption\":\"Riputuskonks AVIES RAGAS 80 mm\"},{\"@type\":\"BreadcrumbList\",\"@id\":\"https:\/\/metaltale.com\/et\/toode\/riputuskonks-avies-ragas-80-mm\/#breadcrumb\",\"itemListElement\":[{\"@type\":\"ListItem\",\"position\":1,\"name\":\"Home\",\"item\":\"https:\/\/metaltale.com\/et\/kodu\/\"},{\"@type\":\"ListItem\",\"position\":2,\"name\":\"Kauplus\",\"item\":\"https:\/\/metaltale.com\/et\/shop\/\"},{\"@type\":\"ListItem\",\"position\":3,\"name\":\"Riputuskonks AVIES RAGAS 80 mm\"}]},{\"@type\":\"WebSite\",\"@id\":\"https:\/\/metaltale.com\/et\/#website\",\"url\":\"https:\/\/metaltale.com\/et\/\",\"name\":\"Metaltale.com\",\"description\":\"\",\"potentialAction\":[{\"@type\":\"SearchAction\",\"target\":{\"@type\":\"EntryPoint\",\"urlTemplate\":\"https:\/\/metaltale.com\/et\/?s={search_term_string}\"},\"query-input\":{\"@type\":\"PropertyValueSpecification\",\"valueRequired\":true,\"valueName\":\"search_term_string\"}}],\"inLanguage\":\"et\"}]}<\/script>\n<!-- \/ Yoast SEO plugin. -->","yoast_head_json":{"title":"Riputuskonks AVIES RAGAS 80 mm - MetalTale.com","robots":{"index":"index","follow":"follow","max-snippet":"max-snippet:-1","max-image-preview":"max-image-preview:large","max-video-preview":"max-video-preview:-1"},"canonical":"https:\/\/metaltale.com\/et\/toode\/riputuskonks-avies-ragas-80-mm\/","og_locale":"et_EE","og_type":"article","og_title":"Riputuskonks AVIES RAGAS 80 mm - MetalTale.com","og_description":"M\u00f6\u00f6blitarvikud &#8211; RIPUTUSKAABELID AVIES RAGAS 80 MM Mudel: RS. HK.2022-CZ EAN: 5905369902482 Materjal: malm \u00dcldine k\u00f5rgus (cm): 8 \u00dcldine laius","og_url":"https:\/\/metaltale.com\/et\/toode\/riputuskonks-avies-ragas-80-mm\/","og_site_name":"MetalTale.com","twitter_card":"summary_large_image","schema":{"@context":"https:\/\/schema.org","@graph":[{"@type":"WebPage","@id":"https:\/\/metaltale.com\/et\/toode\/riputuskonks-avies-ragas-80-mm\/","url":"https:\/\/metaltale.com\/et\/toode\/riputuskonks-avies-ragas-80-mm\/","name":"Riputuskonks AVIES RAGAS 80 mm - MetalTale.com","isPartOf":{"@id":"https:\/\/metaltale.com\/et\/#website"},"primaryImageOfPage":{"@id":"https:\/\/metaltale.com\/et\/toode\/riputuskonks-avies-ragas-80-mm\/#primaryimage"},"image":{"@id":"https:\/\/metaltale.com\/et\/toode\/riputuskonks-avies-ragas-80-mm\/#primaryimage"},"thumbnailUrl":"https:\/\/metaltale.com\/wp-content\/uploads\/2023\/09\/Kablys-BARANIE-RAGAI-80mm.jpg","datePublished":"2024-02-13T13:03:58+00:00","breadcrumb":{"@id":"https:\/\/metaltale.com\/et\/toode\/riputuskonks-avies-ragas-80-mm\/#breadcrumb"},"inLanguage":"et","potentialAction":[{"@type":"ReadAction","target":["https:\/\/metaltale.com\/et\/toode\/riputuskonks-avies-ragas-80-mm\/"]}]},{"@type":"ImageObject","inLanguage":"et","@id":"https:\/\/metaltale.com\/et\/toode\/riputuskonks-avies-ragas-80-mm\/#primaryimage","url":"https:\/\/metaltale.com\/wp-content\/uploads\/2023\/09\/Kablys-BARANIE-RAGAI-80mm.jpg","contentUrl":"https:\/\/metaltale.com\/wp-content\/uploads\/2023\/09\/Kablys-BARANIE-RAGAI-80mm.jpg","width":800,"height":800,"caption":"Riputuskonks AVIES RAGAS 80 mm"},{"@type":"BreadcrumbList","@id":"https:\/\/metaltale.com\/et\/toode\/riputuskonks-avies-ragas-80-mm\/#breadcrumb","itemListElement":[{"@type":"ListItem","position":1,"name":"Home","item":"https:\/\/metaltale.com\/et\/kodu\/"},{"@type":"ListItem","position":2,"name":"Kauplus","item":"https:\/\/metaltale.com\/et\/shop\/"},{"@type":"ListItem","position":3,"name":"Riputuskonks AVIES RAGAS 80 mm"}]},{"@type":"WebSite","@id":"https:\/\/metaltale.com\/et\/#website","url":"https:\/\/metaltale.com\/et\/","name":"Metaltale.com","description":"","potentialAction":[{"@type":"SearchAction","target":{"@type":"EntryPoint","urlTemplate":"https:\/\/metaltale.com\/et\/?s={search_term_string}"},"query-input":{"@type":"PropertyValueSpecification","valueRequired":true,"valueName":"search_term_string"}}],"inLanguage":"et"}]}},"_links":{"self":[{"href":"https:\/\/metaltale.com\/et\/wp-json\/wp\/v2\/product\/135223","targetHints":{"allow":["GET"]}}],"collection":[{"href":"https:\/\/metaltale.com\/et\/wp-json\/wp\/v2\/product"}],"about":[{"href":"https:\/\/metaltale.com\/et\/wp-json\/wp\/v2\/types\/product"}],"replies":[{"embeddable":true,"href":"https:\/\/metaltale.com\/et\/wp-json\/wp\/v2\/comments?post=135223"}],"version-history":[{"count":0,"href":"https:\/\/metaltale.com\/et\/wp-json\/wp\/v2\/product\/135223\/revisions"}],"wp:featuredmedia":[{"embeddable":true,"href":"https:\/\/metaltale.com\/et\/wp-json\/wp\/v2\/media\/74754"}],"wp:attachment":[{"href":"https:\/\/metaltale.com\/et\/wp-json\/wp\/v2\/media?parent=135223"}],"wp:term":[{"taxonomy":"product_brand","embeddable":true,"href":"https:\/\/metaltale.com\/et\/wp-json\/wp\/v2\/product_brand?post=135223"},{"taxonomy":"product_cat","embeddable":true,"href":"https:\/\/metaltale.com\/et\/wp-json\/wp\/v2\/product_cat?post=135223"},{"taxonomy":"product_tag","embeddable":true,"href":"https:\/\/metaltale.com\/et\/wp-json\/wp\/v2\/product_tag?post=135223"}],"curies":[{"name":"wp","href":"https:\/\/api.w.org\/{rel}","templated":true}]}}