{"id":135214,"date":"2024-01-12T21:08:46","date_gmt":"2024-01-12T19:08:46","guid":{"rendered":"https:\/\/metaltale.com\/produktas\/puitraamiga-ripppeegel-happen-1\/"},"modified":"2024-01-12T21:08:46","modified_gmt":"2024-01-12T19:08:46","slug":"puitraamiga-ripppeegel-happen-1","status":"publish","type":"product","link":"https:\/\/metaltale.com\/et\/toode\/puitraamiga-ripppeegel-happen-1\/","title":{"rendered":"Puitraamiga ripppeegel HAPPEN 1"},"content":{"rendered":"<div class=\"prod_data\"><strong>Mudel<\/strong> FOR. LU.1-PRGR  <br \/><strong>Orienteerumine<\/strong> Universaalne  <br \/><strong>Materjal<\/strong> Tammepuit, teras  <br \/>Paksus (cm) 4 <br \/><strong>Laius (cm)<\/strong> 72  <br \/><strong>K\u00f5rgus (cm)<\/strong> 88  <\/p>\n<p>-raam on valmistatud massiivsest tammest<br \/>-mitsellariga kaetud muntinvarraste;<br \/>-eksentrilised riputid, mis v\u00f5imaldavad peeglit riputada nii vertikaalselt kui ka horisontaalselt<br \/>-Peegel on kaitstud tagumise profiiliga;<br \/>-m\u00f6\u00f6bli ajatu olemus v\u00f5imaldab paindlikku paigutust.<\/p>\n<hr>\n<p>Kaasaegne peeglite, puidu ja muntinide kombinatsioon annab tootele ainulaadse iseloomu. Massiivpuu puhul v\u00f5ivad pinnal olla n\u00e4htavad v\u00e4ikesed oksad ja praod, mis teeb iga peegli ainulaadseks ja ainulaadseks. &#8220;Muntins annab klassikalistele interj\u00f6\u00f6ridele kaasaegsuse, samas kui puit soojendab moodsaid ja loft-ruume. Peegel on ilus t\u00e4iendus meie koridori, elutuppa v\u00f5i magamistuppa. See sobib ideaalselt kaunistuseks kingakapi v\u00f5i kirstu kohal. Lisamugavuse huvides saab peeglit riputada nii vertikaalselt kui ka horisontaalselt t\u00e4nu ekstsentrilisele riputajale. Peegli tagak\u00fcljel on profiil, mis tagab ohutu kasutamise. See on ilus dekoratsioon ja muudab ruumi samal ajal optiliselt suuremaks. Peegli ajatu iseloom v\u00f5imaldab seda vabalt paigutada. Vaata suuremat peegelpilti.<\/p>\n<\/div>\n","protected":false},"excerpt":{"rendered":"<p>Mudel FOR. LU.1-PRGR Orienteerumine Universaalne Materjal Tammepuit, teras Paksus (cm) 4 Laius (cm) 72 K\u00f5rgus (cm) 88 -raam on valmistatud<\/p>\n","protected":false},"featured_media":91138,"comment_status":"open","ping_status":"closed","template":"","meta":{"_acf_changed":false,"pmpro_default_level":""},"product_brand":[],"product_cat":[24147],"product_tag":[],"class_list":{"0":"post-135214","1":"product","2":"type-product","3":"status-publish","4":"has-post-thumbnail","6":"product_cat-peeglid","7":"pmpro-has-access","9":"first","10":"outofstock","11":"shipping-taxable","12":"purchasable","13":"product-type-simple"},"acf":[],"yoast_head":"<!-- This site is optimized with the Yoast SEO plugin v24.9 - https:\/\/yoast.com\/wordpress\/plugins\/seo\/ -->\n<title>Puitraamiga ripppeegel HAPPEN 1 - MetalTale.com<\/title>\n<meta name=\"robots\" content=\"index, follow, max-snippet:-1, max-image-preview:large, max-video-preview:-1\" \/>\n<link rel=\"canonical\" href=\"https:\/\/metaltale.com\/et\/toode\/puitraamiga-ripppeegel-happen-1\/\" \/>\n<meta property=\"og:locale\" content=\"et_EE\" \/>\n<meta property=\"og:type\" content=\"article\" \/>\n<meta property=\"og:title\" content=\"Puitraamiga ripppeegel HAPPEN 1 - MetalTale.com\" \/>\n<meta property=\"og:description\" content=\"Mudel FOR. LU.1-PRGR Orienteerumine Universaalne Materjal Tammepuit, teras Paksus (cm) 4 Laius (cm) 72 K\u00f5rgus (cm) 88 -raam on valmistatud\" \/>\n<meta property=\"og:url\" content=\"https:\/\/metaltale.com\/et\/toode\/puitraamiga-ripppeegel-happen-1\/\" \/>\n<meta property=\"og:site_name\" content=\"MetalTale.com\" \/>\n<meta name=\"twitter:card\" content=\"summary_large_image\" \/>\n<meta name=\"twitter:label1\" content=\"Est. reading time\" \/>\n\t<meta name=\"twitter:data1\" content=\"1 minut\" \/>\n<script type=\"application\/ld+json\" class=\"yoast-schema-graph\">{\"@context\":\"https:\/\/schema.org\",\"@graph\":[{\"@type\":\"WebPage\",\"@id\":\"https:\/\/metaltale.com\/et\/toode\/puitraamiga-ripppeegel-happen-1\/\",\"url\":\"https:\/\/metaltale.com\/et\/toode\/puitraamiga-ripppeegel-happen-1\/\",\"name\":\"Puitraamiga ripppeegel HAPPEN 1 - MetalTale.com\",\"isPartOf\":{\"@id\":\"https:\/\/metaltale.com\/et\/#website\"},\"primaryImageOfPage\":{\"@id\":\"https:\/\/metaltale.com\/et\/toode\/puitraamiga-ripppeegel-happen-1\/#primaryimage\"},\"image\":{\"@id\":\"https:\/\/metaltale.com\/et\/toode\/puitraamiga-ripppeegel-happen-1\/#primaryimage\"},\"thumbnailUrl\":\"https:\/\/metaltale.com\/wp-content\/uploads\/2023\/10\/Veidrodis-mediniame-rx117me-SZMUS-1-BRONZA.jpg\",\"datePublished\":\"2024-01-12T19:08:46+00:00\",\"breadcrumb\":{\"@id\":\"https:\/\/metaltale.com\/et\/toode\/puitraamiga-ripppeegel-happen-1\/#breadcrumb\"},\"inLanguage\":\"et\",\"potentialAction\":[{\"@type\":\"ReadAction\",\"target\":[\"https:\/\/metaltale.com\/et\/toode\/puitraamiga-ripppeegel-happen-1\/\"]}]},{\"@type\":\"ImageObject\",\"inLanguage\":\"et\",\"@id\":\"https:\/\/metaltale.com\/et\/toode\/puitraamiga-ripppeegel-happen-1\/#primaryimage\",\"url\":\"https:\/\/metaltale.com\/wp-content\/uploads\/2023\/10\/Veidrodis-mediniame-rx117me-SZMUS-1-BRONZA.jpg\",\"contentUrl\":\"https:\/\/metaltale.com\/wp-content\/uploads\/2023\/10\/Veidrodis-mediniame-rx117me-SZMUS-1-BRONZA.jpg\",\"width\":800,\"height\":800},{\"@type\":\"BreadcrumbList\",\"@id\":\"https:\/\/metaltale.com\/et\/toode\/puitraamiga-ripppeegel-happen-1\/#breadcrumb\",\"itemListElement\":[{\"@type\":\"ListItem\",\"position\":1,\"name\":\"Home\",\"item\":\"https:\/\/metaltale.com\/et\/kodu\/\"},{\"@type\":\"ListItem\",\"position\":2,\"name\":\"Kauplus\",\"item\":\"https:\/\/metaltale.com\/et\/shop\/\"},{\"@type\":\"ListItem\",\"position\":3,\"name\":\"Puitraamiga ripppeegel HAPPEN 1\"}]},{\"@type\":\"WebSite\",\"@id\":\"https:\/\/metaltale.com\/et\/#website\",\"url\":\"https:\/\/metaltale.com\/et\/\",\"name\":\"Metaltale.com\",\"description\":\"\",\"potentialAction\":[{\"@type\":\"SearchAction\",\"target\":{\"@type\":\"EntryPoint\",\"urlTemplate\":\"https:\/\/metaltale.com\/et\/?s={search_term_string}\"},\"query-input\":{\"@type\":\"PropertyValueSpecification\",\"valueRequired\":true,\"valueName\":\"search_term_string\"}}],\"inLanguage\":\"et\"}]}<\/script>\n<!-- \/ Yoast SEO plugin. -->","yoast_head_json":{"title":"Puitraamiga ripppeegel HAPPEN 1 - MetalTale.com","robots":{"index":"index","follow":"follow","max-snippet":"max-snippet:-1","max-image-preview":"max-image-preview:large","max-video-preview":"max-video-preview:-1"},"canonical":"https:\/\/metaltale.com\/et\/toode\/puitraamiga-ripppeegel-happen-1\/","og_locale":"et_EE","og_type":"article","og_title":"Puitraamiga ripppeegel HAPPEN 1 - MetalTale.com","og_description":"Mudel FOR. LU.1-PRGR Orienteerumine Universaalne Materjal Tammepuit, teras Paksus (cm) 4 Laius (cm) 72 K\u00f5rgus (cm) 88 -raam on valmistatud","og_url":"https:\/\/metaltale.com\/et\/toode\/puitraamiga-ripppeegel-happen-1\/","og_site_name":"MetalTale.com","twitter_card":"summary_large_image","twitter_misc":{"Est. reading time":"1 minut"},"schema":{"@context":"https:\/\/schema.org","@graph":[{"@type":"WebPage","@id":"https:\/\/metaltale.com\/et\/toode\/puitraamiga-ripppeegel-happen-1\/","url":"https:\/\/metaltale.com\/et\/toode\/puitraamiga-ripppeegel-happen-1\/","name":"Puitraamiga ripppeegel HAPPEN 1 - MetalTale.com","isPartOf":{"@id":"https:\/\/metaltale.com\/et\/#website"},"primaryImageOfPage":{"@id":"https:\/\/metaltale.com\/et\/toode\/puitraamiga-ripppeegel-happen-1\/#primaryimage"},"image":{"@id":"https:\/\/metaltale.com\/et\/toode\/puitraamiga-ripppeegel-happen-1\/#primaryimage"},"thumbnailUrl":"https:\/\/metaltale.com\/wp-content\/uploads\/2023\/10\/Veidrodis-mediniame-rx117me-SZMUS-1-BRONZA.jpg","datePublished":"2024-01-12T19:08:46+00:00","breadcrumb":{"@id":"https:\/\/metaltale.com\/et\/toode\/puitraamiga-ripppeegel-happen-1\/#breadcrumb"},"inLanguage":"et","potentialAction":[{"@type":"ReadAction","target":["https:\/\/metaltale.com\/et\/toode\/puitraamiga-ripppeegel-happen-1\/"]}]},{"@type":"ImageObject","inLanguage":"et","@id":"https:\/\/metaltale.com\/et\/toode\/puitraamiga-ripppeegel-happen-1\/#primaryimage","url":"https:\/\/metaltale.com\/wp-content\/uploads\/2023\/10\/Veidrodis-mediniame-rx117me-SZMUS-1-BRONZA.jpg","contentUrl":"https:\/\/metaltale.com\/wp-content\/uploads\/2023\/10\/Veidrodis-mediniame-rx117me-SZMUS-1-BRONZA.jpg","width":800,"height":800},{"@type":"BreadcrumbList","@id":"https:\/\/metaltale.com\/et\/toode\/puitraamiga-ripppeegel-happen-1\/#breadcrumb","itemListElement":[{"@type":"ListItem","position":1,"name":"Home","item":"https:\/\/metaltale.com\/et\/kodu\/"},{"@type":"ListItem","position":2,"name":"Kauplus","item":"https:\/\/metaltale.com\/et\/shop\/"},{"@type":"ListItem","position":3,"name":"Puitraamiga ripppeegel HAPPEN 1"}]},{"@type":"WebSite","@id":"https:\/\/metaltale.com\/et\/#website","url":"https:\/\/metaltale.com\/et\/","name":"Metaltale.com","description":"","potentialAction":[{"@type":"SearchAction","target":{"@type":"EntryPoint","urlTemplate":"https:\/\/metaltale.com\/et\/?s={search_term_string}"},"query-input":{"@type":"PropertyValueSpecification","valueRequired":true,"valueName":"search_term_string"}}],"inLanguage":"et"}]}},"_links":{"self":[{"href":"https:\/\/metaltale.com\/et\/wp-json\/wp\/v2\/product\/135214","targetHints":{"allow":["GET"]}}],"collection":[{"href":"https:\/\/metaltale.com\/et\/wp-json\/wp\/v2\/product"}],"about":[{"href":"https:\/\/metaltale.com\/et\/wp-json\/wp\/v2\/types\/product"}],"replies":[{"embeddable":true,"href":"https:\/\/metaltale.com\/et\/wp-json\/wp\/v2\/comments?post=135214"}],"version-history":[{"count":0,"href":"https:\/\/metaltale.com\/et\/wp-json\/wp\/v2\/product\/135214\/revisions"}],"wp:featuredmedia":[{"embeddable":true,"href":"https:\/\/metaltale.com\/et\/wp-json\/wp\/v2\/media\/91138"}],"wp:attachment":[{"href":"https:\/\/metaltale.com\/et\/wp-json\/wp\/v2\/media?parent=135214"}],"wp:term":[{"taxonomy":"product_brand","embeddable":true,"href":"https:\/\/metaltale.com\/et\/wp-json\/wp\/v2\/product_brand?post=135214"},{"taxonomy":"product_cat","embeddable":true,"href":"https:\/\/metaltale.com\/et\/wp-json\/wp\/v2\/product_cat?post=135214"},{"taxonomy":"product_tag","embeddable":true,"href":"https:\/\/metaltale.com\/et\/wp-json\/wp\/v2\/product_tag?post=135214"}],"curies":[{"name":"wp","href":"https:\/\/api.w.org\/{rel}","templated":true}]}}