{"id":135212,"date":"2024-02-13T13:19:04","date_gmt":"2024-02-13T11:19:04","guid":{"rendered":"https:\/\/metaltale.com\/produktas\/otto-2-205-mm-pingutuspesa\/"},"modified":"2024-02-13T13:19:04","modified_gmt":"2024-02-13T11:19:04","slug":"otto-2-205-mm-pingutuspesa","status":"publish","type":"product","link":"https:\/\/metaltale.com\/et\/toode\/otto-2-205-mm-pingutuspesa\/","title":{"rendered":"OTTO 2 205 mm pingutuspesa"},"content":{"rendered":"<div class=\"prod_data\"><strong>SAVE-mudel<\/strong>. TY-02. NXTX  <br \/><strong>Materjal<\/strong> teras  <br \/><strong>Paigalduskruvid<\/strong> Jah  <br \/><strong>V\u00e4rv<\/strong> Must  <br \/><strong>Kogus komplekti kohta<\/strong> 1 tk.  <\/p>\n<hr>\n<p>&#8211; Kvaliteetsest terasest valmistatud k\u00e4epide tagab kasutuskindluse<br \/>&#8211; Pulbriline pinnakate tagab keskmisest suurema vastupidavuse<br \/>&#8211; k\u00e4sipuu v\u00e4rv sobib ideaalselt k\u00f5igi Rustykalneuchwyty.pl poe pakkumises olevate mustade juhiste v\u00e4rviga.<br \/>&#8211; t\u00f6\u00f6 t\u00e4psus ja t\u00e4helepanu igale detailile on t\u00e4ieliku mugavuse garantii.<br \/>&#8211; K\u00e4epideme universaalne olemus v\u00f5imaldab paigaldada liuguksed, m\u00f6\u00f6bliuksed ja sahtlifronti.<br \/>&#8211; toodet saab edukalt kasutada praktilise v\u00e4ravahoidjana<br \/>&#8211; k\u00e4sipuude lihtsa arhitektuuri t\u00f5ttu sobivad need ideaalselt igasse interj\u00f6\u00f6ri, olenemata stiilist.<\/p>\n<hr>\n<p>Rustykalneuchwyty.pl laias liuguksek\u00e4epidemete valikus on nii lihtsa arhitektuuriga kui ka kaunistatud, keerulisemad mudelid. Meie pakutavad l\u00fckanduste k\u00e4epidemed on valmistatud iga detaili silmas pidades, tagades mugava ja usaldusv\u00e4\u00e4rse kasutamise. Selle kategooria tooted r\u00f5hutavad kogu libiseva s\u00fcsteemi iseloomu ja ilu. Kahe erineva k\u00e4sipuu paigaldamine samale uksemudelile v\u00f5ib kujundust t\u00e4ielikult muuta. S\u00f5ltuvalt mudelist lisavad pakutavad k\u00e4epidemed tugeva v\u00f5i pehme aktsendi kaasaegsetele, maal\u00e4hedastele ja loft-interj\u00f6\u00f6ridele.<\/p>\n<\/div>\n","protected":false},"excerpt":{"rendered":"<p>SAVE-mudel. TY-02. NXTX Materjal teras Paigalduskruvid Jah V\u00e4rv Must Kogus komplekti kohta 1 tk. &#8211; Kvaliteetsest terasest valmistatud k\u00e4epide tagab<\/p>\n","protected":false},"featured_media":75906,"comment_status":"open","ping_status":"closed","template":"","meta":{"_acf_changed":false,"pmpro_default_level":""},"product_brand":[],"product_cat":[24144],"product_tag":[],"class_list":{"0":"post-135212","1":"product","2":"type-product","3":"status-publish","4":"has-post-thumbnail","6":"product_cat-ukse-liugkaepidemed","7":"pmpro-has-access","9":"first","10":"instock","11":"shipping-taxable","12":"purchasable","13":"product-type-simple"},"acf":[],"yoast_head":"<!-- This site is optimized with the Yoast SEO plugin v24.9 - https:\/\/yoast.com\/wordpress\/plugins\/seo\/ -->\n<title>OTTO 2 205 mm pingutuspesa - MetalTale.com<\/title>\n<meta name=\"robots\" content=\"index, follow, max-snippet:-1, max-image-preview:large, max-video-preview:-1\" \/>\n<link rel=\"canonical\" href=\"https:\/\/metaltale.com\/et\/toode\/otto-2-205-mm-pingutuspesa\/\" \/>\n<meta property=\"og:locale\" content=\"et_EE\" \/>\n<meta property=\"og:type\" content=\"article\" \/>\n<meta property=\"og:title\" content=\"OTTO 2 205 mm pingutuspesa - MetalTale.com\" \/>\n<meta property=\"og:description\" content=\"SAVE-mudel. TY-02. NXTX Materjal teras Paigalduskruvid Jah V\u00e4rv Must Kogus komplekti kohta 1 tk. &#8211; Kvaliteetsest terasest valmistatud k\u00e4epide tagab\" \/>\n<meta property=\"og:url\" content=\"https:\/\/metaltale.com\/et\/toode\/otto-2-205-mm-pingutuspesa\/\" \/>\n<meta property=\"og:site_name\" content=\"MetalTale.com\" \/>\n<meta name=\"twitter:card\" content=\"summary_large_image\" \/>\n<meta name=\"twitter:label1\" content=\"Est. reading time\" \/>\n\t<meta name=\"twitter:data1\" content=\"1 minut\" \/>\n<script type=\"application\/ld+json\" class=\"yoast-schema-graph\">{\"@context\":\"https:\/\/schema.org\",\"@graph\":[{\"@type\":\"WebPage\",\"@id\":\"https:\/\/metaltale.com\/et\/toode\/otto-2-205-mm-pingutuspesa\/\",\"url\":\"https:\/\/metaltale.com\/et\/toode\/otto-2-205-mm-pingutuspesa\/\",\"name\":\"OTTO 2 205 mm pingutuspesa - MetalTale.com\",\"isPartOf\":{\"@id\":\"https:\/\/metaltale.com\/et\/#website\"},\"primaryImageOfPage\":{\"@id\":\"https:\/\/metaltale.com\/et\/toode\/otto-2-205-mm-pingutuspesa\/#primaryimage\"},\"image\":{\"@id\":\"https:\/\/metaltale.com\/et\/toode\/otto-2-205-mm-pingutuspesa\/#primaryimage\"},\"thumbnailUrl\":\"https:\/\/metaltale.com\/wp-content\/uploads\/2023\/10\/OTTO-2-165mm-griebtuvas.jpg\",\"datePublished\":\"2024-02-13T11:19:04+00:00\",\"breadcrumb\":{\"@id\":\"https:\/\/metaltale.com\/et\/toode\/otto-2-205-mm-pingutuspesa\/#breadcrumb\"},\"inLanguage\":\"et\",\"potentialAction\":[{\"@type\":\"ReadAction\",\"target\":[\"https:\/\/metaltale.com\/et\/toode\/otto-2-205-mm-pingutuspesa\/\"]}]},{\"@type\":\"ImageObject\",\"inLanguage\":\"et\",\"@id\":\"https:\/\/metaltale.com\/et\/toode\/otto-2-205-mm-pingutuspesa\/#primaryimage\",\"url\":\"https:\/\/metaltale.com\/wp-content\/uploads\/2023\/10\/OTTO-2-165mm-griebtuvas.jpg\",\"contentUrl\":\"https:\/\/metaltale.com\/wp-content\/uploads\/2023\/10\/OTTO-2-165mm-griebtuvas.jpg\",\"width\":800,\"height\":800,\"caption\":\"Stumdomos dur\u0173 rankena OTTO 2\"},{\"@type\":\"BreadcrumbList\",\"@id\":\"https:\/\/metaltale.com\/et\/toode\/otto-2-205-mm-pingutuspesa\/#breadcrumb\",\"itemListElement\":[{\"@type\":\"ListItem\",\"position\":1,\"name\":\"Home\",\"item\":\"https:\/\/metaltale.com\/et\/kodu\/\"},{\"@type\":\"ListItem\",\"position\":2,\"name\":\"Kauplus\",\"item\":\"https:\/\/metaltale.com\/et\/shop\/\"},{\"@type\":\"ListItem\",\"position\":3,\"name\":\"OTTO 2 205 mm pingutuspesa\"}]},{\"@type\":\"WebSite\",\"@id\":\"https:\/\/metaltale.com\/et\/#website\",\"url\":\"https:\/\/metaltale.com\/et\/\",\"name\":\"Metaltale.com\",\"description\":\"\",\"potentialAction\":[{\"@type\":\"SearchAction\",\"target\":{\"@type\":\"EntryPoint\",\"urlTemplate\":\"https:\/\/metaltale.com\/et\/?s={search_term_string}\"},\"query-input\":{\"@type\":\"PropertyValueSpecification\",\"valueRequired\":true,\"valueName\":\"search_term_string\"}}],\"inLanguage\":\"et\"}]}<\/script>\n<!-- \/ Yoast SEO plugin. -->","yoast_head_json":{"title":"OTTO 2 205 mm pingutuspesa - MetalTale.com","robots":{"index":"index","follow":"follow","max-snippet":"max-snippet:-1","max-image-preview":"max-image-preview:large","max-video-preview":"max-video-preview:-1"},"canonical":"https:\/\/metaltale.com\/et\/toode\/otto-2-205-mm-pingutuspesa\/","og_locale":"et_EE","og_type":"article","og_title":"OTTO 2 205 mm pingutuspesa - MetalTale.com","og_description":"SAVE-mudel. TY-02. NXTX Materjal teras Paigalduskruvid Jah V\u00e4rv Must Kogus komplekti kohta 1 tk. &#8211; Kvaliteetsest terasest valmistatud k\u00e4epide tagab","og_url":"https:\/\/metaltale.com\/et\/toode\/otto-2-205-mm-pingutuspesa\/","og_site_name":"MetalTale.com","twitter_card":"summary_large_image","twitter_misc":{"Est. reading time":"1 minut"},"schema":{"@context":"https:\/\/schema.org","@graph":[{"@type":"WebPage","@id":"https:\/\/metaltale.com\/et\/toode\/otto-2-205-mm-pingutuspesa\/","url":"https:\/\/metaltale.com\/et\/toode\/otto-2-205-mm-pingutuspesa\/","name":"OTTO 2 205 mm pingutuspesa - MetalTale.com","isPartOf":{"@id":"https:\/\/metaltale.com\/et\/#website"},"primaryImageOfPage":{"@id":"https:\/\/metaltale.com\/et\/toode\/otto-2-205-mm-pingutuspesa\/#primaryimage"},"image":{"@id":"https:\/\/metaltale.com\/et\/toode\/otto-2-205-mm-pingutuspesa\/#primaryimage"},"thumbnailUrl":"https:\/\/metaltale.com\/wp-content\/uploads\/2023\/10\/OTTO-2-165mm-griebtuvas.jpg","datePublished":"2024-02-13T11:19:04+00:00","breadcrumb":{"@id":"https:\/\/metaltale.com\/et\/toode\/otto-2-205-mm-pingutuspesa\/#breadcrumb"},"inLanguage":"et","potentialAction":[{"@type":"ReadAction","target":["https:\/\/metaltale.com\/et\/toode\/otto-2-205-mm-pingutuspesa\/"]}]},{"@type":"ImageObject","inLanguage":"et","@id":"https:\/\/metaltale.com\/et\/toode\/otto-2-205-mm-pingutuspesa\/#primaryimage","url":"https:\/\/metaltale.com\/wp-content\/uploads\/2023\/10\/OTTO-2-165mm-griebtuvas.jpg","contentUrl":"https:\/\/metaltale.com\/wp-content\/uploads\/2023\/10\/OTTO-2-165mm-griebtuvas.jpg","width":800,"height":800,"caption":"Stumdomos dur\u0173 rankena OTTO 2"},{"@type":"BreadcrumbList","@id":"https:\/\/metaltale.com\/et\/toode\/otto-2-205-mm-pingutuspesa\/#breadcrumb","itemListElement":[{"@type":"ListItem","position":1,"name":"Home","item":"https:\/\/metaltale.com\/et\/kodu\/"},{"@type":"ListItem","position":2,"name":"Kauplus","item":"https:\/\/metaltale.com\/et\/shop\/"},{"@type":"ListItem","position":3,"name":"OTTO 2 205 mm pingutuspesa"}]},{"@type":"WebSite","@id":"https:\/\/metaltale.com\/et\/#website","url":"https:\/\/metaltale.com\/et\/","name":"Metaltale.com","description":"","potentialAction":[{"@type":"SearchAction","target":{"@type":"EntryPoint","urlTemplate":"https:\/\/metaltale.com\/et\/?s={search_term_string}"},"query-input":{"@type":"PropertyValueSpecification","valueRequired":true,"valueName":"search_term_string"}}],"inLanguage":"et"}]}},"_links":{"self":[{"href":"https:\/\/metaltale.com\/et\/wp-json\/wp\/v2\/product\/135212","targetHints":{"allow":["GET"]}}],"collection":[{"href":"https:\/\/metaltale.com\/et\/wp-json\/wp\/v2\/product"}],"about":[{"href":"https:\/\/metaltale.com\/et\/wp-json\/wp\/v2\/types\/product"}],"replies":[{"embeddable":true,"href":"https:\/\/metaltale.com\/et\/wp-json\/wp\/v2\/comments?post=135212"}],"version-history":[{"count":0,"href":"https:\/\/metaltale.com\/et\/wp-json\/wp\/v2\/product\/135212\/revisions"}],"wp:featuredmedia":[{"embeddable":true,"href":"https:\/\/metaltale.com\/et\/wp-json\/wp\/v2\/media\/75906"}],"wp:attachment":[{"href":"https:\/\/metaltale.com\/et\/wp-json\/wp\/v2\/media?parent=135212"}],"wp:term":[{"taxonomy":"product_brand","embeddable":true,"href":"https:\/\/metaltale.com\/et\/wp-json\/wp\/v2\/product_brand?post=135212"},{"taxonomy":"product_cat","embeddable":true,"href":"https:\/\/metaltale.com\/et\/wp-json\/wp\/v2\/product_cat?post=135212"},{"taxonomy":"product_tag","embeddable":true,"href":"https:\/\/metaltale.com\/et\/wp-json\/wp\/v2\/product_tag?post=135212"}],"curies":[{"name":"wp","href":"https:\/\/api.w.org\/{rel}","templated":true}]}}