{"id":135200,"date":"2024-02-13T13:41:39","date_gmt":"2024-02-13T11:41:39","guid":{"rendered":"https:\/\/metaltale.com\/produktas\/notting-hilli-seinale-paigaldatav-pudelite-avaja\/"},"modified":"2024-02-13T13:41:39","modified_gmt":"2024-02-13T11:41:39","slug":"notting-hilli-seinale-paigaldatav-pudelite-avaja","status":"publish","type":"product","link":"https:\/\/metaltale.com\/et\/toode\/notting-hilli-seinale-paigaldatav-pudelite-avaja\/","title":{"rendered":"NOTTING HILLi seinale paigaldatav pudelite avaja"},"content":{"rendered":"<div class=\"prod_data\"><strong>Mudel<\/strong> 49.411.AI. NH  <br \/><strong>EAN.<\/strong>  5905369919497  <br \/><strong>Materjal<\/strong> Ketus  <br \/><strong> [cm]Kogupikkus<\/strong> 2.7 <strong> <\/strong> <br \/><strong>\u00dcldine k\u00f5rgus (cm)<\/strong> 9  <br \/><strong>\u00dcldine laius (cm)<\/strong> 7  <\/p>\n<p>Pudelite avaja, millel on reljeefne m\u00e4rge NOTTHING HILL.<\/p>\n<p>See oli valmistatud malmist ja kaitstud vahaga.<\/p>\n<p>Sellel on augud kinnitamiseks. Kinnituskruvid kaasas.<\/p>\n<\/div>\n","protected":false},"excerpt":{"rendered":"<p>Mudel 49.411.AI. NH EAN. 5905369919497 Materjal Ketus [cm]Kogupikkus 2.7 \u00dcldine k\u00f5rgus (cm) 9 \u00dcldine laius (cm) 7 Pudelite avaja, millel<\/p>\n","protected":false},"featured_media":67740,"comment_status":"open","ping_status":"closed","template":"","meta":{"_acf_changed":false,"pmpro_default_level":""},"product_brand":[],"product_cat":[24150],"product_tag":[],"class_list":{"0":"post-135200","1":"product","2":"type-product","3":"status-publish","4":"has-post-thumbnail","6":"product_cat-koogi-kaunistused","7":"pmpro-has-access","9":"first","10":"instock","11":"shipping-taxable","12":"purchasable","13":"product-type-simple"},"acf":[],"yoast_head":"<!-- This site is optimized with the Yoast SEO plugin v24.9 - https:\/\/yoast.com\/wordpress\/plugins\/seo\/ -->\n<title>NOTTING HILLi seinale paigaldatav pudelite avaja - MetalTale.com<\/title>\n<meta name=\"robots\" content=\"index, follow, max-snippet:-1, max-image-preview:large, max-video-preview:-1\" \/>\n<link rel=\"canonical\" href=\"https:\/\/metaltale.com\/et\/toode\/notting-hilli-seinale-paigaldatav-pudelite-avaja\/\" \/>\n<meta property=\"og:locale\" content=\"et_EE\" \/>\n<meta property=\"og:type\" content=\"article\" \/>\n<meta property=\"og:title\" content=\"NOTTING HILLi seinale paigaldatav pudelite avaja - MetalTale.com\" \/>\n<meta property=\"og:description\" content=\"Mudel 49.411.AI. NH EAN. 5905369919497 Materjal Ketus [cm]Kogupikkus 2.7 \u00dcldine k\u00f5rgus (cm) 9 \u00dcldine laius (cm) 7 Pudelite avaja, millel\" \/>\n<meta property=\"og:url\" content=\"https:\/\/metaltale.com\/et\/toode\/notting-hilli-seinale-paigaldatav-pudelite-avaja\/\" \/>\n<meta property=\"og:site_name\" content=\"MetalTale.com\" \/>\n<meta name=\"twitter:card\" content=\"summary_large_image\" \/>\n<script type=\"application\/ld+json\" class=\"yoast-schema-graph\">{\"@context\":\"https:\/\/schema.org\",\"@graph\":[{\"@type\":\"WebPage\",\"@id\":\"https:\/\/metaltale.com\/et\/toode\/notting-hilli-seinale-paigaldatav-pudelite-avaja\/\",\"url\":\"https:\/\/metaltale.com\/et\/toode\/notting-hilli-seinale-paigaldatav-pudelite-avaja\/\",\"name\":\"NOTTING HILLi seinale paigaldatav pudelite avaja - MetalTale.com\",\"isPartOf\":{\"@id\":\"https:\/\/metaltale.com\/et\/#website\"},\"primaryImageOfPage\":{\"@id\":\"https:\/\/metaltale.com\/et\/toode\/notting-hilli-seinale-paigaldatav-pudelite-avaja\/#primaryimage\"},\"image\":{\"@id\":\"https:\/\/metaltale.com\/et\/toode\/notting-hilli-seinale-paigaldatav-pudelite-avaja\/#primaryimage\"},\"thumbnailUrl\":\"https:\/\/metaltale.com\/wp-content\/uploads\/2023\/09\/Otwieracz-NOTTING-HILL.jpg\",\"datePublished\":\"2024-02-13T11:41:39+00:00\",\"breadcrumb\":{\"@id\":\"https:\/\/metaltale.com\/et\/toode\/notting-hilli-seinale-paigaldatav-pudelite-avaja\/#breadcrumb\"},\"inLanguage\":\"et\",\"potentialAction\":[{\"@type\":\"ReadAction\",\"target\":[\"https:\/\/metaltale.com\/et\/toode\/notting-hilli-seinale-paigaldatav-pudelite-avaja\/\"]}]},{\"@type\":\"ImageObject\",\"inLanguage\":\"et\",\"@id\":\"https:\/\/metaltale.com\/et\/toode\/notting-hilli-seinale-paigaldatav-pudelite-avaja\/#primaryimage\",\"url\":\"https:\/\/metaltale.com\/wp-content\/uploads\/2023\/09\/Otwieracz-NOTTING-HILL.jpg\",\"contentUrl\":\"https:\/\/metaltale.com\/wp-content\/uploads\/2023\/09\/Otwieracz-NOTTING-HILL.jpg\",\"width\":800,\"height\":800},{\"@type\":\"BreadcrumbList\",\"@id\":\"https:\/\/metaltale.com\/et\/toode\/notting-hilli-seinale-paigaldatav-pudelite-avaja\/#breadcrumb\",\"itemListElement\":[{\"@type\":\"ListItem\",\"position\":1,\"name\":\"Home\",\"item\":\"https:\/\/metaltale.com\/et\/kodu\/\"},{\"@type\":\"ListItem\",\"position\":2,\"name\":\"Kauplus\",\"item\":\"https:\/\/metaltale.com\/et\/shop\/\"},{\"@type\":\"ListItem\",\"position\":3,\"name\":\"NOTTING HILLi seinale paigaldatav pudelite avaja\"}]},{\"@type\":\"WebSite\",\"@id\":\"https:\/\/metaltale.com\/et\/#website\",\"url\":\"https:\/\/metaltale.com\/et\/\",\"name\":\"Metaltale.com\",\"description\":\"\",\"potentialAction\":[{\"@type\":\"SearchAction\",\"target\":{\"@type\":\"EntryPoint\",\"urlTemplate\":\"https:\/\/metaltale.com\/et\/?s={search_term_string}\"},\"query-input\":{\"@type\":\"PropertyValueSpecification\",\"valueRequired\":true,\"valueName\":\"search_term_string\"}}],\"inLanguage\":\"et\"}]}<\/script>\n<!-- \/ Yoast SEO plugin. -->","yoast_head_json":{"title":"NOTTING HILLi seinale paigaldatav pudelite avaja - MetalTale.com","robots":{"index":"index","follow":"follow","max-snippet":"max-snippet:-1","max-image-preview":"max-image-preview:large","max-video-preview":"max-video-preview:-1"},"canonical":"https:\/\/metaltale.com\/et\/toode\/notting-hilli-seinale-paigaldatav-pudelite-avaja\/","og_locale":"et_EE","og_type":"article","og_title":"NOTTING HILLi seinale paigaldatav pudelite avaja - MetalTale.com","og_description":"Mudel 49.411.AI. NH EAN. 5905369919497 Materjal Ketus [cm]Kogupikkus 2.7 \u00dcldine k\u00f5rgus (cm) 9 \u00dcldine laius (cm) 7 Pudelite avaja, millel","og_url":"https:\/\/metaltale.com\/et\/toode\/notting-hilli-seinale-paigaldatav-pudelite-avaja\/","og_site_name":"MetalTale.com","twitter_card":"summary_large_image","schema":{"@context":"https:\/\/schema.org","@graph":[{"@type":"WebPage","@id":"https:\/\/metaltale.com\/et\/toode\/notting-hilli-seinale-paigaldatav-pudelite-avaja\/","url":"https:\/\/metaltale.com\/et\/toode\/notting-hilli-seinale-paigaldatav-pudelite-avaja\/","name":"NOTTING HILLi seinale paigaldatav pudelite avaja - MetalTale.com","isPartOf":{"@id":"https:\/\/metaltale.com\/et\/#website"},"primaryImageOfPage":{"@id":"https:\/\/metaltale.com\/et\/toode\/notting-hilli-seinale-paigaldatav-pudelite-avaja\/#primaryimage"},"image":{"@id":"https:\/\/metaltale.com\/et\/toode\/notting-hilli-seinale-paigaldatav-pudelite-avaja\/#primaryimage"},"thumbnailUrl":"https:\/\/metaltale.com\/wp-content\/uploads\/2023\/09\/Otwieracz-NOTTING-HILL.jpg","datePublished":"2024-02-13T11:41:39+00:00","breadcrumb":{"@id":"https:\/\/metaltale.com\/et\/toode\/notting-hilli-seinale-paigaldatav-pudelite-avaja\/#breadcrumb"},"inLanguage":"et","potentialAction":[{"@type":"ReadAction","target":["https:\/\/metaltale.com\/et\/toode\/notting-hilli-seinale-paigaldatav-pudelite-avaja\/"]}]},{"@type":"ImageObject","inLanguage":"et","@id":"https:\/\/metaltale.com\/et\/toode\/notting-hilli-seinale-paigaldatav-pudelite-avaja\/#primaryimage","url":"https:\/\/metaltale.com\/wp-content\/uploads\/2023\/09\/Otwieracz-NOTTING-HILL.jpg","contentUrl":"https:\/\/metaltale.com\/wp-content\/uploads\/2023\/09\/Otwieracz-NOTTING-HILL.jpg","width":800,"height":800},{"@type":"BreadcrumbList","@id":"https:\/\/metaltale.com\/et\/toode\/notting-hilli-seinale-paigaldatav-pudelite-avaja\/#breadcrumb","itemListElement":[{"@type":"ListItem","position":1,"name":"Home","item":"https:\/\/metaltale.com\/et\/kodu\/"},{"@type":"ListItem","position":2,"name":"Kauplus","item":"https:\/\/metaltale.com\/et\/shop\/"},{"@type":"ListItem","position":3,"name":"NOTTING HILLi seinale paigaldatav pudelite avaja"}]},{"@type":"WebSite","@id":"https:\/\/metaltale.com\/et\/#website","url":"https:\/\/metaltale.com\/et\/","name":"Metaltale.com","description":"","potentialAction":[{"@type":"SearchAction","target":{"@type":"EntryPoint","urlTemplate":"https:\/\/metaltale.com\/et\/?s={search_term_string}"},"query-input":{"@type":"PropertyValueSpecification","valueRequired":true,"valueName":"search_term_string"}}],"inLanguage":"et"}]}},"_links":{"self":[{"href":"https:\/\/metaltale.com\/et\/wp-json\/wp\/v2\/product\/135200","targetHints":{"allow":["GET"]}}],"collection":[{"href":"https:\/\/metaltale.com\/et\/wp-json\/wp\/v2\/product"}],"about":[{"href":"https:\/\/metaltale.com\/et\/wp-json\/wp\/v2\/types\/product"}],"replies":[{"embeddable":true,"href":"https:\/\/metaltale.com\/et\/wp-json\/wp\/v2\/comments?post=135200"}],"version-history":[{"count":0,"href":"https:\/\/metaltale.com\/et\/wp-json\/wp\/v2\/product\/135200\/revisions"}],"wp:featuredmedia":[{"embeddable":true,"href":"https:\/\/metaltale.com\/et\/wp-json\/wp\/v2\/media\/67740"}],"wp:attachment":[{"href":"https:\/\/metaltale.com\/et\/wp-json\/wp\/v2\/media?parent=135200"}],"wp:term":[{"taxonomy":"product_brand","embeddable":true,"href":"https:\/\/metaltale.com\/et\/wp-json\/wp\/v2\/product_brand?post=135200"},{"taxonomy":"product_cat","embeddable":true,"href":"https:\/\/metaltale.com\/et\/wp-json\/wp\/v2\/product_cat?post=135200"},{"taxonomy":"product_tag","embeddable":true,"href":"https:\/\/metaltale.com\/et\/wp-json\/wp\/v2\/product_tag?post=135200"}],"curies":[{"name":"wp","href":"https:\/\/api.w.org\/{rel}","templated":true}]}}