{"id":135191,"date":"2024-02-13T13:25:43","date_gmt":"2024-02-13T11:25:43","guid":{"rendered":"https:\/\/metaltale.com\/produktas\/oolaud-gart-1-must\/"},"modified":"2024-02-13T13:25:43","modified_gmt":"2024-02-13T11:25:43","slug":"oolaud-gart-1-must","status":"publish","type":"product","link":"https:\/\/metaltale.com\/et\/toode\/oolaud-gart-1-must\/","title":{"rendered":"\u00d6\u00f6laud GART 1, must"},"content":{"rendered":"<div class=\"prod_data\">\n<p><strong>Mudel<\/strong> ZA. ST3XX<br \/>\n\u00dcldine k\u00f5rgus (cm) 50<br \/>\n\u00dcldine laius (cm) 50<br \/>\nS\u00fcgavus (cm) 30<br \/>\n<strong>V\u00e4rv<\/strong> Must<\/p>\n<p>T\u00f6\u00f6stuslik, v\u00e4ga populaarne mitmeotstarbeline laud on valmistatud terasest, mis on pulberv\u00e4rvitud naturaalsest terasest v\u00f5i mustaks.<\/p>\n<p>T\u00f6\u00f6laud on valmistatud m\u00e4nnipuidust.<\/p>\n<p>Sobib ideaalselt v\u00e4iksematesse interj\u00f6\u00f6ridesse, seda saab kasutada nii kohvilauda, \u00f6\u00f6kapi kui ka raamaturiiulina.<\/p>\n<\/div>\n","protected":false},"excerpt":{"rendered":"<p>Mudel ZA. ST3XX \u00dcldine k\u00f5rgus (cm) 50 \u00dcldine laius (cm) 50 S\u00fcgavus (cm) 30 V\u00e4rv Must T\u00f6\u00f6stuslik, v\u00e4ga populaarne mitmeotstarbeline<\/p>\n","protected":false},"featured_media":66312,"comment_status":"open","ping_status":"closed","template":"","meta":{"_acf_changed":false,"pmpro_default_level":""},"product_brand":[],"product_cat":[24198,24138],"product_tag":[],"class_list":{"0":"post-135191","1":"product","2":"type-product","3":"status-publish","4":"has-post-thumbnail","6":"product_cat-kohvilauad","7":"product_cat-toostusmoobel","8":"pmpro-has-access","10":"first","11":"instock","12":"shipping-taxable","13":"purchasable","14":"product-type-simple"},"acf":[],"yoast_head":"<!-- This site is optimized with the Yoast SEO plugin v24.9 - https:\/\/yoast.com\/wordpress\/plugins\/seo\/ -->\n<title>\u00d6\u00f6laud GART 1, must - MetalTale.com<\/title>\n<meta name=\"robots\" content=\"index, follow, max-snippet:-1, max-image-preview:large, max-video-preview:-1\" \/>\n<link rel=\"canonical\" href=\"https:\/\/metaltale.com\/et\/toode\/oolaud-gart-1-must\/\" \/>\n<meta property=\"og:locale\" content=\"et_EE\" \/>\n<meta property=\"og:type\" content=\"article\" \/>\n<meta property=\"og:title\" content=\"\u00d6\u00f6laud GART 1, must - MetalTale.com\" \/>\n<meta property=\"og:description\" content=\"Mudel ZA. ST3XX \u00dcldine k\u00f5rgus (cm) 50 \u00dcldine laius (cm) 50 S\u00fcgavus (cm) 30 V\u00e4rv Must T\u00f6\u00f6stuslik, v\u00e4ga populaarne mitmeotstarbeline\" \/>\n<meta property=\"og:url\" content=\"https:\/\/metaltale.com\/et\/toode\/oolaud-gart-1-must\/\" \/>\n<meta property=\"og:site_name\" content=\"MetalTale.com\" \/>\n<meta name=\"twitter:card\" content=\"summary_large_image\" \/>\n<script type=\"application\/ld+json\" class=\"yoast-schema-graph\">{\"@context\":\"https:\/\/schema.org\",\"@graph\":[{\"@type\":\"WebPage\",\"@id\":\"https:\/\/metaltale.com\/et\/toode\/oolaud-gart-1-must\/\",\"url\":\"https:\/\/metaltale.com\/et\/toode\/oolaud-gart-1-must\/\",\"name\":\"\u00d6\u00f6laud GART 1, must - MetalTale.com\",\"isPartOf\":{\"@id\":\"https:\/\/metaltale.com\/et\/#website\"},\"primaryImageOfPage\":{\"@id\":\"https:\/\/metaltale.com\/et\/toode\/oolaud-gart-1-must\/#primaryimage\"},\"image\":{\"@id\":\"https:\/\/metaltale.com\/et\/toode\/oolaud-gart-1-must\/#primaryimage\"},\"thumbnailUrl\":\"https:\/\/metaltale.com\/wp-content\/uploads\/2023\/09\/Naktinis-staliukas-GART-BLACK-1-2.jpg\",\"datePublished\":\"2024-02-13T11:25:43+00:00\",\"breadcrumb\":{\"@id\":\"https:\/\/metaltale.com\/et\/toode\/oolaud-gart-1-must\/#breadcrumb\"},\"inLanguage\":\"et\",\"potentialAction\":[{\"@type\":\"ReadAction\",\"target\":[\"https:\/\/metaltale.com\/et\/toode\/oolaud-gart-1-must\/\"]}]},{\"@type\":\"ImageObject\",\"inLanguage\":\"et\",\"@id\":\"https:\/\/metaltale.com\/et\/toode\/oolaud-gart-1-must\/#primaryimage\",\"url\":\"https:\/\/metaltale.com\/wp-content\/uploads\/2023\/09\/Naktinis-staliukas-GART-BLACK-1-2.jpg\",\"contentUrl\":\"https:\/\/metaltale.com\/wp-content\/uploads\/2023\/09\/Naktinis-staliukas-GART-BLACK-1-2.jpg\",\"width\":956,\"height\":956,\"caption\":\"\u00f6\u00f6kapp\"},{\"@type\":\"BreadcrumbList\",\"@id\":\"https:\/\/metaltale.com\/et\/toode\/oolaud-gart-1-must\/#breadcrumb\",\"itemListElement\":[{\"@type\":\"ListItem\",\"position\":1,\"name\":\"Home\",\"item\":\"https:\/\/metaltale.com\/et\/kodu\/\"},{\"@type\":\"ListItem\",\"position\":2,\"name\":\"Kauplus\",\"item\":\"https:\/\/metaltale.com\/et\/shop\/\"},{\"@type\":\"ListItem\",\"position\":3,\"name\":\"\u00d6\u00f6laud GART 1, must\"}]},{\"@type\":\"WebSite\",\"@id\":\"https:\/\/metaltale.com\/et\/#website\",\"url\":\"https:\/\/metaltale.com\/et\/\",\"name\":\"Metaltale.com\",\"description\":\"\",\"potentialAction\":[{\"@type\":\"SearchAction\",\"target\":{\"@type\":\"EntryPoint\",\"urlTemplate\":\"https:\/\/metaltale.com\/et\/?s={search_term_string}\"},\"query-input\":{\"@type\":\"PropertyValueSpecification\",\"valueRequired\":true,\"valueName\":\"search_term_string\"}}],\"inLanguage\":\"et\"}]}<\/script>\n<!-- \/ Yoast SEO plugin. -->","yoast_head_json":{"title":"\u00d6\u00f6laud GART 1, must - MetalTale.com","robots":{"index":"index","follow":"follow","max-snippet":"max-snippet:-1","max-image-preview":"max-image-preview:large","max-video-preview":"max-video-preview:-1"},"canonical":"https:\/\/metaltale.com\/et\/toode\/oolaud-gart-1-must\/","og_locale":"et_EE","og_type":"article","og_title":"\u00d6\u00f6laud GART 1, must - MetalTale.com","og_description":"Mudel ZA. ST3XX \u00dcldine k\u00f5rgus (cm) 50 \u00dcldine laius (cm) 50 S\u00fcgavus (cm) 30 V\u00e4rv Must T\u00f6\u00f6stuslik, v\u00e4ga populaarne mitmeotstarbeline","og_url":"https:\/\/metaltale.com\/et\/toode\/oolaud-gart-1-must\/","og_site_name":"MetalTale.com","twitter_card":"summary_large_image","schema":{"@context":"https:\/\/schema.org","@graph":[{"@type":"WebPage","@id":"https:\/\/metaltale.com\/et\/toode\/oolaud-gart-1-must\/","url":"https:\/\/metaltale.com\/et\/toode\/oolaud-gart-1-must\/","name":"\u00d6\u00f6laud GART 1, must - MetalTale.com","isPartOf":{"@id":"https:\/\/metaltale.com\/et\/#website"},"primaryImageOfPage":{"@id":"https:\/\/metaltale.com\/et\/toode\/oolaud-gart-1-must\/#primaryimage"},"image":{"@id":"https:\/\/metaltale.com\/et\/toode\/oolaud-gart-1-must\/#primaryimage"},"thumbnailUrl":"https:\/\/metaltale.com\/wp-content\/uploads\/2023\/09\/Naktinis-staliukas-GART-BLACK-1-2.jpg","datePublished":"2024-02-13T11:25:43+00:00","breadcrumb":{"@id":"https:\/\/metaltale.com\/et\/toode\/oolaud-gart-1-must\/#breadcrumb"},"inLanguage":"et","potentialAction":[{"@type":"ReadAction","target":["https:\/\/metaltale.com\/et\/toode\/oolaud-gart-1-must\/"]}]},{"@type":"ImageObject","inLanguage":"et","@id":"https:\/\/metaltale.com\/et\/toode\/oolaud-gart-1-must\/#primaryimage","url":"https:\/\/metaltale.com\/wp-content\/uploads\/2023\/09\/Naktinis-staliukas-GART-BLACK-1-2.jpg","contentUrl":"https:\/\/metaltale.com\/wp-content\/uploads\/2023\/09\/Naktinis-staliukas-GART-BLACK-1-2.jpg","width":956,"height":956,"caption":"\u00f6\u00f6kapp"},{"@type":"BreadcrumbList","@id":"https:\/\/metaltale.com\/et\/toode\/oolaud-gart-1-must\/#breadcrumb","itemListElement":[{"@type":"ListItem","position":1,"name":"Home","item":"https:\/\/metaltale.com\/et\/kodu\/"},{"@type":"ListItem","position":2,"name":"Kauplus","item":"https:\/\/metaltale.com\/et\/shop\/"},{"@type":"ListItem","position":3,"name":"\u00d6\u00f6laud GART 1, must"}]},{"@type":"WebSite","@id":"https:\/\/metaltale.com\/et\/#website","url":"https:\/\/metaltale.com\/et\/","name":"Metaltale.com","description":"","potentialAction":[{"@type":"SearchAction","target":{"@type":"EntryPoint","urlTemplate":"https:\/\/metaltale.com\/et\/?s={search_term_string}"},"query-input":{"@type":"PropertyValueSpecification","valueRequired":true,"valueName":"search_term_string"}}],"inLanguage":"et"}]}},"_links":{"self":[{"href":"https:\/\/metaltale.com\/et\/wp-json\/wp\/v2\/product\/135191","targetHints":{"allow":["GET"]}}],"collection":[{"href":"https:\/\/metaltale.com\/et\/wp-json\/wp\/v2\/product"}],"about":[{"href":"https:\/\/metaltale.com\/et\/wp-json\/wp\/v2\/types\/product"}],"replies":[{"embeddable":true,"href":"https:\/\/metaltale.com\/et\/wp-json\/wp\/v2\/comments?post=135191"}],"version-history":[{"count":0,"href":"https:\/\/metaltale.com\/et\/wp-json\/wp\/v2\/product\/135191\/revisions"}],"wp:featuredmedia":[{"embeddable":true,"href":"https:\/\/metaltale.com\/et\/wp-json\/wp\/v2\/media\/66312"}],"wp:attachment":[{"href":"https:\/\/metaltale.com\/et\/wp-json\/wp\/v2\/media?parent=135191"}],"wp:term":[{"taxonomy":"product_brand","embeddable":true,"href":"https:\/\/metaltale.com\/et\/wp-json\/wp\/v2\/product_brand?post=135191"},{"taxonomy":"product_cat","embeddable":true,"href":"https:\/\/metaltale.com\/et\/wp-json\/wp\/v2\/product_cat?post=135191"},{"taxonomy":"product_tag","embeddable":true,"href":"https:\/\/metaltale.com\/et\/wp-json\/wp\/v2\/product_tag?post=135191"}],"curies":[{"name":"wp","href":"https:\/\/api.w.org\/{rel}","templated":true}]}}