{"id":135183,"date":"2024-02-13T15:17:46","date_gmt":"2024-02-13T13:17:46","guid":{"rendered":"https:\/\/metaltale.com\/produktas\/statsionaarne-kraan-lola-1-must\/"},"modified":"2024-02-13T15:17:46","modified_gmt":"2024-02-13T13:17:46","slug":"statsionaarne-kraan-lola-1-must","status":"publish","type":"product","link":"https:\/\/metaltale.com\/et\/toode\/statsionaarne-kraan-lola-1-must\/","title":{"rendered":"Statsionaarne kraan LOLA 1, must"},"content":{"rendered":"<div class=\"prod_data\">\n<p><strong>Mudel<\/strong> WX.HT99544<br \/>\nLola &amp; Lexie <strong>kollektsioon<\/strong><br \/>\n<strong>EAN.<\/strong>  5905369900761<br \/>\n<strong>Segisti t\u00fc\u00fcp<\/strong> Vabalt seisev<br \/>\n<strong>V\u00e4ljalaskeava pikkus (cm)<\/strong> 15<br \/>\n<strong>Materjal<\/strong> Messing<br \/>\n<strong>Paigaldusava l\u00e4bim\u00f5\u00f5t<\/strong> 3,2<br \/>\n<strong>\u00dcldk\u00f5rgus (cm<\/strong> ) 33,5 (t\u00f5stetud k\u00e4epidemega)<br \/>\nV\u00e4rv Must<br \/>\n<strong>Viimistlus<\/strong> Pehme, satiinne efekt<br \/>\n<strong>Lisateave<\/strong> Voolik M8x3\/8&#8243; kraani pikkus 50cm<\/p>\n<p>&#8211; messingist patarei<br \/>\n&#8211; fikseeritud v\u00e4ljalaskeava<br \/>\n&#8211; keraamiline pea &#8211; element, mis tagab vee n\u00f5uetekohase jaotumise<br \/>\n&#8211; Aerator &#8211; aerator, mis tagab v\u00e4iksema veetarbimise<br \/>\n&#8211; k\u00f5ik komplektis olevad kokkupanekuks vajalikud elemendid (voolikud, kruvi lauaplaadile, tihendid kruvile)<br \/>\n&#8211; lihtne hooldus &#8211; soe vesi ja PH-neutraalne seep<\/p>\n<hr>\n<p dir=\"ltr\">Stiilne vaheldus minimalistlikule New Yorgi ja moodsale kompositsioonile on vintage interj\u00f6\u00f6r. Retrovannitoas on v\u00f5luv atmosf\u00e4\u00e4r, mida saab saavutada plaatide, aksessuaaride ja furnituuriga. Messingist valamusegistid on keskmisest vastupidavamad ja vastupidavamad kahjustustele. Lisage sellele ilus, kumer kaunistus ja ainulaadne kuju ning teil on t\u00e4iuslik kraan. Lola &amp;; Lexie kollektsiooni erinevate segistusvariantide k\u00e4ttesaadavus v\u00f5imaldab luua \u00fchtse kujunduse, olgu see siis koduvannitoas, hotellis v\u00f5i restoranis.<\/p>\n<hr>\n<p dir=\"ltr\">\n<\/div>\n","protected":false},"excerpt":{"rendered":"<p>Mudel WX.HT99544 Lola &amp; Lexie kollektsioon EAN. 5905369900761 Segisti t\u00fc\u00fcp Vabalt seisev V\u00e4ljalaskeava pikkus (cm) 15 Materjal Messing Paigaldusava l\u00e4bim\u00f5\u00f5t<\/p>\n","protected":false},"featured_media":104036,"comment_status":"open","ping_status":"closed","template":"","meta":{"_acf_changed":false,"pmpro_default_level":""},"product_brand":[],"product_cat":[24175,24154],"product_tag":[],"class_list":{"0":"post-135183","1":"product","2":"type-product","3":"status-publish","4":"has-post-thumbnail","6":"product_cat-valamu-segistid","7":"product_cat-vannitoa-kraanid","8":"pmpro-has-access","10":"first","11":"instock","12":"shipping-taxable","13":"purchasable","14":"product-type-simple"},"acf":[],"yoast_head":"<!-- This site is optimized with the Yoast SEO plugin v24.9 - https:\/\/yoast.com\/wordpress\/plugins\/seo\/ -->\n<title>Statsionaarne kraan LOLA 1, must - MetalTale.com<\/title>\n<meta name=\"robots\" content=\"index, follow, max-snippet:-1, max-image-preview:large, max-video-preview:-1\" \/>\n<link rel=\"canonical\" href=\"https:\/\/metaltale.com\/et\/toode\/statsionaarne-kraan-lola-1-must\/\" \/>\n<meta property=\"og:locale\" content=\"et_EE\" \/>\n<meta property=\"og:type\" content=\"article\" \/>\n<meta property=\"og:title\" content=\"Statsionaarne kraan LOLA 1, must - MetalTale.com\" \/>\n<meta property=\"og:description\" content=\"Mudel WX.HT99544 Lola &amp; Lexie kollektsioon EAN. 5905369900761 Segisti t\u00fc\u00fcp Vabalt seisev V\u00e4ljalaskeava pikkus (cm) 15 Materjal Messing Paigaldusava l\u00e4bim\u00f5\u00f5t\" \/>\n<meta property=\"og:url\" content=\"https:\/\/metaltale.com\/et\/toode\/statsionaarne-kraan-lola-1-must\/\" \/>\n<meta property=\"og:site_name\" content=\"MetalTale.com\" \/>\n<meta property=\"og:image\" content=\"https:\/\/metaltale.com\/wp-content\/uploads\/2023\/11\/Grindx173-maix161ytuvas-LOLA-1.jpg\" \/>\n\t<meta property=\"og:image:width\" content=\"800\" \/>\n\t<meta property=\"og:image:height\" content=\"800\" \/>\n\t<meta property=\"og:image:type\" content=\"image\/jpeg\" \/>\n<meta name=\"twitter:card\" content=\"summary_large_image\" \/>\n<meta name=\"twitter:label1\" content=\"Est. reading time\" \/>\n\t<meta name=\"twitter:data1\" content=\"1 minut\" \/>\n<script type=\"application\/ld+json\" class=\"yoast-schema-graph\">{\"@context\":\"https:\/\/schema.org\",\"@graph\":[{\"@type\":\"WebPage\",\"@id\":\"https:\/\/metaltale.com\/et\/toode\/statsionaarne-kraan-lola-1-must\/\",\"url\":\"https:\/\/metaltale.com\/et\/toode\/statsionaarne-kraan-lola-1-must\/\",\"name\":\"Statsionaarne kraan LOLA 1, must - MetalTale.com\",\"isPartOf\":{\"@id\":\"https:\/\/metaltale.com\/et\/#website\"},\"primaryImageOfPage\":{\"@id\":\"https:\/\/metaltale.com\/et\/toode\/statsionaarne-kraan-lola-1-must\/#primaryimage\"},\"image\":{\"@id\":\"https:\/\/metaltale.com\/et\/toode\/statsionaarne-kraan-lola-1-must\/#primaryimage\"},\"thumbnailUrl\":\"https:\/\/metaltale.com\/wp-content\/uploads\/2023\/11\/Grindx173-maix161ytuvas-LOLA-1.jpg\",\"datePublished\":\"2024-02-13T13:17:46+00:00\",\"breadcrumb\":{\"@id\":\"https:\/\/metaltale.com\/et\/toode\/statsionaarne-kraan-lola-1-must\/#breadcrumb\"},\"inLanguage\":\"et\",\"potentialAction\":[{\"@type\":\"ReadAction\",\"target\":[\"https:\/\/metaltale.com\/et\/toode\/statsionaarne-kraan-lola-1-must\/\"]}]},{\"@type\":\"ImageObject\",\"inLanguage\":\"et\",\"@id\":\"https:\/\/metaltale.com\/et\/toode\/statsionaarne-kraan-lola-1-must\/#primaryimage\",\"url\":\"https:\/\/metaltale.com\/wp-content\/uploads\/2023\/11\/Grindx173-maix161ytuvas-LOLA-1.jpg\",\"contentUrl\":\"https:\/\/metaltale.com\/wp-content\/uploads\/2023\/11\/Grindx173-maix161ytuvas-LOLA-1.jpg\",\"width\":800,\"height\":800,\"caption\":\"Statsionaarne kraan LOLA 1, must\"},{\"@type\":\"BreadcrumbList\",\"@id\":\"https:\/\/metaltale.com\/et\/toode\/statsionaarne-kraan-lola-1-must\/#breadcrumb\",\"itemListElement\":[{\"@type\":\"ListItem\",\"position\":1,\"name\":\"Home\",\"item\":\"https:\/\/metaltale.com\/et\/kodu\/\"},{\"@type\":\"ListItem\",\"position\":2,\"name\":\"Kauplus\",\"item\":\"https:\/\/metaltale.com\/et\/shop\/\"},{\"@type\":\"ListItem\",\"position\":3,\"name\":\"Statsionaarne kraan LOLA 1, must\"}]},{\"@type\":\"WebSite\",\"@id\":\"https:\/\/metaltale.com\/et\/#website\",\"url\":\"https:\/\/metaltale.com\/et\/\",\"name\":\"Metaltale.com\",\"description\":\"\",\"potentialAction\":[{\"@type\":\"SearchAction\",\"target\":{\"@type\":\"EntryPoint\",\"urlTemplate\":\"https:\/\/metaltale.com\/et\/?s={search_term_string}\"},\"query-input\":{\"@type\":\"PropertyValueSpecification\",\"valueRequired\":true,\"valueName\":\"search_term_string\"}}],\"inLanguage\":\"et\"}]}<\/script>\n<!-- \/ Yoast SEO plugin. -->","yoast_head_json":{"title":"Statsionaarne kraan LOLA 1, must - MetalTale.com","robots":{"index":"index","follow":"follow","max-snippet":"max-snippet:-1","max-image-preview":"max-image-preview:large","max-video-preview":"max-video-preview:-1"},"canonical":"https:\/\/metaltale.com\/et\/toode\/statsionaarne-kraan-lola-1-must\/","og_locale":"et_EE","og_type":"article","og_title":"Statsionaarne kraan LOLA 1, must - MetalTale.com","og_description":"Mudel WX.HT99544 Lola &amp; Lexie kollektsioon EAN. 5905369900761 Segisti t\u00fc\u00fcp Vabalt seisev V\u00e4ljalaskeava pikkus (cm) 15 Materjal Messing Paigaldusava l\u00e4bim\u00f5\u00f5t","og_url":"https:\/\/metaltale.com\/et\/toode\/statsionaarne-kraan-lola-1-must\/","og_site_name":"MetalTale.com","og_image":[{"width":800,"height":800,"url":"https:\/\/metaltale.com\/wp-content\/uploads\/2023\/11\/Grindx173-maix161ytuvas-LOLA-1.jpg","type":"image\/jpeg"}],"twitter_card":"summary_large_image","twitter_misc":{"Est. reading time":"1 minut"},"schema":{"@context":"https:\/\/schema.org","@graph":[{"@type":"WebPage","@id":"https:\/\/metaltale.com\/et\/toode\/statsionaarne-kraan-lola-1-must\/","url":"https:\/\/metaltale.com\/et\/toode\/statsionaarne-kraan-lola-1-must\/","name":"Statsionaarne kraan LOLA 1, must - MetalTale.com","isPartOf":{"@id":"https:\/\/metaltale.com\/et\/#website"},"primaryImageOfPage":{"@id":"https:\/\/metaltale.com\/et\/toode\/statsionaarne-kraan-lola-1-must\/#primaryimage"},"image":{"@id":"https:\/\/metaltale.com\/et\/toode\/statsionaarne-kraan-lola-1-must\/#primaryimage"},"thumbnailUrl":"https:\/\/metaltale.com\/wp-content\/uploads\/2023\/11\/Grindx173-maix161ytuvas-LOLA-1.jpg","datePublished":"2024-02-13T13:17:46+00:00","breadcrumb":{"@id":"https:\/\/metaltale.com\/et\/toode\/statsionaarne-kraan-lola-1-must\/#breadcrumb"},"inLanguage":"et","potentialAction":[{"@type":"ReadAction","target":["https:\/\/metaltale.com\/et\/toode\/statsionaarne-kraan-lola-1-must\/"]}]},{"@type":"ImageObject","inLanguage":"et","@id":"https:\/\/metaltale.com\/et\/toode\/statsionaarne-kraan-lola-1-must\/#primaryimage","url":"https:\/\/metaltale.com\/wp-content\/uploads\/2023\/11\/Grindx173-maix161ytuvas-LOLA-1.jpg","contentUrl":"https:\/\/metaltale.com\/wp-content\/uploads\/2023\/11\/Grindx173-maix161ytuvas-LOLA-1.jpg","width":800,"height":800,"caption":"Statsionaarne kraan LOLA 1, must"},{"@type":"BreadcrumbList","@id":"https:\/\/metaltale.com\/et\/toode\/statsionaarne-kraan-lola-1-must\/#breadcrumb","itemListElement":[{"@type":"ListItem","position":1,"name":"Home","item":"https:\/\/metaltale.com\/et\/kodu\/"},{"@type":"ListItem","position":2,"name":"Kauplus","item":"https:\/\/metaltale.com\/et\/shop\/"},{"@type":"ListItem","position":3,"name":"Statsionaarne kraan LOLA 1, must"}]},{"@type":"WebSite","@id":"https:\/\/metaltale.com\/et\/#website","url":"https:\/\/metaltale.com\/et\/","name":"Metaltale.com","description":"","potentialAction":[{"@type":"SearchAction","target":{"@type":"EntryPoint","urlTemplate":"https:\/\/metaltale.com\/et\/?s={search_term_string}"},"query-input":{"@type":"PropertyValueSpecification","valueRequired":true,"valueName":"search_term_string"}}],"inLanguage":"et"}]}},"_links":{"self":[{"href":"https:\/\/metaltale.com\/et\/wp-json\/wp\/v2\/product\/135183","targetHints":{"allow":["GET"]}}],"collection":[{"href":"https:\/\/metaltale.com\/et\/wp-json\/wp\/v2\/product"}],"about":[{"href":"https:\/\/metaltale.com\/et\/wp-json\/wp\/v2\/types\/product"}],"replies":[{"embeddable":true,"href":"https:\/\/metaltale.com\/et\/wp-json\/wp\/v2\/comments?post=135183"}],"version-history":[{"count":0,"href":"https:\/\/metaltale.com\/et\/wp-json\/wp\/v2\/product\/135183\/revisions"}],"wp:featuredmedia":[{"embeddable":true,"href":"https:\/\/metaltale.com\/et\/wp-json\/wp\/v2\/media\/104036"}],"wp:attachment":[{"href":"https:\/\/metaltale.com\/et\/wp-json\/wp\/v2\/media?parent=135183"}],"wp:term":[{"taxonomy":"product_brand","embeddable":true,"href":"https:\/\/metaltale.com\/et\/wp-json\/wp\/v2\/product_brand?post=135183"},{"taxonomy":"product_cat","embeddable":true,"href":"https:\/\/metaltale.com\/et\/wp-json\/wp\/v2\/product_cat?post=135183"},{"taxonomy":"product_tag","embeddable":true,"href":"https:\/\/metaltale.com\/et\/wp-json\/wp\/v2\/product_tag?post=135183"}],"curies":[{"name":"wp","href":"https:\/\/api.w.org\/{rel}","templated":true}]}}