{"id":135163,"date":"2024-02-13T13:23:41","date_gmt":"2024-02-13T11:23:41","guid":{"rendered":"https:\/\/metaltale.com\/produktas\/modena-klaasist-lukanduksed-2\/"},"modified":"2024-02-13T13:23:41","modified_gmt":"2024-02-13T11:23:41","slug":"modena-klaasist-lukanduksed-2","status":"publish","type":"product","link":"https:\/\/metaltale.com\/et\/toode\/modena-klaasist-lukanduksed-2\/","title":{"rendered":"MODENA klaasist l\u00fckanduksed"},"content":{"rendered":"<div class=\"prod_data\"><strong>Mudel<\/strong> SE.103.PRGR  <br \/><strong>Materjal<\/strong> Metall, klaas  <br \/>\u00dcldine k\u00f5rgus (cm) 210 <br \/><strong>\u00dcldlaius (cm)<\/strong> 3,2  <br \/><strong>Klaasi t\u00fc\u00fcp<\/strong> Karastatud klaas  <br \/><strong>Raami v\u00e4rv<\/strong> Must  <br \/><strong>Klaasi v\u00e4rvus<\/strong> Selge \/ piimjas  <br \/>Viimistlus pulberv\u00e4rvitud <br \/>Pinna t\u00fc\u00fcp Silea <br \/>Tarne t\u00fc\u00fcp T\u00e4ielikult kokkupandud toode <br \/>LISATEAVE Pakkumine kehtib ainult \u00fche ukselaua kohta ja ei sisalda libisevuss\u00fcsteemi ega muid lisaseadmeid. <br \/><strong>Paigaldusjuhised<\/strong> Lae alla  <\/p>\n<hr>\n<p>&#8211; uksed on valmistatud kvaliteetsest terasest ja klaasist.<br \/>&#8211; 4 millimeetrine klaas tugevas raamis, mis tagab vastupidavuse ja kasutuskindluse.<br \/>&#8211; kaks klaasiv\u00e4rvi valikut t\u00e4iesti l\u00e4bipaistvate ja l\u00e4bipaistmatute uste jaoks<br \/>&#8211; pulberv\u00e4rvitud viimistlus v\u00f5imaldab uksi kasutada niiskusega kokkupuutuvates ruumides<br \/>&#8211; kaasaegne v\u00e4rvimistehnoloogia koos kvaliteetsete lakkidega, mis tagavad kauakestva v\u00e4rvi ja kriimustuskindluse.<br \/>&#8211; Raami konstruktsioon v\u00f5imaldab \u00fclalt- v\u00f5i l\u00e4bis\u00f5itvaid libisevaid s\u00fcsteeme (vt fotogaleriid).<br \/>&#8211; Seda mudelit iseloomustab klaasi kasutamine koos vertikaalsete p\u00f5ikisuunaliste klaasliistudega ja ukse alumise osa t\u00e4ielik t\u00e4itmine.<br \/>&#8211; mitmek\u00fclgne disain tagab t\u00e4iusliku sobivuse mis tahes stiilis loft- v\u00f5i moodsa interj\u00f6\u00f6riga<\/p>\n<hr>\n<p>Modena liuguks on ideaalne lahendus neile, kes otsivad rustikaalse ja elegantse stiili kombinatsiooni. Uksed on segu t\u00f6\u00f6stuslikust ja modernsest stiilist. Toode p\u00f5hineb vanades tehastes kasutatud ukse mudelil. Modena on julge ettepanek mis tahes t\u00fc\u00fcpi interj\u00f6\u00f6rile. See sobib ideaalselt loft-, t\u00f6\u00f6stuslike ja avarate interj\u00f6\u00f6ride sisse. Kaasaegsetesse interj\u00f6\u00f6ridesse toob see ekstravagantsuse elemendi. Hoolimata detailidele p\u00f6\u00f6ratud t\u00e4helepanust ei puudu ustel vanus. Pulbriga kaetud viimistlus v\u00f5imaldab uksi kasutada mitte ainult elutoas, magamistoas ja koridoris, vaid ka vannitoas v\u00f5i k\u00f6\u00f6gis. Tehases konstrueeritud uksed &#8211; ainulaadne pakkumine libisevate s\u00fcsteemide jaoks.<\/p>\n<hr>\n<p>*R\u00f6\u00f6baste paigaldusjuhiseid saab kasutada erinevate ukset\u00fc\u00fcpide puhul. Selleks, et ukseavamisvalgusti kataks ukselehe soovitud viisil, tuleb reguleerida servaraua serva ja avamisvalgusti serva vaheline kaugus.<\/p>\n<p>* Tasuta kohaletoimetamise teenus on saadaval ainult tellimuste puhul, mille koguv\u00e4\u00e4rtus on \u00fcle 1000 zloti.<br \/>* tasuta kohaletoimetamise teenus on saadaval v\u00e4hemalt 1 uksega tellimuste puhul.<br \/>* Kahe liugukses\u00fcsteemi puhul kasutage ainult FREIMi hingedega juhtseadmeid.<\/p>\n<hr>\n<\/p>\n<\/div>\n","protected":false},"excerpt":{"rendered":"<p>Mudel SE.103.PRGR Materjal Metall, klaas \u00dcldine k\u00f5rgus (cm) 210 \u00dcldlaius (cm) 3,2 Klaasi t\u00fc\u00fcp Karastatud klaas Raami v\u00e4rv Must Klaasi<\/p>\n","protected":false},"featured_media":142101,"comment_status":"open","ping_status":"closed","template":"","meta":{"_acf_changed":false,"pmpro_default_level":""},"product_brand":[],"product_cat":[24146,24145,24140],"product_tag":[],"class_list":{"0":"post-135163","1":"product","2":"type-product","3":"status-publish","4":"has-post-thumbnail","6":"product_cat-klaasist-lukanduksed","7":"product_cat-liuguksed-et","8":"product_cat-liuguksesusteemid","9":"pmpro-has-access","11":"first","12":"instock","13":"shipping-taxable","14":"purchasable","15":"product-type-simple"},"acf":[],"yoast_head":"<!-- This site is optimized with the Yoast SEO plugin v24.9 - https:\/\/yoast.com\/wordpress\/plugins\/seo\/ -->\n<title>MODENA klaasist l\u00fckanduksed - MetalTale.com<\/title>\n<meta name=\"robots\" content=\"index, follow, max-snippet:-1, max-image-preview:large, max-video-preview:-1\" \/>\n<link rel=\"canonical\" href=\"https:\/\/metaltale.com\/et\/toode\/modena-klaasist-lukanduksed-2\/\" \/>\n<meta property=\"og:locale\" content=\"et_EE\" \/>\n<meta property=\"og:type\" content=\"article\" \/>\n<meta property=\"og:title\" content=\"MODENA klaasist l\u00fckanduksed - MetalTale.com\" \/>\n<meta property=\"og:description\" content=\"Mudel SE.103.PRGR Materjal Metall, klaas \u00dcldine k\u00f5rgus (cm) 210 \u00dcldlaius (cm) 3,2 Klaasi t\u00fc\u00fcp Karastatud klaas Raami v\u00e4rv Must Klaasi\" \/>\n<meta property=\"og:url\" content=\"https:\/\/metaltale.com\/et\/toode\/modena-klaasist-lukanduksed-2\/\" \/>\n<meta property=\"og:site_name\" content=\"MetalTale.com\" \/>\n<meta property=\"og:image\" content=\"http:\/\/metaltale.com\/wp-content\/uploads\/2024\/02\/MODENA-durys-90x210-skaidrios-20.webp\" \/>\n\t<meta property=\"og:image:width\" content=\"1600\" \/>\n\t<meta property=\"og:image:height\" content=\"1600\" \/>\n\t<meta property=\"og:image:type\" content=\"image\/webp\" \/>\n<meta name=\"twitter:card\" content=\"summary_large_image\" \/>\n<meta name=\"twitter:label1\" content=\"Est. reading time\" \/>\n\t<meta name=\"twitter:data1\" content=\"2 minutit\" \/>\n<script type=\"application\/ld+json\" class=\"yoast-schema-graph\">{\"@context\":\"https:\/\/schema.org\",\"@graph\":[{\"@type\":\"WebPage\",\"@id\":\"https:\/\/metaltale.com\/et\/toode\/modena-klaasist-lukanduksed-2\/\",\"url\":\"https:\/\/metaltale.com\/et\/toode\/modena-klaasist-lukanduksed-2\/\",\"name\":\"MODENA klaasist l\u00fckanduksed - MetalTale.com\",\"isPartOf\":{\"@id\":\"https:\/\/metaltale.com\/et\/#website\"},\"primaryImageOfPage\":{\"@id\":\"https:\/\/metaltale.com\/et\/toode\/modena-klaasist-lukanduksed-2\/#primaryimage\"},\"image\":{\"@id\":\"https:\/\/metaltale.com\/et\/toode\/modena-klaasist-lukanduksed-2\/#primaryimage\"},\"thumbnailUrl\":\"https:\/\/metaltale.com\/wp-content\/uploads\/2024\/02\/MODENA-durys-90x210-skaidrios-20.webp\",\"datePublished\":\"2024-02-13T11:23:41+00:00\",\"breadcrumb\":{\"@id\":\"https:\/\/metaltale.com\/et\/toode\/modena-klaasist-lukanduksed-2\/#breadcrumb\"},\"inLanguage\":\"et\",\"potentialAction\":[{\"@type\":\"ReadAction\",\"target\":[\"https:\/\/metaltale.com\/et\/toode\/modena-klaasist-lukanduksed-2\/\"]}]},{\"@type\":\"ImageObject\",\"inLanguage\":\"et\",\"@id\":\"https:\/\/metaltale.com\/et\/toode\/modena-klaasist-lukanduksed-2\/#primaryimage\",\"url\":\"https:\/\/metaltale.com\/wp-content\/uploads\/2024\/02\/MODENA-durys-90x210-skaidrios-20.webp\",\"contentUrl\":\"https:\/\/metaltale.com\/wp-content\/uploads\/2024\/02\/MODENA-durys-90x210-skaidrios-20.webp\",\"width\":1600,\"height\":1600,\"caption\":\"Stiklin\u0117s stumdomos durys MODENA 90x210 matinis\"},{\"@type\":\"BreadcrumbList\",\"@id\":\"https:\/\/metaltale.com\/et\/toode\/modena-klaasist-lukanduksed-2\/#breadcrumb\",\"itemListElement\":[{\"@type\":\"ListItem\",\"position\":1,\"name\":\"Home\",\"item\":\"https:\/\/metaltale.com\/et\/kodu\/\"},{\"@type\":\"ListItem\",\"position\":2,\"name\":\"Kauplus\",\"item\":\"https:\/\/metaltale.com\/et\/shop\/\"},{\"@type\":\"ListItem\",\"position\":3,\"name\":\"MODENA klaasist l\u00fckanduksed\"}]},{\"@type\":\"WebSite\",\"@id\":\"https:\/\/metaltale.com\/et\/#website\",\"url\":\"https:\/\/metaltale.com\/et\/\",\"name\":\"Metaltale.com\",\"description\":\"\",\"potentialAction\":[{\"@type\":\"SearchAction\",\"target\":{\"@type\":\"EntryPoint\",\"urlTemplate\":\"https:\/\/metaltale.com\/et\/?s={search_term_string}\"},\"query-input\":{\"@type\":\"PropertyValueSpecification\",\"valueRequired\":true,\"valueName\":\"search_term_string\"}}],\"inLanguage\":\"et\"}]}<\/script>\n<!-- \/ Yoast SEO plugin. -->","yoast_head_json":{"title":"MODENA klaasist l\u00fckanduksed - MetalTale.com","robots":{"index":"index","follow":"follow","max-snippet":"max-snippet:-1","max-image-preview":"max-image-preview:large","max-video-preview":"max-video-preview:-1"},"canonical":"https:\/\/metaltale.com\/et\/toode\/modena-klaasist-lukanduksed-2\/","og_locale":"et_EE","og_type":"article","og_title":"MODENA klaasist l\u00fckanduksed - MetalTale.com","og_description":"Mudel SE.103.PRGR Materjal Metall, klaas \u00dcldine k\u00f5rgus (cm) 210 \u00dcldlaius (cm) 3,2 Klaasi t\u00fc\u00fcp Karastatud klaas Raami v\u00e4rv Must Klaasi","og_url":"https:\/\/metaltale.com\/et\/toode\/modena-klaasist-lukanduksed-2\/","og_site_name":"MetalTale.com","og_image":[{"width":1600,"height":1600,"url":"http:\/\/metaltale.com\/wp-content\/uploads\/2024\/02\/MODENA-durys-90x210-skaidrios-20.webp","type":"image\/webp"}],"twitter_card":"summary_large_image","twitter_misc":{"Est. reading time":"2 minutit"},"schema":{"@context":"https:\/\/schema.org","@graph":[{"@type":"WebPage","@id":"https:\/\/metaltale.com\/et\/toode\/modena-klaasist-lukanduksed-2\/","url":"https:\/\/metaltale.com\/et\/toode\/modena-klaasist-lukanduksed-2\/","name":"MODENA klaasist l\u00fckanduksed - MetalTale.com","isPartOf":{"@id":"https:\/\/metaltale.com\/et\/#website"},"primaryImageOfPage":{"@id":"https:\/\/metaltale.com\/et\/toode\/modena-klaasist-lukanduksed-2\/#primaryimage"},"image":{"@id":"https:\/\/metaltale.com\/et\/toode\/modena-klaasist-lukanduksed-2\/#primaryimage"},"thumbnailUrl":"https:\/\/metaltale.com\/wp-content\/uploads\/2024\/02\/MODENA-durys-90x210-skaidrios-20.webp","datePublished":"2024-02-13T11:23:41+00:00","breadcrumb":{"@id":"https:\/\/metaltale.com\/et\/toode\/modena-klaasist-lukanduksed-2\/#breadcrumb"},"inLanguage":"et","potentialAction":[{"@type":"ReadAction","target":["https:\/\/metaltale.com\/et\/toode\/modena-klaasist-lukanduksed-2\/"]}]},{"@type":"ImageObject","inLanguage":"et","@id":"https:\/\/metaltale.com\/et\/toode\/modena-klaasist-lukanduksed-2\/#primaryimage","url":"https:\/\/metaltale.com\/wp-content\/uploads\/2024\/02\/MODENA-durys-90x210-skaidrios-20.webp","contentUrl":"https:\/\/metaltale.com\/wp-content\/uploads\/2024\/02\/MODENA-durys-90x210-skaidrios-20.webp","width":1600,"height":1600,"caption":"Stiklin\u0117s stumdomos durys MODENA 90x210 matinis"},{"@type":"BreadcrumbList","@id":"https:\/\/metaltale.com\/et\/toode\/modena-klaasist-lukanduksed-2\/#breadcrumb","itemListElement":[{"@type":"ListItem","position":1,"name":"Home","item":"https:\/\/metaltale.com\/et\/kodu\/"},{"@type":"ListItem","position":2,"name":"Kauplus","item":"https:\/\/metaltale.com\/et\/shop\/"},{"@type":"ListItem","position":3,"name":"MODENA klaasist l\u00fckanduksed"}]},{"@type":"WebSite","@id":"https:\/\/metaltale.com\/et\/#website","url":"https:\/\/metaltale.com\/et\/","name":"Metaltale.com","description":"","potentialAction":[{"@type":"SearchAction","target":{"@type":"EntryPoint","urlTemplate":"https:\/\/metaltale.com\/et\/?s={search_term_string}"},"query-input":{"@type":"PropertyValueSpecification","valueRequired":true,"valueName":"search_term_string"}}],"inLanguage":"et"}]}},"_links":{"self":[{"href":"https:\/\/metaltale.com\/et\/wp-json\/wp\/v2\/product\/135163","targetHints":{"allow":["GET"]}}],"collection":[{"href":"https:\/\/metaltale.com\/et\/wp-json\/wp\/v2\/product"}],"about":[{"href":"https:\/\/metaltale.com\/et\/wp-json\/wp\/v2\/types\/product"}],"replies":[{"embeddable":true,"href":"https:\/\/metaltale.com\/et\/wp-json\/wp\/v2\/comments?post=135163"}],"version-history":[{"count":0,"href":"https:\/\/metaltale.com\/et\/wp-json\/wp\/v2\/product\/135163\/revisions"}],"wp:featuredmedia":[{"embeddable":true,"href":"https:\/\/metaltale.com\/et\/wp-json\/wp\/v2\/media\/142101"}],"wp:attachment":[{"href":"https:\/\/metaltale.com\/et\/wp-json\/wp\/v2\/media?parent=135163"}],"wp:term":[{"taxonomy":"product_brand","embeddable":true,"href":"https:\/\/metaltale.com\/et\/wp-json\/wp\/v2\/product_brand?post=135163"},{"taxonomy":"product_cat","embeddable":true,"href":"https:\/\/metaltale.com\/et\/wp-json\/wp\/v2\/product_cat?post=135163"},{"taxonomy":"product_tag","embeddable":true,"href":"https:\/\/metaltale.com\/et\/wp-json\/wp\/v2\/product_tag?post=135163"}],"curies":[{"name":"wp","href":"https:\/\/api.w.org\/{rel}","templated":true}]}}