{"id":135152,"date":"2024-01-12T16:23:05","date_gmt":"2024-01-12T14:23:05","guid":{"rendered":"https:\/\/metaltale.com\/produktas\/polsterdatud-baaritooli-industrial-4-must\/"},"modified":"2024-01-12T16:23:05","modified_gmt":"2024-01-12T14:23:05","slug":"polsterdatud-baaritooli-industrial-4-must","status":"publish","type":"product","link":"https:\/\/metaltale.com\/et\/toode\/polsterdatud-baaritooli-industrial-4-must\/","title":{"rendered":"Polsterdatud baaritooli INDUSTRIAL 4, must"},"content":{"rendered":"<div class=\"prod_data\">\n<p><strong>Mudel<\/strong> ZA. T3<br \/>\n<strong>Materjal<\/strong> Teras, nahk<br \/>\n<strong>\u00dcldine k\u00f5rgus (cm)<\/strong> 85<br \/>\n<strong>\u00dcldine laius (cm)<\/strong> 45<br \/>\n<strong>Kaal (kg)<\/strong> 25<br \/>\n<strong>V\u00e4rv<\/strong> Must<\/p>\n<div class=\"std\">\n<p>Esitatud tool p\u00f5hines klassikalistel mudelitel, mida sageli leidub t\u00f6\u00f6kodades v\u00f5i t\u00f6\u00f6stusettev\u00f5tetes.<\/p>\n<p>Selle veidi toores, naturaalne terasev\u00e4rv muudab selle kaunistatud ruumides oluliseks visuaalseks aktsendiks.<\/p>\n<p>Polsterdus on valmistatud ehtsast nahast j\u00e4relt\u00f6\u00f6deldud t\u00fckkidest.<\/p>\n<p>Tool on praktiline iste, millel on tugev t\u00f6\u00f6stuslik iseloom.<\/p>\n<p>Lai valik istme k\u00f5rguse reguleerimise v\u00f5imalusi tagab praktilise kasutamise.<\/p>\n<p>Istet saab reguleerida vahemikus 83-112 cm. Tooli t\u00e4issuuruse saamiseks lisage selle k\u00f5rgusele 36 cm seljatoe k\u00f5rgus.<\/p>\n<p>Istme k\u00f5rgus 83-112 cm<\/p>\n<p>K\u00f5rgus koos toega 120-150 cm<\/p>\n<p>Istme l\u00e4bim\u00f5\u00f5t 35 cm<\/p>\n<p>\u00dcldl\u00e4bim\u00f5\u00f5t 45 cm<\/p>\n<\/div>\n<\/div>\n","protected":false},"excerpt":{"rendered":"<p>Mudel ZA. T3 Materjal Teras, nahk \u00dcldine k\u00f5rgus (cm) 85 \u00dcldine laius (cm) 45 Kaal (kg) 25 V\u00e4rv Must Esitatud<\/p>\n","protected":false},"featured_media":118507,"comment_status":"open","ping_status":"closed","template":"","meta":{"_acf_changed":false,"pmpro_default_level":""},"product_brand":[],"product_cat":[24196,24138],"product_tag":[],"class_list":{"0":"post-135152","1":"product","2":"type-product","3":"status-publish","4":"has-post-thumbnail","6":"product_cat-baaritoolid","7":"product_cat-toostusmoobel","8":"pmpro-has-access","10":"first","11":"instock","12":"shipping-taxable","13":"purchasable","14":"product-type-simple"},"acf":[],"yoast_head":"<!-- This site is optimized with the Yoast SEO plugin v24.9 - https:\/\/yoast.com\/wordpress\/plugins\/seo\/ -->\n<title>Polsterdatud baaritooli INDUSTRIAL 4, must - MetalTale.com<\/title>\n<meta name=\"robots\" content=\"index, follow, max-snippet:-1, max-image-preview:large, max-video-preview:-1\" \/>\n<link rel=\"canonical\" href=\"https:\/\/metaltale.com\/et\/toode\/polsterdatud-baaritooli-industrial-4-must\/\" \/>\n<meta property=\"og:locale\" content=\"et_EE\" \/>\n<meta property=\"og:type\" content=\"article\" \/>\n<meta property=\"og:title\" content=\"Polsterdatud baaritooli INDUSTRIAL 4, must - MetalTale.com\" \/>\n<meta property=\"og:description\" content=\"Mudel ZA. T3 Materjal Teras, nahk \u00dcldine k\u00f5rgus (cm) 85 \u00dcldine laius (cm) 45 Kaal (kg) 25 V\u00e4rv Must Esitatud\" \/>\n<meta property=\"og:url\" content=\"https:\/\/metaltale.com\/et\/toode\/polsterdatud-baaritooli-industrial-4-must\/\" \/>\n<meta property=\"og:site_name\" content=\"MetalTale.com\" \/>\n<meta name=\"twitter:card\" content=\"summary_large_image\" \/>\n<meta name=\"twitter:label1\" content=\"Est. reading time\" \/>\n\t<meta name=\"twitter:data1\" content=\"1 minut\" \/>\n<script type=\"application\/ld+json\" class=\"yoast-schema-graph\">{\"@context\":\"https:\/\/schema.org\",\"@graph\":[{\"@type\":\"WebPage\",\"@id\":\"https:\/\/metaltale.com\/et\/toode\/polsterdatud-baaritooli-industrial-4-must\/\",\"url\":\"https:\/\/metaltale.com\/et\/toode\/polsterdatud-baaritooli-industrial-4-must\/\",\"name\":\"Polsterdatud baaritooli INDUSTRIAL 4, must - MetalTale.com\",\"isPartOf\":{\"@id\":\"https:\/\/metaltale.com\/et\/#website\"},\"primaryImageOfPage\":{\"@id\":\"https:\/\/metaltale.com\/et\/toode\/polsterdatud-baaritooli-industrial-4-must\/#primaryimage\"},\"image\":{\"@id\":\"https:\/\/metaltale.com\/et\/toode\/polsterdatud-baaritooli-industrial-4-must\/#primaryimage\"},\"thumbnailUrl\":\"https:\/\/metaltale.com\/wp-content\/uploads\/2023\/12\/krzeslo-barowe-industrialne-7780.jpg\",\"datePublished\":\"2024-01-12T14:23:05+00:00\",\"breadcrumb\":{\"@id\":\"https:\/\/metaltale.com\/et\/toode\/polsterdatud-baaritooli-industrial-4-must\/#breadcrumb\"},\"inLanguage\":\"et\",\"potentialAction\":[{\"@type\":\"ReadAction\",\"target\":[\"https:\/\/metaltale.com\/et\/toode\/polsterdatud-baaritooli-industrial-4-must\/\"]}]},{\"@type\":\"ImageObject\",\"inLanguage\":\"et\",\"@id\":\"https:\/\/metaltale.com\/et\/toode\/polsterdatud-baaritooli-industrial-4-must\/#primaryimage\",\"url\":\"https:\/\/metaltale.com\/wp-content\/uploads\/2023\/12\/krzeslo-barowe-industrialne-7780.jpg\",\"contentUrl\":\"https:\/\/metaltale.com\/wp-content\/uploads\/2023\/12\/krzeslo-barowe-industrialne-7780.jpg\",\"width\":800,\"height\":800,\"caption\":\"Polsterdatud baaritooli\"},{\"@type\":\"BreadcrumbList\",\"@id\":\"https:\/\/metaltale.com\/et\/toode\/polsterdatud-baaritooli-industrial-4-must\/#breadcrumb\",\"itemListElement\":[{\"@type\":\"ListItem\",\"position\":1,\"name\":\"Home\",\"item\":\"https:\/\/metaltale.com\/et\/kodu\/\"},{\"@type\":\"ListItem\",\"position\":2,\"name\":\"Kauplus\",\"item\":\"https:\/\/metaltale.com\/et\/shop\/\"},{\"@type\":\"ListItem\",\"position\":3,\"name\":\"Polsterdatud baaritooli INDUSTRIAL 4, must\"}]},{\"@type\":\"WebSite\",\"@id\":\"https:\/\/metaltale.com\/et\/#website\",\"url\":\"https:\/\/metaltale.com\/et\/\",\"name\":\"Metaltale.com\",\"description\":\"\",\"potentialAction\":[{\"@type\":\"SearchAction\",\"target\":{\"@type\":\"EntryPoint\",\"urlTemplate\":\"https:\/\/metaltale.com\/et\/?s={search_term_string}\"},\"query-input\":{\"@type\":\"PropertyValueSpecification\",\"valueRequired\":true,\"valueName\":\"search_term_string\"}}],\"inLanguage\":\"et\"}]}<\/script>\n<!-- \/ Yoast SEO plugin. -->","yoast_head_json":{"title":"Polsterdatud baaritooli INDUSTRIAL 4, must - MetalTale.com","robots":{"index":"index","follow":"follow","max-snippet":"max-snippet:-1","max-image-preview":"max-image-preview:large","max-video-preview":"max-video-preview:-1"},"canonical":"https:\/\/metaltale.com\/et\/toode\/polsterdatud-baaritooli-industrial-4-must\/","og_locale":"et_EE","og_type":"article","og_title":"Polsterdatud baaritooli INDUSTRIAL 4, must - MetalTale.com","og_description":"Mudel ZA. T3 Materjal Teras, nahk \u00dcldine k\u00f5rgus (cm) 85 \u00dcldine laius (cm) 45 Kaal (kg) 25 V\u00e4rv Must Esitatud","og_url":"https:\/\/metaltale.com\/et\/toode\/polsterdatud-baaritooli-industrial-4-must\/","og_site_name":"MetalTale.com","twitter_card":"summary_large_image","twitter_misc":{"Est. reading time":"1 minut"},"schema":{"@context":"https:\/\/schema.org","@graph":[{"@type":"WebPage","@id":"https:\/\/metaltale.com\/et\/toode\/polsterdatud-baaritooli-industrial-4-must\/","url":"https:\/\/metaltale.com\/et\/toode\/polsterdatud-baaritooli-industrial-4-must\/","name":"Polsterdatud baaritooli INDUSTRIAL 4, must - MetalTale.com","isPartOf":{"@id":"https:\/\/metaltale.com\/et\/#website"},"primaryImageOfPage":{"@id":"https:\/\/metaltale.com\/et\/toode\/polsterdatud-baaritooli-industrial-4-must\/#primaryimage"},"image":{"@id":"https:\/\/metaltale.com\/et\/toode\/polsterdatud-baaritooli-industrial-4-must\/#primaryimage"},"thumbnailUrl":"https:\/\/metaltale.com\/wp-content\/uploads\/2023\/12\/krzeslo-barowe-industrialne-7780.jpg","datePublished":"2024-01-12T14:23:05+00:00","breadcrumb":{"@id":"https:\/\/metaltale.com\/et\/toode\/polsterdatud-baaritooli-industrial-4-must\/#breadcrumb"},"inLanguage":"et","potentialAction":[{"@type":"ReadAction","target":["https:\/\/metaltale.com\/et\/toode\/polsterdatud-baaritooli-industrial-4-must\/"]}]},{"@type":"ImageObject","inLanguage":"et","@id":"https:\/\/metaltale.com\/et\/toode\/polsterdatud-baaritooli-industrial-4-must\/#primaryimage","url":"https:\/\/metaltale.com\/wp-content\/uploads\/2023\/12\/krzeslo-barowe-industrialne-7780.jpg","contentUrl":"https:\/\/metaltale.com\/wp-content\/uploads\/2023\/12\/krzeslo-barowe-industrialne-7780.jpg","width":800,"height":800,"caption":"Polsterdatud baaritooli"},{"@type":"BreadcrumbList","@id":"https:\/\/metaltale.com\/et\/toode\/polsterdatud-baaritooli-industrial-4-must\/#breadcrumb","itemListElement":[{"@type":"ListItem","position":1,"name":"Home","item":"https:\/\/metaltale.com\/et\/kodu\/"},{"@type":"ListItem","position":2,"name":"Kauplus","item":"https:\/\/metaltale.com\/et\/shop\/"},{"@type":"ListItem","position":3,"name":"Polsterdatud baaritooli INDUSTRIAL 4, must"}]},{"@type":"WebSite","@id":"https:\/\/metaltale.com\/et\/#website","url":"https:\/\/metaltale.com\/et\/","name":"Metaltale.com","description":"","potentialAction":[{"@type":"SearchAction","target":{"@type":"EntryPoint","urlTemplate":"https:\/\/metaltale.com\/et\/?s={search_term_string}"},"query-input":{"@type":"PropertyValueSpecification","valueRequired":true,"valueName":"search_term_string"}}],"inLanguage":"et"}]}},"_links":{"self":[{"href":"https:\/\/metaltale.com\/et\/wp-json\/wp\/v2\/product\/135152","targetHints":{"allow":["GET"]}}],"collection":[{"href":"https:\/\/metaltale.com\/et\/wp-json\/wp\/v2\/product"}],"about":[{"href":"https:\/\/metaltale.com\/et\/wp-json\/wp\/v2\/types\/product"}],"replies":[{"embeddable":true,"href":"https:\/\/metaltale.com\/et\/wp-json\/wp\/v2\/comments?post=135152"}],"version-history":[{"count":0,"href":"https:\/\/metaltale.com\/et\/wp-json\/wp\/v2\/product\/135152\/revisions"}],"wp:featuredmedia":[{"embeddable":true,"href":"https:\/\/metaltale.com\/et\/wp-json\/wp\/v2\/media\/118507"}],"wp:attachment":[{"href":"https:\/\/metaltale.com\/et\/wp-json\/wp\/v2\/media?parent=135152"}],"wp:term":[{"taxonomy":"product_brand","embeddable":true,"href":"https:\/\/metaltale.com\/et\/wp-json\/wp\/v2\/product_brand?post=135152"},{"taxonomy":"product_cat","embeddable":true,"href":"https:\/\/metaltale.com\/et\/wp-json\/wp\/v2\/product_cat?post=135152"},{"taxonomy":"product_tag","embeddable":true,"href":"https:\/\/metaltale.com\/et\/wp-json\/wp\/v2\/product_tag?post=135152"}],"curies":[{"name":"wp","href":"https:\/\/api.w.org\/{rel}","templated":true}]}}