{"id":135135,"date":"2024-01-12T21:11:03","date_gmt":"2024-01-12T19:11:03","guid":{"rendered":"https:\/\/metaltale.com\/produktas\/metalli-varvimine-3d-loft-lady-africa-2\/"},"modified":"2024-01-12T21:11:03","modified_gmt":"2024-01-12T19:11:03","slug":"metalli-varvimine-3d-loft-lady-africa-2","status":"publish","type":"product","link":"https:\/\/metaltale.com\/et\/toode\/metalli-varvimine-3d-loft-lady-africa-2\/","title":{"rendered":"Metalli v\u00e4rvimine 3D loft LADY AFRICA 2"},"content":{"rendered":"<div class=\"prod_data\">\n<p><strong>Mudel<\/strong> PT. L22307<br \/>\n<strong>Laius (cm)<\/strong> 80<br \/>\n<strong>K\u00f5rgus (cm)<\/strong> 120<br \/>\n<strong>Paksus (cm)<\/strong> 6<br \/>\n<strong>Materjal<\/strong> teras<br \/>\nKujundid Ristk\u00fclikukujuline<br \/>\nOrienteerimine Vertikaalne<br \/>\nMotiiv inimesed<\/p>\n<p>metall 3D kujutis, mis on valmistatud \u00fcmbert\u00f6\u00f6deldud terasest<\/p>\n<p>Tegelikud v\u00e4ljaulatuvad osad<\/p>\n<p>v\u00e4rvid, mis on tekkinud v\u00e4rvi v\u00f5i loodusliku v\u00e4rvimuutuse ja korrosiooni tagaj\u00e4rjel<\/p>\n<p>Impregneerimine l\u00e4bipaistva lakiga tagab v\u00e4rvi s\u00e4ilimise ja kriimustuskindluse.<\/p>\n<p>Maalil on kujutatud traditsioonilises aafrika kost\u00fc\u00fcmis naist, millel on ekspressiivne v\u00e4rviskeem, mis kujutab figuuri mustal taustal.<\/p>\n<hr>\n<p>Loft&#8217;i 3D-vaade on loodud taaskasutatud terasest materjalidest. Lisaks traditsioonilistele v\u00e4rvidele kasutati pildi v\u00e4rvimiseks terasele omaseid loomulikke v\u00e4rvimuutusi. Kolmem\u00f5\u00f5tmeline kuju annab sellele ainulaadse iseloomu ja eristab seda traditsioonilistest maalidest. 3D-pilt on v\u00e4ike kunstiteos, mis on meie interj\u00f6\u00f6ride ilusaks kaunistuseks ja annab neile erilise iseloomu. S\u00fcmbolite erksate v\u00e4rvide ja musta sametise tausta kombinatsioon muudab pildi s\u00fcgavamaks ja pilkup\u00fc\u00fcdvamaks. Kogu pind on kaetud l\u00e4bipaistva lakiga, mis kaitseb kriimustuste eest. Paigaldamine on lihtne ja intuitiivne komplekti kinnitusklambrite abil.<\/p>\n<\/div>\n","protected":false},"excerpt":{"rendered":"<p>Mudel PT. L22307 Laius (cm) 80 K\u00f5rgus (cm) 120 Paksus (cm) 6 Materjal teras Kujundid Ristk\u00fclikukujuline Orienteerimine Vertikaalne Motiiv inimesed<\/p>\n","protected":false},"featured_media":112783,"comment_status":"open","ping_status":"closed","template":"","meta":{"_acf_changed":false,"pmpro_default_level":""},"product_brand":[],"product_cat":[23913,23895],"product_tag":[],"class_list":{"0":"post-135135","1":"product","2":"type-product","3":"status-publish","4":"has-post-thumbnail","6":"product_cat-3d-paveikslai-et","7":"product_cat-kaunistused","8":"pmpro-has-access","10":"first","11":"instock","12":"shipping-taxable","13":"purchasable","14":"product-type-simple"},"acf":[],"yoast_head":"<!-- This site is optimized with the Yoast SEO plugin v24.9 - https:\/\/yoast.com\/wordpress\/plugins\/seo\/ -->\n<title>Metalli v\u00e4rvimine 3D loft LADY AFRICA 2 - MetalTale.com<\/title>\n<meta name=\"robots\" content=\"index, follow, max-snippet:-1, max-image-preview:large, max-video-preview:-1\" \/>\n<link rel=\"canonical\" href=\"https:\/\/metaltale.com\/et\/toode\/metalli-varvimine-3d-loft-lady-africa-2\/\" \/>\n<meta property=\"og:locale\" content=\"et_EE\" \/>\n<meta property=\"og:type\" content=\"article\" \/>\n<meta property=\"og:title\" content=\"Metalli v\u00e4rvimine 3D loft LADY AFRICA 2 - MetalTale.com\" \/>\n<meta property=\"og:description\" content=\"Mudel PT. L22307 Laius (cm) 80 K\u00f5rgus (cm) 120 Paksus (cm) 6 Materjal teras Kujundid Ristk\u00fclikukujuline Orienteerimine Vertikaalne Motiiv inimesed\" \/>\n<meta property=\"og:url\" content=\"https:\/\/metaltale.com\/et\/toode\/metalli-varvimine-3d-loft-lady-africa-2\/\" \/>\n<meta property=\"og:site_name\" content=\"MetalTale.com\" \/>\n<meta property=\"og:image\" content=\"http:\/\/metaltale.com\/wp-content\/uploads\/2023\/11\/Metalo-tapybos-3D-loftas-LADY-AFRICA-2.jpg\" \/>\n\t<meta property=\"og:image:width\" content=\"800\" \/>\n\t<meta property=\"og:image:height\" content=\"800\" \/>\n\t<meta property=\"og:image:type\" content=\"image\/jpeg\" \/>\n<meta name=\"twitter:card\" content=\"summary_large_image\" \/>\n<meta name=\"twitter:label1\" content=\"Est. reading time\" \/>\n\t<meta name=\"twitter:data1\" content=\"1 minut\" \/>\n<script type=\"application\/ld+json\" class=\"yoast-schema-graph\">{\"@context\":\"https:\/\/schema.org\",\"@graph\":[{\"@type\":\"WebPage\",\"@id\":\"https:\/\/metaltale.com\/et\/toode\/metalli-varvimine-3d-loft-lady-africa-2\/\",\"url\":\"https:\/\/metaltale.com\/et\/toode\/metalli-varvimine-3d-loft-lady-africa-2\/\",\"name\":\"Metalli v\u00e4rvimine 3D loft LADY AFRICA 2 - MetalTale.com\",\"isPartOf\":{\"@id\":\"https:\/\/metaltale.com\/et\/#website\"},\"primaryImageOfPage\":{\"@id\":\"https:\/\/metaltale.com\/et\/toode\/metalli-varvimine-3d-loft-lady-africa-2\/#primaryimage\"},\"image\":{\"@id\":\"https:\/\/metaltale.com\/et\/toode\/metalli-varvimine-3d-loft-lady-africa-2\/#primaryimage\"},\"thumbnailUrl\":\"https:\/\/metaltale.com\/wp-content\/uploads\/2023\/11\/Metalo-tapybos-3D-loftas-LADY-AFRICA-2.jpg\",\"datePublished\":\"2024-01-12T19:11:03+00:00\",\"breadcrumb\":{\"@id\":\"https:\/\/metaltale.com\/et\/toode\/metalli-varvimine-3d-loft-lady-africa-2\/#breadcrumb\"},\"inLanguage\":\"et\",\"potentialAction\":[{\"@type\":\"ReadAction\",\"target\":[\"https:\/\/metaltale.com\/et\/toode\/metalli-varvimine-3d-loft-lady-africa-2\/\"]}]},{\"@type\":\"ImageObject\",\"inLanguage\":\"et\",\"@id\":\"https:\/\/metaltale.com\/et\/toode\/metalli-varvimine-3d-loft-lady-africa-2\/#primaryimage\",\"url\":\"https:\/\/metaltale.com\/wp-content\/uploads\/2023\/11\/Metalo-tapybos-3D-loftas-LADY-AFRICA-2.jpg\",\"contentUrl\":\"https:\/\/metaltale.com\/wp-content\/uploads\/2023\/11\/Metalo-tapybos-3D-loftas-LADY-AFRICA-2.jpg\",\"width\":800,\"height\":800},{\"@type\":\"BreadcrumbList\",\"@id\":\"https:\/\/metaltale.com\/et\/toode\/metalli-varvimine-3d-loft-lady-africa-2\/#breadcrumb\",\"itemListElement\":[{\"@type\":\"ListItem\",\"position\":1,\"name\":\"Home\",\"item\":\"https:\/\/metaltale.com\/et\/kodu\/\"},{\"@type\":\"ListItem\",\"position\":2,\"name\":\"Kauplus\",\"item\":\"https:\/\/metaltale.com\/et\/shop\/\"},{\"@type\":\"ListItem\",\"position\":3,\"name\":\"Metalli v\u00e4rvimine 3D loft LADY AFRICA 2\"}]},{\"@type\":\"WebSite\",\"@id\":\"https:\/\/metaltale.com\/et\/#website\",\"url\":\"https:\/\/metaltale.com\/et\/\",\"name\":\"Metaltale.com\",\"description\":\"\",\"potentialAction\":[{\"@type\":\"SearchAction\",\"target\":{\"@type\":\"EntryPoint\",\"urlTemplate\":\"https:\/\/metaltale.com\/et\/?s={search_term_string}\"},\"query-input\":{\"@type\":\"PropertyValueSpecification\",\"valueRequired\":true,\"valueName\":\"search_term_string\"}}],\"inLanguage\":\"et\"}]}<\/script>\n<!-- \/ Yoast SEO plugin. -->","yoast_head_json":{"title":"Metalli v\u00e4rvimine 3D loft LADY AFRICA 2 - MetalTale.com","robots":{"index":"index","follow":"follow","max-snippet":"max-snippet:-1","max-image-preview":"max-image-preview:large","max-video-preview":"max-video-preview:-1"},"canonical":"https:\/\/metaltale.com\/et\/toode\/metalli-varvimine-3d-loft-lady-africa-2\/","og_locale":"et_EE","og_type":"article","og_title":"Metalli v\u00e4rvimine 3D loft LADY AFRICA 2 - MetalTale.com","og_description":"Mudel PT. L22307 Laius (cm) 80 K\u00f5rgus (cm) 120 Paksus (cm) 6 Materjal teras Kujundid Ristk\u00fclikukujuline Orienteerimine Vertikaalne Motiiv inimesed","og_url":"https:\/\/metaltale.com\/et\/toode\/metalli-varvimine-3d-loft-lady-africa-2\/","og_site_name":"MetalTale.com","og_image":[{"width":800,"height":800,"url":"http:\/\/metaltale.com\/wp-content\/uploads\/2023\/11\/Metalo-tapybos-3D-loftas-LADY-AFRICA-2.jpg","type":"image\/jpeg"}],"twitter_card":"summary_large_image","twitter_misc":{"Est. reading time":"1 minut"},"schema":{"@context":"https:\/\/schema.org","@graph":[{"@type":"WebPage","@id":"https:\/\/metaltale.com\/et\/toode\/metalli-varvimine-3d-loft-lady-africa-2\/","url":"https:\/\/metaltale.com\/et\/toode\/metalli-varvimine-3d-loft-lady-africa-2\/","name":"Metalli v\u00e4rvimine 3D loft LADY AFRICA 2 - MetalTale.com","isPartOf":{"@id":"https:\/\/metaltale.com\/et\/#website"},"primaryImageOfPage":{"@id":"https:\/\/metaltale.com\/et\/toode\/metalli-varvimine-3d-loft-lady-africa-2\/#primaryimage"},"image":{"@id":"https:\/\/metaltale.com\/et\/toode\/metalli-varvimine-3d-loft-lady-africa-2\/#primaryimage"},"thumbnailUrl":"https:\/\/metaltale.com\/wp-content\/uploads\/2023\/11\/Metalo-tapybos-3D-loftas-LADY-AFRICA-2.jpg","datePublished":"2024-01-12T19:11:03+00:00","breadcrumb":{"@id":"https:\/\/metaltale.com\/et\/toode\/metalli-varvimine-3d-loft-lady-africa-2\/#breadcrumb"},"inLanguage":"et","potentialAction":[{"@type":"ReadAction","target":["https:\/\/metaltale.com\/et\/toode\/metalli-varvimine-3d-loft-lady-africa-2\/"]}]},{"@type":"ImageObject","inLanguage":"et","@id":"https:\/\/metaltale.com\/et\/toode\/metalli-varvimine-3d-loft-lady-africa-2\/#primaryimage","url":"https:\/\/metaltale.com\/wp-content\/uploads\/2023\/11\/Metalo-tapybos-3D-loftas-LADY-AFRICA-2.jpg","contentUrl":"https:\/\/metaltale.com\/wp-content\/uploads\/2023\/11\/Metalo-tapybos-3D-loftas-LADY-AFRICA-2.jpg","width":800,"height":800},{"@type":"BreadcrumbList","@id":"https:\/\/metaltale.com\/et\/toode\/metalli-varvimine-3d-loft-lady-africa-2\/#breadcrumb","itemListElement":[{"@type":"ListItem","position":1,"name":"Home","item":"https:\/\/metaltale.com\/et\/kodu\/"},{"@type":"ListItem","position":2,"name":"Kauplus","item":"https:\/\/metaltale.com\/et\/shop\/"},{"@type":"ListItem","position":3,"name":"Metalli v\u00e4rvimine 3D loft LADY AFRICA 2"}]},{"@type":"WebSite","@id":"https:\/\/metaltale.com\/et\/#website","url":"https:\/\/metaltale.com\/et\/","name":"Metaltale.com","description":"","potentialAction":[{"@type":"SearchAction","target":{"@type":"EntryPoint","urlTemplate":"https:\/\/metaltale.com\/et\/?s={search_term_string}"},"query-input":{"@type":"PropertyValueSpecification","valueRequired":true,"valueName":"search_term_string"}}],"inLanguage":"et"}]}},"_links":{"self":[{"href":"https:\/\/metaltale.com\/et\/wp-json\/wp\/v2\/product\/135135","targetHints":{"allow":["GET"]}}],"collection":[{"href":"https:\/\/metaltale.com\/et\/wp-json\/wp\/v2\/product"}],"about":[{"href":"https:\/\/metaltale.com\/et\/wp-json\/wp\/v2\/types\/product"}],"replies":[{"embeddable":true,"href":"https:\/\/metaltale.com\/et\/wp-json\/wp\/v2\/comments?post=135135"}],"version-history":[{"count":0,"href":"https:\/\/metaltale.com\/et\/wp-json\/wp\/v2\/product\/135135\/revisions"}],"wp:featuredmedia":[{"embeddable":true,"href":"https:\/\/metaltale.com\/et\/wp-json\/wp\/v2\/media\/112783"}],"wp:attachment":[{"href":"https:\/\/metaltale.com\/et\/wp-json\/wp\/v2\/media?parent=135135"}],"wp:term":[{"taxonomy":"product_brand","embeddable":true,"href":"https:\/\/metaltale.com\/et\/wp-json\/wp\/v2\/product_brand?post=135135"},{"taxonomy":"product_cat","embeddable":true,"href":"https:\/\/metaltale.com\/et\/wp-json\/wp\/v2\/product_cat?post=135135"},{"taxonomy":"product_tag","embeddable":true,"href":"https:\/\/metaltale.com\/et\/wp-json\/wp\/v2\/product_tag?post=135135"}],"curies":[{"name":"wp","href":"https:\/\/api.w.org\/{rel}","templated":true}]}}