{"id":135125,"date":"2024-02-13T14:29:51","date_gmt":"2024-02-13T12:29:51","guid":{"rendered":"https:\/\/metaltale.com\/produktas\/metallskulptuur-musician-2\/"},"modified":"2024-02-13T14:29:51","modified_gmt":"2024-02-13T12:29:51","slug":"metallskulptuur-musician-2","status":"publish","type":"product","link":"https:\/\/metaltale.com\/et\/toode\/metallskulptuur-musician-2\/","title":{"rendered":"Metallskulptuur MUSICIAN 2"},"content":{"rendered":"<div class=\"prod_data\"><strong>Mudel<\/strong> PT. SF21021  <br \/><strong>EAN.<\/strong>  5907772073735  <br \/><strong>Laius (cm)<\/strong> 16  <br \/><strong>K\u00f5rgus (cm)<\/strong> 56  <br \/><strong>Paksus (cm)<\/strong> 13  <br \/><strong>Materjal<\/strong> Metall  <br \/><strong>Motiiv<\/strong> Inimesed, muusika  <\/p>\n<p>&#8211; metallskulptuur taaskasutatud materjalidest<br \/>&#8211; erksav\u00e4rviline joonis<br \/>&#8211; Aluse materjalikaitse kaitseb ka riiuli v\u00f5i m\u00f6\u00f6bli pinda, millel skulptuur seisab.<br \/>&#8211; n\u00e4htavad \u00fchendused, pintslij\u00e4ljed ja keevis\u00f5mblused m\u00e4\u00e4ravad viimistluse laadi.<br \/>&#8211; originaalne kaunistus ja suurep\u00e4rane kingiidee<br \/>&#8211; maal, millel mees m\u00e4ngib saksofoni<\/p>\n<hr>\n<p>Taaskasutatavast terasest valmistatud metallskulptuur, mis kujutab saksofoni m\u00e4ngivat meest, on kaunistus muusikaf\u00e4nnile. Suur figuur on originaalne t\u00e4iendus elutoa sahtlitele, mis sobib ideaalselt puidust lauaplaadile v\u00f5i riiulitele. Kujusid iseloomustab pjedestaal, millele muusiku kuju asetatakse, mis annab tootele autentsuse ja stabiilsuse. Kaasaegne elutoa skulptuur on suurep\u00e4rane originaalne kingitus. Metallfiguurid t\u00f5mbavad t\u00e4helepanu \u00fcksikute kaunistustena, kuid nad n\u00e4evad ka grupis suurep\u00e4raselt v\u00e4lja, luues ainulaadse kompositsiooni.<\/p>\n<\/div>\n","protected":false},"excerpt":{"rendered":"<p>Mudel PT. SF21021 EAN. 5907772073735 Laius (cm) 16 K\u00f5rgus (cm) 56 Paksus (cm) 13 Materjal Metall Motiiv Inimesed, muusika &#8211;<\/p>\n","protected":false},"featured_media":88501,"comment_status":"open","ping_status":"closed","template":"","meta":{"_acf_changed":false,"pmpro_default_level":""},"product_brand":[],"product_cat":[23895],"product_tag":[],"class_list":{"0":"post-135125","1":"product","2":"type-product","3":"status-publish","4":"has-post-thumbnail","6":"product_cat-kaunistused","7":"pmpro-has-access","9":"first","10":"instock","11":"shipping-taxable","12":"purchasable","13":"product-type-simple"},"acf":[],"yoast_head":"<!-- This site is optimized with the Yoast SEO plugin v24.9 - https:\/\/yoast.com\/wordpress\/plugins\/seo\/ -->\n<title>Metallskulptuur MUSICIAN 2 - MetalTale.com<\/title>\n<meta name=\"robots\" content=\"index, follow, max-snippet:-1, max-image-preview:large, max-video-preview:-1\" \/>\n<link rel=\"canonical\" href=\"https:\/\/metaltale.com\/et\/toode\/metallskulptuur-musician-2\/\" \/>\n<meta property=\"og:locale\" content=\"et_EE\" \/>\n<meta property=\"og:type\" content=\"article\" \/>\n<meta property=\"og:title\" content=\"Metallskulptuur MUSICIAN 2 - MetalTale.com\" \/>\n<meta property=\"og:description\" content=\"Mudel PT. SF21021 EAN. 5907772073735 Laius (cm) 16 K\u00f5rgus (cm) 56 Paksus (cm) 13 Materjal Metall Motiiv Inimesed, muusika &#8211;\" \/>\n<meta property=\"og:url\" content=\"https:\/\/metaltale.com\/et\/toode\/metallskulptuur-musician-2\/\" \/>\n<meta property=\"og:site_name\" content=\"MetalTale.com\" \/>\n<meta name=\"twitter:card\" content=\"summary_large_image\" \/>\n<meta name=\"twitter:label1\" content=\"Est. reading time\" \/>\n\t<meta name=\"twitter:data1\" content=\"1 minut\" \/>\n<script type=\"application\/ld+json\" class=\"yoast-schema-graph\">{\"@context\":\"https:\/\/schema.org\",\"@graph\":[{\"@type\":\"WebPage\",\"@id\":\"https:\/\/metaltale.com\/et\/toode\/metallskulptuur-musician-2\/\",\"url\":\"https:\/\/metaltale.com\/et\/toode\/metallskulptuur-musician-2\/\",\"name\":\"Metallskulptuur MUSICIAN 2 - MetalTale.com\",\"isPartOf\":{\"@id\":\"https:\/\/metaltale.com\/et\/#website\"},\"primaryImageOfPage\":{\"@id\":\"https:\/\/metaltale.com\/et\/toode\/metallskulptuur-musician-2\/#primaryimage\"},\"image\":{\"@id\":\"https:\/\/metaltale.com\/et\/toode\/metallskulptuur-musician-2\/#primaryimage\"},\"thumbnailUrl\":\"https:\/\/metaltale.com\/wp-content\/uploads\/2023\/10\/Metalo-skulptx16Bra-MUZIKANTAS-2.jpg\",\"datePublished\":\"2024-02-13T12:29:51+00:00\",\"breadcrumb\":{\"@id\":\"https:\/\/metaltale.com\/et\/toode\/metallskulptuur-musician-2\/#breadcrumb\"},\"inLanguage\":\"et\",\"potentialAction\":[{\"@type\":\"ReadAction\",\"target\":[\"https:\/\/metaltale.com\/et\/toode\/metallskulptuur-musician-2\/\"]}]},{\"@type\":\"ImageObject\",\"inLanguage\":\"et\",\"@id\":\"https:\/\/metaltale.com\/et\/toode\/metallskulptuur-musician-2\/#primaryimage\",\"url\":\"https:\/\/metaltale.com\/wp-content\/uploads\/2023\/10\/Metalo-skulptx16Bra-MUZIKANTAS-2.jpg\",\"contentUrl\":\"https:\/\/metaltale.com\/wp-content\/uploads\/2023\/10\/Metalo-skulptx16Bra-MUZIKANTAS-2.jpg\",\"width\":800,\"height\":800},{\"@type\":\"BreadcrumbList\",\"@id\":\"https:\/\/metaltale.com\/et\/toode\/metallskulptuur-musician-2\/#breadcrumb\",\"itemListElement\":[{\"@type\":\"ListItem\",\"position\":1,\"name\":\"Home\",\"item\":\"https:\/\/metaltale.com\/et\/kodu\/\"},{\"@type\":\"ListItem\",\"position\":2,\"name\":\"Kauplus\",\"item\":\"https:\/\/metaltale.com\/et\/shop\/\"},{\"@type\":\"ListItem\",\"position\":3,\"name\":\"Metallskulptuur MUSICIAN 2\"}]},{\"@type\":\"WebSite\",\"@id\":\"https:\/\/metaltale.com\/et\/#website\",\"url\":\"https:\/\/metaltale.com\/et\/\",\"name\":\"Metaltale.com\",\"description\":\"\",\"potentialAction\":[{\"@type\":\"SearchAction\",\"target\":{\"@type\":\"EntryPoint\",\"urlTemplate\":\"https:\/\/metaltale.com\/et\/?s={search_term_string}\"},\"query-input\":{\"@type\":\"PropertyValueSpecification\",\"valueRequired\":true,\"valueName\":\"search_term_string\"}}],\"inLanguage\":\"et\"}]}<\/script>\n<!-- \/ Yoast SEO plugin. -->","yoast_head_json":{"title":"Metallskulptuur MUSICIAN 2 - MetalTale.com","robots":{"index":"index","follow":"follow","max-snippet":"max-snippet:-1","max-image-preview":"max-image-preview:large","max-video-preview":"max-video-preview:-1"},"canonical":"https:\/\/metaltale.com\/et\/toode\/metallskulptuur-musician-2\/","og_locale":"et_EE","og_type":"article","og_title":"Metallskulptuur MUSICIAN 2 - MetalTale.com","og_description":"Mudel PT. SF21021 EAN. 5907772073735 Laius (cm) 16 K\u00f5rgus (cm) 56 Paksus (cm) 13 Materjal Metall Motiiv Inimesed, muusika &#8211;","og_url":"https:\/\/metaltale.com\/et\/toode\/metallskulptuur-musician-2\/","og_site_name":"MetalTale.com","twitter_card":"summary_large_image","twitter_misc":{"Est. reading time":"1 minut"},"schema":{"@context":"https:\/\/schema.org","@graph":[{"@type":"WebPage","@id":"https:\/\/metaltale.com\/et\/toode\/metallskulptuur-musician-2\/","url":"https:\/\/metaltale.com\/et\/toode\/metallskulptuur-musician-2\/","name":"Metallskulptuur MUSICIAN 2 - MetalTale.com","isPartOf":{"@id":"https:\/\/metaltale.com\/et\/#website"},"primaryImageOfPage":{"@id":"https:\/\/metaltale.com\/et\/toode\/metallskulptuur-musician-2\/#primaryimage"},"image":{"@id":"https:\/\/metaltale.com\/et\/toode\/metallskulptuur-musician-2\/#primaryimage"},"thumbnailUrl":"https:\/\/metaltale.com\/wp-content\/uploads\/2023\/10\/Metalo-skulptx16Bra-MUZIKANTAS-2.jpg","datePublished":"2024-02-13T12:29:51+00:00","breadcrumb":{"@id":"https:\/\/metaltale.com\/et\/toode\/metallskulptuur-musician-2\/#breadcrumb"},"inLanguage":"et","potentialAction":[{"@type":"ReadAction","target":["https:\/\/metaltale.com\/et\/toode\/metallskulptuur-musician-2\/"]}]},{"@type":"ImageObject","inLanguage":"et","@id":"https:\/\/metaltale.com\/et\/toode\/metallskulptuur-musician-2\/#primaryimage","url":"https:\/\/metaltale.com\/wp-content\/uploads\/2023\/10\/Metalo-skulptx16Bra-MUZIKANTAS-2.jpg","contentUrl":"https:\/\/metaltale.com\/wp-content\/uploads\/2023\/10\/Metalo-skulptx16Bra-MUZIKANTAS-2.jpg","width":800,"height":800},{"@type":"BreadcrumbList","@id":"https:\/\/metaltale.com\/et\/toode\/metallskulptuur-musician-2\/#breadcrumb","itemListElement":[{"@type":"ListItem","position":1,"name":"Home","item":"https:\/\/metaltale.com\/et\/kodu\/"},{"@type":"ListItem","position":2,"name":"Kauplus","item":"https:\/\/metaltale.com\/et\/shop\/"},{"@type":"ListItem","position":3,"name":"Metallskulptuur MUSICIAN 2"}]},{"@type":"WebSite","@id":"https:\/\/metaltale.com\/et\/#website","url":"https:\/\/metaltale.com\/et\/","name":"Metaltale.com","description":"","potentialAction":[{"@type":"SearchAction","target":{"@type":"EntryPoint","urlTemplate":"https:\/\/metaltale.com\/et\/?s={search_term_string}"},"query-input":{"@type":"PropertyValueSpecification","valueRequired":true,"valueName":"search_term_string"}}],"inLanguage":"et"}]}},"_links":{"self":[{"href":"https:\/\/metaltale.com\/et\/wp-json\/wp\/v2\/product\/135125","targetHints":{"allow":["GET"]}}],"collection":[{"href":"https:\/\/metaltale.com\/et\/wp-json\/wp\/v2\/product"}],"about":[{"href":"https:\/\/metaltale.com\/et\/wp-json\/wp\/v2\/types\/product"}],"replies":[{"embeddable":true,"href":"https:\/\/metaltale.com\/et\/wp-json\/wp\/v2\/comments?post=135125"}],"version-history":[{"count":0,"href":"https:\/\/metaltale.com\/et\/wp-json\/wp\/v2\/product\/135125\/revisions"}],"wp:featuredmedia":[{"embeddable":true,"href":"https:\/\/metaltale.com\/et\/wp-json\/wp\/v2\/media\/88501"}],"wp:attachment":[{"href":"https:\/\/metaltale.com\/et\/wp-json\/wp\/v2\/media?parent=135125"}],"wp:term":[{"taxonomy":"product_brand","embeddable":true,"href":"https:\/\/metaltale.com\/et\/wp-json\/wp\/v2\/product_brand?post=135125"},{"taxonomy":"product_cat","embeddable":true,"href":"https:\/\/metaltale.com\/et\/wp-json\/wp\/v2\/product_cat?post=135125"},{"taxonomy":"product_tag","embeddable":true,"href":"https:\/\/metaltale.com\/et\/wp-json\/wp\/v2\/product_tag?post=135125"}],"curies":[{"name":"wp","href":"https:\/\/api.w.org\/{rel}","templated":true}]}}