{"id":135111,"date":"2024-02-13T15:15:50","date_gmt":"2024-02-13T13:15:50","guid":{"rendered":"https:\/\/metaltale.com\/produktas\/metallskulptuur-kolarz\/"},"modified":"2024-02-13T15:15:50","modified_gmt":"2024-02-13T13:15:50","slug":"metallskulptuur-kolarz","status":"publish","type":"product","link":"https:\/\/metaltale.com\/et\/toode\/metallskulptuur-kolarz\/","title":{"rendered":"Metallskulptuur KOLARZ"},"content":{"rendered":"<div class=\"prod_data\">\n<p><strong>Mudel<\/strong> PT. SF22012<br \/>\nMotiiv inimesed<br \/>\n<strong>Materjal<\/strong> teras<br \/>\n<strong>Paksus (cm)<\/strong> 6<br \/>\n<strong>Laius (cm)<\/strong> 35<br \/>\nK\u00f5rgus (cm) 40<\/p>\n<p>metallskulptuur taaskasutatud materjalidest<\/p>\n<p>Kuju peetakse heledates v\u00e4rvides, kus domineerivad soojad v\u00e4rvid.<\/p>\n<p>Aluse materjalikaitse kaitseb ka riiuli v\u00f5i m\u00f6\u00f6bli pinda, millel skulptuur seisab.<\/p>\n<p>N\u00e4htavad \u00fchendused, pintslij\u00e4ljed ja keevis\u00f5mblused m\u00e4\u00e4ravad viimistluse iseloomu.<\/p>\n<p>Originaalne kaunistus ja suurep\u00e4rane kingiidee<\/p>\n<p>Jalgrattur d\u00fcnaamilises kompositsioonis<\/p>\n<hr>\n<p>Jalgratturi originaalfiguur, mis j\u00e4\u00e4dvustab suurep\u00e4raselt liikumises olevat figuuri. Skulptuur on valmistatud \u00fcmbert\u00f6\u00f6deldud terasest, mis annab sellele ainulaadse iseloomu. Tugevate v\u00e4rvide kasutamine r\u00f5hutab veelgi figuuri originaalset stiili. Jalgratturit kujutati t\u00fc\u00fcpilises asendis, ettepoole kummardunud, jalgrattaga s\u00f5ites. Jalgratta detailid on hoolikalt v\u00e4lja t\u00f6\u00f6tatud, mis koos skulptuuri enda keerulise t\u00f6\u00f6ga muudab selle v\u00e4limuse v\u00e4ga muljetavaldavaks ja imposantseks. See on ideaalne valik jalgratturitele ja loft-stiili armastajatele.<\/p>\n<\/div>\n","protected":false},"excerpt":{"rendered":"<p>Mudel PT. SF22012 Motiiv inimesed Materjal teras Paksus (cm) 6 Laius (cm) 35 K\u00f5rgus (cm) 40 metallskulptuur taaskasutatud materjalidest Kuju<\/p>\n","protected":false},"featured_media":114432,"comment_status":"open","ping_status":"closed","template":"","meta":{"_acf_changed":false,"pmpro_default_level":""},"product_brand":[],"product_cat":[24210,23895],"product_tag":[],"class_list":{"0":"post-135111","1":"product","2":"type-product","3":"status-publish","4":"has-post-thumbnail","6":"product_cat-metallskulptuurid","7":"product_cat-kaunistused","8":"pmpro-has-access","10":"first","11":"instock","12":"shipping-taxable","13":"purchasable","14":"product-type-simple"},"acf":[],"yoast_head":"<!-- This site is optimized with the Yoast SEO plugin v24.9 - https:\/\/yoast.com\/wordpress\/plugins\/seo\/ -->\n<title>Metallskulptuur KOLARZ - MetalTale.com<\/title>\n<meta name=\"robots\" content=\"index, follow, max-snippet:-1, max-image-preview:large, max-video-preview:-1\" \/>\n<link rel=\"canonical\" href=\"https:\/\/metaltale.com\/et\/toode\/metallskulptuur-kolarz\/\" \/>\n<meta property=\"og:locale\" content=\"et_EE\" \/>\n<meta property=\"og:type\" content=\"article\" \/>\n<meta property=\"og:title\" content=\"Metallskulptuur KOLARZ - MetalTale.com\" \/>\n<meta property=\"og:description\" content=\"Mudel PT. SF22012 Motiiv inimesed Materjal teras Paksus (cm) 6 Laius (cm) 35 K\u00f5rgus (cm) 40 metallskulptuur taaskasutatud materjalidest Kuju\" \/>\n<meta property=\"og:url\" content=\"https:\/\/metaltale.com\/et\/toode\/metallskulptuur-kolarz\/\" \/>\n<meta property=\"og:site_name\" content=\"MetalTale.com\" \/>\n<meta name=\"twitter:card\" content=\"summary_large_image\" \/>\n<meta name=\"twitter:label1\" content=\"Est. reading time\" \/>\n\t<meta name=\"twitter:data1\" content=\"1 minut\" \/>\n<script type=\"application\/ld+json\" class=\"yoast-schema-graph\">{\"@context\":\"https:\/\/schema.org\",\"@graph\":[{\"@type\":\"WebPage\",\"@id\":\"https:\/\/metaltale.com\/et\/toode\/metallskulptuur-kolarz\/\",\"url\":\"https:\/\/metaltale.com\/et\/toode\/metallskulptuur-kolarz\/\",\"name\":\"Metallskulptuur KOLARZ - MetalTale.com\",\"isPartOf\":{\"@id\":\"https:\/\/metaltale.com\/et\/#website\"},\"primaryImageOfPage\":{\"@id\":\"https:\/\/metaltale.com\/et\/toode\/metallskulptuur-kolarz\/#primaryimage\"},\"image\":{\"@id\":\"https:\/\/metaltale.com\/et\/toode\/metallskulptuur-kolarz\/#primaryimage\"},\"thumbnailUrl\":\"https:\/\/metaltale.com\/wp-content\/uploads\/2023\/11\/Metalo-skulptx16Bra-KOLARZ.jpg\",\"datePublished\":\"2024-02-13T13:15:50+00:00\",\"breadcrumb\":{\"@id\":\"https:\/\/metaltale.com\/et\/toode\/metallskulptuur-kolarz\/#breadcrumb\"},\"inLanguage\":\"et\",\"potentialAction\":[{\"@type\":\"ReadAction\",\"target\":[\"https:\/\/metaltale.com\/et\/toode\/metallskulptuur-kolarz\/\"]}]},{\"@type\":\"ImageObject\",\"inLanguage\":\"et\",\"@id\":\"https:\/\/metaltale.com\/et\/toode\/metallskulptuur-kolarz\/#primaryimage\",\"url\":\"https:\/\/metaltale.com\/wp-content\/uploads\/2023\/11\/Metalo-skulptx16Bra-KOLARZ.jpg\",\"contentUrl\":\"https:\/\/metaltale.com\/wp-content\/uploads\/2023\/11\/Metalo-skulptx16Bra-KOLARZ.jpg\",\"width\":800,\"height\":800},{\"@type\":\"BreadcrumbList\",\"@id\":\"https:\/\/metaltale.com\/et\/toode\/metallskulptuur-kolarz\/#breadcrumb\",\"itemListElement\":[{\"@type\":\"ListItem\",\"position\":1,\"name\":\"Home\",\"item\":\"https:\/\/metaltale.com\/et\/kodu\/\"},{\"@type\":\"ListItem\",\"position\":2,\"name\":\"Kauplus\",\"item\":\"https:\/\/metaltale.com\/et\/shop\/\"},{\"@type\":\"ListItem\",\"position\":3,\"name\":\"Metallskulptuur KOLARZ\"}]},{\"@type\":\"WebSite\",\"@id\":\"https:\/\/metaltale.com\/et\/#website\",\"url\":\"https:\/\/metaltale.com\/et\/\",\"name\":\"Metaltale.com\",\"description\":\"\",\"potentialAction\":[{\"@type\":\"SearchAction\",\"target\":{\"@type\":\"EntryPoint\",\"urlTemplate\":\"https:\/\/metaltale.com\/et\/?s={search_term_string}\"},\"query-input\":{\"@type\":\"PropertyValueSpecification\",\"valueRequired\":true,\"valueName\":\"search_term_string\"}}],\"inLanguage\":\"et\"}]}<\/script>\n<!-- \/ Yoast SEO plugin. -->","yoast_head_json":{"title":"Metallskulptuur KOLARZ - MetalTale.com","robots":{"index":"index","follow":"follow","max-snippet":"max-snippet:-1","max-image-preview":"max-image-preview:large","max-video-preview":"max-video-preview:-1"},"canonical":"https:\/\/metaltale.com\/et\/toode\/metallskulptuur-kolarz\/","og_locale":"et_EE","og_type":"article","og_title":"Metallskulptuur KOLARZ - MetalTale.com","og_description":"Mudel PT. SF22012 Motiiv inimesed Materjal teras Paksus (cm) 6 Laius (cm) 35 K\u00f5rgus (cm) 40 metallskulptuur taaskasutatud materjalidest Kuju","og_url":"https:\/\/metaltale.com\/et\/toode\/metallskulptuur-kolarz\/","og_site_name":"MetalTale.com","twitter_card":"summary_large_image","twitter_misc":{"Est. reading time":"1 minut"},"schema":{"@context":"https:\/\/schema.org","@graph":[{"@type":"WebPage","@id":"https:\/\/metaltale.com\/et\/toode\/metallskulptuur-kolarz\/","url":"https:\/\/metaltale.com\/et\/toode\/metallskulptuur-kolarz\/","name":"Metallskulptuur KOLARZ - MetalTale.com","isPartOf":{"@id":"https:\/\/metaltale.com\/et\/#website"},"primaryImageOfPage":{"@id":"https:\/\/metaltale.com\/et\/toode\/metallskulptuur-kolarz\/#primaryimage"},"image":{"@id":"https:\/\/metaltale.com\/et\/toode\/metallskulptuur-kolarz\/#primaryimage"},"thumbnailUrl":"https:\/\/metaltale.com\/wp-content\/uploads\/2023\/11\/Metalo-skulptx16Bra-KOLARZ.jpg","datePublished":"2024-02-13T13:15:50+00:00","breadcrumb":{"@id":"https:\/\/metaltale.com\/et\/toode\/metallskulptuur-kolarz\/#breadcrumb"},"inLanguage":"et","potentialAction":[{"@type":"ReadAction","target":["https:\/\/metaltale.com\/et\/toode\/metallskulptuur-kolarz\/"]}]},{"@type":"ImageObject","inLanguage":"et","@id":"https:\/\/metaltale.com\/et\/toode\/metallskulptuur-kolarz\/#primaryimage","url":"https:\/\/metaltale.com\/wp-content\/uploads\/2023\/11\/Metalo-skulptx16Bra-KOLARZ.jpg","contentUrl":"https:\/\/metaltale.com\/wp-content\/uploads\/2023\/11\/Metalo-skulptx16Bra-KOLARZ.jpg","width":800,"height":800},{"@type":"BreadcrumbList","@id":"https:\/\/metaltale.com\/et\/toode\/metallskulptuur-kolarz\/#breadcrumb","itemListElement":[{"@type":"ListItem","position":1,"name":"Home","item":"https:\/\/metaltale.com\/et\/kodu\/"},{"@type":"ListItem","position":2,"name":"Kauplus","item":"https:\/\/metaltale.com\/et\/shop\/"},{"@type":"ListItem","position":3,"name":"Metallskulptuur KOLARZ"}]},{"@type":"WebSite","@id":"https:\/\/metaltale.com\/et\/#website","url":"https:\/\/metaltale.com\/et\/","name":"Metaltale.com","description":"","potentialAction":[{"@type":"SearchAction","target":{"@type":"EntryPoint","urlTemplate":"https:\/\/metaltale.com\/et\/?s={search_term_string}"},"query-input":{"@type":"PropertyValueSpecification","valueRequired":true,"valueName":"search_term_string"}}],"inLanguage":"et"}]}},"_links":{"self":[{"href":"https:\/\/metaltale.com\/et\/wp-json\/wp\/v2\/product\/135111","targetHints":{"allow":["GET"]}}],"collection":[{"href":"https:\/\/metaltale.com\/et\/wp-json\/wp\/v2\/product"}],"about":[{"href":"https:\/\/metaltale.com\/et\/wp-json\/wp\/v2\/types\/product"}],"replies":[{"embeddable":true,"href":"https:\/\/metaltale.com\/et\/wp-json\/wp\/v2\/comments?post=135111"}],"version-history":[{"count":0,"href":"https:\/\/metaltale.com\/et\/wp-json\/wp\/v2\/product\/135111\/revisions"}],"wp:featuredmedia":[{"embeddable":true,"href":"https:\/\/metaltale.com\/et\/wp-json\/wp\/v2\/media\/114432"}],"wp:attachment":[{"href":"https:\/\/metaltale.com\/et\/wp-json\/wp\/v2\/media?parent=135111"}],"wp:term":[{"taxonomy":"product_brand","embeddable":true,"href":"https:\/\/metaltale.com\/et\/wp-json\/wp\/v2\/product_brand?post=135111"},{"taxonomy":"product_cat","embeddable":true,"href":"https:\/\/metaltale.com\/et\/wp-json\/wp\/v2\/product_cat?post=135111"},{"taxonomy":"product_tag","embeddable":true,"href":"https:\/\/metaltale.com\/et\/wp-json\/wp\/v2\/product_tag?post=135111"}],"curies":[{"name":"wp","href":"https:\/\/api.w.org\/{rel}","templated":true}]}}