{"id":135108,"date":"2024-02-13T14:29:51","date_gmt":"2024-02-13T12:29:51","guid":{"rendered":"https:\/\/metaltale.com\/produktas\/metallskulptuur-lietus\/"},"modified":"2024-02-13T14:29:51","modified_gmt":"2024-02-13T12:29:51","slug":"metallskulptuur-lietus","status":"publish","type":"product","link":"https:\/\/metaltale.com\/et\/toode\/metallskulptuur-lietus\/","title":{"rendered":"Metallskulptuur LIETUS"},"content":{"rendered":"<div class=\"prod_data\"><strong>Mudel<\/strong> PT. SF18329SO  <br \/><strong>EAN.<\/strong>  5907772073698  <br \/>Laius (cm) 27 <br \/><strong>K\u00f5rgus (cm)<\/strong> 61  <br \/><strong>Paksus (cm)<\/strong> 16  <br \/><strong>Materjal<\/strong> Metall  <br \/><strong>Motiiv<\/strong> inimesed  <\/p>\n<p>&#8211; metallskulptuur taaskasutatud materjalidest<br \/>&#8211; figuuri peetakse heledates v\u00e4rvides, kus domineerivad soojad v\u00e4rvid.<br \/>&#8211; Aluse materjalikaitse kaitseb ka riiuli v\u00f5i m\u00f6\u00f6bli pinda, millel skulptuur seisab.<br \/>&#8211; n\u00e4htavad \u00fchendused, pintslij\u00e4ljed ja keevis\u00f5mblused m\u00e4\u00e4ravad viimistluse laadi.<br \/>&#8211; originaalne kaunistus ja suurep\u00e4rane kingiidee<br \/>&#8211; d\u00fcnaamiline kompositsioon, mis kujutab meest ja naist, kes hoiavad vihmavarju.<\/p>\n<hr>\n<p>Pilkup\u00fc\u00fcdvad ja originaalsed metallskulptuurid on kaasaegne alternatiiv klassikalistele r\u00f5ivastele. K\u00f5rge metallist skulptuur \u00f5nnelikust paarist vihma k\u00e4es n\u00e4eb suurep\u00e4raselt v\u00e4lja kirstul v\u00f5i puidust riiulil. Kontrastne j\u00e4medate vormide ja r\u00f5\u00f5msameelsete v\u00e4rvide komplekt muudab selle ideaalseks kaunistuseks nii loft- kui ka eklektilistes interj\u00f6\u00f6rides. Ringlussev\u00f5etud materjalide kasutamine on koosk\u00f5las praeguste ringlussev\u00f5tu suundumustega. Dekoratiivne metallfiguur annab paigutusele romantilise ja muinasjutulise ilme, pehmendades t\u00f6\u00f6stusliku ruumi raskust. K\u00e4sitsi valmistatud, et tagada iga eksemplari ainulaadsus. Skulptuur v\u00f5ib olla \u00fcksik ornament v\u00f5i luua dekoratiivse kompositsiooni koos teiste figuurimudelitega.  <\/p>\n<\/div>\n","protected":false},"excerpt":{"rendered":"<p>Mudel PT. SF18329SO EAN. 5907772073698 Laius (cm) 27 K\u00f5rgus (cm) 61 Paksus (cm) 16 Materjal Metall Motiiv inimesed &#8211; metallskulptuur<\/p>\n","protected":false},"featured_media":88304,"comment_status":"open","ping_status":"closed","template":"","meta":{"_acf_changed":false,"pmpro_default_level":""},"product_brand":[],"product_cat":[23895],"product_tag":[],"class_list":{"0":"post-135108","1":"product","2":"type-product","3":"status-publish","4":"has-post-thumbnail","6":"product_cat-kaunistused","7":"pmpro-has-access","9":"first","10":"instock","11":"shipping-taxable","12":"purchasable","13":"product-type-simple"},"acf":[],"yoast_head":"<!-- This site is optimized with the Yoast SEO plugin v24.9 - https:\/\/yoast.com\/wordpress\/plugins\/seo\/ -->\n<title>Metallskulptuur LIETUS - MetalTale.com<\/title>\n<meta name=\"robots\" content=\"index, follow, max-snippet:-1, max-image-preview:large, max-video-preview:-1\" \/>\n<link rel=\"canonical\" href=\"https:\/\/metaltale.com\/et\/toode\/metallskulptuur-lietus\/\" \/>\n<meta property=\"og:locale\" content=\"et_EE\" \/>\n<meta property=\"og:type\" content=\"article\" \/>\n<meta property=\"og:title\" content=\"Metallskulptuur LIETUS - MetalTale.com\" \/>\n<meta property=\"og:description\" content=\"Mudel PT. SF18329SO EAN. 5907772073698 Laius (cm) 27 K\u00f5rgus (cm) 61 Paksus (cm) 16 Materjal Metall Motiiv inimesed &#8211; metallskulptuur\" \/>\n<meta property=\"og:url\" content=\"https:\/\/metaltale.com\/et\/toode\/metallskulptuur-lietus\/\" \/>\n<meta property=\"og:site_name\" content=\"MetalTale.com\" \/>\n<meta name=\"twitter:card\" content=\"summary_large_image\" \/>\n<meta name=\"twitter:label1\" content=\"Est. reading time\" \/>\n\t<meta name=\"twitter:data1\" content=\"1 minut\" \/>\n<script type=\"application\/ld+json\" class=\"yoast-schema-graph\">{\"@context\":\"https:\/\/schema.org\",\"@graph\":[{\"@type\":\"WebPage\",\"@id\":\"https:\/\/metaltale.com\/et\/toode\/metallskulptuur-lietus\/\",\"url\":\"https:\/\/metaltale.com\/et\/toode\/metallskulptuur-lietus\/\",\"name\":\"Metallskulptuur LIETUS - MetalTale.com\",\"isPartOf\":{\"@id\":\"https:\/\/metaltale.com\/et\/#website\"},\"primaryImageOfPage\":{\"@id\":\"https:\/\/metaltale.com\/et\/toode\/metallskulptuur-lietus\/#primaryimage\"},\"image\":{\"@id\":\"https:\/\/metaltale.com\/et\/toode\/metallskulptuur-lietus\/#primaryimage\"},\"thumbnailUrl\":\"https:\/\/metaltale.com\/wp-content\/uploads\/2023\/10\/Metalo-skulptx16Bra-LIETUS.jpg\",\"datePublished\":\"2024-02-13T12:29:51+00:00\",\"breadcrumb\":{\"@id\":\"https:\/\/metaltale.com\/et\/toode\/metallskulptuur-lietus\/#breadcrumb\"},\"inLanguage\":\"et\",\"potentialAction\":[{\"@type\":\"ReadAction\",\"target\":[\"https:\/\/metaltale.com\/et\/toode\/metallskulptuur-lietus\/\"]}]},{\"@type\":\"ImageObject\",\"inLanguage\":\"et\",\"@id\":\"https:\/\/metaltale.com\/et\/toode\/metallskulptuur-lietus\/#primaryimage\",\"url\":\"https:\/\/metaltale.com\/wp-content\/uploads\/2023\/10\/Metalo-skulptx16Bra-LIETUS.jpg\",\"contentUrl\":\"https:\/\/metaltale.com\/wp-content\/uploads\/2023\/10\/Metalo-skulptx16Bra-LIETUS.jpg\",\"width\":800,\"height\":800},{\"@type\":\"BreadcrumbList\",\"@id\":\"https:\/\/metaltale.com\/et\/toode\/metallskulptuur-lietus\/#breadcrumb\",\"itemListElement\":[{\"@type\":\"ListItem\",\"position\":1,\"name\":\"Home\",\"item\":\"https:\/\/metaltale.com\/et\/kodu\/\"},{\"@type\":\"ListItem\",\"position\":2,\"name\":\"Kauplus\",\"item\":\"https:\/\/metaltale.com\/et\/shop\/\"},{\"@type\":\"ListItem\",\"position\":3,\"name\":\"Metallskulptuur LIETUS\"}]},{\"@type\":\"WebSite\",\"@id\":\"https:\/\/metaltale.com\/et\/#website\",\"url\":\"https:\/\/metaltale.com\/et\/\",\"name\":\"Metaltale.com\",\"description\":\"\",\"potentialAction\":[{\"@type\":\"SearchAction\",\"target\":{\"@type\":\"EntryPoint\",\"urlTemplate\":\"https:\/\/metaltale.com\/et\/?s={search_term_string}\"},\"query-input\":{\"@type\":\"PropertyValueSpecification\",\"valueRequired\":true,\"valueName\":\"search_term_string\"}}],\"inLanguage\":\"et\"}]}<\/script>\n<!-- \/ Yoast SEO plugin. -->","yoast_head_json":{"title":"Metallskulptuur LIETUS - MetalTale.com","robots":{"index":"index","follow":"follow","max-snippet":"max-snippet:-1","max-image-preview":"max-image-preview:large","max-video-preview":"max-video-preview:-1"},"canonical":"https:\/\/metaltale.com\/et\/toode\/metallskulptuur-lietus\/","og_locale":"et_EE","og_type":"article","og_title":"Metallskulptuur LIETUS - MetalTale.com","og_description":"Mudel PT. SF18329SO EAN. 5907772073698 Laius (cm) 27 K\u00f5rgus (cm) 61 Paksus (cm) 16 Materjal Metall Motiiv inimesed &#8211; metallskulptuur","og_url":"https:\/\/metaltale.com\/et\/toode\/metallskulptuur-lietus\/","og_site_name":"MetalTale.com","twitter_card":"summary_large_image","twitter_misc":{"Est. reading time":"1 minut"},"schema":{"@context":"https:\/\/schema.org","@graph":[{"@type":"WebPage","@id":"https:\/\/metaltale.com\/et\/toode\/metallskulptuur-lietus\/","url":"https:\/\/metaltale.com\/et\/toode\/metallskulptuur-lietus\/","name":"Metallskulptuur LIETUS - MetalTale.com","isPartOf":{"@id":"https:\/\/metaltale.com\/et\/#website"},"primaryImageOfPage":{"@id":"https:\/\/metaltale.com\/et\/toode\/metallskulptuur-lietus\/#primaryimage"},"image":{"@id":"https:\/\/metaltale.com\/et\/toode\/metallskulptuur-lietus\/#primaryimage"},"thumbnailUrl":"https:\/\/metaltale.com\/wp-content\/uploads\/2023\/10\/Metalo-skulptx16Bra-LIETUS.jpg","datePublished":"2024-02-13T12:29:51+00:00","breadcrumb":{"@id":"https:\/\/metaltale.com\/et\/toode\/metallskulptuur-lietus\/#breadcrumb"},"inLanguage":"et","potentialAction":[{"@type":"ReadAction","target":["https:\/\/metaltale.com\/et\/toode\/metallskulptuur-lietus\/"]}]},{"@type":"ImageObject","inLanguage":"et","@id":"https:\/\/metaltale.com\/et\/toode\/metallskulptuur-lietus\/#primaryimage","url":"https:\/\/metaltale.com\/wp-content\/uploads\/2023\/10\/Metalo-skulptx16Bra-LIETUS.jpg","contentUrl":"https:\/\/metaltale.com\/wp-content\/uploads\/2023\/10\/Metalo-skulptx16Bra-LIETUS.jpg","width":800,"height":800},{"@type":"BreadcrumbList","@id":"https:\/\/metaltale.com\/et\/toode\/metallskulptuur-lietus\/#breadcrumb","itemListElement":[{"@type":"ListItem","position":1,"name":"Home","item":"https:\/\/metaltale.com\/et\/kodu\/"},{"@type":"ListItem","position":2,"name":"Kauplus","item":"https:\/\/metaltale.com\/et\/shop\/"},{"@type":"ListItem","position":3,"name":"Metallskulptuur LIETUS"}]},{"@type":"WebSite","@id":"https:\/\/metaltale.com\/et\/#website","url":"https:\/\/metaltale.com\/et\/","name":"Metaltale.com","description":"","potentialAction":[{"@type":"SearchAction","target":{"@type":"EntryPoint","urlTemplate":"https:\/\/metaltale.com\/et\/?s={search_term_string}"},"query-input":{"@type":"PropertyValueSpecification","valueRequired":true,"valueName":"search_term_string"}}],"inLanguage":"et"}]}},"_links":{"self":[{"href":"https:\/\/metaltale.com\/et\/wp-json\/wp\/v2\/product\/135108","targetHints":{"allow":["GET"]}}],"collection":[{"href":"https:\/\/metaltale.com\/et\/wp-json\/wp\/v2\/product"}],"about":[{"href":"https:\/\/metaltale.com\/et\/wp-json\/wp\/v2\/types\/product"}],"replies":[{"embeddable":true,"href":"https:\/\/metaltale.com\/et\/wp-json\/wp\/v2\/comments?post=135108"}],"version-history":[{"count":0,"href":"https:\/\/metaltale.com\/et\/wp-json\/wp\/v2\/product\/135108\/revisions"}],"wp:featuredmedia":[{"embeddable":true,"href":"https:\/\/metaltale.com\/et\/wp-json\/wp\/v2\/media\/88304"}],"wp:attachment":[{"href":"https:\/\/metaltale.com\/et\/wp-json\/wp\/v2\/media?parent=135108"}],"wp:term":[{"taxonomy":"product_brand","embeddable":true,"href":"https:\/\/metaltale.com\/et\/wp-json\/wp\/v2\/product_brand?post=135108"},{"taxonomy":"product_cat","embeddable":true,"href":"https:\/\/metaltale.com\/et\/wp-json\/wp\/v2\/product_cat?post=135108"},{"taxonomy":"product_tag","embeddable":true,"href":"https:\/\/metaltale.com\/et\/wp-json\/wp\/v2\/product_tag?post=135108"}],"curies":[{"name":"wp","href":"https:\/\/api.w.org\/{rel}","templated":true}]}}