{"id":135105,"date":"2024-02-13T15:15:50","date_gmt":"2024-02-13T13:15:50","guid":{"rendered":"https:\/\/metaltale.com\/produktas\/metallskulptuur-dotyk\/"},"modified":"2024-02-13T15:15:50","modified_gmt":"2024-02-13T13:15:50","slug":"metallskulptuur-dotyk","status":"publish","type":"product","link":"https:\/\/metaltale.com\/et\/toode\/metallskulptuur-dotyk\/","title":{"rendered":"Metallskulptuur DOTYK"},"content":{"rendered":"<div class=\"prod_data\"><strong>Mudel<\/strong> PT. SF22001  <br \/><strong>Motiiv<\/strong> inimesed  <br \/><strong>Materjal<\/strong> teras  <br \/><strong>Paksus (cm)<\/strong> 6  <br \/>Laius (cm) 17 <br \/><strong>K\u00f5rgus (cm)<\/strong> 65  <\/p>\n<p>metallskulptuur taaskasutatud materjalidest<\/p>\n<p>Maali peetakse pruunide v\u00e4rvidega<\/p>\n<p>Aluse materjalikaitse kaitseb ka riiuli v\u00f5i m\u00f6\u00f6bli pinda, millel skulptuur seisab.<\/p>\n<p>N\u00e4htavad \u00fchendused, pintslij\u00e4ljed ja keevis\u00f5mblused m\u00e4\u00e4ravad viimistluse iseloomu.<\/p>\n<p>Originaalne kaunistus ja suurep\u00e4rane kingiidee<\/p>\n<p>Skulptuur kujutab inimk\u00e4te puudutust.<\/p>\n<hr>\n<p>Skulptuuril on esitatud delikaatne ja peen puudutus. See on valmistatud \u00fcmbert\u00f6\u00f6deldud terasest ja hoitud pruunis v\u00e4rvitoonis, mis annab sellele elegantse ja ebatavalise disaini. Skulptuur v\u00f5ib olla kahe inimese vahelise \u00fchtsuse, suhte v\u00f5i s\u00f5pruse s\u00fcmboliks. Detailidele t\u00e4helepanu p\u00f6\u00f6rates valmistatud figuur on ideaalne t\u00e4iendus moodsale, retro- v\u00f5i loft-interj\u00f6\u00f6rile. Skulptuur on ka originaalne kingiidee, eriti l\u00e4hedasele inimesele.<\/p>\n<\/p>\n<\/div>\n","protected":false},"excerpt":{"rendered":"<p>Mudel PT. SF22001 Motiiv inimesed Materjal teras Paksus (cm) 6 Laius (cm) 17 K\u00f5rgus (cm) 65 metallskulptuur taaskasutatud materjalidest Maali<\/p>\n","protected":false},"featured_media":114391,"comment_status":"open","ping_status":"closed","template":"","meta":{"_acf_changed":false,"pmpro_default_level":""},"product_brand":[],"product_cat":[23895],"product_tag":[],"class_list":{"0":"post-135105","1":"product","2":"type-product","3":"status-publish","4":"has-post-thumbnail","6":"product_cat-kaunistused","7":"pmpro-has-access","9":"first","10":"instock","11":"shipping-taxable","12":"purchasable","13":"product-type-simple"},"acf":[],"yoast_head":"<!-- This site is optimized with the Yoast SEO plugin v24.9 - https:\/\/yoast.com\/wordpress\/plugins\/seo\/ -->\n<title>Metallskulptuur DOTYK - MetalTale.com<\/title>\n<meta name=\"robots\" content=\"index, follow, max-snippet:-1, max-image-preview:large, max-video-preview:-1\" \/>\n<link rel=\"canonical\" href=\"https:\/\/metaltale.com\/et\/toode\/metallskulptuur-dotyk\/\" \/>\n<meta property=\"og:locale\" content=\"et_EE\" \/>\n<meta property=\"og:type\" content=\"article\" \/>\n<meta property=\"og:title\" content=\"Metallskulptuur DOTYK - MetalTale.com\" \/>\n<meta property=\"og:description\" content=\"Mudel PT. SF22001 Motiiv inimesed Materjal teras Paksus (cm) 6 Laius (cm) 17 K\u00f5rgus (cm) 65 metallskulptuur taaskasutatud materjalidest Maali\" \/>\n<meta property=\"og:url\" content=\"https:\/\/metaltale.com\/et\/toode\/metallskulptuur-dotyk\/\" \/>\n<meta property=\"og:site_name\" content=\"MetalTale.com\" \/>\n<meta name=\"twitter:card\" content=\"summary_large_image\" \/>\n<meta name=\"twitter:label1\" content=\"Est. reading time\" \/>\n\t<meta name=\"twitter:data1\" content=\"1 minut\" \/>\n<script type=\"application\/ld+json\" class=\"yoast-schema-graph\">{\"@context\":\"https:\/\/schema.org\",\"@graph\":[{\"@type\":\"WebPage\",\"@id\":\"https:\/\/metaltale.com\/et\/toode\/metallskulptuur-dotyk\/\",\"url\":\"https:\/\/metaltale.com\/et\/toode\/metallskulptuur-dotyk\/\",\"name\":\"Metallskulptuur DOTYK - MetalTale.com\",\"isPartOf\":{\"@id\":\"https:\/\/metaltale.com\/et\/#website\"},\"primaryImageOfPage\":{\"@id\":\"https:\/\/metaltale.com\/et\/toode\/metallskulptuur-dotyk\/#primaryimage\"},\"image\":{\"@id\":\"https:\/\/metaltale.com\/et\/toode\/metallskulptuur-dotyk\/#primaryimage\"},\"thumbnailUrl\":\"https:\/\/metaltale.com\/wp-content\/uploads\/2023\/11\/Metalo-skulptx16Bra-DOTYK.jpg\",\"datePublished\":\"2024-02-13T13:15:50+00:00\",\"breadcrumb\":{\"@id\":\"https:\/\/metaltale.com\/et\/toode\/metallskulptuur-dotyk\/#breadcrumb\"},\"inLanguage\":\"et\",\"potentialAction\":[{\"@type\":\"ReadAction\",\"target\":[\"https:\/\/metaltale.com\/et\/toode\/metallskulptuur-dotyk\/\"]}]},{\"@type\":\"ImageObject\",\"inLanguage\":\"et\",\"@id\":\"https:\/\/metaltale.com\/et\/toode\/metallskulptuur-dotyk\/#primaryimage\",\"url\":\"https:\/\/metaltale.com\/wp-content\/uploads\/2023\/11\/Metalo-skulptx16Bra-DOTYK.jpg\",\"contentUrl\":\"https:\/\/metaltale.com\/wp-content\/uploads\/2023\/11\/Metalo-skulptx16Bra-DOTYK.jpg\",\"width\":800,\"height\":800},{\"@type\":\"BreadcrumbList\",\"@id\":\"https:\/\/metaltale.com\/et\/toode\/metallskulptuur-dotyk\/#breadcrumb\",\"itemListElement\":[{\"@type\":\"ListItem\",\"position\":1,\"name\":\"Home\",\"item\":\"https:\/\/metaltale.com\/et\/kodu\/\"},{\"@type\":\"ListItem\",\"position\":2,\"name\":\"Kauplus\",\"item\":\"https:\/\/metaltale.com\/et\/shop\/\"},{\"@type\":\"ListItem\",\"position\":3,\"name\":\"Metallskulptuur DOTYK\"}]},{\"@type\":\"WebSite\",\"@id\":\"https:\/\/metaltale.com\/et\/#website\",\"url\":\"https:\/\/metaltale.com\/et\/\",\"name\":\"Metaltale.com\",\"description\":\"\",\"potentialAction\":[{\"@type\":\"SearchAction\",\"target\":{\"@type\":\"EntryPoint\",\"urlTemplate\":\"https:\/\/metaltale.com\/et\/?s={search_term_string}\"},\"query-input\":{\"@type\":\"PropertyValueSpecification\",\"valueRequired\":true,\"valueName\":\"search_term_string\"}}],\"inLanguage\":\"et\"}]}<\/script>\n<!-- \/ Yoast SEO plugin. -->","yoast_head_json":{"title":"Metallskulptuur DOTYK - MetalTale.com","robots":{"index":"index","follow":"follow","max-snippet":"max-snippet:-1","max-image-preview":"max-image-preview:large","max-video-preview":"max-video-preview:-1"},"canonical":"https:\/\/metaltale.com\/et\/toode\/metallskulptuur-dotyk\/","og_locale":"et_EE","og_type":"article","og_title":"Metallskulptuur DOTYK - MetalTale.com","og_description":"Mudel PT. SF22001 Motiiv inimesed Materjal teras Paksus (cm) 6 Laius (cm) 17 K\u00f5rgus (cm) 65 metallskulptuur taaskasutatud materjalidest Maali","og_url":"https:\/\/metaltale.com\/et\/toode\/metallskulptuur-dotyk\/","og_site_name":"MetalTale.com","twitter_card":"summary_large_image","twitter_misc":{"Est. reading time":"1 minut"},"schema":{"@context":"https:\/\/schema.org","@graph":[{"@type":"WebPage","@id":"https:\/\/metaltale.com\/et\/toode\/metallskulptuur-dotyk\/","url":"https:\/\/metaltale.com\/et\/toode\/metallskulptuur-dotyk\/","name":"Metallskulptuur DOTYK - MetalTale.com","isPartOf":{"@id":"https:\/\/metaltale.com\/et\/#website"},"primaryImageOfPage":{"@id":"https:\/\/metaltale.com\/et\/toode\/metallskulptuur-dotyk\/#primaryimage"},"image":{"@id":"https:\/\/metaltale.com\/et\/toode\/metallskulptuur-dotyk\/#primaryimage"},"thumbnailUrl":"https:\/\/metaltale.com\/wp-content\/uploads\/2023\/11\/Metalo-skulptx16Bra-DOTYK.jpg","datePublished":"2024-02-13T13:15:50+00:00","breadcrumb":{"@id":"https:\/\/metaltale.com\/et\/toode\/metallskulptuur-dotyk\/#breadcrumb"},"inLanguage":"et","potentialAction":[{"@type":"ReadAction","target":["https:\/\/metaltale.com\/et\/toode\/metallskulptuur-dotyk\/"]}]},{"@type":"ImageObject","inLanguage":"et","@id":"https:\/\/metaltale.com\/et\/toode\/metallskulptuur-dotyk\/#primaryimage","url":"https:\/\/metaltale.com\/wp-content\/uploads\/2023\/11\/Metalo-skulptx16Bra-DOTYK.jpg","contentUrl":"https:\/\/metaltale.com\/wp-content\/uploads\/2023\/11\/Metalo-skulptx16Bra-DOTYK.jpg","width":800,"height":800},{"@type":"BreadcrumbList","@id":"https:\/\/metaltale.com\/et\/toode\/metallskulptuur-dotyk\/#breadcrumb","itemListElement":[{"@type":"ListItem","position":1,"name":"Home","item":"https:\/\/metaltale.com\/et\/kodu\/"},{"@type":"ListItem","position":2,"name":"Kauplus","item":"https:\/\/metaltale.com\/et\/shop\/"},{"@type":"ListItem","position":3,"name":"Metallskulptuur DOTYK"}]},{"@type":"WebSite","@id":"https:\/\/metaltale.com\/et\/#website","url":"https:\/\/metaltale.com\/et\/","name":"Metaltale.com","description":"","potentialAction":[{"@type":"SearchAction","target":{"@type":"EntryPoint","urlTemplate":"https:\/\/metaltale.com\/et\/?s={search_term_string}"},"query-input":{"@type":"PropertyValueSpecification","valueRequired":true,"valueName":"search_term_string"}}],"inLanguage":"et"}]}},"_links":{"self":[{"href":"https:\/\/metaltale.com\/et\/wp-json\/wp\/v2\/product\/135105","targetHints":{"allow":["GET"]}}],"collection":[{"href":"https:\/\/metaltale.com\/et\/wp-json\/wp\/v2\/product"}],"about":[{"href":"https:\/\/metaltale.com\/et\/wp-json\/wp\/v2\/types\/product"}],"replies":[{"embeddable":true,"href":"https:\/\/metaltale.com\/et\/wp-json\/wp\/v2\/comments?post=135105"}],"version-history":[{"count":0,"href":"https:\/\/metaltale.com\/et\/wp-json\/wp\/v2\/product\/135105\/revisions"}],"wp:featuredmedia":[{"embeddable":true,"href":"https:\/\/metaltale.com\/et\/wp-json\/wp\/v2\/media\/114391"}],"wp:attachment":[{"href":"https:\/\/metaltale.com\/et\/wp-json\/wp\/v2\/media?parent=135105"}],"wp:term":[{"taxonomy":"product_brand","embeddable":true,"href":"https:\/\/metaltale.com\/et\/wp-json\/wp\/v2\/product_brand?post=135105"},{"taxonomy":"product_cat","embeddable":true,"href":"https:\/\/metaltale.com\/et\/wp-json\/wp\/v2\/product_cat?post=135105"},{"taxonomy":"product_tag","embeddable":true,"href":"https:\/\/metaltale.com\/et\/wp-json\/wp\/v2\/product_tag?post=135105"}],"curies":[{"name":"wp","href":"https:\/\/api.w.org\/{rel}","templated":true}]}}